{"id":14843,"date":"2021-09-05T18:55:36","date_gmt":"2021-09-05T16:55:36","guid":{"rendered":"https:\/\/www.m-stickers.com\/?post_type=product&#038;p=14843"},"modified":"2025-06-11T10:30:33","modified_gmt":"2025-06-11T08:30:33","slug":"kit-de-adesivos-para-jantes-superduke-1290r","status":"publish","type":"product","link":"https:\/\/www.m-stickers.com\/pt\/produit\/kit-stickers-jantes-superduke-1290r\/","title":{"rendered":"Kit de decora\u00e7\u00e3o Superduke 1290 R KTM para raios"},"content":{"rendered":"<h2>Kit decorativo Superduke 1290 R KTM para jantes<\/h2>\n<p><span style=\"font-weight: 400;\">Quer real\u00e7ar o visual esportivo da sua moto?<br \/>\nO kit decorativo Superduke 1200 R KTM para jantes \u00e9 para voc\u00ea!\u00a0<\/span><\/p>\n<p><span style=\"font-weight: 400;\">O kit de adesivos decorativos<\/span><a href=\"https:\/\/www.m-stickers.com\/pt\/2022\/02\/21\/decais-de-jantes-para-motos-ktm\/\"><span style=\"font-weight: 400;\"> KTM Superduke 1290 R completo<\/span><\/a><span style=\"font-weight: 400;\">Em 17 polegadas inclui as 2 rodas:<\/span><\/p>\n<ul>\n<li><span style=\"font-weight: 400;\">8 Faixas de Jante Pr\u00e9-Curvadas 8mm KTM,\u00a0<\/span><\/li>\n<li style=\"font-weight: 400;\"><span style=\"font-weight: 400;\">8 Faixas de borda pr\u00e9-curvadas de 8mm Superduke 1290 R,<\/span><\/li>\n<li style=\"font-weight: 400;\"><span style=\"font-weight: 400;\">4 Decais para raios de jante KTM.<\/span><\/li>\n<li style=\"font-weight: 400;\"><span style=\"font-weight: 400;\">4 Calcomanias interiores de jantes Superduke 1290 R,<\/span><\/li>\n<li style=\"font-weight: 400;\"><span style=\"font-weight: 400;\">1. Logotipo KTM<\/span><\/li>\n<\/ul>\n<p><b>Por que nossos adesivos s\u00e3o os melhores?<br \/>\n<\/b><\/p>\n<p><span style=\"font-weight: 400;\">Os nossos adesivos s\u00e3o concebidos por motociclistas que compreendem as limita\u00e7\u00f5es impostas pelas condi\u00e7\u00f5es meteorol\u00f3gicas e pelos raios UV.<br \/>\n\u00c9 por isso que utilizamos materiais de alta qualidade: melhor vinil, cola mon\u00f3mera 100% para uma fixa\u00e7\u00e3o permanente, resistentes \u00e0 \u00e1gua e aos raios UV.<br \/>\n<\/span><\/p>\n<p><span style=\"font-weight: 400;\">Pontos fortes: personaliz\u00e1veis de A a Z e f\u00e1ceis de aplicar. <\/span><span style=\"font-weight: 400; color: #ff0000;\">??<\/span><\/p>\n<p><span style=\"font-weight: 400;\">Voc\u00ea tamb\u00e9m pode solicitar a cria\u00e7\u00e3o de um Kit decorativo completo<\/span> personalizado, combinando com a sua moto<a href=\"https:\/\/www.m-stickers.com\/pt\/contato\/\"> <span style=\"font-weight: 400;\">aqui<\/span><\/a><span style=\"font-weight: 400;\"> !<\/span><\/p>\n<hr \/>\n<h2><b>Personalizar o meu <\/b>Kit decorativo Superduke 1290 R KTM para jantes<\/h2>\n<p><span style=\"font-weight: 400;\">Pode escolher o kit laranja ou mudar a cor a partir da nossa sele\u00e7\u00e3o: <\/span><i><span style=\"font-weight: 400;\">Branco \/ Preto \/ Vermelho \/ Laranja \/ Amarelo \/ Verde \/ Ciano \/ Azul \/ Rosa<br \/>\n<\/span><\/i>Voc\u00ea tamb\u00e9m pode solicitar uma cor espec\u00edfica adicionando o c\u00f3digo de cores do tom nos coment\u00e1rios do pedido.<\/p>\n<p><span style=\"font-weight: 400;\"><strong>P<\/strong><strong style=\"font-weight: 400;\">Personalize<\/strong> Kit decorativo completo para a roda da Superduke 1290 R<\/span><a href=\"https:\/\/www.m-stickers.com\/pt\/configurador\/configurar\/14896\/\"> <span style=\"font-weight: 400;\">Configurador <\/span><\/a><span style=\"font-weight: 400;\">se voc\u00ea quer algo \u00fanico.<br \/>\n<\/span><\/p>\n<p><strong><a href=\"https:\/\/www.m-stickers.com\/pt\/configurador\/configurar\/14896\/\"><img decoding=\"async\" class=\"aligncenter wp-image-6380\" src=\"https:\/\/www.m-stickers.com\/wp-content\/uploads\/2021\/01\/bouton-configurator-3-300x74.png\" alt=\"Configurador de adesivos para rodas Kawasaki Z750\" width=\"150\" height=\"37\" srcset=\"https:\/\/www.m-stickers.com\/wp-content\/uploads\/2021\/01\/bouton-configurator-3-300x74.png 300w, https:\/\/www.m-stickers.com\/wp-content\/uploads\/2021\/01\/bouton-configurator-3.png 413w\" sizes=\"(max-width: 150px) 100vw, 150px\" \/><\/a><\/strong><\/p>\n<p><span style=\"font-weight: 400;\">Escolha o design, a cor de cada autocolante um por um e visualize o resultado ao vivo.<br \/>\nAcrescentar uns <a href=\"https:\/\/www.m-stickers.com\/pt\/product\/a-moto-nao-esta-referenciada\/\">Bicos<\/a>\u00a0e adesivos complementares.<br \/>\nVoc\u00ea tamb\u00e9m pode mudar o efeito para complementar o estilo: Hologr\u00e1fico \/ Fotoluminescente \/ Retrorrefletivo \/ Fluorescente \/ Brilhante \/ Fosco.<\/span><\/p>\n<p><a href=\"https:\/\/www.m-stickers.com\/pt\/nossos-adesivos\/\"><b>Como escolher o seu efeito?<\/b><\/a><\/p>\n<hr \/>\n<h3><b>Aplicar o kit decorativo para rodas da KTM Superduke 1290 R. <\/b><\/h3>\n<p><span style=\"font-weight: 400;\">A aplica\u00e7\u00e3o dos adesivos \u00e9 f\u00e1cil, mas requer rigor no processo de limpeza.<br \/>\nAqui est\u00e3o algumas dicas para a aplica\u00e7\u00e3o dos seus adesivos.<\/span><\/p>\n<ul>\n<li style=\"font-weight: 400;\"><span style=\"font-weight: 400;\">Cole os adesivos em local protegido do vento e da poeira e com temperatura moderada (entre 15 e 25\u00b0).<\/span><\/li>\n<li style=\"font-weight: 400;\"><span style=\"color: #ff0000;\"><b>N\u00e3o use WD40 ou outros produtos com silicone para limpar as suas jantes,<\/b><\/span><\/li>\n<li style=\"font-weight: 400;\"><span style=\"font-weight: 400;\">Os aros devem estar perfeitamente limpos.<\/span><\/li>\n<li style=\"font-weight: 400;\"><span style=\"font-weight: 400;\">Se os adesivos n\u00e3o forem usados imediatamente, guarde-os em local seco e protegido do sol.<\/span><\/li>\n<li style=\"font-weight: 400;\"><span style=\"font-weight: 400;\">Poder\u00e1 utilizar o nosso<\/span><a href=\"https:\/\/www.m-stickers.com\/pt\/product\/placas-de-revestimento\/\"> <span style=\"font-weight: 400;\">Etiquetas adesivas para raclette<\/span><\/a><span style=\"font-weight: 400;\"> para acabamentos limpos e para otimizar a longevidade do seu kit,<\/span><\/li>\n<li style=\"font-weight: 400;\"><span style=\"font-weight: 400;\">D\u00ea prefer\u00eancia a um tempo de repouso ap\u00f3s a instala\u00e7\u00e3o de 24-48H.<\/span><\/li>\n<\/ul>\n<p><span style=\"font-weight: 400;\">Voc\u00ea pode seguir nosso tutorial em v\u00eddeo ou nosso<\/span><a href=\"https:\/\/www.m-stickers.com\/pt\/tutorial-como-colocar-adesivos-de-rodas-de-moto\/\"> <span style=\"font-weight: 400;\">artigo<\/span><\/a><span style=\"font-weight: 400;\"> Para conhecer todas as etapas.<br \/>\n<\/span><\/p>\n<p><strong><a href=\"https:\/\/www.m-stickers.com\/pt\/tutorial-como-colocar-adesivos-de-rodas-de-moto\/\"><img decoding=\"async\" class=\"wp-image-6382 aligncenter\" src=\"https:\/\/www.m-stickers.com\/wp-content\/uploads\/2021\/01\/bouton-tuto-300x74.png\" alt=\"\" width=\"150\" height=\"37\" srcset=\"https:\/\/www.m-stickers.com\/wp-content\/uploads\/2021\/01\/bouton-tuto-300x74.png 300w, https:\/\/www.m-stickers.com\/wp-content\/uploads\/2021\/01\/bouton-tuto.png 413w\" sizes=\"(max-width: 150px) 100vw, 150px\" \/><\/a><\/strong><\/p>\n<p><b>Cole seus adesivos seguindo os passos!<\/b><\/p>\n<hr \/>\n<h2><b>Avalia\u00e7\u00f5es de Clientes<\/b><\/h2>\n<blockquote><p><span style=\"font-weight: 400;\">No problem!\n\n\u00d3tima!\u00a0<\/span><\/p>\n<p>Super impulso para minha venda!<\/p>\n<p><span style=\"font-weight: 400;\">Obrigado M-Stickers por esta qualidade!\u00a0<\/span><\/p>\n<p><span style=\"font-weight: 400;\">\u00c9 B\u00f4\u00a0<\/span><\/p>\n<p><span style=\"font-weight: 400;\">Stickers personalizados e de alta qualidade para a sua m\u00e1quina!\u00a0<\/span><\/p><\/blockquote>\n<p><b>Envie de nos perguntar sobre os autocolantes, ou qualquer pedido de personaliza\u00e7\u00e3o? :<\/b><\/p>\n<h4><a href=\"https:\/\/www.m-stickers.com\/pt\/contato\/\"><img decoding=\"async\" class=\"wp-image-6381 aligncenter\" src=\"https:\/\/www.m-stickers.com\/wp-content\/uploads\/2021\/01\/bouton-contact-300x74.png\" alt=\"Stickers para rodas Kawasaki Z750 contato\" width=\"150\" height=\"37\" srcset=\"https:\/\/www.m-stickers.com\/wp-content\/uploads\/2021\/01\/bouton-contact-300x74.png 300w, https:\/\/www.m-stickers.com\/wp-content\/uploads\/2021\/01\/bouton-contact.png 413w\" sizes=\"(max-width: 150px) 100vw, 150px\" \/><\/a><\/h4>\n<p>&nbsp;<\/p>","protected":false},"excerpt":{"rendered":"<h2>Kit de decora\u00e7\u00e3o Superduke 1290 R KTM para raios<\/h2>\n<p>O kit completo inclui para os 2 aros:<\/p>\n<ul>\n<li><span style=\"font-weight: 400;\">8 Faixas de Jante Pr\u00e9-Curvadas 8mm KTM,\u00a0<\/span><\/li>\n<li style=\"font-weight: 400;\"><span style=\"font-weight: 400;\">8 Faixas de borda pr\u00e9-curvadas de 8mm Superduke 1290 R,<\/span><\/li>\n<li style=\"font-weight: 400;\"><span style=\"font-weight: 400;\">4 Decais para raios de jante KTM.<\/span><\/li>\n<li style=\"font-weight: 400;\"><span style=\"font-weight: 400;\">4 Calcomanias interiores de jantes Superduke 1290 R,<\/span><\/li>\n<li style=\"font-weight: 400;\"><span style=\"font-weight: 400;\">1 Logotipo KTM.<\/span><\/li>\n<\/ul>\n<p>Cor de sua escolha<\/p>\n<h3><strong><a href=\"https:\/\/www.m-stickers.com\/pt\/configurador\/configurar\/14896\/\">Personalize seu kit decorativo de jantes com nosso configurador online! <\/a><\/strong><\/h3>\n<h3><strong><a href=\"https:\/\/www.m-stickers.com\/pt\/configurador\/configurar\/14896\/\"><img loading=\"lazy\" decoding=\"async\" class=\"alignnone wp-image-6380\" src=\"https:\/\/www.m-stickers.com\/wp-content\/uploads\/2021\/01\/bouton-configurator-3-300x74.png\" alt=\"\" width=\"150\" height=\"37\" srcset=\"https:\/\/www.m-stickers.com\/wp-content\/uploads\/2021\/01\/bouton-configurator-3-300x74.png 300w, https:\/\/www.m-stickers.com\/wp-content\/uploads\/2021\/01\/bouton-configurator-3.png 413w\" sizes=\"(max-width: 150px) 100vw, 150px\" \/><\/a><\/strong><\/h3>","protected":false},"featured_media":14162,"comment_status":"open","ping_status":"closed","template":"","meta":[],"product_brand":[],"product_cat":[15,59],"product_tag":[147,527,149,148,127,129,1090],"class_list":{"0":"post-14843","1":"product","2":"type-product","3":"status-publish","4":"has-post-thumbnail","6":"product_cat-kits-stickers-jantes-moto-complet","7":"product_cat-kit-deco-jantes-ktm","8":"product_tag-1290-duke","9":"product_tag-1290-r","10":"product_tag-kit-deco-1290-duke","11":"product_tag-kit-deco-superduke-1290","12":"product_tag-stickers-jantes","13":"product_tag-stickers-jantes-ktm","14":"product_tag-superduke-1290-r","15":"product_shipping_class-standard","17":"entry","18":"has-media","20":"first","21":"instock","22":"taxable","23":"shipping-taxable","24":"purchasable","25":"product-type-variable","26":"has-default-attributes","27":"col","28":"span_1_of_5","29":"owp-content-center","30":"item-entry","31":"owp-thumbs-layout-horizontal","32":"owp-btn-big","33":"owp-tabs-layout-horizontal"},"ase":null,"_links":{"self":[{"href":"https:\/\/www.m-stickers.com\/pt\/wp-json\/wp\/v2\/product\/14843","targetHints":{"allow":["GET"]}}],"collection":[{"href":"https:\/\/www.m-stickers.com\/pt\/wp-json\/wp\/v2\/product"}],"about":[{"href":"https:\/\/www.m-stickers.com\/pt\/wp-json\/wp\/v2\/types\/product"}],"replies":[{"embeddable":true,"href":"https:\/\/www.m-stickers.com\/pt\/wp-json\/wp\/v2\/comments?post=14843"}],"wp:featuredmedia":[{"embeddable":true,"href":"https:\/\/www.m-stickers.com\/pt\/wp-json\/wp\/v2\/media\/14162"}],"wp:attachment":[{"href":"https:\/\/www.m-stickers.com\/pt\/wp-json\/wp\/v2\/media?parent=14843"}],"wp:term":[{"taxonomy":"product_brand","embeddable":true,"href":"https:\/\/www.m-stickers.com\/pt\/wp-json\/wp\/v2\/product_brand?post=14843"},{"taxonomy":"product_cat","embeddable":true,"href":"https:\/\/www.m-stickers.com\/pt\/wp-json\/wp\/v2\/product_cat?post=14843"},{"taxonomy":"product_tag","embeddable":true,"href":"https:\/\/www.m-stickers.com\/pt\/wp-json\/wp\/v2\/product_tag?post=14843"}],"curies":[{"name":"Pneu","href":"https:\/\/api.w.org\/{rel}","templated":true}]}}