{"id":14915,"date":"2021-09-07T15:18:49","date_gmt":"2021-09-07T13:18:49","guid":{"rendered":"https:\/\/www.m-stickers.com\/?post_type=product&#038;p=14915"},"modified":"2025-09-30T11:42:15","modified_gmt":"2025-09-30T09:42:15","slug":"lapis-de-feltro-para-pneus","status":"publish","type":"product","link":"https:\/\/www.m-stickers.com\/pt\/produit\/stylo-feutre-pour-pneus\/","title":{"rendered":"L\u00e1pis branco para pneu"},"content":{"rendered":"<h2>Estilete de feltro branco para pneu<\/h2>\n<p>Quer destacar a marca do seu pneu ou pintar o seu pr\u00f3prio texto? Com a nossa caneta de tinta branca para pneus, personalize ainda mais a sua moto!<br \/>\nUse o nosso marcador permanente, resistente aos UV e \u00e0 \u00e1gua para personalizar a sua moto como as motos de corrida!<\/p>\n<p>Antes de aplicar nos seus pneus, voc\u00ea pode fazer um teste em um pneu usado ou facilitar seu trabalho pintando durante uma troca de pneu para melhor posicionamento.<\/p>\n<p>Aqui est\u00e3o os diferentes passos a seguir para pintar o seu pneu com o marcador branco indel\u00e9vel para pneu:<\/p>\n<ul>\n<li><strong>Prepara\u00e7\u00e3o dos pneus: <\/strong>Primeiro, voc\u00ea deve limpar bem o pneu com uma escova ou um pano para que fique bem limpo. \u00c1gua e sab\u00e3o\/detergente funcionam muito bem,<\/li>\n<li><strong>Pintar o pneu com um marcador indele\u00e1vel: <\/strong>Agite a caneta de tinta permanente para misturar bem a tinta. Pode aplicar a caneta diretamente no texto e log\u00f3tipos do pneu ou escrever o que quiser,<\/li>\n<li>A colora\u00e7\u00e3o pode n\u00e3o ser perfeita ap\u00f3s a primeira dem\u00e3o. Voc\u00ea pode aplicar 2 ou 3 dem\u00e3os para obter um bom resultado. Se o pneu tiver ranhuras, n\u00e3o hesite em passar v\u00e1rias vezes na vertical e na horizontal para colorir melhor o pneu da sua moto.,<\/li>\n<li><strong>Secagem: <\/strong>N\u00e3o se esque\u00e7a de deixar o pneu secar por cerca de trinta minutos para que a cor adira de forma otimizada ao pneu.<\/li>\n<\/ul>\n<p>Dica de pintura: A acetona permite remover o marcador se houver um borr\u00e3o ou se desejar mudar de estilo!<br \/>\nIdeal para eventos.<\/p>\n<hr \/>\n<h2>Personalizar sua bicicleta<\/h2>\n<p>Depois de personalizar seu pneu com a caneta de tinta branca para pneu, voc\u00ea tamb\u00e9m pode equipar suas **rodas** com <a href=\"https:\/\/www.m-stickers.com\/pt\/product-category\/kits-de-adesivos-para-rodas-de-motos-completos\/\">Calcomanias para rodas.<\/a><\/p>\n<p>O resultado final vale a pena.<br \/>\nNossos clientes afirmam que isso impulsiona as vendas, mas tamb\u00e9m faz as pessoas girarem a cabe\u00e7a!<\/p>\n<hr \/>\n<p>&nbsp;<\/p>\n<h2>Pedidos especiais<\/h2>\n<p>N\u00e3o hesite em nos contatar para qualquer pedido especial ou adicional.<br \/>\nVoc\u00ea tamb\u00e9m pode nos escrever perguntas relacionadas aos nossos produtos.<\/p>\n<p><a href=\"https:\/\/www.m-stickers.com\/pt\/contato\/\"><img decoding=\"async\" class=\"wp-image-6381 aligncenter\" src=\"https:\/\/www.m-stickers.com\/wp-content\/uploads\/2021\/01\/bouton-contact-300x74.png\" alt=\"\" width=\"219\" height=\"54\" srcset=\"https:\/\/www.m-stickers.com\/wp-content\/uploads\/2021\/01\/bouton-contact-300x74.png 300w, https:\/\/www.m-stickers.com\/wp-content\/uploads\/2021\/01\/bouton-contact.png 413w\" sizes=\"(max-width: 219px) 100vw, 219px\" \/><\/a><\/p>\n<p>&nbsp;<\/p>","protected":false},"excerpt":{"rendered":"<h2>L\u00e1pis branco para pneu<\/h2>\n<p>Deseja real\u00e7ar a marca do seu pneu ou pintar o seu pr\u00f3prio texto na borracha? Com a nossa caneta de feltro branca para pneu, personalize ainda mais a sua moto!<\/p>\n<p>Indestrut\u00edvel, resistente aos raios UV e \u00e0 prova d'\u00e1gua para maior durabilidade!<\/p>","protected":false},"featured_media":58594,"comment_status":"open","ping_status":"closed","template":"","meta":[],"product_brand":[],"product_cat":[1231],"product_tag":[448,451,449,450],"class_list":{"0":"post-14915","1":"product","2":"type-product","3":"status-publish","4":"has-post-thumbnail","6":"product_cat-nettoyant-jante","7":"product_tag-feutre","8":"product_tag-feutre-pneus","9":"product_tag-pneu","10":"product_tag-stylo-pour-pneu","11":"product_shipping_class-feutre","13":"entry","14":"has-media","16":"first","17":"instock","18":"taxable","19":"shipping-taxable","20":"purchasable","21":"product-type-simple","22":"col","23":"span_1_of_5","24":"owp-content-center","25":"item-entry","26":"owp-thumbs-layout-horizontal","27":"owp-btn-big","28":"owp-tabs-layout-horizontal"},"ase":null,"_links":{"self":[{"href":"https:\/\/www.m-stickers.com\/pt\/wp-json\/wp\/v2\/product\/14915","targetHints":{"allow":["GET"]}}],"collection":[{"href":"https:\/\/www.m-stickers.com\/pt\/wp-json\/wp\/v2\/product"}],"about":[{"href":"https:\/\/www.m-stickers.com\/pt\/wp-json\/wp\/v2\/types\/product"}],"replies":[{"embeddable":true,"href":"https:\/\/www.m-stickers.com\/pt\/wp-json\/wp\/v2\/comments?post=14915"}],"wp:featuredmedia":[{"embeddable":true,"href":"https:\/\/www.m-stickers.com\/pt\/wp-json\/wp\/v2\/media\/58594"}],"wp:attachment":[{"href":"https:\/\/www.m-stickers.com\/pt\/wp-json\/wp\/v2\/media?parent=14915"}],"wp:term":[{"taxonomy":"product_brand","embeddable":true,"href":"https:\/\/www.m-stickers.com\/pt\/wp-json\/wp\/v2\/product_brand?post=14915"},{"taxonomy":"product_cat","embeddable":true,"href":"https:\/\/www.m-stickers.com\/pt\/wp-json\/wp\/v2\/product_cat?post=14915"},{"taxonomy":"product_tag","embeddable":true,"href":"https:\/\/www.m-stickers.com\/pt\/wp-json\/wp\/v2\/product_tag?post=14915"}],"curies":[{"name":"Pneu","href":"https:\/\/api.w.org\/{rel}","templated":true}]}}