{"id":14935,"date":"2021-09-07T15:57:56","date_gmt":"2021-09-07T13:57:56","guid":{"rendered":"https:\/\/www.m-stickers.com\/?post_type=product&#038;p=14935"},"modified":"2025-06-11T10:32:31","modified_gmt":"2025-06-11T08:32:31","slug":"a-sua-mota-nao-esta-referenciada-no-kit-de-decoracao","status":"publish","type":"product","link":"https:\/\/www.m-stickers.com\/pt\/produit\/ta-moto-nest-pas-referencee-kit-deco\/","title":{"rendered":"A sua moto n\u00e3o est\u00e1 listada? (Kit decorativo)"},"content":{"rendered":"<p>Sua motocicleta n\u00e3o est\u00e1 listada na M-Stickers, mas voc\u00ea n\u00e3o pode esperar mais, voc\u00ea vai adorar o kit decorativo de motocicleta sob medida!<\/p>\n<p>N\u00f3s o criaremos de forma personalizada de acordo com os seus desejos!<br \/>\nO kit inclui adesivos para toda a carenagem da sua moto.<\/p>\n<p><strong>IMPORTANTE<\/strong> !<\/p>\n<ul>\n<li>Preencha todos os campos para que possamos criar o seu kit,<\/li>\n<li>O prazo de cria\u00e7\u00e3o \u00e9 de 10 dias como m\u00ednimo,<\/li>\n<li><strong>Um visual do kit ser\u00e1 enviado a voc\u00ea antes da valida\u00e7\u00e3o!<\/strong><\/li>\n<\/ul>\n<ol>\n<li>Fa\u00e7a seu pedido aqui!<\/li>\n<li>\u00a0<strong>Please provide the French text (a).<\/strong> Devemos criar os gabaritos do modelo (10 dias) <strong>b.<\/strong> Voc\u00ea nos forneceu os modelos antes do pedido ou j\u00e1 temos os modelos (0 dia)<\/li>\n<li>Enviaremos uma proposta de design por e-mail (10 dias)<\/li>\n<li>Nada \u00e9 impresso sem a sua valida\u00e7\u00e3o! Satisfeito ou reembolsado <strong>-&gt;<\/strong> Se nenhuma das propostas lhe agradar, o kit \u00e9 ent\u00e3o reembolsado.<\/li>\n<\/ol>\n<p>Se tiver alguma quest\u00e3o, n\u00e3o hesite em contactar-nos. <a href=\"https:\/\/www.m-stickers.com\/pt\/contato\/\">aqui<\/a> : <a href=\"https:\/\/www.m-stickers.com\/pt\/contato\/\"><img decoding=\"async\" class=\"alignnone wp-image-6381\" src=\"https:\/\/www.m-stickers.com\/wp-content\/uploads\/2021\/01\/bouton-contact-300x74.png\" alt=\"\" width=\"150\" height=\"37\" srcset=\"https:\/\/www.m-stickers.com\/wp-content\/uploads\/2021\/01\/bouton-contact-300x74.png 300w, https:\/\/www.m-stickers.com\/wp-content\/uploads\/2021\/01\/bouton-contact.png 413w\" sizes=\"(max-width: 150px) 100vw, 150px\" \/><\/a><\/p>\n<p>Podemos criar kits de decora\u00e7\u00e3o para:<\/p>\n<ul>\n<li><strong>APRILIA\u00a0<\/strong>AF1 Amico, Caponord, Climber, Colibri, Daniela, e Europa, Falco, Filo, MX, MXV, Partner, Pegaso, RC, Redrose, RS, RST, RSV, RSV4, RX, SR, SX, RXV, SL, SMV, ST, STX, SXV, TL, Tuareg, Tuono, TX, Under<\/li>\n<li><strong>BENELLI\u00a0<\/strong>Pepe LX Velvet Tornado TNT TRE BX 2UE BN Leoncino TRK<\/li>\n<li><strong>BETA <\/strong>RR 2T 4T Racing XTrainer EVO Alp Motard Minitrial El\u00e9trico<\/li>\n<li><strong>BIMOTA\u00a0<\/strong>TESI V DUE CORSA EVOLUTION RACING<\/li>\n<li><strong>BMW\u00a0<\/strong>c f g h k r s f900r<\/li>\n<li><strong>BRAMMO\u00a0<\/strong>Enertia TTXGP Empulse Plus R<\/li>\n<li><strong>BRIXTON\u00a0<\/strong>cromwell sunray felberg rayburn crossfire<\/li>\n<li><strong>BROUGH SUPERIOR\u00a0<\/strong>SS Pendine Sand Racer AMB<\/li>\n<li><strong>BUELL\u00a0<\/strong>battlewin westwind s xb9 xb12<\/li>\n<li><strong>BULLIT\u00a0<\/strong>v bob bluroc hero spirit heritage hunt s<\/li>\n<li><strong>CAGIVA\u00a0<\/strong>Aletta Rossa Alazzurra Canyon Elefant Navigator Raptor River Roadster SST SX T4 W Mito<\/li>\n<li><strong>CF MOTO\u00a0<\/strong>GT NK MT<\/li>\n<li><strong>DAELIM\u00a0<\/strong>Daystar Roadwin Roadsport VT Evolution Besbi B Bone Delfino S1 S2 S3 S4<\/li>\n<li><strong>DERBI\u00a0<\/strong>Senda X Race X Trem DRD Pro Racing Evo Nude GP1 Cross City Dirt Boy Scooter Quad DXR GP Max Mulhac\u00e9n<\/li>\n<li><strong>DUCATI\u00a0<\/strong>Monster Hypermotard Multistrada Diavel Carbon Streetfighter Hypersport Scrambler Panigale S Superleggera Enduro WDiavel V4 S Supersport Cafe Racer<\/li>\n<li><strong>ENERGICA\u00a0<\/strong>ego eva ribelle esse esse9<\/li>\n<li><strong>FANTIC\u00a0<\/strong>enduro motard cc<\/li>\n<li><strong>GAS GAS\u00a0<\/strong>ec trial enduro motocross mc txt gp e f<\/li>\n<li><strong>GENERIC \/ KSR MOTO\u00a0<\/strong>Pandora RS Sirion Dem\u00f4nio Cruzer Quip Classic TTX TR Vionis Code GRs Gunmetal TW TR<\/li>\n<li><strong>GILERA\u00a0<\/strong>smt rcr drifting<\/li>\n<li><strong>HARLEY-DAVIDSON\u00a0<\/strong>LiveWire Cruiser Softail Street Bob Softail Slim Low Rider Sport Glide Fat Boy Breakout<\/li>\n<li><strong>HM-MOSER\u00a0<\/strong>HM Moser Derrapage FJ R Baja<\/li>\n<li><strong>HONDA\u00a0<\/strong>Fireblade SP R GT GL Gold Wing VFR F Twin Adventure Africa X ADV NC DCT CB CRF CMW Fazer Fazer Hornet F900R<\/li>\n<li><strong>HUSQVARNA\u00a0<\/strong>ee tc fc te fe fs 701 vitpilen svartpilen<\/li>\n<li><strong>HYOSUNG <\/strong>Bobber GV S<\/li>\n<li><strong>INDIAN\u00a0<\/strong>FTR Scout Cruiser Bogger Challenger Touring<\/li>\n<li><strong>KAWASAKI\u00a0<\/strong>Ninja H2 H2R ZX-R Z W RS Versys Vulcan<\/li>\n<li><strong>KTM\u00a0<\/strong>Super Duke R SMC EXC SX Supermoto SMR Adventure F<\/li>\n<li><strong>KYMCO\u00a0<\/strong>visar i<\/li>\n<li><strong>MALAGUTI\u00a0<\/strong>RST Monte Pro Street XTM XSM Dune Madison<\/li>\n<li><strong>MONTESA\u00a0<\/strong>4rt repsol 301tt 4ride standard<\/li>\n<li><strong>MOTO GUZZI\u00a0<\/strong>V85 TT my21 V9 my21 V85 V7 MDX 21 California<\/li>\n<li><strong>MOTO MORINI\u00a0<\/strong>Cors\u00e1rio ZZ ZT Mil\u00e3o x Cape One Off<\/li>\n<li><strong>MV AGUSTA\u00a0<\/strong>Brutal Turismo Veloce F3 Superveloce Rush<\/li>\n<li><strong>NORTON\u00a0<\/strong>v4ss atlas v4rr<\/li>\n<li><strong>ORCAL\u00a0<\/strong>SK 01 03<\/li>\n<li><strong>RIEJU\u00a0<\/strong>Straga GT MR Racing MRT SM Trophy Tango Pro<\/li>\n<li><strong>ROYAL ENFIELD\u00a0<\/strong>Interceptador meteor continental GT himalaia cl\u00e1ssico bala trial<\/li>\n<li><strong>SHERCO\u00a0<\/strong>F\u00c1BRICA SEF SE ST<\/li>\n<li><strong>SKYTEAM\u00a0<\/strong>Dax<\/li>\n<li><strong>SUTER\u00a0<\/strong>MMX V4<\/li>\n<li><strong>SUZUKI\u00a0<\/strong>V-Strom GSX-R RR Katana SV Bandit GSE vs GSXS GSX-S<\/li>\n<li><strong>SWM\u00a0<\/strong>Varez \u00c1s de Espadas Outlaw Grand Turismo SM RS R SUAL<\/li>\n<li><strong>TM\u00a0<\/strong>em mx smx<\/li>\n<li><strong>TRIUMPH\u00a0<\/strong>Speed Triple RS Tiger Trident Street Rocket Thruxton RS<\/li>\n<li><strong>VALENTI RACING <\/strong>RME SM S01 N01<\/li>\n<li><strong>VOXAN\u00a0<\/strong>Wattman<\/li>\n<li><strong>YAMAHA\u00a0<\/strong>R1M R1 R6 R3 R R125 MT SP XSR XV SCR FJR AE FJR AS NIKEN GT TRACER<\/li>\n<li><strong>MOTOS ZERO<\/strong><\/li>\n<li><strong>ZONTES<\/strong><\/li>\n<li>YZF<\/li>\n<li>yzf<\/li>\n<li>Hayabusa<\/li>\n<li>E muitas outras!<\/li>\n<\/ul>\n<p>Para cilindradas: 5 \/ 10 \/ 20 \/ 30 \/ 40 \/ 50 \/ 60 \/ 65 \/ 70 \/ 80 \/ 85 \/ 90 \/ 100 \/ 125 \/ 250 \/ 280 \/ 300 \/ 302 \/ 350 \/ 390 \/ 400 \/ 430 \/ 480 \/ 500 \/ 502 \/ 600 \/ 636 \/ 650 \/ 659 \/ 696 \/ 750 \/ 796 \/ 797 \/ 821 \/ 848 \/ 850 \/ 899 \/ 939 \/ 950 \/ 959 \/ 1000 \/ 1100 \/ 1150 \/ 1130 \/ 1200 \/ 1260 \/ 1250 \/ 1299 \/ 1300<\/p>\n<p>M-Stickers prop\u00f5e a cria\u00e7\u00e3o de kits de decora\u00e7\u00e3o personalizados para motos, de acordo com o seu estilo!<\/p>\n<p>&nbsp;<\/p>","protected":false},"excerpt":{"rendered":"<p>Sua motocicleta n\u00e3o est\u00e1 listada? Ou voc\u00ea quer que criemos um kit decorativo exclusivo e 100% personalizado para voc\u00ea? N\u00e3o entre em p\u00e2nico! Descreva o que voc\u00ea est\u00e1 procurando e crie conosco seu kit decorativo de motocicleta sob medida.<\/p>\n<p>IMPORTANTE!<\/p>\n<ul>\n<li>Preencha todos os campos para que possamos criar seu kit,<\/li>\n<li>O prazo de cria\u00e7\u00e3o \u00e9 de 10 dias como m\u00ednimo,<\/li>\n<li><strong>Um visual do kit ser\u00e1 enviado antes da valida\u00e7\u00e3o!<\/strong><\/li>\n<\/ul>","protected":false},"featured_media":14945,"comment_status":"open","ping_status":"closed","template":"","meta":[],"product_brand":[],"product_cat":[156,554,555,317,320,1235,1236,558,742,559,739,157,319,318,540,560],"product_tag":[251,1245,1244,1242,1243],"class_list":{"0":"post-14935","1":"product","2":"type-product","3":"status-publish","4":"has-post-thumbnail","6":"product_cat-kit-deco","7":"product_cat-kit-deco-ktm","8":"product_cat-kit-deco-ktm-duke-125-390","9":"product_cat-masai","10":"product_cat-kit-deco-masai-furious-125","11":"product_cat-kit-deco-sur-ron","12":"product_cat-kit-deco-sur-ron-light-bee","13":"product_cat-kit-deco-suzuki","14":"product_cat-kit-deco-suzuki-gsx-s-1000","15":"product_cat-kit-deco-suzuki-gsx-s-750","16":"product_cat-kit-deco-suzuki-gsx-s-950","17":"product_cat-yamaha","18":"product_cat-kit-deco-yamaha-mt-07","19":"product_cat-kit-deco-yamaha-mt-09","20":"product_cat-kit-deco-yamaha-r1","21":"product_cat-yamaha-tmax-530","22":"product_tag-kit-deco","23":"product_tag-non-reference","24":"product_tag-non-referencer","25":"product_tag-ta-moto","26":"product_tag-ta-moto-nest-pas","27":"product_shipping_class-standard","29":"entry","30":"has-media","32":"first","33":"instock","34":"taxable","35":"shipping-taxable","36":"purchasable","37":"product-type-variable","38":"col","39":"span_1_of_5","40":"owp-content-center","41":"item-entry","42":"owp-thumbs-layout-horizontal","43":"owp-btn-big","44":"owp-tabs-layout-horizontal","45":"has-no-thumbnails"},"ase":null,"_links":{"self":[{"href":"https:\/\/www.m-stickers.com\/pt\/wp-json\/wp\/v2\/product\/14935","targetHints":{"allow":["GET"]}}],"collection":[{"href":"https:\/\/www.m-stickers.com\/pt\/wp-json\/wp\/v2\/product"}],"about":[{"href":"https:\/\/www.m-stickers.com\/pt\/wp-json\/wp\/v2\/types\/product"}],"replies":[{"embeddable":true,"href":"https:\/\/www.m-stickers.com\/pt\/wp-json\/wp\/v2\/comments?post=14935"}],"wp:featuredmedia":[{"embeddable":true,"href":"https:\/\/www.m-stickers.com\/pt\/wp-json\/wp\/v2\/media\/14945"}],"wp:attachment":[{"href":"https:\/\/www.m-stickers.com\/pt\/wp-json\/wp\/v2\/media?parent=14935"}],"wp:term":[{"taxonomy":"product_brand","embeddable":true,"href":"https:\/\/www.m-stickers.com\/pt\/wp-json\/wp\/v2\/product_brand?post=14935"},{"taxonomy":"product_cat","embeddable":true,"href":"https:\/\/www.m-stickers.com\/pt\/wp-json\/wp\/v2\/product_cat?post=14935"},{"taxonomy":"product_tag","embeddable":true,"href":"https:\/\/www.m-stickers.com\/pt\/wp-json\/wp\/v2\/product_tag?post=14935"}],"curies":[{"name":"Pneu","href":"https:\/\/api.w.org\/{rel}","templated":true}]}}