{"id":19039,"date":"2021-10-12T19:06:12","date_gmt":"2021-10-12T17:06:12","guid":{"rendered":"https:\/\/www.m-stickers.com\/?post_type=product&#038;p=19039"},"modified":"2026-02-12T19:12:59","modified_gmt":"2026-02-12T18:12:59","slug":"stickers-do-snap","status":"publish","type":"product","link":"https:\/\/www.m-stickers.com\/pt\/produit\/stickers-snapchat\/","title":{"rendered":"Stickers personalizados do Snapchat\u00a0"},"content":{"rendered":"<h2>Stickers personalizados do Snapchat<\/h2>\n<p>Crie seus adesivos personalizados <b>Snapchat<\/b>.<\/p>\n<p>M-stickers oferece a voc\u00ea a possibilidade de personalizar seu autocolante de forma simples para corresponder ao estilo da sua motocicleta e fazer a publicidade da sua rede.<br \/>\n\u00c0 sua disposi\u00e7\u00e3o, o que personalizar cada elemento do decalque, para ter o decalque que melhor se adapta \u00e0 sua moto.<\/p>\n<h3><strong>Voc\u00ea pode personalizar:<\/strong><\/h3>\n<ul>\n<li>O texto, seu nome de usu\u00e1rio do Snapchat,<\/li>\n<li>A pol\u00edcia do texto,<\/li>\n<li>O design do Logotipo,<\/li>\n<li>A cor,<\/li>\n<li>O tamanho.<\/li>\n<\/ul>\n<p>Ideal para promover sua p\u00e1gina do Snapchat e compartilhar todas as fotos da sua moto ou de suas excurs\u00f5es!<br \/>\nOs adesivos de rede tamb\u00e9m s\u00e3o apreciados em eventos motocicl\u00edsticos, como corridas ou passeios.<br \/>\nMantenha contato facilmente com seus companheiros de estrada!<\/p>\n<p>&nbsp;<\/p>\n<hr \/>\n<h2>Como colocar os stickers do Snapchat?<\/h2>\n<p>Assim como todos os nossos adesivos, os vinis podem ser aplicados em qualquer superf\u00edcie. A \u00fanica condi\u00e7\u00e3o: uma boa prepara\u00e7\u00e3o.<\/p>\n<p>Para preparar bem a aplica\u00e7\u00e3o, limpe o seu suporte com desengordurante ou \u00e1lcool e certifique-se de que este n\u00e3o est\u00e1 danificado e que a sua superf\u00edcie est\u00e1 bem lisa.<br \/>\n<span style=\"color: #ff0000;\">Aten\u00e7\u00e3o, n\u00e3o utilize produtos que contenham silicone ou WD40.<br \/>\n<\/span><\/p>\n<p><span style=\"color: #000000;\">Voc\u00ea pode colar seu adesivo em sua moto, seu capacete, seu equipamento ou seu carro.<\/span><\/p>\n<p>Para colar bem o seu adesivo, voc\u00ea pode aquecer a superf\u00edcie e o adesivo. Utilize tamb\u00e9m o nosso<a href=\"https:\/\/www.m-stickers.com\/pt\/product\/placas-de-revestimento\/\"> Raspa para vinil.<\/a> a fim de remover as dobras e de assegurar um acabamento limpo e sem vincos!<br \/>\nRecomenda-se aplicar os adesivos entre 15 e 25\u00b0C para melhor ader\u00eancia, em local protegido do vento e da poeira.<\/p>\n<p>Voc\u00ea pode seguir um dos nossos <a href=\"https:\/\/www.m-stickers.com\/pt\/tutorial-como-colocar-adesivos-de-rodas-de-moto\/\">tutorial<\/a> para aplicar seus stickers, o princ\u00edpio \u00e9 o mesmo.<\/p>\n<p><a href=\"https:\/\/www.m-stickers.com\/pt\/tutorial-como-colocar-adesivos-de-rodas-de-moto\/\"><img decoding=\"async\" class=\"wp-image-6382 aligncenter\" src=\"https:\/\/www.m-stickers.com\/wp-content\/uploads\/2021\/01\/bouton-tuto-300x74.png\" alt=\"\" width=\"231\" height=\"57\" srcset=\"https:\/\/www.m-stickers.com\/wp-content\/uploads\/2021\/01\/bouton-tuto-300x74.png 300w, https:\/\/www.m-stickers.com\/wp-content\/uploads\/2021\/01\/bouton-tuto.png 413w\" sizes=\"(max-width: 231px) 100vw, 231px\" \/><\/a><\/p>\n<p>Se n\u00e3o for usar os autocolantes rapidamente, guarde-os num local seco, longe da luz solar.<\/p>\n<hr \/>\n<p>&nbsp;<\/p>\n<p>Voc\u00ea pode encomendar seu decalque personalizado do Snapchat ao mesmo tempo que seu kit decorativo de<a href=\"https:\/\/www.m-stickers.com\/pt\/product-category\/kits-de-adesivos-para-rodas-de-motos-completos\/\"> Decais de rodas<\/a> perfeito para real\u00e7ar o estilo da sua moto!<br \/>\nO seu novo visual lhe render\u00e1 al\u00e9m de novas visualiza\u00e7\u00f5es na sua rede favorita!<\/p>\n<p>\u00c9 tamb\u00e9m uma \u00f3tima ideia de presente para um amigo f\u00e3 de redes sociais com uma moto que mereceria publicidade!<\/p>\n<p>&nbsp;<\/p>\n<hr \/>\n<p>&nbsp;<\/p>\n<p>Para qualquer solicita\u00e7\u00e3o de personaliza\u00e7\u00e3o adicional ou se tiver d\u00favidas, n\u00e3o hesite em nos contatar <a href=\"https:\/\/www.m-stickers.com\/pt\/contato\/\">Diretamente aqui!<\/a><br \/>\nVoc\u00ea tamb\u00e9m pode fazer um pedido especial de autocolantes <a href=\"https:\/\/www.m-stickers.com\/pt\/product\/stickers-ou-produit-personnalise-unite\/\">aqui<\/a>.<a href=\"https:\/\/www.m-stickers.com\/pt\/contato\/\"><img decoding=\"async\" class=\"wp-image-6381 aligncenter\" src=\"https:\/\/www.m-stickers.com\/wp-content\/uploads\/2021\/01\/bouton-contact-300x74.png\" alt=\"\" width=\"231\" height=\"57\" srcset=\"https:\/\/www.m-stickers.com\/wp-content\/uploads\/2021\/01\/bouton-contact-300x74.png 300w, https:\/\/www.m-stickers.com\/wp-content\/uploads\/2021\/01\/bouton-contact.png 413w\" sizes=\"(max-width: 231px) 100vw, 231px\" \/><\/a><\/p>","protected":false},"excerpt":{"rendered":"<h2>Decais personalizados Snapchat<\/h2>\n<p>Crie o seu autocolante <strong>Snapchat<\/strong> sob medida<\/p>\n<p>Oferecemos a voc\u00ea a possibilidade de personalizar seu adesivo com facilidade para melhor corresponder ao estilo de sua moto.<\/p>\n<p>Voc\u00ea encontrar\u00e1 v\u00e1rios designs dispon\u00edveis do logotipo do Snapchat, v\u00e1rias fontes e tamanhos diferentes: 2, 3 e 4 cm. Tudo em qualquer cor.<\/p>","protected":false},"featured_media":19046,"comment_status":"open","ping_status":"closed","template":"","meta":[],"product_brand":[],"product_cat":[1178],"product_tag":[446,447,1100,445],"class_list":{"0":"post-19039","1":"product","2":"type-product","3":"status-publish","4":"has-post-thumbnail","6":"product_cat-stickers-reseaux-sociaux","7":"product_tag-snap","8":"product_tag-snapchat","9":"product_tag-social","10":"product_tag-stickers-snapchat","11":"product_shipping_class-standard","13":"entry","14":"has-media","16":"first","17":"instock","18":"taxable","19":"shipping-taxable","20":"purchasable","21":"product-type-simple","22":"col","23":"span_1_of_5","24":"owp-content-center","25":"item-entry","26":"owp-thumbs-layout-horizontal","27":"owp-btn-big","28":"owp-tabs-layout-horizontal"},"ase":null,"_links":{"self":[{"href":"https:\/\/www.m-stickers.com\/pt\/wp-json\/wp\/v2\/product\/19039","targetHints":{"allow":["GET"]}}],"collection":[{"href":"https:\/\/www.m-stickers.com\/pt\/wp-json\/wp\/v2\/product"}],"about":[{"href":"https:\/\/www.m-stickers.com\/pt\/wp-json\/wp\/v2\/types\/product"}],"replies":[{"embeddable":true,"href":"https:\/\/www.m-stickers.com\/pt\/wp-json\/wp\/v2\/comments?post=19039"}],"wp:featuredmedia":[{"embeddable":true,"href":"https:\/\/www.m-stickers.com\/pt\/wp-json\/wp\/v2\/media\/19046"}],"wp:attachment":[{"href":"https:\/\/www.m-stickers.com\/pt\/wp-json\/wp\/v2\/media?parent=19039"}],"wp:term":[{"taxonomy":"product_brand","embeddable":true,"href":"https:\/\/www.m-stickers.com\/pt\/wp-json\/wp\/v2\/product_brand?post=19039"},{"taxonomy":"product_cat","embeddable":true,"href":"https:\/\/www.m-stickers.com\/pt\/wp-json\/wp\/v2\/product_cat?post=19039"},{"taxonomy":"product_tag","embeddable":true,"href":"https:\/\/www.m-stickers.com\/pt\/wp-json\/wp\/v2\/product_tag?post=19039"}],"curies":[{"name":"Pneu","href":"https:\/\/api.w.org\/{rel}","templated":true}]}}