{"id":26178,"date":"2022-03-20T23:23:19","date_gmt":"2022-03-20T22:23:19","guid":{"rendered":"https:\/\/www.m-stickers.com\/?post_type=product&#038;p=26178"},"modified":"2026-01-21T01:08:06","modified_gmt":"2026-01-21T00:08:06","slug":"kit-de-decoracao-yamaha-mt-07-linha-de-arte","status":"publish","type":"product","link":"https:\/\/www.m-stickers.com\/pt\/produit\/kit-deco-yamaha-mt-07-line-art\/","title":{"rendered":"Kit de decora\u00e7\u00e3o MT-07 Yamaha \u2013 Linha Arte"},"content":{"rendered":"<h1>Kit de decora\u00e7\u00e3o MT-07 Yamaha:<\/h1>\n<p>O nosso kit de decora\u00e7\u00e3o Kit deco mt 07 Yamaha completo inclui:<\/p>\n<ul>\n<li>A tampa traseira,<\/li>\n<li>A prote\u00e7\u00e3o do radiador,<\/li>\n<li>O reservat\u00f3rio,<\/li>\n<li>A face da frente,<\/li>\n<li>O guarda-lamas,<\/li>\n<li>Qualquer pe\u00e7a adicional (para alguns modelos).<\/li>\n<\/ul>\n<p><strong>Por que escolher o nosso kit de decora\u00e7\u00e3o?<\/strong><\/p>\n<p>Nossos kits s\u00e3o projetados por motociclistas que compreendem as restri\u00e7\u00f5es f\u00edsicas da motocicleta.<br \/>\nOs adesivos s\u00e3o, portanto, projetados com materiais de alta qualidade: Vinil de alta qualidade, cola mon\u00f4mera 100% para uma fixa\u00e7\u00e3o permanente.<br \/>\nNossos adesivos s\u00e3o resistentes a respingos d'\u00e1gua e aos raios UV.<\/p>\n<p><strong>O mais: <\/strong>Projetados e fabricados na Fran\u00e7a.<\/p>\n<p>Voc\u00ea pode escolher seu kit da cor desejada em nossa lista: Branco \/ Preto \/ Vermelho \/ Laranja \/ Amarelo \/ Verde \/ Ciano \/ Azul \/ Rosa.<br \/>\nOu escolher a op\u00e7\u00e3o \"cor espec\u00edfica\" e anexar o c\u00f3digo de cor desejado.<\/p>\n<p>&nbsp;<\/p>\n<hr \/>\n<h2>Kit de decora\u00e7\u00e3o Yamaha MT-07 \u2013 Como aplic\u00e1-los?<\/h2>\n<p>Nos adesivos de kit decorativo MT 07 s\u00e3o simples de aplicar, seja qual for o tamanho ou a superf\u00edcie das carenagens, o processo permanece o mesmo. Abaixo est\u00e3o algumas dicas para ajud\u00e1-lo a aplicar corretamente seu kit decorativo MT 07.<\/p>\n<p><span style=\"color: #ff0000\">Antes de mais nada, aqui est\u00e3o as precau\u00e7\u00f5es a tomar:<\/span><\/p>\n<ul>\n<li>Verifique se o carenagem est\u00e1 perfeitamente liso.<\/li>\n<li>Ter um <a href=\"https:\/\/fr.wikipedia.org\/wiki\/D%C3%A9capeur_thermique\">Descascador t\u00e9rmico<\/a> Para uma boa implementa\u00e7\u00e3o,<\/li>\n<li>Aquecer o carenagem antes da instala\u00e7\u00e3o.<\/li>\n<li>Limpar e desengraxar bem o carenagem com \u00e1gua e sab\u00e3o\/\u00e1lcool. <span style=\"color: #ff0000\">N\u00e3o usar WD40 ou outros produtos com silicone.<\/span><\/li>\n<li>Se os adesivos n\u00e3o forem aplicados imediatamente, guarde-os em local seco e protegido do sol.<\/li>\n<li>Cole os adesivos entre 15\u00b0C e 25\u00b0C, protegidos do vento e da poeira.<\/li>\n<li>Adicione nosso <a href=\"https:\/\/www.m-stickers.com\/pt\/product\/placas-de-revestimento\/\">Etiquetas adesivas para raclette<\/a> ao seu pedido para acabamentos perfeitos sem rugas,<\/li>\n<li>Respeite um tempo de descanso de 24\/48 horas em local seco.<\/li>\n<\/ul>\n<p><strong><a href=\"https:\/\/www.m-stickers.com\/pt\/tutorial-de-instalacao-do-kit-de-decoracao-de-carenagens\/\">TUTORIAIS completo para instalar seu Kit de decora\u00e7\u00e3o Yamaha:<\/a> \u00a0<a href=\"https:\/\/www.m-stickers.com\/pt\/tutorial-de-instalacao-do-kit-de-decoracao-de-carenagens\/\"><img decoding=\"async\" class=\"alignnone wp-image-6382\" src=\"https:\/\/www.m-stickers.com\/wp-content\/uploads\/2021\/01\/bouton-tuto-300x74.png\" alt=\"\" width=\"150\" height=\"37\" srcset=\"https:\/\/www.m-stickers.com\/wp-content\/uploads\/2021\/01\/bouton-tuto-300x74.png 300w, https:\/\/www.m-stickers.com\/wp-content\/uploads\/2021\/01\/bouton-tuto.png 413w\" sizes=\"(max-width: 150px) 100vw, 150px\" \/><\/a><\/strong><\/p>\n<h4><\/h4>\n<p>&nbsp;<\/p>\n<hr \/>\n<h2>Kit de decora\u00e7\u00e3o Yamaha MT-07 sob medida<\/h2>\n<p>Pode solicitar um kit decorativo 100% personalizado. Envie as suas ideias e imagens de refer\u00eancia e n\u00f3s personalizaremos o seu kit: <strong><a href=\"https:\/\/www.m-stickers.com\/pt\/product\/a-sua-mota-nao-esta-referenciada-no-kit-de-decoracao\/\">PERSONALIZE O SEU KIT DECORATIVO<\/a><\/strong> ! Voc\u00ea tamb\u00e9m pode adicionar um conjunto de decalques para aros MT 07: <a href=\"https:\/\/www.m-stickers.com\/pt\/configurador\/configurar\/5564\/\"><strong>Autocolantes para rodas<\/strong><\/a><\/p>\n<p>&nbsp;<\/p>\n<hr \/>\n<h4>Uma pergunta sobre o kit decorativo para as jantes da MT 07? Um pedido de personaliza\u00e7\u00e3o? N\u00e3o hesite em contactar-nos atrav\u00e9s da p\u00e1gina de contacto: <a href=\"https:\/\/www.m-stickers.com\/pt\/contato\/\"><img decoding=\"async\" class=\"alignnone wp-image-6381\" src=\"https:\/\/www.m-stickers.com\/wp-content\/uploads\/2021\/01\/bouton-contact-300x74.png\" alt=\"\" width=\"150\" height=\"37\" srcset=\"https:\/\/www.m-stickers.com\/wp-content\/uploads\/2021\/01\/bouton-contact-300x74.png 300w, https:\/\/www.m-stickers.com\/wp-content\/uploads\/2021\/01\/bouton-contact.png 413w\" sizes=\"(max-width: 150px) 100vw, 150px\" \/><\/a><\/h4>\n<p>&nbsp;<\/p>","protected":false},"excerpt":{"rendered":"<h2>Kit de decora\u00e7\u00e3o MT-07 Yamaha<\/h2>\n<p>Nosso kit de decora\u00e7\u00e3o MT-07 Yamaha completo inclui adesivos para:<\/p>\n<ul>\n<li>A capa traseira<\/li>\n<li>A prote\u00e7\u00e3o do radiador<\/li>\n<li>O reservat\u00f3rio<\/li>\n<li>A faceira dianteira<\/li>\n<li>O guarda-lamas,<\/li>\n<li>Qualquer pe\u00e7a adicional (para alguns modelos)<\/li>\n<\/ul>\n<h3><strong><a href=\"https:\/\/www.m-stickers.com\/pt\/product\/a-sua-mota-nao-esta-referenciada-no-kit-de-decoracao\/\">Personalize seu kit decorativo com nosso configurador online! <\/a><\/strong><\/h3>\n<h3><strong><a href=\"https:\/\/www.m-stickers.com\/pt\/product\/a-sua-mota-nao-esta-referenciada-no-kit-de-decoracao\/\"><img decoding=\"async\" class=\"alignnone wp-image-6380\" src=\"https:\/\/www.m-stickers.com\/wp-content\/uploads\/2021\/01\/bouton-configurator-3-300x74.png\" alt=\"\" width=\"150\" height=\"37\" srcset=\"https:\/\/www.m-stickers.com\/wp-content\/uploads\/2021\/01\/bouton-configurator-3-300x74.png 300w, https:\/\/www.m-stickers.com\/wp-content\/uploads\/2021\/01\/bouton-configurator-3.png 413w\" sizes=\"(max-width: 150px) 100vw, 150px\" \/><\/a><\/strong><\/h3>\n<h2><\/h2>","protected":false},"featured_media":26185,"comment_status":"open","ping_status":"closed","template":"","meta":[],"product_brand":[],"product_cat":[156,319],"product_tag":[251,161,160,250],"class_list":{"0":"post-26178","1":"product","2":"type-product","3":"status-publish","4":"has-post-thumbnail","6":"product_cat-kit-deco","7":"product_cat-kit-deco-yamaha-mt-07","8":"product_tag-kit-deco","9":"product_tag-mt-07","10":"product_tag-mt07","11":"product_tag-yamaha","12":"product_shipping_class-standard","14":"entry","15":"has-media","17":"first","18":"instock","19":"taxable","20":"shipping-taxable","21":"purchasable","22":"product-type-variable","23":"has-default-attributes","24":"col","25":"span_1_of_5","26":"owp-content-center","27":"item-entry","28":"owp-thumbs-layout-horizontal","29":"owp-btn-big","30":"owp-tabs-layout-horizontal"},"ase":null,"_links":{"self":[{"href":"https:\/\/www.m-stickers.com\/pt\/wp-json\/wp\/v2\/product\/26178","targetHints":{"allow":["GET"]}}],"collection":[{"href":"https:\/\/www.m-stickers.com\/pt\/wp-json\/wp\/v2\/product"}],"about":[{"href":"https:\/\/www.m-stickers.com\/pt\/wp-json\/wp\/v2\/types\/product"}],"replies":[{"embeddable":true,"href":"https:\/\/www.m-stickers.com\/pt\/wp-json\/wp\/v2\/comments?post=26178"}],"wp:featuredmedia":[{"embeddable":true,"href":"https:\/\/www.m-stickers.com\/pt\/wp-json\/wp\/v2\/media\/26185"}],"wp:attachment":[{"href":"https:\/\/www.m-stickers.com\/pt\/wp-json\/wp\/v2\/media?parent=26178"}],"wp:term":[{"taxonomy":"product_brand","embeddable":true,"href":"https:\/\/www.m-stickers.com\/pt\/wp-json\/wp\/v2\/product_brand?post=26178"},{"taxonomy":"product_cat","embeddable":true,"href":"https:\/\/www.m-stickers.com\/pt\/wp-json\/wp\/v2\/product_cat?post=26178"},{"taxonomy":"product_tag","embeddable":true,"href":"https:\/\/www.m-stickers.com\/pt\/wp-json\/wp\/v2\/product_tag?post=26178"}],"curies":[{"name":"Pneu","href":"https:\/\/api.w.org\/{rel}","templated":true}]}}