{"id":26438,"date":"2022-03-31T18:45:33","date_gmt":"2022-03-31T16:45:33","guid":{"rendered":"https:\/\/www.m-stickers.com\/?post_type=product&#038;p=26438"},"modified":"2025-02-25T16:33:41","modified_gmt":"2025-02-25T15:33:41","slug":"camiseta-moto-homem-e-mulher","status":"publish","type":"product","link":"https:\/\/www.m-stickers.com\/pt\/produit\/t-shirt-moto-adn-homme-femme\/","title":{"rendered":"Camiseta moto ADN"},"content":{"rendered":"<h2 style=\"text-align: center;\">Camisa moto ADN \u2013 Cole\u00e7\u00e3o de Camisetas M-Stickers<\/h2>\n<p>A M-Stickers oferece a sua nova cole\u00e7\u00e3o de camisetas de moto para motociclistas e entusiastas de motos.<\/p>\n<h3 style=\"text-align: center;\">Designs \u00fanicos e exclusivos de M-Stickers.<\/h3>\n<p>A camiseta unissex ADN, dispon\u00edvel apenas em preto, apresenta um belo desenho de DNA feito em corrente de moto impresso nas costas. O logotipo M da cole\u00e7\u00e3o encontra-se na frente.<\/p>\n<p>&nbsp;<\/p>\n<p>Caracter\u00edsticas t\u00e9cnicas:<br \/>\n\u2013 184g\/m\u00b2<br \/>\n\u2013 100% algod\u00e3o org\u00e2nico<br \/>\n\u2013 Tamanhos dispon\u00edveis: P\/M\/G\/GG\/GGG\/GGGG<\/p>\n<div><span style=\"color: #ffffff;\">Recomenda\u00e7\u00f5es de manuten\u00e7\u00e3o e lavagem:<\/span><\/div>\n<div><span style=\"color: #ffffff;\">\u2013 Lavagem 40\u00b0<\/span><\/div>\n<div><span style=\"color: #ffffff;\">\u2013 Sem secadora<\/span><\/div>\n<div><span style=\"color: #ffffff;\">\u2013 Passar por tr\u00e1s (sem ferro nas impress\u00f5es)<\/span><\/div>\n<div><span style=\"color: #ffffff;\">\u2013 N\u00e3o utilizar produtos abrasivos ou corrosivos<\/span><\/div>","protected":false},"excerpt":{"rendered":"<h2>Camiseta moto ADN 100% algod\u00e3o org\u00e2nico \u2013 Cole\u00e7\u00e3o de camisetas moto M-Stickers<\/h2>\n<p>Uma camiseta \u00fanica para motociclista(s) criada pela M-Stickers. Uma corrente de moto em forma de DNA.<\/p>","protected":false},"featured_media":26449,"comment_status":"open","ping_status":"closed","template":"","meta":[],"product_brand":[],"product_cat":[538],"product_tag":[537,536,534,535],"class_list":{"0":"post-26438","1":"product","2":"type-product","3":"status-publish","4":"has-post-thumbnail","6":"product_cat-t-shirts","7":"product_tag-adn","8":"product_tag-t-shirt-moto","9":"product_tag-t-shirt","10":"product_tag-tee-shirt","11":"product_shipping_class-standard","13":"entry","14":"has-media","16":"first","17":"instock","18":"taxable","19":"shipping-taxable","20":"purchasable","21":"product-type-variable","22":"col","23":"span_1_of_5","24":"owp-content-center","25":"item-entry","26":"owp-thumbs-layout-horizontal","27":"owp-btn-big","28":"owp-tabs-layout-horizontal"},"ase":null,"_links":{"self":[{"href":"https:\/\/www.m-stickers.com\/pt\/wp-json\/wp\/v2\/product\/26438","targetHints":{"allow":["GET"]}}],"collection":[{"href":"https:\/\/www.m-stickers.com\/pt\/wp-json\/wp\/v2\/product"}],"about":[{"href":"https:\/\/www.m-stickers.com\/pt\/wp-json\/wp\/v2\/types\/product"}],"replies":[{"embeddable":true,"href":"https:\/\/www.m-stickers.com\/pt\/wp-json\/wp\/v2\/comments?post=26438"}],"wp:featuredmedia":[{"embeddable":true,"href":"https:\/\/www.m-stickers.com\/pt\/wp-json\/wp\/v2\/media\/26449"}],"wp:attachment":[{"href":"https:\/\/www.m-stickers.com\/pt\/wp-json\/wp\/v2\/media?parent=26438"}],"wp:term":[{"taxonomy":"product_brand","embeddable":true,"href":"https:\/\/www.m-stickers.com\/pt\/wp-json\/wp\/v2\/product_brand?post=26438"},{"taxonomy":"product_cat","embeddable":true,"href":"https:\/\/www.m-stickers.com\/pt\/wp-json\/wp\/v2\/product_cat?post=26438"},{"taxonomy":"product_tag","embeddable":true,"href":"https:\/\/www.m-stickers.com\/pt\/wp-json\/wp\/v2\/product_tag?post=26438"}],"curies":[{"name":"Pneu","href":"https:\/\/api.w.org\/{rel}","templated":true}]}}