{"id":26472,"date":"2022-03-31T20:18:30","date_gmt":"2022-03-31T18:18:30","guid":{"rendered":"https:\/\/www.m-stickers.com\/?post_type=product&#038;p=26472"},"modified":"2025-02-25T16:33:42","modified_gmt":"2025-02-25T15:33:42","slug":"camiseta-macaco","status":"publish","type":"product","link":"https:\/\/www.m-stickers.com\/pt\/produit\/t-shirt-monkey\/","title":{"rendered":"Camiseta moto Macaco"},"content":{"rendered":"<h2 style=\"text-align: center;\">Camisola moto Macaco - Cole\u00e7\u00e3o de Camisetas M-Stickers<\/h2>\n<p>A M-Stickers oferece a sua nova cole\u00e7\u00e3o de camisetas de moto para motociclistas e entusiastas de motos.<\/p>\n<h3 style=\"text-align: center;\">Designs \u00fanicos e exclusivos de M-Stickers.<\/h3>\n<p>A Camisola unisex Monkey, dispon\u00edvel apenas em branco, apresenta uma ilustra\u00e7\u00e3o de dois pist\u00f5es sobrepostos a um macaco furioso com um capacete de piloto estampado no torso. O logotipo M da cole\u00e7\u00e3o \u00e9 estampado no alto do colarinho traseiro.<\/p>\n<hr \/>\n<h3 style=\"text-align: center;\"><\/h3>\n<p>Caracter\u00edsticas t\u00e9cnicas:<br \/>\n\u2013 184g\/m\u00b2<br \/>\n\u2013 100% algod\u00e3o org\u00e2nico<br \/>\n\u2013 Tamanhos dispon\u00edveis: P\/M\/G\/GG\/GGG\/GGGG<\/p>\n<div><span style=\"color: #ffffff;\">Recomenda\u00e7\u00f5es de manuten\u00e7\u00e3o e lavagem:<\/span><\/div>\n<div><span style=\"color: #ffffff;\">\u2013 Lavagem 40\u00b0<\/span><\/div>\n<div><span style=\"color: #ffffff;\">\u2013 Sem secadora<\/span><\/div>\n<div><span style=\"color: #ffffff;\">\u2013 Passar por tr\u00e1s (sem ferro nas impress\u00f5es)<\/span><\/div>\n<div><span style=\"color: #ffffff;\">\u2013 N\u00e3o utilizar produtos abrasivos ou corrosivos<\/span><\/div>","protected":false},"excerpt":{"rendered":"<h2>Camisa Macaco \u2013 Cole\u00e7\u00e3o M-Stickers<\/h2>\n<p>Uma camisola \u00fanica para motociclista, desenhada por M-Stickers. Dois pist\u00f5es sobrepostos a uma cabe\u00e7a de macaco furioso.<\/p>","protected":false},"featured_media":26463,"comment_status":"open","ping_status":"closed","template":"","meta":[],"product_brand":[],"product_cat":[538],"product_tag":[539,536,534,535],"class_list":{"0":"post-26472","1":"product","2":"type-product","3":"status-publish","4":"has-post-thumbnail","6":"product_cat-t-shirts","7":"product_tag-monkey","8":"product_tag-t-shirt-moto","9":"product_tag-t-shirt","10":"product_tag-tee-shirt","11":"product_shipping_class-standard","13":"entry","14":"has-media","16":"first","17":"instock","18":"taxable","19":"shipping-taxable","20":"purchasable","21":"product-type-variable","22":"col","23":"span_1_of_5","24":"owp-content-center","25":"item-entry","26":"owp-thumbs-layout-horizontal","27":"owp-btn-big","28":"owp-tabs-layout-horizontal"},"ase":null,"_links":{"self":[{"href":"https:\/\/www.m-stickers.com\/pt\/wp-json\/wp\/v2\/product\/26472","targetHints":{"allow":["GET"]}}],"collection":[{"href":"https:\/\/www.m-stickers.com\/pt\/wp-json\/wp\/v2\/product"}],"about":[{"href":"https:\/\/www.m-stickers.com\/pt\/wp-json\/wp\/v2\/types\/product"}],"replies":[{"embeddable":true,"href":"https:\/\/www.m-stickers.com\/pt\/wp-json\/wp\/v2\/comments?post=26472"}],"wp:featuredmedia":[{"embeddable":true,"href":"https:\/\/www.m-stickers.com\/pt\/wp-json\/wp\/v2\/media\/26463"}],"wp:attachment":[{"href":"https:\/\/www.m-stickers.com\/pt\/wp-json\/wp\/v2\/media?parent=26472"}],"wp:term":[{"taxonomy":"product_brand","embeddable":true,"href":"https:\/\/www.m-stickers.com\/pt\/wp-json\/wp\/v2\/product_brand?post=26472"},{"taxonomy":"product_cat","embeddable":true,"href":"https:\/\/www.m-stickers.com\/pt\/wp-json\/wp\/v2\/product_cat?post=26472"},{"taxonomy":"product_tag","embeddable":true,"href":"https:\/\/www.m-stickers.com\/pt\/wp-json\/wp\/v2\/product_tag?post=26472"}],"curies":[{"name":"Pneu","href":"https:\/\/api.w.org\/{rel}","templated":true}]}}