{"id":28725,"date":"2022-04-27T17:04:42","date_gmt":"2022-04-27T15:04:42","guid":{"rendered":"https:\/\/www.m-stickers.com\/?post_type=product&#038;p=28725"},"modified":"2025-02-25T16:33:59","modified_gmt":"2025-02-25T15:33:59","slug":"stickers-ou-produit-personnalise-unite","status":"publish","type":"product","link":"https:\/\/www.m-stickers.com\/pt\/produit\/stickers-ou-produit-personnalise-unite\/","title":{"rendered":"Sticker moto personalizado"},"content":{"rendered":"<p>A filosofia da M-Stickers \u00e9 oferecer 100% personaliz\u00e1vel. J\u00e1 oferecemos nossos kits para modificar de A a Z e agora voc\u00ea pode ir ainda mais longe, nos enviando seu pedido de adesivo de moto personalizado.<\/p>\n<hr \/>\n<h2>Decalagem moto personalizada \u2013 Qual o projeto?<\/h2>\n<p>Envie-nos a descri\u00e7\u00e3o do seu projeto: kit, adesivos para capacetes, para equipamentos, etc., o \u00fanico limite \u00e9 a sua imagina\u00e7\u00e3o.<\/p>\n<p><a href=\"https:\/\/www.m-stickers.com\/pt\/contato\/\"><img decoding=\"async\" class=\"wp-image-6381 aligncenter\" src=\"https:\/\/www.m-stickers.com\/wp-content\/uploads\/2021\/01\/bouton-contact-300x74.png\" alt=\"\" width=\"215\" height=\"53\" srcset=\"https:\/\/www.m-stickers.com\/wp-content\/uploads\/2021\/01\/bouton-contact-300x74.png 300w, https:\/\/www.m-stickers.com\/wp-content\/uploads\/2021\/01\/bouton-contact.png 413w\" sizes=\"(max-width: 215px) 100vw, 215px\" \/><\/a><\/p>\n<hr \/>\n<p>&nbsp;<\/p>\n<p>Envie-nos suas imagens inspiradoras, suas ideias e n\u00f3s proporemos algo. Um prazo \u00e9 naturalmente necess\u00e1rio.<\/p>\n<p><strong>Se voc\u00ea j\u00e1 possui o visual e deseja imprimir em grande quantidade, descubra nossa nova plataforma:<\/strong> <a href=\"https:\/\/sticker-personnalise.fr\/\"><img decoding=\"async\" class=\"alignnone wp-image-36510\" src=\"https:\/\/www.m-stickers.com\/wp-content\/uploads\/2022\/04\/logo_MQ.png\" alt=\"\" width=\"133\" height=\"53\" \/><\/a><\/p>","protected":false},"excerpt":{"rendered":"<p>Esta ficha de produto foi criada para atender a pedidos excecionais ou de personaliza\u00e7\u00e3o.<\/p>\n<p>Por favor, especifique no seu pedido do que se trata.<\/p>\n<p>A equipa M-Stickers<\/p>\n<p><span style=\"color: #ff0000;\">Por favor, indique o pre\u00e7o mencionado pela nossa equipa para o pedido na \u00e1rea \"Pre\u00e7o\" sem o s\u00edmbolo \"\u20ac\".<\/span><\/p>","protected":false},"featured_media":29433,"comment_status":"open","ping_status":"closed","template":"","meta":[],"product_brand":[],"product_cat":[114],"product_tag":[],"class_list":{"0":"post-28725","1":"product","2":"type-product","3":"status-publish","4":"has-post-thumbnail","6":"product_cat-stickers","7":"product_shipping_class-standard","9":"entry","10":"has-media","12":"first","13":"instock","14":"taxable","15":"shipping-taxable","16":"purchasable","17":"product-type-simple","18":"col","19":"span_1_of_5","20":"owp-content-center","21":"item-entry","22":"owp-thumbs-layout-horizontal","23":"owp-btn-big","24":"owp-tabs-layout-horizontal","25":"has-no-thumbnails"},"ase":null,"_links":{"self":[{"href":"https:\/\/www.m-stickers.com\/pt\/wp-json\/wp\/v2\/product\/28725","targetHints":{"allow":["GET"]}}],"collection":[{"href":"https:\/\/www.m-stickers.com\/pt\/wp-json\/wp\/v2\/product"}],"about":[{"href":"https:\/\/www.m-stickers.com\/pt\/wp-json\/wp\/v2\/types\/product"}],"replies":[{"embeddable":true,"href":"https:\/\/www.m-stickers.com\/pt\/wp-json\/wp\/v2\/comments?post=28725"}],"wp:featuredmedia":[{"embeddable":true,"href":"https:\/\/www.m-stickers.com\/pt\/wp-json\/wp\/v2\/media\/29433"}],"wp:attachment":[{"href":"https:\/\/www.m-stickers.com\/pt\/wp-json\/wp\/v2\/media?parent=28725"}],"wp:term":[{"taxonomy":"product_brand","embeddable":true,"href":"https:\/\/www.m-stickers.com\/pt\/wp-json\/wp\/v2\/product_brand?post=28725"},{"taxonomy":"product_cat","embeddable":true,"href":"https:\/\/www.m-stickers.com\/pt\/wp-json\/wp\/v2\/product_cat?post=28725"},{"taxonomy":"product_tag","embeddable":true,"href":"https:\/\/www.m-stickers.com\/pt\/wp-json\/wp\/v2\/product_tag?post=28725"}],"curies":[{"name":"Pneu","href":"https:\/\/api.w.org\/{rel}","templated":true}]}}