{"id":40466,"date":"2022-12-12T14:08:44","date_gmt":"2022-12-12T13:08:44","guid":{"rendered":"https:\/\/www.m-stickers.com\/?post_type=product&#038;p=40466"},"modified":"2025-02-25T16:35:36","modified_gmt":"2025-02-25T15:35:36","slug":"stickers-de-jante-yamaha-mt-07-holographique-destockage","status":"publish","type":"product","link":"https:\/\/www.m-stickers.com\/pt\/produit\/stickers-de-jante-yamaha-mt-07-holographique-destockage\/","title":{"rendered":"Etiquetas de roda Yamaha MT 07 \u2013 Hologr\u00e1ficas (Liquida\u00e7\u00e3o)"},"content":{"rendered":"<h2><strong><span style=\"color: #ff0000;\">Apuramento<\/span><\/strong><\/h2>\n<h2>Stickers jantes Yamaha MT 07 \u2013 Holographique\u00a0 (kit pour 2 jantes) :<\/h2>\n<p>Aprimore facilmente o visual da sua moto com o nosso kit completo.<br \/>\nO kit de adesivos decorativos<a href=\"https:\/\/www.m-stickers.com\/pt\/2022\/02\/07\/decais-de-rodas-mt-07\/\">\u00a0Jantes Yamaha MT 07<\/a>17 polegadas para as 2 rodas <strong>PRETO<\/strong> compreende:<\/p>\n<ul>\n<li>8 List\u00f5es pr\u00e9-curvados de 8mm Yamaha,<\/li>\n<li>8 Listras pr\u00e9-curvadas de 8mm MT 07,<\/li>\n<li>4 Adesivos internos de roda Yamaha<\/li>\n<li>4 Adesivos internos para rodas MT-07<\/li>\n<li>1 Logo Yamaha<\/li>\n<\/ul>\n<p><strong><span style=\"color: #ff0000;\">Effet Holographique \u2013 <span style=\"color: #000000;\">Para saber mais sobre este efeito, <a href=\"https:\/\/www.m-stickers.com\/pt\/nossos-adesivos\/\">Encontre-se aqui!<\/a><\/span><\/span><\/strong><\/p>\n<p><strong>Nossos mais<\/strong>\u00a0Qualidade profissional, constru\u00e7\u00e3o permanente, resistentes \u00e0 \u00e1gua e aos raios UV, 100% personaliz\u00e1veis, projetados e fabricados na Fran\u00e7a por motociclistas.<\/p>\n<p><strong>Materiais<\/strong>\u00a0Vin\u00edlicos de alta qualidade, adesivos com cola monom\u00e9rica 100% (fixa\u00e7\u00e3o permanente).<\/p>\n<p>Voc\u00ea tamb\u00e9m pode escolher um kit decorativo completo\u00a0<a href=\"https:\/\/www.m-stickers.com\/pt\/product-category\/kit-de-decoracao\/\">aqui<\/a>\u00a0!<\/p>\n<hr \/>\n<h3>Decais de Jantes Yamaha MT 07 \u2013 como aplic\u00e1-los?<\/h3>\n<p>O kit de adesivos para jantes Yamaha MT 07 \u00e9 f\u00e1cil de aplicar, qualquer que seja o tamanho ou a superf\u00edcie da jante, o processo permanece o mesmo. Abaixo, encontrar\u00e1 um tutorial para o ajudar a aplicar corretamente o seu kit de adesivos para aros Yamaha MT 07. Antes de mais, eis as precau\u00e7\u00f5es a tomar:<\/p>\n<ul>\n<li>Verificar se o aro deve estar perfeitamente liso.<\/li>\n<li>Limpe bem, desengordure o aro com \u00e1gua e sab\u00e3o\/\u00e1lcool. N\u00e3o utilize WD40 ou outros produtos com silicone. O aro precisa estar perfeitamente limpo.<\/li>\n<li>N\u00e3o manipular os adesivos pelo lado adesivo.<\/li>\n<li>Se os adesivos n\u00e3o forem aplicados imediatamente, guarde-os em local seco e ao abrigo do sol.<\/li>\n<li>\u00a0No momento da aplica\u00e7\u00e3o, escolha uma pe\u00e7a com temperatura m\u00ednima de 15\u00b0C, protegida do vento e da poeira. Tamb\u00e9m \u00e9 poss\u00edvel aquecer a roda antes de aplicar os adesivos para garantir uma boa fixa\u00e7\u00e3o dos adesivos. Uma temperatura muito fria n\u00e3o permitir\u00e1 uma ades\u00e3o ideal dos adesivos.<\/li>\n<li>Adicione nosso\u00a0<a href=\"https:\/\/www.m-stickers.com\/pt\/product\/placas-de-revestimento\/\">Placa de queijo raclette autoadesiva<\/a>\u00a0ao seu pedido para n\u00e3o perder a aplica\u00e7\u00e3o dos seus autocolantes de aro de roda de moto<\/li>\n<li>Ap\u00f3s a aplica\u00e7\u00e3o, evite o contato com o frio e a umidade para garantir a boa ades\u00e3o dos adesivos.<\/li>\n<\/ul>","protected":false},"excerpt":{"rendered":"<h2><strong><span style=\"color: #ff0000;\">Apuramento<\/span><\/strong><\/h2>\n<h2>Stickers jantes Yamaha MT 07 \u2013 Holographique (kit pour 2 jantes) :<\/h2>\n<p>Melhore facilmente o visual da sua moto com o nosso kit completo.<br \/>\nO kit de adesivos decorativos<a href=\"https:\/\/www.m-stickers.com\/pt\/2022\/02\/07\/decais-de-rodas-mt-07\/\">\u00a0Jantes Yamaha MT 07<\/a>17 polegadas para as 2 rodas <strong>PRETO<\/strong> compreende:<\/p>\n<ul>\n<li>8 List\u00f5es pr\u00e9-curvados de 8mm Yamaha,<\/li>\n<li>8 Listras pr\u00e9-curvadas de 8mm MT 07,<\/li>\n<li>4 Adesivos internos de roda Yamaha<\/li>\n<li>4 Adesivos internos para rodas MT-07<\/li>\n<li>1 Logo Yamaha<\/li>\n<\/ul>\n<p><strong><span style=\"color: #ff0000;\">Effet Holographique \u2013 <span style=\"color: #000000;\">Para saber mais sobre este efeito, <a href=\"https:\/\/www.m-stickers.com\/pt\/nossos-adesivos\/\">Encontre-se aqui!<\/a><\/span><\/span><\/strong><\/p>","protected":false},"featured_media":40469,"comment_status":"open","ping_status":"closed","template":"","meta":[],"product_brand":[],"product_cat":[929,937],"product_tag":[931,159,933,932,934,935],"class_list":{"0":"post-40466","1":"product","2":"type-product","3":"status-publish","4":"has-post-thumbnail","6":"product_cat-destockage","7":"product_cat-stickers-yamaha-pas-cher","8":"product_tag-destockage","9":"product_tag-mt","10":"product_tag-promo","11":"product_tag-promotion","12":"product_tag-promotions","13":"product_tag-reduction","14":"product_shipping_class-standard","16":"entry","17":"has-media","19":"first","20":"instock","21":"sale","22":"taxable","23":"shipping-taxable","24":"purchasable","25":"product-type-variable","26":"col","27":"span_1_of_5","28":"owp-content-center","29":"item-entry","30":"owp-thumbs-layout-horizontal","31":"owp-btn-big","32":"owp-tabs-layout-horizontal","33":"has-no-thumbnails"},"ase":null,"_links":{"self":[{"href":"https:\/\/www.m-stickers.com\/pt\/wp-json\/wp\/v2\/product\/40466","targetHints":{"allow":["GET"]}}],"collection":[{"href":"https:\/\/www.m-stickers.com\/pt\/wp-json\/wp\/v2\/product"}],"about":[{"href":"https:\/\/www.m-stickers.com\/pt\/wp-json\/wp\/v2\/types\/product"}],"replies":[{"embeddable":true,"href":"https:\/\/www.m-stickers.com\/pt\/wp-json\/wp\/v2\/comments?post=40466"}],"wp:featuredmedia":[{"embeddable":true,"href":"https:\/\/www.m-stickers.com\/pt\/wp-json\/wp\/v2\/media\/40469"}],"wp:attachment":[{"href":"https:\/\/www.m-stickers.com\/pt\/wp-json\/wp\/v2\/media?parent=40466"}],"wp:term":[{"taxonomy":"product_brand","embeddable":true,"href":"https:\/\/www.m-stickers.com\/pt\/wp-json\/wp\/v2\/product_brand?post=40466"},{"taxonomy":"product_cat","embeddable":true,"href":"https:\/\/www.m-stickers.com\/pt\/wp-json\/wp\/v2\/product_cat?post=40466"},{"taxonomy":"product_tag","embeddable":true,"href":"https:\/\/www.m-stickers.com\/pt\/wp-json\/wp\/v2\/product_tag?post=40466"}],"curies":[{"name":"Pneu","href":"https:\/\/api.w.org\/{rel}","templated":true}]}}