{"id":40471,"date":"2022-12-12T14:14:03","date_gmt":"2022-12-12T13:14:03","guid":{"rendered":"https:\/\/www.m-stickers.com\/?post_type=product&#038;p=40471"},"modified":"2025-06-11T10:35:48","modified_gmt":"2025-06-11T08:35:48","slug":"decais-de-roda-suzuki-bandit-amarelo-fluorescente-em-descontinuacao","status":"publish","type":"product","link":"https:\/\/www.m-stickers.com\/pt\/produit\/stickers-de-jante-suzuki-bandit-jaune-fluo-destockage\/","title":{"rendered":"Decais adesivos de jante Suzuki Bandit \u2013 Amarelo Fluorescente (Liquida\u00e7\u00e3o)"},"content":{"rendered":"<h2><strong><span style=\"color: #ff0000;\">Apuramento<\/span><\/strong><\/h2>\n<h2>Decais de jantes Suzuki Bandit \u2013 Amarelo Fluorescente (kit para 2 rodas) <strong>preto<\/strong>)\u00a0 :<\/h2>\n<p>Kit decorativo de rodas para moto de 17 polegadas, adesivos para jantes Suzuki Bandit, para as 2 rodas pretas, inclui:<\/p>\n<ul>\n<li>Asas pr\u00e9-curvadas de 8mm com 8 pequenos adesivos Bandit e 8 pequenos adesivos Suzuki para as 2 rodas<\/li>\n<li>4 Adesivos internos de jantes Bandit<\/li>\n<li>4 Adesivos internos de roda Suzuki<\/li>\n<li>1. Logotipos Suzuki<\/li>\n<li>8 Decais adicionais design 1<\/li>\n<li>Qualidade profissional com postura permanente*<\/li>\n<\/ul>\n<p>Autocolantes com cola monom\u00e9rica 100%, que proporciona uma fixa\u00e7\u00e3o permanente e resist\u00eancia a respingos de \u00e1gua e aos raios UV.<br \/>\nNossos Vinis de alta qualidade s\u00e3o projetados e fabricados na Fran\u00e7a.<\/p>\n<hr \/>\n<h3>Stickers para rodas de moto Suzuki Bandit \u2013 Como coloc\u00e1-los?<\/h3>\n<p>O kit de decalques para aros de moto Suzuki GSX-S \u00e9 simples de aplicar, seja qual for o tamanho ou a superf\u00edcie do aro, o processo permanece o mesmo. Abaixo, voc\u00ea encontrar\u00e1 um tutorial para ajud\u00e1-lo a aplicar corretamente o seu kit de decalques GSX-S Racing. Antes de tudo, aqui est\u00e3o as precau\u00e7\u00f5es a serem tomadas:<\/p>\n<ul>\n<li>Verificar se o aro deve estar perfeitamente liso.<\/li>\n<li>Limpe bem, desengordure o aro com \u00e1gua e sab\u00e3o\/\u00e1lcool. N\u00e3o utilize WD40 ou outros produtos com silicone. O aro precisa estar perfeitamente limpo.<\/li>\n<li>N\u00e3o manipular os adesivos pelo lado adesivo.<\/li>\n<li>Se os adesivos n\u00e3o forem aplicados imediatamente, guarde-os em local seco e ao abrigo do sol.<\/li>\n<li>\u00a0No momento da aplica\u00e7\u00e3o, escolha uma pe\u00e7a com temperatura m\u00ednima de 15\u00b0C, protegida do vento e da poeira. Tamb\u00e9m \u00e9 poss\u00edvel aquecer a roda antes de aplicar os adesivos para garantir uma boa fixa\u00e7\u00e3o dos adesivos. Uma temperatura muito fria n\u00e3o permitir\u00e1 uma ades\u00e3o ideal dos adesivos.<\/li>\n<li>Adicione nosso\u00a0<a href=\"https:\/\/www.m-stickers.com\/pt\/product\/placas-de-revestimento\/\">Placa de queijo raclette autoadesiva<\/a>\u00a0ao seu pedido para n\u00e3o perder a aplica\u00e7\u00e3o dos seus autocolantes de aro de roda de moto<\/li>\n<li>Ap\u00f3s a aplica\u00e7\u00e3o, evite o contato com o frio e a umidade para garantir a boa ades\u00e3o dos adesivos.<\/li>\n<\/ul>","protected":false},"excerpt":{"rendered":"<h2><span style=\"color: #ff0000;\">Apuramento<\/span><\/h2>\n<h2>Decais de rodas Suzuki Bandit \u2013 Amarelo Fluorescente (kit para 2 rodas pretas)<\/h2>\n<p>Kit decorativo de rodas para moto de 17 polegadas, adesivos para jantes Suzuki Bandit, para as 2 rodas pretas, inclui:<\/p>\n<ul>\n<li>Asas pr\u00e9-curvadas de 8mm com 8 autocolantes Bandit e 8 autocolantes Suzuki para as 2 rodas.<\/li>\n<li>4 Adesivos internos de jantes Bandit<\/li>\n<li>4 Adesivos internos de roda Suzuki<\/li>\n<li>1. Logotipos Suzuki<\/li>\n<li>8 Decais Adicionais design 1<\/li>\n<li>Qualidade profissional com postura permanente*<\/li>\n<\/ul>\n<p>Autocolantes com cola monom\u00e9rica 100%, que proporciona uma fixa\u00e7\u00e3o permanente e resist\u00eancia a respingos de \u00e1gua e aos raios UV.<br \/>\nNossos Vinis de alta qualidade s\u00e3o projetados e fabricados na Fran\u00e7a.<\/p>\n<p><span style=\"color: #ff0000;\">Amarelo FLUORESCENTE\u00a0<\/span><\/p>","protected":false},"featured_media":40475,"comment_status":"open","ping_status":"closed","template":"","meta":[],"product_brand":[],"product_cat":[929,938],"product_tag":[931,933,932,934,935],"class_list":{"0":"post-40471","1":"product","2":"type-product","3":"status-publish","4":"has-post-thumbnail","6":"product_cat-destockage","7":"product_cat-sticker-suzuki-pas-cher","8":"product_tag-destockage","9":"product_tag-promo","10":"product_tag-promotion","11":"product_tag-promotions","12":"product_tag-reduction","13":"product_shipping_class-standard","15":"entry","16":"has-media","18":"first","19":"outofstock","20":"sale","21":"taxable","22":"shipping-taxable","23":"purchasable","24":"product-type-simple","25":"col","26":"span_1_of_5","27":"owp-content-center","28":"item-entry","29":"owp-thumbs-layout-horizontal","30":"owp-btn-big","31":"owp-tabs-layout-horizontal","32":"has-no-thumbnails"},"ase":null,"_links":{"self":[{"href":"https:\/\/www.m-stickers.com\/pt\/wp-json\/wp\/v2\/product\/40471","targetHints":{"allow":["GET"]}}],"collection":[{"href":"https:\/\/www.m-stickers.com\/pt\/wp-json\/wp\/v2\/product"}],"about":[{"href":"https:\/\/www.m-stickers.com\/pt\/wp-json\/wp\/v2\/types\/product"}],"replies":[{"embeddable":true,"href":"https:\/\/www.m-stickers.com\/pt\/wp-json\/wp\/v2\/comments?post=40471"}],"wp:featuredmedia":[{"embeddable":true,"href":"https:\/\/www.m-stickers.com\/pt\/wp-json\/wp\/v2\/media\/40475"}],"wp:attachment":[{"href":"https:\/\/www.m-stickers.com\/pt\/wp-json\/wp\/v2\/media?parent=40471"}],"wp:term":[{"taxonomy":"product_brand","embeddable":true,"href":"https:\/\/www.m-stickers.com\/pt\/wp-json\/wp\/v2\/product_brand?post=40471"},{"taxonomy":"product_cat","embeddable":true,"href":"https:\/\/www.m-stickers.com\/pt\/wp-json\/wp\/v2\/product_cat?post=40471"},{"taxonomy":"product_tag","embeddable":true,"href":"https:\/\/www.m-stickers.com\/pt\/wp-json\/wp\/v2\/product_tag?post=40471"}],"curies":[{"name":"Pneu","href":"https:\/\/api.w.org\/{rel}","templated":true}]}}