{"id":40493,"date":"2022-12-13T14:35:59","date_gmt":"2022-12-13T13:35:59","guid":{"rendered":"https:\/\/www.m-stickers.com\/produit\/carte-cadeau\/"},"modified":"2026-04-27T02:17:16","modified_gmt":"2026-04-27T00:17:16","slug":"cartao-presente","status":"publish","type":"product","link":"https:\/\/www.m-stickers.com\/pt\/produit\/carte-cadeau\/","title":{"rendered":"Vale-presente \u2013 M-Stickers"},"content":{"rendered":"<h2><strong>Vale-presente \u2013 M-Stickers<\/strong><\/h2>\n<p><strong>Presente<\/strong> \u2013 <strong>Personaliza\u00e7\u00e3o de moto<\/strong> \u2013 Um c\u00f3digo. Milhares de possibilidades de personaliza\u00e7\u00e3o de motos na M-Stickers! Ofere\u00e7a personaliza\u00e7\u00e3o a um motociclista com o cart\u00e3o-presente M-Stickers, a enviar diretamente por e-mail ou para si mesmo para imprimir e oferecer no momento certo. O cart\u00e3o-presente M-Stickers, uma ideia de presente original para motociclistas!<\/p>\n<hr \/>\n<p>M-Stickers oferece v\u00e1rios valores autom\u00e1ticos, dependendo de seus diferentes produtos. Tamb\u00e9m \u00e9 poss\u00edvel escolher um valor personalizado entrando em contato. <a href=\"https:\/\/www.m-stickers.com\/pt\/contato\/\"><strong>Diretamente aqui<\/strong><\/a>.<\/p>\n<ul>\n<li>Escolha 1 = <strong>25?\u20ac<\/strong> = <a href=\"https:\/\/www.m-stickers.com\/pt\/product-category\/etiquetas-para-capacete-de-moto\/\">Etiquetas para capacetes<\/a><\/li>\n<li>Escolha 2 = <strong>40?\u20ac<\/strong> \u2013<a href=\"https:\/\/www.m-stickers.com\/pt\/product-category\/kits-de-adesivos-para-rodas-de-motos-completos\/\"> Kit de decora\u00e7\u00e3o de roda \"cl\u00e1ssico\"<\/a> Todas as marcas<\/li>\n<li>Escolha 3 = <strong>50?\u20ac<\/strong> \u2013 <a href=\"https:\/\/www.m-stickers.com\/pt\/categorie-configurator\/\">Kit de decora\u00e7\u00e3o 100?% personaliz\u00e1vel<\/a> + grelha de aplica\u00e7\u00e3o<\/li>\n<li>Escolha 4 = <strong>55?\u20ac<\/strong> \u2013 <a href=\"https:\/\/www.m-stickers.com\/pt\/categorie-configurator\/\">Kit de decora\u00e7\u00e3o 100?% personaliz\u00e1vel<\/a> Com efeito mate ou personaliza\u00e7\u00e3o de texto<\/li>\n<li>Escolha 5 = <strong>60?\u20ac<\/strong> \u2013 <a href=\"https:\/\/www.m-stickers.com\/pt\/categorie-configurator\/\">Kit de decora\u00e7\u00e3o 100?% personaliz\u00e1vel<\/a> com efeito Fluo<\/li>\n<li>Escolha 6 = <strong>70?\u20ac<\/strong> \u2013 <a href=\"https:\/\/www.m-stickers.com\/pt\/categorie-configurator\/\">Kit de decora\u00e7\u00e3o 100?% personaliz\u00e1vel<\/a> com efeito luminiscente ou reflectante<\/li>\n<li>Escolha 7 = <strong>80?\u20ac<\/strong> \u2013 <a href=\"https:\/\/www.m-stickers.com\/pt\/categorie-configurator\/\">Kit de decora\u00e7\u00e3o 100?% personaliz\u00e1vel<\/a> Com efeito hologr\u00e1fico. <a href=\"https:\/\/www.m-stickers.com\/pt\/product-category\/kits-completos\/\">Kit de decora\u00e7\u00e3o de anel<\/a><\/li>\n<li>Escolha 8 = <strong>195?\u20ac<\/strong> \u2013 <a href=\"https:\/\/www.m-stickers.com\/pt\/product-category\/kit-de-decoracao\/\">Kit de carenagem<\/a> Roadster<\/li>\n<li>Escolha 9 = <strong>265?\u20ac<\/strong> \u2013 <a href=\"https:\/\/www.m-stickers.com\/pt\/product\/a-sua-mota-nao-esta-referenciada-no-kit-de-decoracao\/\">Kit de decora\u00e7\u00e3o para carenagem<\/a>E roadster personalizado<\/li>\n<li>Escolha 10 = <strong>300?\u20ac<\/strong> <a href=\"https:\/\/www.m-stickers.com\/pt\/product-category\/kit-de-decoracao\/\">Kit de carenagem<\/a> esportivo<\/li>\n<li>Escolha 11 = <strong>365?\u20ac<\/strong> \u2013 <a href=\"https:\/\/www.m-stickers.com\/pt\/product\/a-sua-mota-nao-esta-referenciada-no-kit-de-decoracao\/\">Kit de carenagem<\/a> Personalizado esportivo<\/li>\n<\/ul>\n<p><!--more--><\/p>\n<p><span style=\"color: #ff0000;\"><strong>Importante<\/strong> <\/span>Voc\u00ea pode enviar um cart\u00e3o-presente diretamente ao destinat\u00e1rio, digitando o e-mail dele no campo \u00abpara\u00bb, ou para voc\u00ea mesmo, digitando seu e-mail no mesmo campo para imprimi-lo e entreg\u00e1-lo mais tarde.<\/p>","protected":false},"excerpt":{"rendered":"<h2><strong>Vale-presente \u2013 M-Stickers<\/strong><\/h2>\n<p><strong>Presente<\/strong> \u2013 <strong>Personaliza\u00e7\u00e3o de moto<\/strong> \u2013 Um c\u00f3digo. Milhares de possibilidades de personaliza\u00e7\u00e3o de motos na M-Stickers! Ofere\u00e7a uma personaliza\u00e7\u00e3o a um motociclista com o vale-presente M-Stickers, a enviar diretamente por e-mail ou para impress\u00e3o e entrega no momento oportuno. O vale-presente M-Stickers, uma ideia original de presente para motociclistas!<\/p>\n<hr \/>\n<p><span style=\"color: #ff0000;\"><strong>Importante<\/strong> <\/span>Voc\u00ea pode enviar um vale-presente diretamente ao destinat\u00e1rio, informando seu e-mail no campo \"Para\", ou para voc\u00ea mesmo, informando seu e-mail no mesmo campo, para imprimi-lo e oferec\u00ea-lo mais tarde.<\/p>","protected":false},"featured_media":40509,"comment_status":"open","ping_status":"closed","template":"","meta":[],"product_brand":[],"product_cat":[930,939,929,941,156,554,555,317,320,558,742,559,739,157,319,318,540,940,23,431,432,71,72,107,109,433,108,110,114,760,15,132,113,112,413,701,70,111,487,36,664,57,59,126,408,58,125,115,40,663,938,538,937,560],"product_tag":[945,947,944,943,946],"class_list":{"0":"post-40493","1":"product","2":"type-product","3":"status-publish","4":"has-post-thumbnail","6":"product_cat-anneaux","7":"product_cat-stickers-aprilia-pas-cher","8":"product_cat-destockage","9":"product_cat-stickers-kawasaki-pas-cher","10":"product_cat-kit-deco","11":"product_cat-kit-deco-ktm","12":"product_cat-kit-deco-ktm-duke-125-390","13":"product_cat-masai","14":"product_cat-kit-deco-masai-furious-125","15":"product_cat-kit-deco-suzuki","16":"product_cat-kit-deco-suzuki-gsx-s-1000","17":"product_cat-kit-deco-suzuki-gsx-s-750","18":"product_cat-kit-deco-suzuki-gsx-s-950","19":"product_cat-yamaha","20":"product_cat-kit-deco-yamaha-mt-07","21":"product_cat-kit-deco-yamaha-mt-09","22":"product_cat-kit-deco-yamaha-r1","23":"product_cat-stickers-ktm-pas-cher","24":"product_cat-liserets-jantes-moto","25":"product_cat-liserets-de-jante-aorilia","26":"product_cat-liseret-de-jante-bmw","27":"product_cat-liserets-jantes-honda","28":"product_cat-liserets-jantes-kawasaki","29":"product_cat-liserets-de-jantes-ktm","30":"product_cat-liserets-jantes-suzuki","31":"product_cat-liseret-de-jante-triumph","32":"product_cat-liserets-jantes-yamaha","33":"product_cat-liserets-jantes-customs","34":"product_cat-stickers","35":"product_cat-stickers-casque-moto","36":"product_cat-kits-stickers-jantes-moto-complet","37":"product_cat-kits-full","38":"product_cat-kit-deco-jantes-aprilia","39":"product_cat-stickers-jante-moto-bmw","40":"product_cat-buell","41":"product_cat-cf-moto","42":"product_cat-kit-deco-jantes-monster-energy","43":"product_cat-kit-deco-jantes-ducati","44":"product_cat-harley-davidson","45":"product_cat-honda-kits-stickers-jante-moto-complet","46":"product_cat-stickers-jante-indian","47":"product_cat-kit-deco-jantes-complet-kawasaki","48":"product_cat-kit-deco-jantes-ktm","49":"product_cat-stickers-jantes-mv-agusta","50":"product_cat-stickers-jante-orcal","51":"product_cat-kits-deco-jantes-suzuki","52":"product_cat-kit-deco-jantes-swm","53":"product_cat-kit-deco-jantes-triumph","54":"product_cat-kit-deco-jantes-yamaha","55":"product_cat-stickers-jante-zontes","56":"product_cat-sticker-suzuki-pas-cher","57":"product_cat-t-shirts","58":"product_cat-stickers-yamaha-pas-cher","59":"product_cat-yamaha-tmax-530","60":"product_tag-cadeau","61":"product_tag-cadeaux","62":"product_tag-carte","63":"product_tag-carte-cadeau","64":"product_tag-cartes-cadeaux","65":"product_shipping_class-standard","67":"entry","68":"has-media","70":"first","71":"instock","72":"taxable","73":"shipping-taxable","74":"purchasable","75":"product-type-pw-gift-card","76":"has-default-attributes","77":"col","78":"span_1_of_5","79":"owp-content-center","80":"item-entry","81":"owp-thumbs-layout-horizontal","82":"owp-btn-big","83":"owp-tabs-layout-horizontal","84":"has-no-thumbnails"},"ase":null,"_links":{"self":[{"href":"https:\/\/www.m-stickers.com\/pt\/wp-json\/wp\/v2\/product\/40493","targetHints":{"allow":["GET"]}}],"collection":[{"href":"https:\/\/www.m-stickers.com\/pt\/wp-json\/wp\/v2\/product"}],"about":[{"href":"https:\/\/www.m-stickers.com\/pt\/wp-json\/wp\/v2\/types\/product"}],"replies":[{"embeddable":true,"href":"https:\/\/www.m-stickers.com\/pt\/wp-json\/wp\/v2\/comments?post=40493"}],"wp:featuredmedia":[{"embeddable":true,"href":"https:\/\/www.m-stickers.com\/pt\/wp-json\/wp\/v2\/media\/40509"}],"wp:attachment":[{"href":"https:\/\/www.m-stickers.com\/pt\/wp-json\/wp\/v2\/media?parent=40493"}],"wp:term":[{"taxonomy":"product_brand","embeddable":true,"href":"https:\/\/www.m-stickers.com\/pt\/wp-json\/wp\/v2\/product_brand?post=40493"},{"taxonomy":"product_cat","embeddable":true,"href":"https:\/\/www.m-stickers.com\/pt\/wp-json\/wp\/v2\/product_cat?post=40493"},{"taxonomy":"product_tag","embeddable":true,"href":"https:\/\/www.m-stickers.com\/pt\/wp-json\/wp\/v2\/product_tag?post=40493"}],"curies":[{"name":"Pneu","href":"https:\/\/api.w.org\/{rel}","templated":true}]}}