{"id":40521,"date":"2022-12-13T15:54:54","date_gmt":"2022-12-13T14:54:54","guid":{"rendered":"https:\/\/www.m-stickers.com\/?post_type=product&#038;p=40521"},"modified":"2025-02-25T16:35:30","modified_gmt":"2025-02-25T15:35:30","slug":"stickers-for-kawasaki-z750-orange-rims-closeout-sale","status":"publish","type":"product","link":"https:\/\/www.m-stickers.com\/pt\/produit\/stickers-jantes-kawasaki-z750-orange-destockage\/","title":{"rendered":"Stickers para aros Kawasaki Z750 \u2013 Laranja (Liquida\u00e7\u00e3o)"},"content":{"rendered":"<h2><strong><span style=\"color: #ff0000;\">Apuramento<\/span><\/strong><\/h2>\n<h2><b>Kit Adesivos Jantes Kawasaki Z 750 Laranja:<\/b><\/h2>\n<p>Dar um upgrade na apar\u00eancia da sua moto facilmente e com baixo custo? \u00c9 poss\u00edvel!<br \/>\nSeja para torn\u00e1-la esportiva, atrair olhares ou vender rapidamente.<\/p>\n<p>O kit de adesivos decorativos<a href=\"https:\/\/www.m-stickers.com\/pt\/configurador\/configurar\/5557\/\">\u00a0Rodas Kawasaki Z750<\/a>Em 17 polegadas inclui as 2 rodas. <strong>branca<\/strong> :<\/p>\n<ul>\n<li>8 Listras pr\u00e9-curvadas de 8mm Kawasaki,<\/li>\n<li>8 Lisos pr\u00e9-curvados 8mm z750,<\/li>\n<li>4 Adesivos internos de roda Kawasaki.<\/li>\n<li>4 Adesivos de rodas internas Z750<\/li>\n<li>1 Logo Z 750<\/li>\n<\/ul>\n<p><b>Mais colagens dos nossos adesivos\u00a0<\/b>Qualidade profissional, confec\u00e7\u00e3o permanente, resistentes \u00e0 \u00e1gua e aos raios UV, 100% personaliz\u00e1veis, f\u00e1ceis de aplicar, projetados e fabricados na Fran\u00e7a por motociclistas.<\/p>\n<p><b>Materiais<\/b>\u00a0Vin\u00e9is de alta qualidade, adesivos com cola mon\u00f4mera 100% (fixa\u00e7\u00e3o permanente), acabamento brilhante.<\/p>\n<p>Voc\u00ea tamb\u00e9m pode solicitar um **kit decorativo** completo e coordenado para sua motocicleta<a href=\"https:\/\/www.m-stickers.com\/pt\/contato\/\">\u00a0aqui<\/a>\u00a0!<\/p>","protected":false},"excerpt":{"rendered":"<h2><strong><span style=\"color: #ff0000;\">Apuramento<\/span><\/strong><\/h2>\n<h2><b>Kit Adesivos Jantes Kawasaki Z 750 Laranja:<\/b><\/h2>\n<p>Dar um upgrade na apar\u00eancia da sua moto facilmente e com baixo custo? \u00c9 poss\u00edvel!<br \/>\nSeja para torn\u00e1-la esportiva, atrair olhares ou vender rapidamente.<\/p>\n<p>O kit de adesivos decorativos<a href=\"https:\/\/www.m-stickers.com\/pt\/configurador\/configurar\/5557\/\">\u00a0Rodas Kawasaki Z750<\/a>Em 17 polegadas inclui as 2 rodas. <strong>branca<\/strong> :<\/p>\n<ul>\n<li>8 Listras pr\u00e9-curvadas de 8mm Kawasaki,<\/li>\n<li>8 Lisos pr\u00e9-curvados 8mm z750,<\/li>\n<li>4 Adesivos internos de roda Kawasaki.<\/li>\n<li>4 Adesivos de rodas internas Z750<\/li>\n<li>1 Logo Z 750<\/li>\n<\/ul>","protected":false},"featured_media":40522,"comment_status":"open","ping_status":"closed","template":"","meta":[],"product_brand":[],"product_cat":[929,941],"product_tag":[931,933,932,934,935,219,144],"class_list":{"0":"post-40521","1":"product","2":"type-product","3":"status-publish","4":"has-post-thumbnail","6":"product_cat-destockage","7":"product_cat-stickers-kawasaki-pas-cher","8":"product_tag-destockage","9":"product_tag-promo","10":"product_tag-promotion","11":"product_tag-promotions","12":"product_tag-reduction","13":"product_tag-z-750","14":"product_tag-z750","15":"product_shipping_class-standard","17":"entry","18":"has-media","20":"first","21":"outofstock","22":"sale","23":"taxable","24":"shipping-taxable","25":"purchasable","26":"product-type-simple","27":"col","28":"span_1_of_5","29":"owp-content-center","30":"item-entry","31":"owp-thumbs-layout-horizontal","32":"owp-btn-big","33":"owp-tabs-layout-horizontal","34":"has-no-thumbnails"},"ase":null,"_links":{"self":[{"href":"https:\/\/www.m-stickers.com\/pt\/wp-json\/wp\/v2\/product\/40521","targetHints":{"allow":["GET"]}}],"collection":[{"href":"https:\/\/www.m-stickers.com\/pt\/wp-json\/wp\/v2\/product"}],"about":[{"href":"https:\/\/www.m-stickers.com\/pt\/wp-json\/wp\/v2\/types\/product"}],"replies":[{"embeddable":true,"href":"https:\/\/www.m-stickers.com\/pt\/wp-json\/wp\/v2\/comments?post=40521"}],"wp:featuredmedia":[{"embeddable":true,"href":"https:\/\/www.m-stickers.com\/pt\/wp-json\/wp\/v2\/media\/40522"}],"wp:attachment":[{"href":"https:\/\/www.m-stickers.com\/pt\/wp-json\/wp\/v2\/media?parent=40521"}],"wp:term":[{"taxonomy":"product_brand","embeddable":true,"href":"https:\/\/www.m-stickers.com\/pt\/wp-json\/wp\/v2\/product_brand?post=40521"},{"taxonomy":"product_cat","embeddable":true,"href":"https:\/\/www.m-stickers.com\/pt\/wp-json\/wp\/v2\/product_cat?post=40521"},{"taxonomy":"product_tag","embeddable":true,"href":"https:\/\/www.m-stickers.com\/pt\/wp-json\/wp\/v2\/product_tag?post=40521"}],"curies":[{"name":"Pneu","href":"https:\/\/api.w.org\/{rel}","templated":true}]}}