{"id":40539,"date":"2022-12-13T16:57:48","date_gmt":"2022-12-13T15:57:48","guid":{"rendered":"https:\/\/www.m-stickers.com\/?post_type=product&#038;p=40539"},"modified":"2025-02-25T16:35:32","modified_gmt":"2025-02-25T15:35:32","slug":"decais-de-jante-yamaha-mt-07-vermelho-e-branco-promocao","status":"publish","type":"product","link":"https:\/\/www.m-stickers.com\/pt\/produit\/stickers-de-jante-yamaha-mt-07-rouge-et-blanc-destockage-copie\/","title":{"rendered":"Decais de roda Yamaha MT 07 Vermelho e Branco (Liquida\u00e7\u00e3o)"},"content":{"rendered":"<h2><strong>Apuramento<\/strong><\/h2>\n<h2>Decais de jantes Yamaha MT 07 Vermelho e Branco (kit para 2 rodas)<\/h2>\n<p>Aprimore facilmente o visual da sua moto com o nosso kit completo.<br \/>\nO kit de adesivos decorativos<a href=\"https:\/\/www.m-stickers.com\/pt\/2022\/02\/07\/decais-de-rodas-mt-07\/\">\u00a0Jantes Yamaha MT 07<\/a>17 polegadas para as 2 rodas de todas as cores inclui:<\/p>\n<ul>\n<li>8 List\u00f5es pr\u00e9-curvados de 8mm Yamaha,<\/li>\n<li>8 Listras pr\u00e9-curvadas de 8mm MT 07,<\/li>\n<li>4 Adesivos internos de roda Yamaha<\/li>\n<li>4 Adesivos internos para rodas MT-07<\/li>\n<li>1 Log\u00f3 mT<\/li>\n<\/ul>\n<p><strong>Nossos mais<\/strong> Qualidade profissional, durabilidade permanente, resistentes \u00e0 \u00e1gua e aos raios UV, concebidos e fabricados na Fran\u00e7a por motociclistas.<\/p>\n<p><strong>Materiais<\/strong>\u00a0Vin\u00edlicos de alta qualidade, adesivos com cola monom\u00e9rica 100% (fixa\u00e7\u00e3o permanente).<\/p>","protected":false},"excerpt":{"rendered":"<h2><strong><span style=\"color: #ff0000;\">Apuramento<\/span><\/strong><\/h2>\n<h2>Decais de jantes Yamaha MT 07 Vermelho e Branco (kit para 2 jantes)<\/h2>\n<p>Melhore facilmente o visual da sua moto com o nosso kit completo.<br \/>\nO kit de adesivos decorativos<a href=\"https:\/\/www.m-stickers.com\/pt\/2022\/02\/07\/decais-de-rodas-mt-07\/\">\u00a0Jantes Yamaha MT 07<\/a>17 polegadas para as 2 rodas <b>Todas as cores <\/b>compreende:<\/p>\n<ul>\n<li>8 List\u00f5es pr\u00e9-curvados de 8mm Yamaha,<\/li>\n<li>8 Listras pr\u00e9-curvadas de 8mm MT 07,<\/li>\n<li>4 Adesivos internos de roda Yamaha<\/li>\n<li>4 Adesivos internos para rodas MT-07<\/li>\n<li>1 Logotipo MT<\/li>\n<\/ul>","protected":false},"featured_media":40989,"comment_status":"open","ping_status":"closed","template":"","meta":[],"product_brand":[],"product_cat":[929,937],"product_tag":[931,933,932,934,935],"class_list":{"0":"post-40539","1":"product","2":"type-product","3":"status-publish","4":"has-post-thumbnail","6":"product_cat-destockage","7":"product_cat-stickers-yamaha-pas-cher","8":"product_tag-destockage","9":"product_tag-promo","10":"product_tag-promotion","11":"product_tag-promotions","12":"product_tag-reduction","13":"product_shipping_class-standard","15":"entry","16":"has-media","18":"first","19":"outofstock","20":"sale","21":"taxable","22":"shipping-taxable","23":"purchasable","24":"product-type-simple","25":"col","26":"span_1_of_5","27":"owp-content-center","28":"item-entry","29":"owp-thumbs-layout-horizontal","30":"owp-btn-big","31":"owp-tabs-layout-horizontal","32":"has-no-thumbnails"},"ase":null,"_links":{"self":[{"href":"https:\/\/www.m-stickers.com\/pt\/wp-json\/wp\/v2\/product\/40539","targetHints":{"allow":["GET"]}}],"collection":[{"href":"https:\/\/www.m-stickers.com\/pt\/wp-json\/wp\/v2\/product"}],"about":[{"href":"https:\/\/www.m-stickers.com\/pt\/wp-json\/wp\/v2\/types\/product"}],"replies":[{"embeddable":true,"href":"https:\/\/www.m-stickers.com\/pt\/wp-json\/wp\/v2\/comments?post=40539"}],"wp:featuredmedia":[{"embeddable":true,"href":"https:\/\/www.m-stickers.com\/pt\/wp-json\/wp\/v2\/media\/40989"}],"wp:attachment":[{"href":"https:\/\/www.m-stickers.com\/pt\/wp-json\/wp\/v2\/media?parent=40539"}],"wp:term":[{"taxonomy":"product_brand","embeddable":true,"href":"https:\/\/www.m-stickers.com\/pt\/wp-json\/wp\/v2\/product_brand?post=40539"},{"taxonomy":"product_cat","embeddable":true,"href":"https:\/\/www.m-stickers.com\/pt\/wp-json\/wp\/v2\/product_cat?post=40539"},{"taxonomy":"product_tag","embeddable":true,"href":"https:\/\/www.m-stickers.com\/pt\/wp-json\/wp\/v2\/product_tag?post=40539"}],"curies":[{"name":"Pneu","href":"https:\/\/api.w.org\/{rel}","templated":true}]}}