{"id":40766,"date":"2022-12-16T11:03:34","date_gmt":"2022-12-16T10:03:34","guid":{"rendered":"https:\/\/www.m-stickers.com\/?post_type=product&#038;p=40766"},"modified":"2026-02-10T17:28:08","modified_gmt":"2026-02-10T16:28:08","slug":"decais-de-roda-aro-anel-rachado","status":"publish","type":"product","link":"https:\/\/www.m-stickers.com\/pt\/produit\/stickers-jante-anneau-crack\/","title":{"rendered":"Etiquetas de aro de roda \u2013 Trinca"},"content":{"rendered":"<h2>Kit de adesivos para aros de moto \u2013 Anel \u2013 Rachado (para 2 aros)<\/h2>\n<p><span style=\"color: #ff0000;\"><strong>Por padr\u00e3o para aro de 17 polegadas<\/strong><\/span><\/p>\n<p>Kit decorativo para roda de moto Anel - Racha para as 2 rodas inclui:<\/p>\n<ul>\n<li>2 adesivos em meia-lua para roda traseira.<\/li>\n<li>2 adesivos em meia-lua para roda traseira.<\/li>\n<\/ul>\n<p><strong>Vers\u00e3o completa dispon\u00edvel sob demanda.<\/strong><\/p>\n<p>Todos os nossos adesivos possuem uma plastifica\u00e7\u00e3o que garante durabilidade permanente, al\u00e9m de resist\u00eancia a respingos d'\u00e1gua e aos raios UV.<br \/>\nNossos Vinis de alta qualidade s\u00e3o projetados e fabricados na Fran\u00e7a. Nossos adesivos para roda <strong>Anel - Fenda <\/strong>Tamb\u00e9m s\u00e3o ideais para proteger suas rodas.<\/p>\n<h3>Dicas e tutorial para aplicar o Kit de decora\u00e7\u00e3o de roda de moto de 17 polegadas com anel:<\/h3>\n<p>Os nossos autocolantes de jante Anel \u2013 Crack s\u00e3o muito f\u00e1ceis de aplicar. Abaixo, encontrar\u00e1 um tutorial para o ajudar a aplicar corretamente o seu kit completo de autocolantes. <span style=\"color: #ff0000;\">Antes de mais nada, aqui est\u00e3o as precau\u00e7\u00f5es a tomar:<\/span><\/p>\n<ul>\n<li>Verificar se a roda deve estar lisa.<\/li>\n<li>Limpe e desengraxe a roda com nosso <strong><a href=\"https:\/\/www.m-stickers.com\/pt\/product-tag\/limpador-de-aros\/\">Limpador de pneus especial para adesivos<\/a><\/strong> ! Ou com \u00e1gua e sab\u00e3o (pode n\u00e3o ser suficiente para remover res\u00edduos de graxa persistentes) ou \u00e1lcool. <span style=\"color: #ff0000;\">N\u00e3o usar WD40 ou outros produtos \u00e0 base de silicone.\u00a0<\/span>O aro deve estar perfeitamente limpo.<\/li>\n<li>N\u00e3o manipular os adesivos pelo lado adesivo.<\/li>\n<li>Se os adesivos n\u00e3o forem colados imediatamente, guarde-os em local seco e protegido do sol.<\/li>\n<li>\u00a0No momento da aplica\u00e7\u00e3o, escolha uma pe\u00e7a com temperatura de, no m\u00ednimo, 15\u00b0C, protegida do vento e do p\u00f3. Tamb\u00e9m \u00e9 poss\u00edvel aquecer a pe\u00e7a antes de aplicar os adesivos para garantir uma boa fixa\u00e7\u00e3o dos mesmos. Uma temperatura muito fria n\u00e3o permitir\u00e1 uma ades\u00e3o ideal dos adesivos.<\/li>\n<li>Ap\u00f3s a aplica\u00e7\u00e3o, evite o contato com frio e umidade para garantir uma boa fixa\u00e7\u00e3o dos adesivos.<\/li>\n<\/ul>\n<p>&nbsp;<\/p>\n<p><a href=\"https:\/\/www.m-stickers.com\/pt\/tutorial-how-to-install-your-wheel-decor-kit-rings\/\"><strong>Dicas e tutorial para instalar seu Kit de decora\u00e7\u00e3o <\/strong><\/a><a href=\"https:\/\/www.m-stickers.com\/pt\/tutorial-how-to-install-your-wheel-decor-kit-rings\/\"><img decoding=\"async\" class=\"alignnone wp-image-6382\" src=\"https:\/\/www.m-stickers.com\/wp-content\/uploads\/2021\/01\/bouton-tuto-300x74.png\" alt=\"\" width=\"150\" height=\"37\" srcset=\"https:\/\/www.m-stickers.com\/wp-content\/uploads\/2021\/01\/bouton-tuto-300x74.png 300w, https:\/\/www.m-stickers.com\/wp-content\/uploads\/2021\/01\/bouton-tuto.png 413w\" sizes=\"(max-width: 150px) 100vw, 150px\" \/><\/a><\/p>\n<h4><a href=\"https:\/\/www.youtube.com\/watch?v=0O3GAvq4GVQ\">V\u00eddeo tutorial completo de instala\u00e7\u00e3o de kit de decora\u00e7\u00e3o de rodas de Liga em forma de anel<\/a><\/h4>\n<hr \/>\n<h2>\u00c9 poss\u00edvel personalizar meus adesivos de aro de roda?<\/h2>\n<p>Personalize o seu kit decorativo de aros com os nossos efeitos! Oferecemos para o seu kit decorativo de aros os efeitos: Hologr\u00e1fico \/ Fotoluminescente \/ Retrorrefletor \/ Fluorescente \/ Brilhante \/ Fosco. <strong>-&gt; <a href=\"https:\/\/www.m-stickers.com\/pt\/nossos-adesivos\/\">Venha aqui para saber mais sobre nossos adesivos!<\/a><\/strong><\/p>\n<p>Voc\u00ea tamb\u00e9m pode personalizar seu kit decorativo de jantes com an\u00e9is com nosso<strong> <a href=\"https:\/\/www.m-stickers.com\/pt\/categorie-configurator\/\">Configurador instant\u00e2neo! <\/a><a href=\"https:\/\/www.m-stickers.com\/pt\/categorie-configurator\/\"><img decoding=\"async\" class=\"alignnone wp-image-6380\" src=\"https:\/\/www.m-stickers.com\/wp-content\/uploads\/2021\/01\/bouton-configurator-3-300x74.png\" alt=\"\" width=\"150\" height=\"37\" srcset=\"https:\/\/www.m-stickers.com\/wp-content\/uploads\/2021\/01\/bouton-configurator-3-300x74.png 300w, https:\/\/www.m-stickers.com\/wp-content\/uploads\/2021\/01\/bouton-configurator-3.png 413w\" sizes=\"(max-width: 150px) 100vw, 150px\" \/><\/a><\/strong><\/p>\n<hr \/>\n<h3>Kit de decora\u00e7\u00e3o de aro de moto de 17 polegadas, anel \u2013 quais as cores poss\u00edveis?<\/h3>\n<p>Nossos kits decorativos para jantes de moto est\u00e3o dispon\u00edveis por padr\u00e3o nas seguintes cores: Branco \/ Preto \/ Vermelho \/ Laranja \/ Amarelo \/ Verde \/ Ciano \/ Azul \/ Rosa. Voc\u00ea tamb\u00e9m pode escolher a cor que deseja com nossa op\u00e7\u00e3o de cor espec\u00edfica ou acessando nossa tabela de cores: <a href=\"https:\/\/www.m-stickers.com\/pt\/nuancier-de-adesivos\/\">Nuancier M-Stickers\n```\nNuancier M-Stickers\n```<\/a><\/p>\n<hr \/>\n<h4>Uma pergunta sobre o kit decorativo de aros? Um pedido de personaliza\u00e7\u00e3o? N\u00e3o hesite em contactar-nos atrav\u00e9s da p\u00e1gina de contacto: <a href=\"https:\/\/www.m-stickers.com\/pt\/contato\/\"><img decoding=\"async\" class=\"alignnone wp-image-6381\" src=\"https:\/\/www.m-stickers.com\/wp-content\/uploads\/2021\/01\/bouton-contact-300x74.png\" alt=\"\" width=\"150\" height=\"37\" srcset=\"https:\/\/www.m-stickers.com\/wp-content\/uploads\/2021\/01\/bouton-contact-300x74.png 300w, https:\/\/www.m-stickers.com\/wp-content\/uploads\/2021\/01\/bouton-contact.png 413w\" sizes=\"(max-width: 150px) 100vw, 150px\" \/><\/a><\/h4>\n<h4><\/h4>","protected":false},"excerpt":{"rendered":"<h2 style=\"text-align: center;\">Kit de Decais para jantes - Anel - Rachaduras (para 2 jantes)<\/h2>\n<hr \/>\n<h2 style=\"text-align: center;\"><span style=\"color: #ff0000;\"><strong>KIT DE ANEL PERSONALIZADO<\/strong><\/span><\/h2>\n<h3 style=\"text-align: justify; text-justify: inter-word;\"><strong><a href=\"https:\/\/www.m-stickers.com\/pt\/configurador\/configurar\/53173\/\">Personalize seu kit decorativo de aros de jante com mais designs, mais cores e efeitos exclusivos gra\u00e7as ao nosso configurador!<\/a><\/strong><\/h3>\n<h3><strong><a href=\"https:\/\/www.m-stickers.com\/pt\/configurador\/configurar\/53173\/\"><img loading=\"lazy\" decoding=\"async\" class=\"aligncenter wp-image-6380\" src=\"https:\/\/www.m-stickers.com\/wp-content\/uploads\/2021\/01\/bouton-configurator-3-300x74.png\" alt=\"\" width=\"150\" height=\"37\" srcset=\"https:\/\/www.m-stickers.com\/wp-content\/uploads\/2021\/01\/bouton-configurator-3-300x74.png 300w, https:\/\/www.m-stickers.com\/wp-content\/uploads\/2021\/01\/bouton-configurator-3.png 413w\" sizes=\"(max-width: 150px) 100vw, 150px\" \/><\/a><\/strong><\/h3>\n<hr \/>\n<h2 style=\"text-align: center;\"><span style=\"color: #ff0000;\"><strong>KIT ANEL<\/strong><\/span><\/h2>","protected":false},"featured_media":59283,"comment_status":"open","ping_status":"closed","template":"","meta":[],"product_brand":[],"product_cat":[132],"product_tag":[354,400,1380,1379,133,127],"class_list":{"0":"post-40766","1":"product","2":"type-product","3":"status-publish","4":"has-post-thumbnail","6":"product_cat-kits-full","7":"product_tag-anneau","8":"product_tag-anneaux","9":"product_tag-anneaux-crack","10":"product_tag-crack","11":"product_tag-stickers-full","12":"product_tag-stickers-jantes","13":"product_shipping_class-anneau","15":"entry","16":"has-media","18":"first","19":"instock","20":"taxable","21":"shipping-taxable","22":"purchasable","23":"product-type-variable","24":"has-default-attributes","25":"col","26":"span_1_of_5","27":"owp-content-center","28":"item-entry","29":"owp-thumbs-layout-horizontal","30":"owp-btn-big","31":"owp-tabs-layout-horizontal"},"ase":null,"_links":{"self":[{"href":"https:\/\/www.m-stickers.com\/pt\/wp-json\/wp\/v2\/product\/40766","targetHints":{"allow":["GET"]}}],"collection":[{"href":"https:\/\/www.m-stickers.com\/pt\/wp-json\/wp\/v2\/product"}],"about":[{"href":"https:\/\/www.m-stickers.com\/pt\/wp-json\/wp\/v2\/types\/product"}],"replies":[{"embeddable":true,"href":"https:\/\/www.m-stickers.com\/pt\/wp-json\/wp\/v2\/comments?post=40766"}],"wp:featuredmedia":[{"embeddable":true,"href":"https:\/\/www.m-stickers.com\/pt\/wp-json\/wp\/v2\/media\/59283"}],"wp:attachment":[{"href":"https:\/\/www.m-stickers.com\/pt\/wp-json\/wp\/v2\/media?parent=40766"}],"wp:term":[{"taxonomy":"product_brand","embeddable":true,"href":"https:\/\/www.m-stickers.com\/pt\/wp-json\/wp\/v2\/product_brand?post=40766"},{"taxonomy":"product_cat","embeddable":true,"href":"https:\/\/www.m-stickers.com\/pt\/wp-json\/wp\/v2\/product_cat?post=40766"},{"taxonomy":"product_tag","embeddable":true,"href":"https:\/\/www.m-stickers.com\/pt\/wp-json\/wp\/v2\/product_tag?post=40766"}],"curies":[{"name":"Pneu","href":"https:\/\/api.w.org\/{rel}","templated":true}]}}