{"id":40804,"date":"2022-12-16T15:10:50","date_gmt":"2022-12-16T14:10:50","guid":{"rendered":"https:\/\/www.m-stickers.com\/?post_type=product&#038;p=40804"},"modified":"2025-02-25T16:35:34","modified_gmt":"2025-02-25T15:35:34","slug":"decais-de-jantes-kawasaki-z900-preto-em-promocao","status":"publish","type":"product","link":"https:\/\/www.m-stickers.com\/pt\/produit\/stickers-jantes-kawasaki-z900-noir-destockage\/","title":{"rendered":"Decais de rodas Kawasaki Z900 \u2013 Preto (Desconto)"},"content":{"rendered":"<h2><strong><span style=\"color: #ff0000\">Apuramento<\/span><\/strong><\/h2>\n<h2>Decais de rodas Kawasaki Z900 Preto (para 2 rodas)<\/h2>\n<p>O kit de adesivos decorativos para rodas Z900 para as 2 rodas inclui:<\/p>\n<ul>\n<li>8 Listras pr\u00e9-curvadas de 8mm Kawasaki,<\/li>\n<li>8 Listras pr\u00e9-curvadas de 8mm Z900,<\/li>\n<li>4 Adesivos internos de roda Kawasaki<\/li>\n<li>4 Decais interiores de jantes Z900<\/li>\n<li>1. Logotipos Kawasaki<\/li>\n<\/ul>\n<p><strong>Nossos mais<\/strong>\u00a0Qualidade profissional, constru\u00e7\u00e3o permanente, resistentes \u00e0 \u00e1gua e aos raios UV, 100% personaliz\u00e1veis, projetados e fabricados na Fran\u00e7a por motociclistas.<\/p>\n<p><strong>Materiais<\/strong>\u00a0Vin\u00edlicos de alta qualidade, adesivos com cola monom\u00e9rica 100% (fixa\u00e7\u00e3o permanente).<\/p>","protected":false},"excerpt":{"rendered":"<h2><strong><span style=\"color: #ff0000\">Apuramento<\/span><\/strong><\/h2>\n<h2>Decais de rodas Kawasaki Z900 Preto (para 2 rodas)<\/h2>\n<p>O kit de adesivos decorativos para rodas Z900 para as 2 rodas inclui:<\/p>\n<ul>\n<li>8 Listras pr\u00e9-curvadas de 8mm Kawasaki,<\/li>\n<li>8 Listras pr\u00e9-curvadas de 8mm Z900,<\/li>\n<li>4 Adesivos internos de roda Kawasaki<\/li>\n<li>4 Decais interiores de jantes Z900<\/li>\n<li>1. Logotipos Kawasaki<\/li>\n<\/ul>","protected":false},"featured_media":40806,"comment_status":"open","ping_status":"closed","template":"","meta":[],"product_brand":[],"product_cat":[929,941],"product_tag":[931,933,932,934,935],"class_list":{"0":"post-40804","1":"product","2":"type-product","3":"status-publish","4":"has-post-thumbnail","6":"product_cat-destockage","7":"product_cat-stickers-kawasaki-pas-cher","8":"product_tag-destockage","9":"product_tag-promo","10":"product_tag-promotion","11":"product_tag-promotions","12":"product_tag-reduction","13":"product_shipping_class-standard","15":"entry","16":"has-media","18":"first","19":"outofstock","20":"sale","21":"taxable","22":"shipping-taxable","23":"purchasable","24":"product-type-simple","25":"col","26":"span_1_of_5","27":"owp-content-center","28":"item-entry","29":"owp-thumbs-layout-horizontal","30":"owp-btn-big","31":"owp-tabs-layout-horizontal","32":"has-no-thumbnails"},"ase":null,"_links":{"self":[{"href":"https:\/\/www.m-stickers.com\/pt\/wp-json\/wp\/v2\/product\/40804","targetHints":{"allow":["GET"]}}],"collection":[{"href":"https:\/\/www.m-stickers.com\/pt\/wp-json\/wp\/v2\/product"}],"about":[{"href":"https:\/\/www.m-stickers.com\/pt\/wp-json\/wp\/v2\/types\/product"}],"replies":[{"embeddable":true,"href":"https:\/\/www.m-stickers.com\/pt\/wp-json\/wp\/v2\/comments?post=40804"}],"wp:featuredmedia":[{"embeddable":true,"href":"https:\/\/www.m-stickers.com\/pt\/wp-json\/wp\/v2\/media\/40806"}],"wp:attachment":[{"href":"https:\/\/www.m-stickers.com\/pt\/wp-json\/wp\/v2\/media?parent=40804"}],"wp:term":[{"taxonomy":"product_brand","embeddable":true,"href":"https:\/\/www.m-stickers.com\/pt\/wp-json\/wp\/v2\/product_brand?post=40804"},{"taxonomy":"product_cat","embeddable":true,"href":"https:\/\/www.m-stickers.com\/pt\/wp-json\/wp\/v2\/product_cat?post=40804"},{"taxonomy":"product_tag","embeddable":true,"href":"https:\/\/www.m-stickers.com\/pt\/wp-json\/wp\/v2\/product_tag?post=40804"}],"curies":[{"name":"Pneu","href":"https:\/\/api.w.org\/{rel}","templated":true}]}}