{"id":41070,"date":"2022-12-20T15:14:28","date_gmt":"2022-12-20T14:14:28","guid":{"rendered":"https:\/\/www.m-stickers.com\/?post_type=product&#038;p=41070"},"modified":"2025-07-28T19:04:30","modified_gmt":"2025-07-28T17:04:30","slug":"listras-de-aro-kawasaki-zx-7r-pretas-liquidacao","status":"publish","type":"product","link":"https:\/\/www.m-stickers.com\/pt\/produit\/liserets-jante-kawasaki-zx-7r-noir-destockage\/","title":{"rendered":"Borrachas de aro Kawasaki ZX-7R \u2013 Preto (Liquida\u00e7\u00e3o)"},"content":{"rendered":"<h2><strong><span style=\"color: #ff0000;\">Apuramento<\/span><\/strong><\/h2>\n<h2>Cal\u00e7os de aro Kawasaki ZX-7R \u2013 Pretos (kit para 2 aros)<\/h2>\n<p>O kit de decora\u00e7\u00e3o de roda de moto 17 polegadas Kawasaki ZX7r para as 2 rodas inclui:<\/p>\n<ul>\n<li>8 cal\u00e7os pr\u00e9-curvados de 8mm com 8 pequenos adesivos Kawasaki e 8 pequenos adesivos ZX 7r para as 2 rodas<\/li>\n<li>Qualidade profissional com postura permanente*<\/li>\n<\/ul>\n<p>Autocolantes com cola monom\u00e9rica 100%, que proporciona uma fixa\u00e7\u00e3o permanente e resist\u00eancia a respingos de \u00e1gua e aos raios UV.<br \/>\nNossos Vinis de alta qualidade s\u00e3o projetados e fabricados na Fran\u00e7a.<\/p>","protected":false},"excerpt":{"rendered":"<h2><strong><span style=\"color: #ff0000;\">Apuramento<\/span><\/strong><\/h2>\n<h2>Calotas de roda Kawasaki ZX-7R \u2013 Preto (kit para 2 rodas brancas)<\/h2>\n<p>O kit de decora\u00e7\u00e3o de roda de moto 17 polegadas Kawasaki ZX7r para as 2 rodas inclui:<\/p>\n<ul>\n<li>8 cal\u00e7os pr\u00e9-curvados de 8mm com 8 pequenos adesivos Kawasaki e 8 pequenos adesivos ZX 7r para as 2 rodas<\/li>\n<li>Qualidade profissional com postura permanente*<\/li>\n<\/ul>\n<p>&nbsp;<\/p>","protected":false},"featured_media":41071,"comment_status":"open","ping_status":"closed","template":"","meta":[],"product_brand":[],"product_cat":[929,941],"product_tag":[931,933,932,934,935,880,878],"class_list":{"0":"post-41070","1":"product","2":"type-product","3":"status-publish","4":"has-post-thumbnail","6":"product_cat-destockage","7":"product_cat-stickers-kawasaki-pas-cher","8":"product_tag-destockage","9":"product_tag-promo","10":"product_tag-promotion","11":"product_tag-promotions","12":"product_tag-reduction","13":"product_tag-zx7-r","14":"product_tag-zx7r","15":"product_shipping_class-standard","17":"entry","18":"has-media","20":"first","21":"instock","22":"sale","23":"taxable","24":"shipping-taxable","25":"purchasable","26":"product-type-simple","27":"col","28":"span_1_of_5","29":"owp-content-center","30":"item-entry","31":"owp-thumbs-layout-horizontal","32":"owp-btn-big","33":"owp-tabs-layout-horizontal","34":"has-no-thumbnails"},"ase":null,"_links":{"self":[{"href":"https:\/\/www.m-stickers.com\/pt\/wp-json\/wp\/v2\/product\/41070","targetHints":{"allow":["GET"]}}],"collection":[{"href":"https:\/\/www.m-stickers.com\/pt\/wp-json\/wp\/v2\/product"}],"about":[{"href":"https:\/\/www.m-stickers.com\/pt\/wp-json\/wp\/v2\/types\/product"}],"replies":[{"embeddable":true,"href":"https:\/\/www.m-stickers.com\/pt\/wp-json\/wp\/v2\/comments?post=41070"}],"wp:featuredmedia":[{"embeddable":true,"href":"https:\/\/www.m-stickers.com\/pt\/wp-json\/wp\/v2\/media\/41071"}],"wp:attachment":[{"href":"https:\/\/www.m-stickers.com\/pt\/wp-json\/wp\/v2\/media?parent=41070"}],"wp:term":[{"taxonomy":"product_brand","embeddable":true,"href":"https:\/\/www.m-stickers.com\/pt\/wp-json\/wp\/v2\/product_brand?post=41070"},{"taxonomy":"product_cat","embeddable":true,"href":"https:\/\/www.m-stickers.com\/pt\/wp-json\/wp\/v2\/product_cat?post=41070"},{"taxonomy":"product_tag","embeddable":true,"href":"https:\/\/www.m-stickers.com\/pt\/wp-json\/wp\/v2\/product_tag?post=41070"}],"curies":[{"name":"Pneu","href":"https:\/\/api.w.org\/{rel}","templated":true}]}}