{"id":41128,"date":"2022-12-22T15:02:49","date_gmt":"2022-12-22T14:02:49","guid":{"rendered":"https:\/\/www.m-stickers.com\/?post_type=product&#038;p=41128"},"modified":"2025-06-11T10:29:38","modified_gmt":"2025-06-11T08:29:38","slug":"decais-de-jantes-aprilia-dorsoduro-1200-preto","status":"publish","type":"product","link":"https:\/\/www.m-stickers.com\/pt\/produit\/stickers-jante-aprilia-dorsoduro-1200-noir-destockage\/","title":{"rendered":"Etiquetas de roda Aprilia Dorsoduro 1200 \u2013 Preto (Liquida\u00e7\u00e3o)"},"content":{"rendered":"<h2><strong><span style=\"color: #ff0000;\">Apuramento<\/span><\/strong><\/h2>\n<h2>Decais jantes Aprilia Dorsoduro 1200 \u2013 Preto (kit para 2 jantes brancas)<\/h2>\n<p>Kit de adesivos para as jantes Aprilia Dorsoduro 1200 para as 2 rodas.<\/p>\n<ul>\n<li>Asas de jantes pr\u00e9-curvadas de 8mm com 8 pequenos adesivos Aprilia<\/li>\n<li>4 Adesivos internos de roda Aprilia<\/li>\n<li>4 Decais de roda 1200<\/li>\n<li>4 Decais adicionais Race<\/li>\n<li>Qualidade profissional com postura permanente*<\/li>\n<\/ul>\n<p>Autocolantes com cola monom\u00e9rica 100%, que proporciona uma fixa\u00e7\u00e3o permanente e resist\u00eancia a respingos de \u00e1gua e aos raios UV.<br \/>\nNossos Vinis de alta qualidade s\u00e3o projetados e fabricados na Fran\u00e7a.<\/p>","protected":false},"excerpt":{"rendered":"<h2><strong><span style=\"color: #ff0000;\">Apuramento<\/span><\/strong><\/h2>\n<h2>Decais jantes Aprilia Dorsoduro 1200 \u2013 Preto (kit para 2 jantes brancas)<\/h2>\n<p>Kit de adesivos para as jantes Aprilia Dorsoduro 1200 para as 2 rodas.<\/p>\n<ul>\n<li>Asas de jantes pr\u00e9-curvadas de 8mm com 8 pequenos adesivos Aprilia<\/li>\n<li>4 Adesivos internos de roda Aprilia<\/li>\n<li>4 Decais de roda 1200<\/li>\n<li>4 Decais adicionais Race<\/li>\n<li>Qualidade profissional com postura permanente*<\/li>\n<\/ul>","protected":false},"featured_media":41131,"comment_status":"open","ping_status":"closed","template":"","meta":[],"product_brand":[],"product_cat":[939,929],"product_tag":[176,1069,931,1068,933,932,934,935],"class_list":{"0":"post-41128","1":"product","2":"type-product","3":"status-publish","4":"has-post-thumbnail","6":"product_cat-stickers-aprilia-pas-cher","7":"product_cat-destockage","8":"product_tag-aprilia","9":"product_tag-aprilia-dorsoduro","10":"product_tag-destockage","11":"product_tag-dorsoduro","12":"product_tag-promo","13":"product_tag-promotion","14":"product_tag-promotions","15":"product_tag-reduction","16":"product_shipping_class-standard","18":"entry","19":"has-media","21":"first","22":"instock","23":"sale","24":"taxable","25":"shipping-taxable","26":"purchasable","27":"product-type-simple","28":"col","29":"span_1_of_5","30":"owp-content-center","31":"item-entry","32":"owp-thumbs-layout-horizontal","33":"owp-btn-big","34":"owp-tabs-layout-horizontal","35":"has-no-thumbnails"},"ase":null,"_links":{"self":[{"href":"https:\/\/www.m-stickers.com\/pt\/wp-json\/wp\/v2\/product\/41128","targetHints":{"allow":["GET"]}}],"collection":[{"href":"https:\/\/www.m-stickers.com\/pt\/wp-json\/wp\/v2\/product"}],"about":[{"href":"https:\/\/www.m-stickers.com\/pt\/wp-json\/wp\/v2\/types\/product"}],"replies":[{"embeddable":true,"href":"https:\/\/www.m-stickers.com\/pt\/wp-json\/wp\/v2\/comments?post=41128"}],"wp:featuredmedia":[{"embeddable":true,"href":"https:\/\/www.m-stickers.com\/pt\/wp-json\/wp\/v2\/media\/41131"}],"wp:attachment":[{"href":"https:\/\/www.m-stickers.com\/pt\/wp-json\/wp\/v2\/media?parent=41128"}],"wp:term":[{"taxonomy":"product_brand","embeddable":true,"href":"https:\/\/www.m-stickers.com\/pt\/wp-json\/wp\/v2\/product_brand?post=41128"},{"taxonomy":"product_cat","embeddable":true,"href":"https:\/\/www.m-stickers.com\/pt\/wp-json\/wp\/v2\/product_cat?post=41128"},{"taxonomy":"product_tag","embeddable":true,"href":"https:\/\/www.m-stickers.com\/pt\/wp-json\/wp\/v2\/product_tag?post=41128"}],"curies":[{"name":"Pneu","href":"https:\/\/api.w.org\/{rel}","templated":true}]}}