{"id":41136,"date":"2022-12-22T15:19:39","date_gmt":"2022-12-22T14:19:39","guid":{"rendered":"https:\/\/www.m-stickers.com\/?post_type=product&#038;p=41136"},"modified":"2025-02-25T16:35:39","modified_gmt":"2025-02-25T15:35:39","slug":"decais-motos-bmw-f900r-laranja-fluorescente-rodas-em-promocao","status":"publish","type":"product","link":"https:\/\/www.m-stickers.com\/pt\/produit\/stickers-jantes-moto-bmw-f900r-orange-fluo-destockage\/","title":{"rendered":"Etiquetas de rodas moto BMW F900R \u2013 Laranja Fluorescente (Liquida\u00e7\u00e3o)"},"content":{"rendered":"<h2><strong><span style=\"color: #ff0000;\">Apuramento<\/span><\/strong><\/h2>\n<h2>Decais de rodas moto BMW F900R (kit para 2 rodas)<\/h2>\n<p>Sublime seu motociclo com um kit de autocolantes de aros de jante de motociclo BMW F900R.<br \/>\nO kit de adesivos decorativos<a href=\"https:\/\/www.m-stickers.com\/pt\/2022\/02\/28\/stickers-for-motorcycle-rims-bmw\/\">\u00a0Rodas de moto BMW F900R<\/a>17 polegadas para as 2 rodas inclui:<\/p>\n<ul>\n<li>4 Adesivos internos de roda BMW<\/li>\n<li>4 Adesivos para interior de rodas F900R<\/li>\n<li>4 Decais adicionais de aros Electro<\/li>\n<\/ul>\n<p><strong>Nossos mais<\/strong>\u00a0Qualidade profissional, acabamento permanente, resistentes \u00e0 \u00e1gua e aos raios UV, 100% personaliz\u00e1veis, projetados e fabricados na Fran\u00e7a por motociclistas apaixonados.<\/p>\n<p><strong>Materiais<\/strong>\u00a0Vin\u00e9is de alta qualidade, adesivos com cola mon\u00f4mera 100% (fixa\u00e7\u00e3o permanente), acabamento brilhante.<\/p>","protected":false},"excerpt":{"rendered":"<h2><strong><span style=\"color: #ff0000;\">Apuramento<\/span><\/strong><\/h2>\n<h2>Decais de rodas moto BMW F900R (kit para 2 rodas)<\/h2>\n<p>Sublime o seu motociclo com um kit de autocolantes decorativos para jantes de moto Yamaha F900R.<br \/>\nO kit de adesivos decorativos<a href=\"https:\/\/www.m-stickers.com\/pt\/2022\/02\/28\/stickers-for-motorcycle-rims-bmw\/\">\u00a0Rodas de moto BMW F900R<\/a>17 polegadas para as 2 rodas inclui:<\/p>\n<ul>\n<li>4 Adesivos internos de roda BMW<\/li>\n<li>4 Decais interiores de aros F900R<\/li>\n<li>4 Decais adicionais de aros Electro<\/li>\n<\/ul>","protected":false},"featured_media":41139,"comment_status":"open","ping_status":"closed","template":"","meta":[],"product_brand":[],"product_cat":[966,929],"product_tag":[234,931,233,231,933,932,934,935],"class_list":{"0":"post-41136","1":"product","2":"type-product","3":"status-publish","4":"has-post-thumbnail","6":"product_cat-stickers-bmw-pas-cher","7":"product_cat-destockage","8":"product_tag-bmw-f900r","9":"product_tag-destockage","10":"product_tag-f-900-r","11":"product_tag-f900r","12":"product_tag-promo","13":"product_tag-promotion","14":"product_tag-promotions","15":"product_tag-reduction","16":"product_shipping_class-standard","18":"entry","19":"has-media","21":"first","22":"instock","23":"sale","24":"taxable","25":"shipping-taxable","26":"purchasable","27":"product-type-simple","28":"col","29":"span_1_of_5","30":"owp-content-center","31":"item-entry","32":"owp-thumbs-layout-horizontal","33":"owp-btn-big","34":"owp-tabs-layout-horizontal","35":"has-no-thumbnails"},"ase":null,"_links":{"self":[{"href":"https:\/\/www.m-stickers.com\/pt\/wp-json\/wp\/v2\/product\/41136","targetHints":{"allow":["GET"]}}],"collection":[{"href":"https:\/\/www.m-stickers.com\/pt\/wp-json\/wp\/v2\/product"}],"about":[{"href":"https:\/\/www.m-stickers.com\/pt\/wp-json\/wp\/v2\/types\/product"}],"replies":[{"embeddable":true,"href":"https:\/\/www.m-stickers.com\/pt\/wp-json\/wp\/v2\/comments?post=41136"}],"wp:featuredmedia":[{"embeddable":true,"href":"https:\/\/www.m-stickers.com\/pt\/wp-json\/wp\/v2\/media\/41139"}],"wp:attachment":[{"href":"https:\/\/www.m-stickers.com\/pt\/wp-json\/wp\/v2\/media?parent=41136"}],"wp:term":[{"taxonomy":"product_brand","embeddable":true,"href":"https:\/\/www.m-stickers.com\/pt\/wp-json\/wp\/v2\/product_brand?post=41136"},{"taxonomy":"product_cat","embeddable":true,"href":"https:\/\/www.m-stickers.com\/pt\/wp-json\/wp\/v2\/product_cat?post=41136"},{"taxonomy":"product_tag","embeddable":true,"href":"https:\/\/www.m-stickers.com\/pt\/wp-json\/wp\/v2\/product_tag?post=41136"}],"curies":[{"name":"Pneu","href":"https:\/\/api.w.org\/{rel}","templated":true}]}}