{"id":41208,"date":"2022-12-28T14:50:58","date_gmt":"2022-12-28T13:50:58","guid":{"rendered":"https:\/\/www.m-stickers.com\/?post_type=product&#038;p=41208"},"modified":"2025-02-25T16:35:40","modified_gmt":"2025-02-25T15:35:40","slug":"stickers-de-roda-triumph-street-triple-rs-azul-liquidacao","status":"publish","type":"product","link":"https:\/\/www.m-stickers.com\/pt\/produit\/stickers-jante-triumph-street-triple-rs-bleu-destockage\/","title":{"rendered":"Stickers de Jante Triumph Street Triple RS \u2013 Azul (Liquida\u00e7\u00e3o)"},"content":{"rendered":"<h2><strong><span style=\"color: #ff0000;\">Apuramento<\/span><\/strong><\/h2>\n<h2>Stickers de roda Triumph Street Triple RS \u2013 Azul (kit para 2 rodas):<\/h2>\n<p>O kit de decora\u00e7\u00e3o de roda de moto de 17 polegadas Triumph Street Triple RS para as 2 rodas inclui:<\/p>\n<ul>\n<li>Bordas pr\u00e9-curvadas<\/li>\n<li>4 Adesivos internos de roda Triumph<\/li>\n<li>4 Adesivos para aros internos Street Triple RS<\/li>\n<li>1 Logos Triumph<\/li>\n<li>Qualidade profissional com postura permanente*<\/li>\n<\/ul>\n<p>Autocolantes com cola monom\u00e9rica 100%, que proporciona uma fixa\u00e7\u00e3o permanente e resist\u00eancia a respingos de \u00e1gua e aos raios UV.<br \/>\nNossos Vinis de alta qualidade s\u00e3o projetados e fabricados na Fran\u00e7a.<\/p>","protected":false},"excerpt":{"rendered":"<h2><strong><span style=\"color: #ff0000;\">Apuramento<\/span><\/strong><\/h2>\n<h2>Stickers de roda Triumph Street Triple RS \u2013 Azul (kit para 2 rodas):<\/h2>\n<p>O kit de decora\u00e7\u00e3o de roda de moto de 17 polegadas Triumph Street Triple RS para as 2 rodas inclui:<\/p>\n<ul>\n<li>Bordas pr\u00e9-curvadas<\/li>\n<li>4 Adesivos internos de roda Triumph<\/li>\n<li>4 Adesivos para aros internos Street Triple RS<\/li>\n<li>1 Logos Triumph<\/li>\n<\/ul>","protected":false},"featured_media":41209,"comment_status":"open","ping_status":"closed","template":"","meta":[],"product_brand":[],"product_cat":[929,948],"product_tag":[931,933,932,934,935,290,291],"class_list":{"0":"post-41208","1":"product","2":"type-product","3":"status-publish","4":"has-post-thumbnail","6":"product_cat-destockage","7":"product_cat-triumph","8":"product_tag-destockage","9":"product_tag-promo","10":"product_tag-promotion","11":"product_tag-promotions","12":"product_tag-reduction","13":"product_tag-street-triple","14":"product_tag-streettriple","15":"product_shipping_class-standard","17":"entry","18":"has-media","20":"first","21":"instock","22":"sale","23":"taxable","24":"shipping-taxable","25":"purchasable","26":"product-type-simple","27":"col","28":"span_1_of_5","29":"owp-content-center","30":"item-entry","31":"owp-thumbs-layout-horizontal","32":"owp-btn-big","33":"owp-tabs-layout-horizontal","34":"has-no-thumbnails"},"ase":null,"_links":{"self":[{"href":"https:\/\/www.m-stickers.com\/pt\/wp-json\/wp\/v2\/product\/41208","targetHints":{"allow":["GET"]}}],"collection":[{"href":"https:\/\/www.m-stickers.com\/pt\/wp-json\/wp\/v2\/product"}],"about":[{"href":"https:\/\/www.m-stickers.com\/pt\/wp-json\/wp\/v2\/types\/product"}],"replies":[{"embeddable":true,"href":"https:\/\/www.m-stickers.com\/pt\/wp-json\/wp\/v2\/comments?post=41208"}],"wp:featuredmedia":[{"embeddable":true,"href":"https:\/\/www.m-stickers.com\/pt\/wp-json\/wp\/v2\/media\/41209"}],"wp:attachment":[{"href":"https:\/\/www.m-stickers.com\/pt\/wp-json\/wp\/v2\/media?parent=41208"}],"wp:term":[{"taxonomy":"product_brand","embeddable":true,"href":"https:\/\/www.m-stickers.com\/pt\/wp-json\/wp\/v2\/product_brand?post=41208"},{"taxonomy":"product_cat","embeddable":true,"href":"https:\/\/www.m-stickers.com\/pt\/wp-json\/wp\/v2\/product_cat?post=41208"},{"taxonomy":"product_tag","embeddable":true,"href":"https:\/\/www.m-stickers.com\/pt\/wp-json\/wp\/v2\/product_tag?post=41208"}],"curies":[{"name":"Pneu","href":"https:\/\/api.w.org\/{rel}","templated":true}]}}