{"id":44545,"date":"2023-04-07T10:50:50","date_gmt":"2023-04-07T08:50:50","guid":{"rendered":"https:\/\/www.m-stickers.com\/?post_type=product&#038;p=44545"},"modified":"2026-04-25T14:44:42","modified_gmt":"2026-04-25T12:44:42","slug":"etiquetas-de-roda-kawasaki-ninja-650-ciano-descontinuacao","status":"publish","type":"product","link":"https:\/\/www.m-stickers.com\/pt\/produit\/stickers-jante-kawasaki-ninja-650-cyan-destockage\/","title":{"rendered":"Stickers de roda Kawasaki Ninja 650 \u2013 Ciano \u2013 Retro-refletante"},"content":{"rendered":"<h2><strong><span style=\"color: #ff0000;\">Apuramento<\/span><\/strong><\/h2>\n<h2><b>Stickers para roda Kawasaki Ninja 650 \u2013 Ciano \u2013 Retro-refletivos:<\/b><\/h2>\n<h2>Etiquetas de roda Kawasaki Ninja 650 (kit para 2 rodas)<\/h2>\n<p>Stickers de aro de moto Kawasaki Ninja 650, 17 polegadas, para as 2 rodas. Inclui:<\/p>\n<ul>\n<li>Bordas pr\u00e9-curvadas de 8mm com 8 adesivos pequenos Kawasaki e 8 adesivos pequenos Ninja 650 para as 2 rodas.<\/li>\n<li>4 Adesivos internos de roda Kawasaki<\/li>\n<li>4 Adesivos internos de roda Ninja 650<\/li>\n<li>1. Logotipos Kawasaki<\/li>\n<li>8 Adesivos El\u00e9tricos Adicionais<\/li>\n<li>Qualidade profissional com postura permanente*<\/li>\n<\/ul>\n<p>Autocolantes com cola monom\u00e9rica 100%, que proporciona uma fixa\u00e7\u00e3o permanente e resist\u00eancia a respingos de \u00e1gua e aos raios UV.<br \/>\nNossos Vinis de alta qualidade s\u00e3o projetados e fabricados na Fran\u00e7a.<\/p>\n<hr \/>\n<h3>Stickers de rodas de moto Kawasaki Ninja 650 \u2013 como aplic\u00e1-los?<\/h3>\n<p>O kit de adesivos para jantes Kawasaki Ninja 650 \u00e9 simples de aplicar, independentemente do tamanho ou da superf\u00edcie da jante, o processo continua o mesmo. Abaixo, voc\u00ea encontrar\u00e1 um tutorial para ajud\u00e1-lo a aplicar corretamente seu kit de adesivos para jantes Ninja 650. Antes de tudo, aqui est\u00e3o as precau\u00e7\u00f5es a serem tomadas:<\/p>\n<ul>\n<li>Verificar se o aro deve estar perfeitamente liso.<\/li>\n<li>Limpe bem, desengordure o aro com \u00e1gua e sab\u00e3o\/\u00e1lcool. N\u00e3o utilize WD40 ou outros produtos com silicone. O aro precisa estar perfeitamente limpo.<\/li>\n<li>N\u00e3o manipular os adesivos pelo lado adesivo.<\/li>\n<li>Se os adesivos n\u00e3o forem aplicados imediatamente, guarde-os em local seco e ao abrigo do sol.<\/li>\n<li>\u00a0No momento da aplica\u00e7\u00e3o, escolha uma pe\u00e7a com temperatura m\u00ednima de 15\u00b0C, protegida do vento e da poeira. Tamb\u00e9m \u00e9 poss\u00edvel aquecer a roda antes de aplicar os adesivos para garantir uma boa fixa\u00e7\u00e3o dos adesivos. Uma temperatura muito fria n\u00e3o permitir\u00e1 uma ades\u00e3o ideal dos adesivos.<\/li>\n<li>Adicione nosso\u00a0<a href=\"https:\/\/www.m-stickers.com\/pt\/product\/placas-de-revestimento\/\">Placa de queijo raclette autoadesiva<\/a>\u00a0ao seu pedido para n\u00e3o perder a aplica\u00e7\u00e3o dos seus autocolantes de aro de roda de moto<\/li>\n<li>Ap\u00f3s a aplica\u00e7\u00e3o, evite o contato com o frio e a umidade para garantir a boa ades\u00e3o dos adesivos.<\/li>\n<\/ul>","protected":false},"excerpt":{"rendered":"<h2><strong><span style=\"color: #ff0000;\">Apuramento<\/span><\/strong><\/h2>\n<h2><b>Stickers de aro Kawasaki Ninja 650 \u2013 Ciano:<\/b><\/h2>\n<p>Dar um upgrade na apar\u00eancia da sua moto facilmente e com baixo custo? \u00c9 poss\u00edvel!<br \/>\nSeja para torn\u00e1-la esportiva, atrair olhares ou vender rapidamente.<\/p>\n<p>Stickers de aro de moto Kawasaki Ninja 650, 17 polegadas, para as 2 rodas. Inclui:<\/p>\n<ul>\n<li>Bordas pr\u00e9-curvadas de 8mm com 8 adesivos pequenos Kawasaki e 8 adesivos pequenos Ninja 650 para as 2 rodas.<\/li>\n<li>4 Adesivos internos de roda Kawasaki<\/li>\n<li>4 Adesivos internos de roda Ninja 650<\/li>\n<li>1. Logotipos Kawasaki<\/li>\n<li>8 Adesivos El\u00e9tricos Adicionais<\/li>\n<\/ul>","protected":false},"featured_media":44546,"comment_status":"open","ping_status":"closed","template":"","meta":[],"product_brand":[],"product_cat":[929,941],"product_tag":[931,141,551,933,932,934,935],"class_list":{"0":"post-44545","1":"product","2":"type-product","3":"status-publish","4":"has-post-thumbnail","6":"product_cat-destockage","7":"product_cat-stickers-kawasaki-pas-cher","8":"product_tag-destockage","9":"product_tag-ninja","10":"product_tag-ninja-650","11":"product_tag-promo","12":"product_tag-promotion","13":"product_tag-promotions","14":"product_tag-reduction","15":"product_shipping_class-standard","17":"entry","18":"has-media","20":"first","21":"outofstock","22":"sale","23":"taxable","24":"shipping-taxable","25":"purchasable","26":"product-type-simple","27":"col","28":"span_1_of_5","29":"owp-content-center","30":"item-entry","31":"owp-thumbs-layout-horizontal","32":"owp-btn-big","33":"owp-tabs-layout-horizontal","34":"has-no-thumbnails"},"ase":null,"_links":{"self":[{"href":"https:\/\/www.m-stickers.com\/pt\/wp-json\/wp\/v2\/product\/44545","targetHints":{"allow":["GET"]}}],"collection":[{"href":"https:\/\/www.m-stickers.com\/pt\/wp-json\/wp\/v2\/product"}],"about":[{"href":"https:\/\/www.m-stickers.com\/pt\/wp-json\/wp\/v2\/types\/product"}],"replies":[{"embeddable":true,"href":"https:\/\/www.m-stickers.com\/pt\/wp-json\/wp\/v2\/comments?post=44545"}],"wp:featuredmedia":[{"embeddable":true,"href":"https:\/\/www.m-stickers.com\/pt\/wp-json\/wp\/v2\/media\/44546"}],"wp:attachment":[{"href":"https:\/\/www.m-stickers.com\/pt\/wp-json\/wp\/v2\/media?parent=44545"}],"wp:term":[{"taxonomy":"product_brand","embeddable":true,"href":"https:\/\/www.m-stickers.com\/pt\/wp-json\/wp\/v2\/product_brand?post=44545"},{"taxonomy":"product_cat","embeddable":true,"href":"https:\/\/www.m-stickers.com\/pt\/wp-json\/wp\/v2\/product_cat?post=44545"},{"taxonomy":"product_tag","embeddable":true,"href":"https:\/\/www.m-stickers.com\/pt\/wp-json\/wp\/v2\/product_tag?post=44545"}],"curies":[{"name":"Pneu","href":"https:\/\/api.w.org\/{rel}","templated":true}]}}