{"id":46276,"date":"2023-06-06T15:43:28","date_gmt":"2023-06-06T13:43:28","guid":{"rendered":"https:\/\/www.m-stickers.com\/?post_type=product&#038;p=46276"},"modified":"2025-05-23T10:54:08","modified_gmt":"2025-05-23T08:54:08","slug":"stickers-for-triumph-trident-660-rims-white-and-red-closeout-sale","status":"publish","type":"product","link":"https:\/\/www.m-stickers.com\/pt\/produit\/stickers-jantes-triumph-trident-660-blanc-rouge-destockage\/","title":{"rendered":"Calotas de roda Triumph Trident \u2013 Branco\/Vermelho  (Liquida\u00e7\u00e3o)"},"content":{"rendered":"<h2><span style=\"color: #ff0000\">Desestoque <\/span><\/h2>\n<h2>Stickers Triumph Trident \u2013 Kit completo (para 2 rodas)<\/h2>\n<p>Mude o visual da sua moto com os nossos autocolantes\u00a0<a href=\"https:\/\/www.m-stickers.com\/pt\/2022\/03\/07\/decais-de-roda-para-moto-triumph-100-adesivos-personalizados\/\">Triumph Trident<\/a>.<\/p>\n<p>O kit de adesivos Triumph Trident completo inclui:<\/p>\n<ul>\n<li>16 Jantes pr\u00e9-curvadas de 8mm<\/li>\n<li>8 Pequenos adesivos Triumph,<\/li>\n<li>8 pequenos adesivos Trident,<\/li>\n<li>4 Adesivos interiores de jantes Triumph,<\/li>\n<li>4 Adesivos de Jantes Interiores Trident,<\/li>\n<li>1. Logotipo Triumph<\/li>\n<\/ul>\n<p><b>Os pontos fortes\u00a0<\/b>Alta qualidade, durabilidade permanente, personaliz\u00e1veis 100%, f\u00e1ceis de aplicar, resistentes \u00e0 \u00e1gua e aos raios UV, projetados e fabricados na Fran\u00e7a por motociclistas.<\/p>\n<p><b>Materiais<\/b>\u00a0Vin\u00edlicos de alta qualidade, adesivos com cola monom\u00e9rica 100% (ader\u00eancia permanente), acabamento brilhante.<\/p>\n<p>Nossos adesivos s\u00e3o projetados para durar.<\/p>\n<p>Para pedidos espec\u00edficos ou para um kit de decora\u00e7\u00e3o completo, \u00e9\u00a0<a href=\"https:\/\/www.m-stickers.com\/pt\/contato\/\">aqui<\/a>\u00a0!<\/p>\n<hr \/>\n<h2><b>Personalizar meu kit de adesivos de rodas Triumph Trident 600 Custom\u00a0<\/b><\/h2>\n<p>Selecione a cor dos seus autocolantes decorativos dispon\u00edveis:\u00a0<i>Branco \/ Preto \/ Vermelho \/ Laranja \/ Amarelo \/ Verde \/ Ciano \/ Azul \/ Rosa<\/i><br \/>\nT-shirt M-STICKERS  \n- 100 % algod\u00e3o semi-cardado Ringspun (190 g\/m\u00b2)  \n- Gola de malha canelada com costura dupla  \n- Corte moderno  \n- Tamanhos: S, M, L, XL, XXL, 3XL.<\/p>\n<p>Tamb\u00e9m \u00e9 poss\u00edvel\u00a0<strong>Personalizar<\/strong>\u00a0O kit de adesivos Triumph Trident 600 na nossa<a href=\"https:\/\/www.m-stickers.com\/pt\/configurador\/configurar\/12763\/\">\u00a0Configurador<\/a>.<br \/>\nVoc\u00ea poder\u00e1 escolher diferentes designs de autocolantes Triumph e Trident 600 para combinar perfeitamente com o seu estilo.<\/p>\n<h2><a style=\"font-size: 16px\" href=\"https:\/\/www.m-stickers.com\/pt\/contato\/\"><img decoding=\"async\" class=\"alignnone wp-image-6381\" src=\"https:\/\/www.m-stickers.com\/wp-content\/uploads\/2021\/01\/bouton-contact-300x74.png\" alt=\"\" width=\"150\" height=\"37\" srcset=\"https:\/\/www.m-stickers.com\/wp-content\/uploads\/2021\/01\/bouton-contact-300x74.png 300w, https:\/\/www.m-stickers.com\/wp-content\/uploads\/2021\/01\/bouton-contact.png 413w\" sizes=\"(max-width: 150px) 100vw, 150px\" \/><\/a><\/h2>","protected":false},"excerpt":{"rendered":"<h2><span style=\"color: #ff0000\">Desestoque <\/span><\/h2>\n<h2>Stickers Triumph Trident \u2013 Kit completo (para 2 rodas)<\/h2>\n<p>Mude o visual da sua moto com os nossos autocolantes\u00a0<a href=\"https:\/\/www.m-stickers.com\/pt\/2022\/03\/07\/decais-de-roda-para-moto-triumph-100-adesivos-personalizados\/\">Triumph Trident<\/a>.<\/p>\n<p>O kit de adesivos Triumph Trident completo inclui:<\/p>\n<ul>\n<li>16 Calhas de roda pr\u00e9-curvadas de 8mm<\/li>\n<li>8 Pequenos adesivos Triumph,<\/li>\n<li>8 pequenos adesivos Trident,<\/li>\n<li>4 Adesivos interiores de jantes Triumph,<\/li>\n<li>4 Adesivos de Jantes Interiores Trident,<\/li>\n<li>1. Logotipo Triumph<\/li>\n<\/ul>\n<p>Estado: correto \/ Nota: Vermelho claro e n\u00e3o vermelho vivo<\/p>\n<p>Alta qualidade, constru\u00e7\u00e3o dur\u00e1vel, resistentes \u00e0s intemp\u00e9ries e aos raios UV, 100% franc\u00eas e desenvolvidos por motociclistas apaixonados.<\/p>","protected":false},"featured_media":50379,"comment_status":"open","ping_status":"closed","template":"","meta":[],"product_brand":[],"product_cat":[929,948],"product_tag":[931,251,933,935,138,1127,192],"class_list":{"0":"post-46276","1":"product","2":"type-product","3":"status-publish","4":"has-post-thumbnail","6":"product_cat-destockage","7":"product_cat-triumph","8":"product_tag-destockage","9":"product_tag-kit-deco","10":"product_tag-promo","11":"product_tag-reduction","12":"product_tag-stickers","13":"product_tag-trident","14":"product_tag-triumph","15":"product_shipping_class-standard","17":"entry","18":"has-media","20":"first","21":"instock","22":"taxable","23":"shipping-taxable","24":"product-type-variable","25":"col","26":"span_1_of_5","27":"owp-content-center","28":"item-entry","29":"owp-thumbs-layout-horizontal","30":"owp-btn-big","31":"owp-tabs-layout-horizontal","32":"has-no-thumbnails"},"ase":null,"_links":{"self":[{"href":"https:\/\/www.m-stickers.com\/pt\/wp-json\/wp\/v2\/product\/46276","targetHints":{"allow":["GET"]}}],"collection":[{"href":"https:\/\/www.m-stickers.com\/pt\/wp-json\/wp\/v2\/product"}],"about":[{"href":"https:\/\/www.m-stickers.com\/pt\/wp-json\/wp\/v2\/types\/product"}],"replies":[{"embeddable":true,"href":"https:\/\/www.m-stickers.com\/pt\/wp-json\/wp\/v2\/comments?post=46276"}],"wp:featuredmedia":[{"embeddable":true,"href":"https:\/\/www.m-stickers.com\/pt\/wp-json\/wp\/v2\/media\/50379"}],"wp:attachment":[{"href":"https:\/\/www.m-stickers.com\/pt\/wp-json\/wp\/v2\/media?parent=46276"}],"wp:term":[{"taxonomy":"product_brand","embeddable":true,"href":"https:\/\/www.m-stickers.com\/pt\/wp-json\/wp\/v2\/product_brand?post=46276"},{"taxonomy":"product_cat","embeddable":true,"href":"https:\/\/www.m-stickers.com\/pt\/wp-json\/wp\/v2\/product_cat?post=46276"},{"taxonomy":"product_tag","embeddable":true,"href":"https:\/\/www.m-stickers.com\/pt\/wp-json\/wp\/v2\/product_tag?post=46276"}],"curies":[{"name":"Pneu","href":"https:\/\/api.w.org\/{rel}","templated":true}]}}