{"id":46278,"date":"2023-06-06T15:52:47","date_gmt":"2023-06-06T13:52:47","guid":{"rendered":"https:\/\/www.m-stickers.com\/?post_type=product&#038;p=46278"},"modified":"2025-02-25T16:37:36","modified_gmt":"2025-02-25T15:37:36","slug":"stickers-para-rodas-ktm-duke-790-laranja-retro-refletivos-liquidacao","status":"publish","type":"product","link":"https:\/\/www.m-stickers.com\/pt\/produit\/stickers-jantes-ktm-duke-790-orange-retro-reflechissant-destockage\/","title":{"rendered":"Calcomanias de rodas KTM Duke 790 \u2013 Laranja \u2013 Fluorescente \/ Cromado (Liquida\u00e7\u00e3o)"},"content":{"rendered":"<h2>Calcomanias de rodas KTM Duke 790 (kit para 2 rodas)<\/h2>\n<p>O kit de decora\u00e7\u00e3o para rodas de moto de 17 polegadas KTM Duke 790 para as 2 rodas inclui:<\/p>\n<ul>\n<li>Bordas pr\u00e9-curvados de 8mm com 8 adesivos pequenos Racing e 8 adesivos pequenos 790 \u2013 Duke 790 para as 2 rodas.<\/li>\n<li>1. Logotipo KTM<\/li>\n<li>Qualidade profissional com postura permanente*<\/li>\n<\/ul>\n<p>Autocolantes com cola monom\u00e9rica 100%, que proporciona uma fixa\u00e7\u00e3o permanente e resist\u00eancia a respingos de \u00e1gua e aos raios UV.<br \/>\nNossos Vinis de alta qualidade s\u00e3o projetados e fabricados na Fran\u00e7a.<\/p>\n<hr \/>\n<h3>Stickers Jante KTM Duke 790 \u2013 como coloc\u00e1-los?<\/h3>\n<p>O kit de adesivos para aros M-Stickers KTM Duke 790 \u00e9 f\u00e1cil de aplicar, independentemente do tamanho ou da superf\u00edcie do aro, o processo permanece o mesmo. Abaixo, voc\u00ea encontrar\u00e1 um tutorial para ajud\u00e1-lo a aplicar corretamente o seu kit de adesivos para aros M-Stickers KTM Duke 790. Antes de tudo, aqui est\u00e3o as precau\u00e7\u00f5es a serem tomadas:<\/p>\n<ul>\n<li>Verificar se o aro deve estar perfeitamente liso.<\/li>\n<li>Limpe bem, desengordure o aro com \u00e1gua e sab\u00e3o\/\u00e1lcool. N\u00e3o utilize WD40 ou outros produtos com silicone. O aro precisa estar perfeitamente limpo.<\/li>\n<li>N\u00e3o manipular os adesivos pelo lado adesivo.<\/li>\n<li>Se os adesivos n\u00e3o forem aplicados imediatamente, guarde-os em local seco e ao abrigo do sol.<\/li>\n<li>\u00a0No momento da aplica\u00e7\u00e3o, escolha uma pe\u00e7a com temperatura m\u00ednima de 15\u00b0C, protegida do vento e da poeira. Tamb\u00e9m \u00e9 poss\u00edvel aquecer a roda antes de aplicar os adesivos para garantir uma boa fixa\u00e7\u00e3o dos adesivos. Uma temperatura muito fria n\u00e3o permitir\u00e1 uma ades\u00e3o ideal dos adesivos.<\/li>\n<li>Adicione nosso\u00a0<a href=\"https:\/\/www.m-stickers.com\/pt\/product\/placas-de-revestimento\/\">Placa de queijo raclette autoadesiva<\/a>\u00a0ao seu pedido para n\u00e3o perder a aplica\u00e7\u00e3o dos seus autocolantes de aro de roda de moto<\/li>\n<li>Ap\u00f3s a aplica\u00e7\u00e3o, evite o contato com o frio e a umidade para garantir uma boa fixa\u00e7\u00e3o dos adesivos.<\/li>\n<\/ul>\n<h2><a style=\"font-size: 16px\" href=\"https:\/\/www.m-stickers.com\/pt\/contato\/\"><img decoding=\"async\" class=\"alignnone wp-image-6381\" src=\"https:\/\/www.m-stickers.com\/wp-content\/uploads\/2021\/01\/bouton-contact-300x74.png\" alt=\"\" width=\"150\" height=\"37\" srcset=\"https:\/\/www.m-stickers.com\/wp-content\/uploads\/2021\/01\/bouton-contact-300x74.png 300w, https:\/\/www.m-stickers.com\/wp-content\/uploads\/2021\/01\/bouton-contact.png 413w\" sizes=\"(max-width: 150px) 100vw, 150px\" \/><\/a><\/h2>","protected":false},"excerpt":{"rendered":"<h2>Stickers de rodas KTM Duke 790 (para 2 rodas)<\/h2>\n<p>O kit de decora\u00e7\u00e3o para rodas de moto de 17 polegadas KTM Duke 790 para as 2 rodas inclui:<\/p>\n<ul>\n<li>Bordas pr\u00e9-curvados de 8mm com 8 adesivos pequenos Racing e 8 adesivos pequenos 790 \u2013 Duke 790 para as 2 rodas.<\/li>\n<li>1. Logotipo KTM<\/li>\n<li>Qualidade profissional com postura permanente*<\/li>\n<\/ul>\n<p>Alta qualidade, constru\u00e7\u00e3o dur\u00e1vel, resistentes \u00e0s intemp\u00e9ries e aos raios UV, 100% franc\u00eas e desenvolvidos por motociclistas apaixonados.<\/p>","protected":false},"featured_media":58152,"comment_status":"open","ping_status":"closed","template":"","meta":[],"product_brand":[],"product_cat":[929,940],"product_tag":[1048,1047,213,935,1158],"class_list":{"0":"post-46278","1":"product","2":"type-product","3":"status-publish","4":"has-post-thumbnail","6":"product_cat-destockage","7":"product_cat-stickers-ktm-pas-cher","8":"product_tag-1048","9":"product_tag-duke-790","10":"product_tag-ktm","11":"product_tag-reduction","12":"product_tag-reductions","13":"product_shipping_class-standard","15":"entry","16":"has-media","18":"first","19":"instock","20":"sale","21":"taxable","22":"shipping-taxable","23":"purchasable","24":"product-type-variable","25":"col","26":"span_1_of_5","27":"owp-content-center","28":"item-entry","29":"owp-thumbs-layout-horizontal","30":"owp-btn-big","31":"owp-tabs-layout-horizontal","32":"has-no-thumbnails"},"ase":null,"_links":{"self":[{"href":"https:\/\/www.m-stickers.com\/pt\/wp-json\/wp\/v2\/product\/46278","targetHints":{"allow":["GET"]}}],"collection":[{"href":"https:\/\/www.m-stickers.com\/pt\/wp-json\/wp\/v2\/product"}],"about":[{"href":"https:\/\/www.m-stickers.com\/pt\/wp-json\/wp\/v2\/types\/product"}],"replies":[{"embeddable":true,"href":"https:\/\/www.m-stickers.com\/pt\/wp-json\/wp\/v2\/comments?post=46278"}],"wp:featuredmedia":[{"embeddable":true,"href":"https:\/\/www.m-stickers.com\/pt\/wp-json\/wp\/v2\/media\/58152"}],"wp:attachment":[{"href":"https:\/\/www.m-stickers.com\/pt\/wp-json\/wp\/v2\/media?parent=46278"}],"wp:term":[{"taxonomy":"product_brand","embeddable":true,"href":"https:\/\/www.m-stickers.com\/pt\/wp-json\/wp\/v2\/product_brand?post=46278"},{"taxonomy":"product_cat","embeddable":true,"href":"https:\/\/www.m-stickers.com\/pt\/wp-json\/wp\/v2\/product_cat?post=46278"},{"taxonomy":"product_tag","embeddable":true,"href":"https:\/\/www.m-stickers.com\/pt\/wp-json\/wp\/v2\/product_tag?post=46278"}],"curies":[{"name":"Pneu","href":"https:\/\/api.w.org\/{rel}","templated":true}]}}