{"id":46324,"date":"2023-06-08T13:19:52","date_gmt":"2023-06-08T11:19:52","guid":{"rendered":"https:\/\/www.m-stickers.com\/?post_type=product&#038;p=46324"},"modified":"2025-02-25T16:36:01","modified_gmt":"2025-02-25T15:36:01","slug":"stickers-de-jante-yamaha-r1-vermelho-e-azul-descontinuados","status":"publish","type":"product","link":"https:\/\/www.m-stickers.com\/pt\/produit\/stickers-jante-yamaha-r1-rouge-bleu-destockage\/","title":{"rendered":"Stickers de roda Yamaha R1 \u2013 Vermelho\/Azul (Liquida\u00e7\u00e3o)"},"content":{"rendered":"<h2><strong><span style=\"color: #ff0000;\">Apuramento<\/span><\/strong><\/h2>\n<h2>Stickers de jante Yamaha R1 (kit para 2 rodas)<\/h2>\n<p>O kit de decora\u00e7\u00e3o de pneu de moto de 17 polegadas Yamaha R1 para as 2 rodas inclui:<\/p>\n<ul>\n<li>Bordas pr\u00e9-curvados de 8mm com 8 adesivos YAMAHA e 8 adesivos de aro R1 para as 2 rodas.<\/li>\n<li>4 Adesivos internos de rodas Yamaha<\/li>\n<li>4 Adesivos internos de roda YZF R1<\/li>\n<li>Qualidade profissional com postura permanente*<\/li>\n<\/ul>\n<p>Autocolantes com cola monom\u00e9rica 100%, que proporciona uma fixa\u00e7\u00e3o permanente e resist\u00eancia a respingos de \u00e1gua e aos raios UV.<br \/>\nNossos Vinis de alta qualidade s\u00e3o projetados e fabricados na Fran\u00e7a.<\/p>\n<hr \/>\n<h3>Stickers de Jante Yamaha R1 \u2013 como aplic\u00e1-los?<\/h3>\n<p>O kit de decalques de aros M-Stickers Yamaha R1 \u00e9 f\u00e1cil de aplicar, seja qual for o tamanho ou a superf\u00edcie do aro, o processo \u00e9 o mesmo. Abaixo, encontrar\u00e1 um tutorial para o ajudar a aplicar corretamente o seu kit de decalques de aros R1. Antes de mais, eis as precau\u00e7\u00f5es a tomar:<\/p>\n<ul>\n<li>Verificar se o aro deve estar perfeitamente liso.<\/li>\n<li>Limpe bem, desengordure o aro com \u00e1gua e sab\u00e3o\/\u00e1lcool. N\u00e3o utilize WD40 ou outros produtos com silicone. O aro precisa estar perfeitamente limpo.<\/li>\n<li>N\u00e3o manipular os adesivos pelo lado adesivo.<\/li>\n<li>Se os adesivos n\u00e3o forem aplicados imediatamente, guarde-os em local seco e ao abrigo do sol.<\/li>\n<li>\u00a0No momento da aplica\u00e7\u00e3o, escolha uma pe\u00e7a com temperatura m\u00ednima de 15\u00b0C, protegida do vento e da poeira. Tamb\u00e9m \u00e9 poss\u00edvel aquecer a roda antes de aplicar os adesivos para garantir uma boa fixa\u00e7\u00e3o dos adesivos. Uma temperatura muito fria n\u00e3o permitir\u00e1 uma ades\u00e3o ideal dos adesivos.<\/li>\n<li>Adicione nosso\u00a0<a href=\"https:\/\/www.m-stickers.com\/pt\/product\/placas-de-revestimento\/\">Placa de queijo raclette autoadesiva<\/a>\u00a0ao seu pedido para n\u00e3o perder a aplica\u00e7\u00e3o dos seus autocolantes de aro de roda de moto<\/li>\n<li>Ap\u00f3s a aplica\u00e7\u00e3o, evite o contato com o frio e a umidade para garantir a boa ades\u00e3o dos adesivos.<\/li>\n<\/ul>\n<p><strong><a href=\"https:\/\/www.m-stickers.com\/pt\/tutorial-como-colocar-adesivos-de-rodas-de-moto\/\">TUTORIAIS completo para instalar seu Kit de decora\u00e7\u00e3o de rodas:<\/a><a class=\"no-lightbox\" href=\"https:\/\/www.m-stickers.com\/pt\/tutorial-como-colocar-adesivos-de-rodas-de-moto\/\"><img decoding=\"async\" class=\"alignnone wp-image-6382\" src=\"https:\/\/www.m-stickers.com\/wp-content\/uploads\/2021\/01\/bouton-tuto-300x74.png\" alt=\"\" width=\"150\" height=\"37\" srcset=\"https:\/\/www.m-stickers.com\/wp-content\/uploads\/2021\/01\/bouton-tuto-300x74.png 300w, https:\/\/www.m-stickers.com\/wp-content\/uploads\/2021\/01\/bouton-tuto.png 413w\" sizes=\"(max-width: 150px) 100vw, 150px\" \/><\/a><\/strong><\/p>","protected":false},"excerpt":{"rendered":"<h2><strong><span style=\"color: #ff0000;\">Apuramento<\/span><\/strong><\/h2>\n<h2>Decais Yamaha R1 (para 2 rodas):<\/h2>\n<p>O kit de decora\u00e7\u00e3o de rodas Yamaha R1 para as 2 rodas inclui:<\/p>\n<ul>\n<li>Bordas pr\u00e9-curvadas de 8mm com 8 adesivos Yamaha pequenos e 8 adesivos R1 pequenos para as 2 rodas.<\/li>\n<li>4 Adesivos internos de rodas Yamaha<\/li>\n<li>4 Adesivos internos de roda YZF R1<\/li>\n<\/ul>\n<h2><span style=\"font-size: 16px;\">Alta qualidade, constru\u00e7\u00e3o dur\u00e1vel, resistentes \u00e0s intemp\u00e9ries e aos raios UV, 100% franc\u00eas e desenvolvidos por motociclistas apaixonados.<\/span><\/h2>","protected":false},"featured_media":46326,"comment_status":"open","ping_status":"closed","template":"","meta":[],"product_brand":[],"product_cat":[929,937],"product_tag":[142,250,616],"class_list":{"0":"post-46324","1":"product","2":"type-product","3":"status-publish","4":"has-post-thumbnail","6":"product_cat-destockage","7":"product_cat-stickers-yamaha-pas-cher","8":"product_tag-r1","9":"product_tag-yamaha","10":"product_tag-yzf","11":"product_shipping_class-standard","13":"entry","14":"has-media","16":"first","17":"instock","18":"sale","19":"taxable","20":"shipping-taxable","21":"purchasable","22":"product-type-simple","23":"col","24":"span_1_of_5","25":"owp-content-center","26":"item-entry","27":"owp-thumbs-layout-horizontal","28":"owp-btn-big","29":"owp-tabs-layout-horizontal","30":"has-no-thumbnails"},"ase":null,"_links":{"self":[{"href":"https:\/\/www.m-stickers.com\/pt\/wp-json\/wp\/v2\/product\/46324","targetHints":{"allow":["GET"]}}],"collection":[{"href":"https:\/\/www.m-stickers.com\/pt\/wp-json\/wp\/v2\/product"}],"about":[{"href":"https:\/\/www.m-stickers.com\/pt\/wp-json\/wp\/v2\/types\/product"}],"replies":[{"embeddable":true,"href":"https:\/\/www.m-stickers.com\/pt\/wp-json\/wp\/v2\/comments?post=46324"}],"wp:featuredmedia":[{"embeddable":true,"href":"https:\/\/www.m-stickers.com\/pt\/wp-json\/wp\/v2\/media\/46326"}],"wp:attachment":[{"href":"https:\/\/www.m-stickers.com\/pt\/wp-json\/wp\/v2\/media?parent=46324"}],"wp:term":[{"taxonomy":"product_brand","embeddable":true,"href":"https:\/\/www.m-stickers.com\/pt\/wp-json\/wp\/v2\/product_brand?post=46324"},{"taxonomy":"product_cat","embeddable":true,"href":"https:\/\/www.m-stickers.com\/pt\/wp-json\/wp\/v2\/product_cat?post=46324"},{"taxonomy":"product_tag","embeddable":true,"href":"https:\/\/www.m-stickers.com\/pt\/wp-json\/wp\/v2\/product_tag?post=46324"}],"curies":[{"name":"Pneu","href":"https:\/\/api.w.org\/{rel}","templated":true}]}}