{"id":46327,"date":"2023-06-08T13:34:12","date_gmt":"2023-06-08T11:34:12","guid":{"rendered":"https:\/\/www.m-stickers.com\/?post_type=product&#038;p=46327"},"modified":"2025-06-11T10:29:31","modified_gmt":"2025-06-11T08:29:31","slug":"stickers-honda-cbr-650f-laranja-fluorescente-desagio","status":"publish","type":"product","link":"https:\/\/www.m-stickers.com\/pt\/produit\/stickers-honda-cbr-650f-orange-fluorescent-destockage\/","title":{"rendered":"Stickers Honda CBR 650F \u2013 Laranja Fluorescente (Liquida\u00e7\u00e3o)"},"content":{"rendered":"<h2>Stickers CBR 650F (kit para as 2 rodas)<\/h2>\n<p>O kit de adesivo para rodas Honda CBR 650 F inclui:<\/p>\n<ul>\n<li>8 Listras pr\u00e9-curvadas de 8mm,<\/li>\n<li>8 Listras pr\u00e9-curvadas de 8mm CBR 650F,<\/li>\n<li>4 Adesivos internos de roda Honda,<\/li>\n<li>4 Adesivos internos de roda CBR650F,<\/li>\n<li>1 Logo Honda<\/li>\n<li>8 Etiquetas Adicionais El\u00e9ctricas<\/li>\n<\/ul>\n<p><b>Por que escolher nossos adesivos?<br \/>\n<\/b><\/p>\n<p>Adesivos profissionais de alta qualidade, dur\u00e1veis, resistentes \u00e0 \u00e1gua e aos raios UV, personaliz\u00e1veis de A a Z, f\u00e1ceis de aplicar, projetados e fabricados na Fran\u00e7a por motociclistas para motociclistas.<\/p>\n<p><b>Materiais<\/b><\/p>\n<p>Vinil de alta qualidade, adesivos com cola de pol\u00edmero 100% (ader\u00eancia permanente), acabamento brilhante original.<\/p>\n<p>Tamb\u00e9m pode solicitar a cria\u00e7\u00e3o de um kit decorativo completo feito \u00e0 medida, a condizer com a sua moto<a href=\"https:\/\/www.m-stickers.com\/pt\/contato\/\">\u00a0aqui<\/a>\u00a0!<\/p>\n<p><strong><a href=\"https:\/\/www.m-stickers.com\/pt\/tutorial-como-colocar-adesivos-de-rodas-de-moto\/\">TUTORIAIS completo para instalar seu Kit de decora\u00e7\u00e3o de rodas:<\/a><a class=\"no-lightbox\" href=\"https:\/\/www.m-stickers.com\/pt\/tutorial-como-colocar-adesivos-de-rodas-de-moto\/\"><img decoding=\"async\" class=\"alignnone wp-image-6382\" src=\"https:\/\/www.m-stickers.com\/wp-content\/uploads\/2021\/01\/bouton-tuto-300x74.png\" alt=\"\" width=\"150\" height=\"37\" srcset=\"https:\/\/www.m-stickers.com\/wp-content\/uploads\/2021\/01\/bouton-tuto-300x74.png 300w, https:\/\/www.m-stickers.com\/wp-content\/uploads\/2021\/01\/bouton-tuto.png 413w\" sizes=\"(max-width: 150px) 100vw, 150px\" \/><\/a><\/strong><\/p>","protected":false},"excerpt":{"rendered":"<h2>Stickers de rodas Honda CBR 650 F (kit para as 2 rodas):<\/h2>\n<p>O kit de decora\u00e7\u00e3o de rodas Honda CBR 650F inclui:<\/p>\n<ul>\n<li>8 Listras pr\u00e9-curvadas de 8mm,<\/li>\n<li>8 Listras pr\u00e9-curvadas de 8mm CBR 650F,<\/li>\n<li>4 Adesivos internos de roda Honda,<\/li>\n<li>4 Adesivos internos de roda CBR650F,<\/li>\n<li>1 Logo Honda<\/li>\n<li>8 Etiquetas Adicionais El\u00e9ctricas<\/li>\n<\/ul>\n<h2><span style=\"font-size: 16px;\">Alta qualidade, constru\u00e7\u00e3o dur\u00e1vel, resistentes \u00e0s intemp\u00e9ries e aos raios UV, 100% franc\u00eas e desenvolvidos por motociclistas apaixonados.<\/span><\/h2>","protected":false},"featured_media":46328,"comment_status":"open","ping_status":"closed","template":"","meta":[],"product_brand":[],"product_cat":[929,963],"product_tag":[368,481,139,480],"class_list":{"0":"post-46327","1":"product","2":"type-product","3":"status-publish","4":"has-post-thumbnail","6":"product_cat-destockage","7":"product_cat-stickers-honda-pas-cher","8":"product_tag-cbr","9":"product_tag-cbr-650-f","10":"product_tag-honda","11":"product_tag-honda-cbr-650-f","12":"product_shipping_class-standard","14":"entry","15":"has-media","17":"first","18":"instock","19":"sale","20":"taxable","21":"shipping-taxable","22":"purchasable","23":"product-type-simple","24":"col","25":"span_1_of_5","26":"owp-content-center","27":"item-entry","28":"owp-thumbs-layout-horizontal","29":"owp-btn-big","30":"owp-tabs-layout-horizontal","31":"has-no-thumbnails"},"ase":null,"_links":{"self":[{"href":"https:\/\/www.m-stickers.com\/pt\/wp-json\/wp\/v2\/product\/46327","targetHints":{"allow":["GET"]}}],"collection":[{"href":"https:\/\/www.m-stickers.com\/pt\/wp-json\/wp\/v2\/product"}],"about":[{"href":"https:\/\/www.m-stickers.com\/pt\/wp-json\/wp\/v2\/types\/product"}],"replies":[{"embeddable":true,"href":"https:\/\/www.m-stickers.com\/pt\/wp-json\/wp\/v2\/comments?post=46327"}],"wp:featuredmedia":[{"embeddable":true,"href":"https:\/\/www.m-stickers.com\/pt\/wp-json\/wp\/v2\/media\/46328"}],"wp:attachment":[{"href":"https:\/\/www.m-stickers.com\/pt\/wp-json\/wp\/v2\/media?parent=46327"}],"wp:term":[{"taxonomy":"product_brand","embeddable":true,"href":"https:\/\/www.m-stickers.com\/pt\/wp-json\/wp\/v2\/product_brand?post=46327"},{"taxonomy":"product_cat","embeddable":true,"href":"https:\/\/www.m-stickers.com\/pt\/wp-json\/wp\/v2\/product_cat?post=46327"},{"taxonomy":"product_tag","embeddable":true,"href":"https:\/\/www.m-stickers.com\/pt\/wp-json\/wp\/v2\/product_tag?post=46327"}],"curies":[{"name":"Pneu","href":"https:\/\/api.w.org\/{rel}","templated":true}]}}