{"id":46645,"date":"2023-06-21T13:30:35","date_gmt":"2023-06-21T11:30:35","guid":{"rendered":"https:\/\/www.m-stickers.com\/?post_type=product&#038;p=46645"},"modified":"2025-02-25T16:36:04","modified_gmt":"2025-02-25T15:36:04","slug":"aro-de-roda-yamaha-fz6-amarelo-fluorescente-liquidacao","status":"publish","type":"product","link":"https:\/\/www.m-stickers.com\/pt\/produit\/liseret-jante-yamaha-fz6-jaune-fluorescent-destockage\/","title":{"rendered":"Aro de roda Yamaha MT-09 \u2013 Amarelo (Liquida\u00e7\u00e3o)"},"content":{"rendered":"<h2><strong><span style=\"color: #ff0000\">Apuramento<\/span><\/strong><\/h2>\n<h2>Acabamento de roda Yamaha MT-09 para as 2 rodas incluindo:<\/h2>\n<ul>\n<li>8 listras de aro de moto personalizadas com a inscri\u00e7\u00e3o \"Yamaha\" + 2 extras em caso de erro.<\/li>\n<li>8 adesivos de aro de roda de moto personalizados com a inscri\u00e7\u00e3o \"MT-09\" + 2 adicionais caso haja defeito<\/li>\n<\/ul>\n<p>Seja um total de 20 listras.<\/p>\n<p>Listras adesivas para roda Yamaha MT-09 com adesivo monom\u00e9rico 100% que garante fixa\u00e7\u00e3o permanente, al\u00e9m de resist\u00eancia a respingos d'\u00e1gua e aos raios UV.<br \/>\nNossos Vinis de alta qualidade s\u00e3o projetados e fabricados na Fran\u00e7a.<\/p>\n<hr \/>\n<h3>Bordas de roda Yamaha MT-09 \u2013 como coloc\u00e1-las?<\/h3>\n<p>O kit de faixas M-Stickers para jantes de moto Yamaha MT-09 \u00e9 f\u00e1cil de aplicar, qualquer que seja o tamanho ou a superf\u00edcie da jante, o processo permanece o mesmo. Abaixo encontrar\u00e1 um tutorial para o ajudar a aplicar corretamente o seu kit de faixas para jantes. Antes de mais, aqui est\u00e3o as precau\u00e7\u00f5es a tomar:<\/p>\n<ul>\n<li>Verificar se o aro deve estar perfeitamente liso.<\/li>\n<li>Limpe bem, desengordure o aro com \u00e1gua e sab\u00e3o\/\u00e1lcool. N\u00e3o utilize WD40 ou outros produtos com silicone. O aro precisa estar perfeitamente limpo.<\/li>\n<li>N\u00e3o manipular os adesivos pelo lado adesivo.<\/li>\n<li>Se os adesivos n\u00e3o forem aplicados imediatamente, guarde-os em local seco e ao abrigo do sol.<\/li>\n<li>\u00a0No momento da aplica\u00e7\u00e3o, escolha uma pe\u00e7a com temperatura m\u00ednima de 15\u00b0C, protegida do vento e da poeira. Tamb\u00e9m \u00e9 poss\u00edvel aquecer a roda antes de aplicar os adesivos para garantir uma boa fixa\u00e7\u00e3o dos adesivos. Uma temperatura muito fria n\u00e3o permitir\u00e1 uma ades\u00e3o ideal dos adesivos.<\/li>\n<li>Adicione nosso\u00a0<a href=\"https:\/\/www.m-stickers.com\/pt\/product\/placas-de-revestimento\/\">Placa de queijo raclette autoadesiva<\/a>\u00a0ao seu pedido para n\u00e3o perder a aplica\u00e7\u00e3o dos seus autocolantes de aro de roda de moto<\/li>\n<li>Ap\u00f3s a aplica\u00e7\u00e3o, evite o contato com o frio e a umidade para garantir a boa ades\u00e3o dos adesivos.<\/li>\n<\/ul>","protected":false},"excerpt":{"rendered":"<h2><strong><span style=\"color: #ff0000\">Apuramento<\/span><\/strong><\/h2>\n<h2>Aro de roda para moto Yamaha MT-09 (para 2 rodas).<\/h2>\n<p>O kit de frisos de roda Yamaha MT-09 para as 2 rodas inclui:<\/p>\n<ul>\n<li>8 calotas de roda com inscri\u00e7\u00e3o \"Yamaha\" + 2 extras em caso de defeito<\/li>\n<li>8 calotas de roda com a inscri\u00e7\u00e3o \"MT-09\" + 2 adicionais em caso de defeito<\/li>\n<\/ul>\n<h3><strong><a href=\"https:\/\/www.m-stickers.com\/pt\/configurador\/configurar\/5564\/\">Personalize seu kit decorativo de jantes com nosso configurador online!<\/a><a class=\"no-lightbox\" href=\"https:\/\/www.m-stickers.com\/pt\/configurador\/configurar\/5564\/\"><img decoding=\"async\" class=\"alignnone wp-image-6380\" src=\"https:\/\/www.m-stickers.com\/wp-content\/uploads\/2021\/01\/bouton-configurator-3-300x74.png\" alt=\"\" width=\"150\" height=\"37\" srcset=\"https:\/\/www.m-stickers.com\/wp-content\/uploads\/2021\/01\/bouton-configurator-3-300x74.png 300w, https:\/\/www.m-stickers.com\/wp-content\/uploads\/2021\/01\/bouton-configurator-3.png 413w\" sizes=\"(max-width: 150px) 100vw, 150px\" \/><\/a><\/strong><\/h3>","protected":false},"featured_media":58480,"comment_status":"open","ping_status":"closed","template":"","meta":[],"product_brand":[],"product_cat":[929,937],"product_tag":[931,401,169,168,933,932,934,935,250,324],"class_list":{"0":"post-46645","1":"product","2":"type-product","3":"status-publish","4":"has-post-thumbnail","6":"product_cat-destockage","7":"product_cat-stickers-yamaha-pas-cher","8":"product_tag-destockage","9":"product_tag-liseret","10":"product_tag-mt-09","11":"product_tag-mt09","12":"product_tag-promo","13":"product_tag-promotion","14":"product_tag-promotions","15":"product_tag-reduction","16":"product_tag-yamaha","17":"product_tag-yamaha-mt-09","18":"product_shipping_class-standard","20":"entry","21":"has-media","23":"first","24":"instock","25":"sale","26":"taxable","27":"shipping-taxable","28":"purchasable","29":"product-type-simple","30":"col","31":"span_1_of_5","32":"owp-content-center","33":"item-entry","34":"owp-thumbs-layout-horizontal","35":"owp-btn-big","36":"owp-tabs-layout-horizontal","37":"has-no-thumbnails"},"ase":null,"_links":{"self":[{"href":"https:\/\/www.m-stickers.com\/pt\/wp-json\/wp\/v2\/product\/46645","targetHints":{"allow":["GET"]}}],"collection":[{"href":"https:\/\/www.m-stickers.com\/pt\/wp-json\/wp\/v2\/product"}],"about":[{"href":"https:\/\/www.m-stickers.com\/pt\/wp-json\/wp\/v2\/types\/product"}],"replies":[{"embeddable":true,"href":"https:\/\/www.m-stickers.com\/pt\/wp-json\/wp\/v2\/comments?post=46645"}],"wp:featuredmedia":[{"embeddable":true,"href":"https:\/\/www.m-stickers.com\/pt\/wp-json\/wp\/v2\/media\/58480"}],"wp:attachment":[{"href":"https:\/\/www.m-stickers.com\/pt\/wp-json\/wp\/v2\/media?parent=46645"}],"wp:term":[{"taxonomy":"product_brand","embeddable":true,"href":"https:\/\/www.m-stickers.com\/pt\/wp-json\/wp\/v2\/product_brand?post=46645"},{"taxonomy":"product_cat","embeddable":true,"href":"https:\/\/www.m-stickers.com\/pt\/wp-json\/wp\/v2\/product_cat?post=46645"},{"taxonomy":"product_tag","embeddable":true,"href":"https:\/\/www.m-stickers.com\/pt\/wp-json\/wp\/v2\/product_tag?post=46645"}],"curies":[{"name":"Pneu","href":"https:\/\/api.w.org\/{rel}","templated":true}]}}