{"id":46703,"date":"2023-06-23T15:04:31","date_gmt":"2023-06-23T13:04:31","guid":{"rendered":"https:\/\/www.m-stickers.com\/?post_type=product&#038;p=46703"},"modified":"2025-02-25T16:36:04","modified_gmt":"2025-02-25T15:36:04","slug":"jogo-de-frisos-de-jante-kawasaki-z900-preto-descontinuacao","status":"publish","type":"product","link":"https:\/\/www.m-stickers.com\/pt\/produit\/liseret-de-jante-kawasaki-z900-noir-destockage\/","title":{"rendered":"Aro Kawasaki ER-6N \u2013 Branco \u2013 Refletivo (Liquida\u00e7\u00e3o)"},"content":{"rendered":"<h2><strong><span style=\"color: #ff0000\">Apuramento<\/span><\/strong><\/h2>\n<h2>Jogo de frisos de roda Kawasaki ER-6N para as 2 rodas, incluindo:<\/h2>\n<ul>\n<li>8 faixas de jantes para motos personalizadas com a inscri\u00e7\u00e3o \"Kawasaki\" + 2 extras para o caso de falhas.<\/li>\n<li>8 frisos para aros de moto personalizados com a inscri\u00e7\u00e3o \"ER-6N\" + 2 extras caso haja falhas<\/li>\n<\/ul>\n<p>Seja um total de 20 listras.<\/p>\n<p>Jogo de calhas para roda Kawasaki ER-6N com adesivos com cola monom\u00e9rica 100%, proporcionando uma fixa\u00e7\u00e3o permanente e resist\u00eancia a respingos de \u00e1gua e aos raios UV.<br \/>\nNossos Vinis de alta qualidade s\u00e3o projetados e fabricados na Fran\u00e7a.<\/p>\n<hr \/>\n<h3>Faixa de jantes moto Kawasaki ER-6N \u2013 como aplic\u00e1-las?<\/h3>\n<p>O kit de faixas para jantes de motocicleta Kawasaki ER-6N \u00e9 f\u00e1cil de aplicar, independentemente do tamanho ou da superf\u00edcie da jante, o processo permanece o mesmo. Abaixo encontrar\u00e1 um tutorial para o ajudar a aplicar corretamente o seu kit de faixas para jantes. Em primeiro lugar, aqui est\u00e3o as precau\u00e7\u00f5es a tomar:<\/p>\n<ul>\n<li>Verificar se o aro deve estar perfeitamente liso.<\/li>\n<li>Limpe bem, desengordure o aro com \u00e1gua e sab\u00e3o\/\u00e1lcool. N\u00e3o utilize WD40 ou outros produtos com silicone. O aro precisa estar perfeitamente limpo.<\/li>\n<li>N\u00e3o manipular os adesivos pelo lado adesivo.<\/li>\n<li>Se os adesivos n\u00e3o forem aplicados imediatamente, guarde-os em local seco e ao abrigo do sol.<\/li>\n<li>\u00a0No momento da aplica\u00e7\u00e3o, escolha uma pe\u00e7a com temperatura m\u00ednima de 15\u00b0C, protegida do vento e da poeira. Tamb\u00e9m \u00e9 poss\u00edvel aquecer a roda antes de aplicar os adesivos para garantir uma boa fixa\u00e7\u00e3o dos adesivos. Uma temperatura muito fria n\u00e3o permitir\u00e1 uma ades\u00e3o ideal dos adesivos.<\/li>\n<li>Adicione nosso\u00a0<a href=\"https:\/\/www.m-stickers.com\/pt\/product\/placas-de-revestimento\/\">Placa de queijo raclette autoadesiva<\/a>\u00a0ao seu pedido para n\u00e3o perder a aplica\u00e7\u00e3o dos seus autocolantes de aro de roda de moto<\/li>\n<li>Ap\u00f3s a aplica\u00e7\u00e3o, evite o contato com o frio e a umidade para garantir a boa ades\u00e3o dos adesivos.<\/li>\n<\/ul>","protected":false},"excerpt":{"rendered":"<h2><strong><span style=\"color: #ff0000\">Apuramento<\/span><\/strong><\/h2>\n<h2>Conjunto de frisos para aros de moto Kawasaki ER-6N (para 2 aros)<\/h2>\n<p>O kit de frisos de jantes Kawasaki ER-6N para as 2 rodas inclui:<\/p>\n<ul>\n<li>8 aros de jante com adesivo \"Kawasaki\" + 2 adicionais como reserva<\/li>\n<li>8 aros de roda com inscri\u00e7\u00e3o \u201cER-6N\u201d + 2 adicionais em caso de avaria<\/li>\n<\/ul>\n<h3><strong><a href=\"https:\/\/www.m-stickers.com\/pt\/configurador\/configurar\/5564\/\">Personalize seu kit decorativo de jantes com nosso configurador online!<\/a><a class=\"no-lightbox\" href=\"https:\/\/www.m-stickers.com\/pt\/configurador\/configurar\/19690\/\"><img decoding=\"async\" class=\"alignnone wp-image-6380\" src=\"https:\/\/www.m-stickers.com\/wp-content\/uploads\/2021\/01\/bouton-configurator-3-300x74.png\" alt=\"\" width=\"150\" height=\"37\" srcset=\"https:\/\/www.m-stickers.com\/wp-content\/uploads\/2021\/01\/bouton-configurator-3-300x74.png 300w, https:\/\/www.m-stickers.com\/wp-content\/uploads\/2021\/01\/bouton-configurator-3.png 413w\" sizes=\"(max-width: 150px) 100vw, 150px\" \/><\/a><\/strong><\/h3>","protected":false},"featured_media":57565,"comment_status":"open","ping_status":"closed","template":"","meta":[],"product_brand":[],"product_cat":[929,941],"product_tag":[931,167,164,166,163,204,401,933,932,934,935],"class_list":{"0":"post-46703","1":"product","2":"type-product","3":"status-publish","4":"has-post-thumbnail","6":"product_cat-destockage","7":"product_cat-stickers-kawasaki-pas-cher","8":"product_tag-destockage","9":"product_tag-er-6n","10":"product_tag-er6","11":"product_tag-er6-n","12":"product_tag-er6n","13":"product_tag-kawasaki","14":"product_tag-liseret","15":"product_tag-promo","16":"product_tag-promotion","17":"product_tag-promotions","18":"product_tag-reduction","19":"product_shipping_class-standard","21":"entry","22":"has-media","24":"first","25":"instock","26":"sale","27":"taxable","28":"shipping-taxable","29":"purchasable","30":"product-type-simple","31":"col","32":"span_1_of_5","33":"owp-content-center","34":"item-entry","35":"owp-thumbs-layout-horizontal","36":"owp-btn-big","37":"owp-tabs-layout-horizontal","38":"has-no-thumbnails"},"ase":null,"_links":{"self":[{"href":"https:\/\/www.m-stickers.com\/pt\/wp-json\/wp\/v2\/product\/46703","targetHints":{"allow":["GET"]}}],"collection":[{"href":"https:\/\/www.m-stickers.com\/pt\/wp-json\/wp\/v2\/product"}],"about":[{"href":"https:\/\/www.m-stickers.com\/pt\/wp-json\/wp\/v2\/types\/product"}],"replies":[{"embeddable":true,"href":"https:\/\/www.m-stickers.com\/pt\/wp-json\/wp\/v2\/comments?post=46703"}],"wp:featuredmedia":[{"embeddable":true,"href":"https:\/\/www.m-stickers.com\/pt\/wp-json\/wp\/v2\/media\/57565"}],"wp:attachment":[{"href":"https:\/\/www.m-stickers.com\/pt\/wp-json\/wp\/v2\/media?parent=46703"}],"wp:term":[{"taxonomy":"product_brand","embeddable":true,"href":"https:\/\/www.m-stickers.com\/pt\/wp-json\/wp\/v2\/product_brand?post=46703"},{"taxonomy":"product_cat","embeddable":true,"href":"https:\/\/www.m-stickers.com\/pt\/wp-json\/wp\/v2\/product_cat?post=46703"},{"taxonomy":"product_tag","embeddable":true,"href":"https:\/\/www.m-stickers.com\/pt\/wp-json\/wp\/v2\/product_tag?post=46703"}],"curies":[{"name":"Pneu","href":"https:\/\/api.w.org\/{rel}","templated":true}]}}