{"id":49171,"date":"2023-10-10T09:24:18","date_gmt":"2023-10-10T07:24:18","guid":{"rendered":"https:\/\/www.m-stickers.com\/?post_type=product&#038;p=49171"},"modified":"2026-02-12T19:32:00","modified_gmt":"2026-02-12T18:32:00","slug":"amostras-de-cores","status":"publish","type":"product","link":"https:\/\/www.m-stickers.com\/pt\/produit\/echantillons-nuancier\/","title":{"rendered":"Amostras de cat\u00e1logo de cores"},"content":{"rendered":"<h2>Amostras de cat\u00e1logo de cores:<\/h2>\n<p>Voc\u00ea pode encomendar aqui amostras de cores do nosso <a href=\"https:\/\/www.m-stickers.com\/pt\/nuancier-de-adesivos\/\"><strong>escala de cores<\/strong><\/a>.<\/p>\n<ul>\n<li>Dispon\u00edvel nas dimens\u00f5es 3cm*3cm \/ 5cm*5cm \/ 7cm*7cm \/ 10cm*10cm<\/li>\n<li>At\u00e9 5 amostras.<\/li>\n<\/ul>\n<p>Para quaisquer pedidos de dimens\u00f5es espec\u00edficas ou um maior n\u00famero de amostras, contacte-nos. <a href=\"https:\/\/www.m-stickers.com\/pt\/contato\/\">Contactar<\/a> Diretamente<\/p>\n<hr \/>\n<h3>Amostras + efeito?<\/h3>\n<p>\u00c9 poss\u00edvel encomendar amostras em certos efeitos. Basta selecionar o efeito desejado na lista.<br \/>\nPara quaisquer pedidos espec\u00edficos sobre os efeitos, por favor contacte-nos. <a href=\"https:\/\/www.m-stickers.com\/pt\/contato\/\">Contactar<\/a> Diretamente<\/p>\n<p>&nbsp;<\/p>\n<p>&nbsp;<\/p>\n<hr \/>\n<h4>Uma quest\u00e3o sobre o kit de decora\u00e7\u00e3o de jantes? Uma solicita\u00e7\u00e3o de personaliza\u00e7\u00e3o? Contacte-nos atrav\u00e9s da p\u00e1gina de contacto.<a class=\"no-lightbox\" href=\"https:\/\/www.m-stickers.com\/pt\/contato\/\"><img decoding=\"async\" class=\"alignnone wp-image-6381\" src=\"https:\/\/www.m-stickers.com\/wp-content\/uploads\/2021\/01\/bouton-contact-300x74.png\" sizes=\"(max-width: 150px) 100vw, 150px\" srcset=\"https:\/\/www.m-stickers.com\/wp-content\/uploads\/2021\/01\/bouton-contact-300x74.png 300w, https:\/\/www.m-stickers.com\/wp-content\/uploads\/2021\/01\/bouton-contact.png 413w\" alt=\"\" width=\"150\" height=\"37\" \/><\/a><\/h4>","protected":false},"excerpt":{"rendered":"<h2>Amostras de cat\u00e1logo de cores:<\/h2>\n<p>Voc\u00ea pode encomendar aqui amostras de cores do nosso <a href=\"https:\/\/www.m-stickers.com\/pt\/nuancier-de-adesivos\/\"><strong>escala de cores<\/strong><\/a>.<\/p>\n<ul>\n<li>Dispon\u00edvel nas dimens\u00f5es 3cm*3cm \/ 5cm*5cm \/ 7cm*7cm \/ 10cm*10cm<\/li>\n<li>At\u00e9 5 amostras.<\/li>\n<\/ul>\n<p>Para quaisquer pedidos de dimens\u00f5es espec\u00edficas ou um maior n\u00famero de amostras, contacte-nos. <a href=\"https:\/\/www.m-stickers.com\/pt\/contato\/\">Contactar<\/a> Diretamente<\/p>","protected":false},"featured_media":49303,"comment_status":"open","ping_status":"closed","template":"","meta":[],"product_brand":[],"product_cat":[114,15],"product_tag":[1106,1104,1105,1107],"class_list":{"0":"post-49171","1":"product","2":"type-product","3":"status-publish","4":"has-post-thumbnail","6":"product_cat-stickers","7":"product_cat-kits-stickers-jantes-moto-complet","8":"product_tag-echantillon","9":"product_tag-echantillon-nuancier","10":"product_tag-echantillons","11":"product_tag-nuancier","12":"product_shipping_class-nuancier","14":"entry","15":"has-media","17":"first","18":"instock","19":"taxable","20":"shipping-taxable","21":"purchasable","22":"product-type-simple","23":"col","24":"span_1_of_5","25":"owp-content-center","26":"item-entry","27":"owp-thumbs-layout-horizontal","28":"owp-btn-big","29":"owp-tabs-layout-horizontal","30":"has-no-thumbnails"},"ase":null,"_links":{"self":[{"href":"https:\/\/www.m-stickers.com\/pt\/wp-json\/wp\/v2\/product\/49171","targetHints":{"allow":["GET"]}}],"collection":[{"href":"https:\/\/www.m-stickers.com\/pt\/wp-json\/wp\/v2\/product"}],"about":[{"href":"https:\/\/www.m-stickers.com\/pt\/wp-json\/wp\/v2\/types\/product"}],"replies":[{"embeddable":true,"href":"https:\/\/www.m-stickers.com\/pt\/wp-json\/wp\/v2\/comments?post=49171"}],"wp:featuredmedia":[{"embeddable":true,"href":"https:\/\/www.m-stickers.com\/pt\/wp-json\/wp\/v2\/media\/49303"}],"wp:attachment":[{"href":"https:\/\/www.m-stickers.com\/pt\/wp-json\/wp\/v2\/media?parent=49171"}],"wp:term":[{"taxonomy":"product_brand","embeddable":true,"href":"https:\/\/www.m-stickers.com\/pt\/wp-json\/wp\/v2\/product_brand?post=49171"},{"taxonomy":"product_cat","embeddable":true,"href":"https:\/\/www.m-stickers.com\/pt\/wp-json\/wp\/v2\/product_cat?post=49171"},{"taxonomy":"product_tag","embeddable":true,"href":"https:\/\/www.m-stickers.com\/pt\/wp-json\/wp\/v2\/product_tag?post=49171"}],"curies":[{"name":"Pneu","href":"https:\/\/api.w.org\/{rel}","templated":true}]}}