{"id":49438,"date":"2023-10-26T11:57:16","date_gmt":"2023-10-26T09:57:16","guid":{"rendered":"https:\/\/www.m-stickers.com\/?post_type=product&#038;p=49438"},"modified":"2025-06-22T20:00:22","modified_gmt":"2025-06-22T18:00:22","slug":"stickers-de-roda-triumph-tiger-sport-660-laranja-liquidacao","status":"publish","type":"product","link":"https:\/\/www.m-stickers.com\/pt\/produit\/stickers-jante-triumph-tiger-sport-660-orange-destockage\/","title":{"rendered":"Etiqueta\u00e7\u00f5es de roda Triumph Tiger Sport 660 \u2013 Laranja (Liquida\u00e7\u00e3o)"},"content":{"rendered":"<h2><strong><span style=\"color: #ff0000\">Apuramento<\/span><\/strong><\/h2>\n<h2>Calcomanias para aros Triumph Tiger Sport 660 (kit para 2 aros)<\/h2>\n<p>O kit de adesivos para rodas Triumph Tiger Sport 660, motocicleta, 17 polegadas, para as 2 rodas, inclui:<\/p>\n<ul>\n<li>Bordas pr\u00e9-curvados de 8mm com 8 adesivos Triumph, 8 adesivos de roda Tiger Sport 660 para as 2 rodas.<\/li>\n<li>4 Adesivos internos de roda Triumph<\/li>\n<li>4 Adesivos internos de roda Tiger Sport 660<\/li>\n<li>1 - 2 Logos Triumph<\/li>\n<li>Qualidade profissional com postura permanente*<\/li>\n<\/ul>\n<p>Autocolantes com cola monom\u00e9rica 100%, que proporciona uma fixa\u00e7\u00e3o permanente e resist\u00eancia a respingos de \u00e1gua e aos raios UV.<br \/>\nNossos Vinis de alta qualidade s\u00e3o projetados e fabricados na Fran\u00e7a.<\/p>","protected":false},"excerpt":{"rendered":"<h2><strong><span style=\"color: #ff0000\">Apuramento<\/span><\/strong><\/h2>\n<h2>Calcomanias para aros Triumph Tiger Sport 660 (kit para 2 aros)<\/h2>\n<p>O kit de adesivos para rodas Triumph Tiger Sport 660, motocicleta, 17 polegadas, para as 2 rodas, inclui:<\/p>\n<ul>\n<li>Bordas pr\u00e9-curvados de 8mm com 8 adesivos Triumph, 8 adesivos de roda Tiger Sport 660 para as 2 rodas.<\/li>\n<li>4 Adesivos internos de roda Triumph<\/li>\n<li>4 Adesivos internos de roda Tiger Sport 660<\/li>\n<li>1-2 Logos Triumph<\/li>\n<li>Qualidade profissional com postura permanente*<\/li>\n<\/ul>\n<p>Autocolantes com cola monom\u00e9rica 100%, que proporciona uma fixa\u00e7\u00e3o permanente e resist\u00eancia a respingos de \u00e1gua e aos raios UV.<br \/>\nNossos Vinis de alta qualidade s\u00e3o projetados e fabricados na Fran\u00e7a.<\/p>","protected":false},"featured_media":49439,"comment_status":"open","ping_status":"closed","template":"","meta":[],"product_brand":[],"product_cat":[929,948],"product_tag":[931,933,932,934,935,722,721,723,192,720],"class_list":{"0":"post-49438","1":"product","2":"type-product","3":"status-publish","4":"has-post-thumbnail","6":"product_cat-destockage","7":"product_cat-triumph","8":"product_tag-destockage","9":"product_tag-promo","10":"product_tag-promotion","11":"product_tag-promotions","12":"product_tag-reduction","13":"product_tag-tiger-sport","14":"product_tag-tiger-sport-660","15":"product_tag-tirumph-tiger-sport","16":"product_tag-triumph","17":"product_tag-triumph-tiger-sport-660","18":"product_shipping_class-standard","20":"entry","21":"has-media","23":"first","24":"instock","25":"sale","26":"taxable","27":"shipping-taxable","28":"purchasable","29":"product-type-variable","30":"col","31":"span_1_of_5","32":"owp-content-center","33":"item-entry","34":"owp-thumbs-layout-horizontal","35":"owp-btn-big","36":"owp-tabs-layout-horizontal","37":"has-no-thumbnails"},"ase":null,"_links":{"self":[{"href":"https:\/\/www.m-stickers.com\/pt\/wp-json\/wp\/v2\/product\/49438","targetHints":{"allow":["GET"]}}],"collection":[{"href":"https:\/\/www.m-stickers.com\/pt\/wp-json\/wp\/v2\/product"}],"about":[{"href":"https:\/\/www.m-stickers.com\/pt\/wp-json\/wp\/v2\/types\/product"}],"replies":[{"embeddable":true,"href":"https:\/\/www.m-stickers.com\/pt\/wp-json\/wp\/v2\/comments?post=49438"}],"wp:featuredmedia":[{"embeddable":true,"href":"https:\/\/www.m-stickers.com\/pt\/wp-json\/wp\/v2\/media\/49439"}],"wp:attachment":[{"href":"https:\/\/www.m-stickers.com\/pt\/wp-json\/wp\/v2\/media?parent=49438"}],"wp:term":[{"taxonomy":"product_brand","embeddable":true,"href":"https:\/\/www.m-stickers.com\/pt\/wp-json\/wp\/v2\/product_brand?post=49438"},{"taxonomy":"product_cat","embeddable":true,"href":"https:\/\/www.m-stickers.com\/pt\/wp-json\/wp\/v2\/product_cat?post=49438"},{"taxonomy":"product_tag","embeddable":true,"href":"https:\/\/www.m-stickers.com\/pt\/wp-json\/wp\/v2\/product_tag?post=49438"}],"curies":[{"name":"Pneu","href":"https:\/\/api.w.org\/{rel}","templated":true}]}}