{"id":49441,"date":"2023-10-26T12:02:43","date_gmt":"2023-10-26T10:02:43","guid":{"rendered":"https:\/\/www.m-stickers.com\/?post_type=product&#038;p=49441"},"modified":"2025-02-25T16:36:10","modified_gmt":"2025-02-25T15:36:10","slug":"decais-de-jantes-bmw-s1000r-amare-em-promocao","status":"publish","type":"product","link":"https:\/\/www.m-stickers.com\/pt\/produit\/stickers-jante-bmw-s1000r-jaune-destockage-copie\/","title":{"rendered":"Stickers de roda BMW S1000R \u2013 Azul\/Vermelho (Liquida\u00e7\u00e3o)"},"content":{"rendered":"<h2><strong><span style=\"color: #ff0000\">Apuramento<\/span><\/strong><\/h2>\n<h2>Calcomanias para rodas de moto BMW S1000R (kit para 2 rodas)<\/h2>\n<p>O kit de decora\u00e7\u00e3o de rodas de moto de 17 polegadas BMW S1000R para as 2 rodas inclui:<\/p>\n<ul>\n<li>Asas de jantes pr\u00e9-curvadas de 8mm com 8 adesivos BMWMotorrad e 8 adesivos S1000 R para as 2 rodas.<\/li>\n<li>4 Adesivos internos de rodas S1000R<\/li>\n<li>4 Decais interiores de aro BMW<\/li>\n<li>1 Log\u00f3 BMW<\/li>\n<li>Qualidade profissional com postura permanente*<\/li>\n<\/ul>\n<p>Autocolantes com cola monom\u00e9rica de 100\u03bc, que proporciona uma fixa\u00e7\u00e3o permanente, bem como resist\u00eancia a jatos d'\u00e1gua e aos raios UV.<br \/>\nNossos Vinis de alta qualidade s\u00e3o projetados e fabricados na Fran\u00e7a.<\/p>\n<hr \/>\n<h3>Decais de rodas moto BMW S1000R \u2013 como aplic\u00e1-los?<\/h3>\n<p>O kit de adesivos para jantes da BMW S1000R \u00e9 simples de aplicar. Independentemente do tamanho ou da superf\u00edcie da jante, o processo permanece o mesmo. Abaixo, encontra-se um tutorial para o ajudar a aplicar corretamente o seu kit de adesivos para as jantes da S1000R. Antes de mais, seguem as precau\u00e7\u00f5es a tomar:<\/p>\n<ul>\n<li>Verificar se o aro deve estar perfeitamente liso.<\/li>\n<li>Limpar bem, desengordurar o aro com nosso produto.\u00a0<a href=\"https:\/\/www.m-stickers.com\/pt\/product\/limpador-de-rodas-de-moto-adesivos-especiais-100ml\/\"><strong>Limpador de para-lamas para adesivos.<\/strong><\/a>. Ou com \u00e1gua e sab\u00e3o (Pode n\u00e3o ser suficiente para remover todos os res\u00edduos de gordura). Ou \u00e1lcool. N\u00e3o use WD40 ou outros produtos com silicone. A jante deve estar perfeitamente limpa.<\/li>\n<li>N\u00e3o manipular os adesivos pelo lado adesivo.<\/li>\n<li>Se os adesivos n\u00e3o forem aplicados imediatamente, guarde-os em local seco e ao abrigo do sol.<\/li>\n<li>No momento da aplica\u00e7\u00e3o, escolha uma pe\u00e7a com temperatura m\u00ednima de 15\u00b0C, protegida do vento e da poeira. Tamb\u00e9m \u00e9 poss\u00edvel aquecer a roda antes de aplicar os adesivos para garantir uma boa fixa\u00e7\u00e3o dos adesivos. Uma temperatura muito fria n\u00e3o permitir\u00e1 uma ades\u00e3o ideal dos adesivos.<\/li>\n<li>Adicione nosso\u00a0<a href=\"https:\/\/www.m-stickers.com\/pt\/product\/placas-de-revestimento\/\">Placa de queijo raclette autoadesiva<\/a>\u00a0ao seu pedido para n\u00e3o perder a aplica\u00e7\u00e3o dos seus autocolantes de aro de roda de moto<\/li>\n<li>Ap\u00f3s a aplica\u00e7\u00e3o, evite o contato com frio e umidade para garantir uma boa fixa\u00e7\u00e3o dos adesivos.<\/li>\n<\/ul>","protected":false},"excerpt":{"rendered":"<h2><strong><span style=\"color: #ff0000\">Apuramento<\/span><\/strong><\/h2>\n<h2>Calcomanias para rodas de moto BMW S1000R (kit para 2 rodas)<\/h2>\n<p>O kit de decora\u00e7\u00e3o de rodas de moto de 17 polegadas BMW S1000R para as 2 rodas inclui:<\/p>\n<ul>\n<li>Asas de jantes pr\u00e9-curvadas de 8mm com 8 adesivos BMWMotorrad e 8 adesivos S1000 R para as 2 rodas.<\/li>\n<li>4 Adesivos internos de rodas S1000R<\/li>\n<li>4 Decais interiores de aro BMW<\/li>\n<li>1 Log\u00f3 BMW<\/li>\n<li>Qualidade profissional com postura permanente*<\/li>\n<\/ul>","protected":false},"featured_media":58542,"comment_status":"open","ping_status":"closed","template":"","meta":[],"product_brand":[],"product_cat":[966,929],"product_tag":[239,1082,931,933,932,934,935,1083],"class_list":{"0":"post-49441","1":"product","2":"type-product","3":"status-publish","4":"has-post-thumbnail","6":"product_cat-stickers-bmw-pas-cher","7":"product_cat-destockage","8":"product_tag-bmw","9":"product_tag-bmw-s1000r","10":"product_tag-destockage","11":"product_tag-promo","12":"product_tag-promotion","13":"product_tag-promotions","14":"product_tag-reduction","15":"product_tag-s1000r","16":"product_shipping_class-standard","18":"entry","19":"has-media","21":"first","22":"instock","23":"sale","24":"taxable","25":"shipping-taxable","26":"purchasable","27":"product-type-simple","28":"col","29":"span_1_of_5","30":"owp-content-center","31":"item-entry","32":"owp-thumbs-layout-horizontal","33":"owp-btn-big","34":"owp-tabs-layout-horizontal","35":"has-no-thumbnails"},"ase":null,"_links":{"self":[{"href":"https:\/\/www.m-stickers.com\/pt\/wp-json\/wp\/v2\/product\/49441","targetHints":{"allow":["GET"]}}],"collection":[{"href":"https:\/\/www.m-stickers.com\/pt\/wp-json\/wp\/v2\/product"}],"about":[{"href":"https:\/\/www.m-stickers.com\/pt\/wp-json\/wp\/v2\/types\/product"}],"replies":[{"embeddable":true,"href":"https:\/\/www.m-stickers.com\/pt\/wp-json\/wp\/v2\/comments?post=49441"}],"wp:featuredmedia":[{"embeddable":true,"href":"https:\/\/www.m-stickers.com\/pt\/wp-json\/wp\/v2\/media\/58542"}],"wp:attachment":[{"href":"https:\/\/www.m-stickers.com\/pt\/wp-json\/wp\/v2\/media?parent=49441"}],"wp:term":[{"taxonomy":"product_brand","embeddable":true,"href":"https:\/\/www.m-stickers.com\/pt\/wp-json\/wp\/v2\/product_brand?post=49441"},{"taxonomy":"product_cat","embeddable":true,"href":"https:\/\/www.m-stickers.com\/pt\/wp-json\/wp\/v2\/product_cat?post=49441"},{"taxonomy":"product_tag","embeddable":true,"href":"https:\/\/www.m-stickers.com\/pt\/wp-json\/wp\/v2\/product_tag?post=49441"}],"curies":[{"name":"Pneu","href":"https:\/\/api.w.org\/{rel}","templated":true}]}}