{"id":50050,"date":"2023-11-14T14:02:40","date_gmt":"2023-11-14T13:02:40","guid":{"rendered":"https:\/\/www.m-stickers.com\/?post_type=product&#038;p=50050"},"modified":"2026-02-17T16:40:55","modified_gmt":"2026-02-17T15:40:55","slug":"jogo-de-frisos-de-roda-honda-nc-700-s-azul-promocao","status":"publish","type":"product","link":"https:\/\/www.m-stickers.com\/pt\/produit\/liseret-de-jante-honda-nc-700-s-bleu-destockage\/","title":{"rendered":"Aro de roda Honda NC 700 S \u2013 Azul (Liquida\u00e7\u00e3o)"},"content":{"rendered":"<h2><strong><span style=\"color: #ff0000;\">Apuramento<\/span><\/strong><\/h2>\n<h2>Jogo de calhas de roda Honda NC 700 S para as 2 rodas, incluindo:<\/h2>\n<ul>\n<li>8 adesivos de borda de roda de moto personalizados com a inscri\u00e7\u00e3o \u201cHonda\u201d + 2 adicionais em caso de erro<\/li>\n<li>8 frisos de aro de moto personalizados com inscri\u00e7\u00e3o \u201cNC 700 S\u201d + 2 extras para eventual erro<\/li>\n<\/ul>\n<p>Seja um total de 20 listras.<\/p>\n<p>Jantes Honda NC 700 S com tiras adesivas com cola monom\u00e9rica, garantindo durabilidade, resist\u00eancia \u00e0 \u00e1gua e aos raios UV.<br \/>\nNossos Vinis de alta qualidade s\u00e3o projetados e fabricados na Fran\u00e7a.<\/p>\n<hr \/>\n<h3>Listra de aro moto Honda NC 700 S \u2013 como coloc\u00e1-las?<\/h3>\n<p>O kit de frisos para aros de moto Honda NC 700 S \u00e9 f\u00e1cil de aplicar, independentemente do tamanho ou da superf\u00edcie do aro, o procedimento permanece o mesmo. Encontre abaixo um tutorial para ajud\u00e1-lo a aplicar corretamente o seu kit de frisos para aros. Antes de mais nada, veja as precau\u00e7\u00f5es a tomar:<\/p>\n<ul>\n<li>Verificar se o aro deve estar perfeitamente liso.<\/li>\n<li>Limpe bem, desengordure o aro com \u00e1gua e sab\u00e3o\/\u00e1lcool. N\u00e3o utilize WD40 ou outros produtos com silicone. O aro precisa estar perfeitamente limpo.<\/li>\n<li>N\u00e3o manipular os adesivos pelo lado adesivo.<\/li>\n<li>Se os adesivos n\u00e3o forem aplicados imediatamente, guarde-os em local seco e protegido do sol.<\/li>\n<li>\u00a0No momento da aplica\u00e7\u00e3o, escolha uma pe\u00e7a com temperatura de pelo menos 15\u00b0C, protegida do vento e da poeira. Tamb\u00e9m \u00e9 poss\u00edvel aquecer a pe\u00e7a antes de aplicar os adesivos para garantir uma boa fixa\u00e7\u00e3o dos mesmos. Uma temperatura muito fria n\u00e3o permitir\u00e1 uma ader\u00eancia ideal dos adesivos.<\/li>\n<li>Adicione o nosso\u00a0<a href=\"https:\/\/www.m-stickers.com\/pt\/product\/placas-de-revestimento\/\">Placa de queijo raclette autoadesiva<\/a>\u00a0ao seu pedido para n\u00e3o perder a aplica\u00e7\u00e3o dos seus autocolantes de aro de roda de moto<\/li>\n<li>Ap\u00f3s a aplica\u00e7\u00e3o, evite o contato com o frio e a umidade para garantir a boa ades\u00e3o dos adesivos.<\/li>\n<\/ul>","protected":false},"excerpt":{"rendered":"<h2><strong><span style=\"color: #ff0000;\">Apuramento<\/span><\/strong><\/h2>\n<h2>Jogo de calhas de roda Honda NC 700 S para as 2 rodas, incluindo:<\/h2>\n<ul>\n<li>8 adesivos de borda de roda de moto personalizados com a inscri\u00e7\u00e3o \u201cHonda\u201d + 2 adicionais em caso de erro<\/li>\n<li>8 frisos de aro de moto personalizados com inscri\u00e7\u00e3o \u201cNC 700 S\u201d + 2 extras para eventual erro<\/li>\n<\/ul>","protected":false},"featured_media":50054,"comment_status":"open","ping_status":"closed","template":"","meta":[],"product_brand":[],"product_cat":[929,963],"product_tag":[931,139,523,401,521,522,933,932,934,935],"class_list":{"0":"post-50050","1":"product","2":"type-product","3":"status-publish","4":"has-post-thumbnail","6":"product_cat-destockage","7":"product_cat-stickers-honda-pas-cher","8":"product_tag-destockage","9":"product_tag-honda","10":"product_tag-honda-nc-700-s","11":"product_tag-liseret","12":"product_tag-nc-700-s","13":"product_tag-nc700s","14":"product_tag-promo","15":"product_tag-promotion","16":"product_tag-promotions","17":"product_tag-reduction","18":"product_shipping_class-standard","20":"entry","21":"has-media","23":"first","24":"outofstock","25":"sale","26":"taxable","27":"shipping-taxable","28":"purchasable","29":"product-type-simple","30":"col","31":"span_1_of_5","32":"owp-content-center","33":"item-entry","34":"owp-thumbs-layout-horizontal","35":"owp-btn-big","36":"owp-tabs-layout-horizontal","37":"has-no-thumbnails"},"ase":null,"_links":{"self":[{"href":"https:\/\/www.m-stickers.com\/pt\/wp-json\/wp\/v2\/product\/50050","targetHints":{"allow":["GET"]}}],"collection":[{"href":"https:\/\/www.m-stickers.com\/pt\/wp-json\/wp\/v2\/product"}],"about":[{"href":"https:\/\/www.m-stickers.com\/pt\/wp-json\/wp\/v2\/types\/product"}],"replies":[{"embeddable":true,"href":"https:\/\/www.m-stickers.com\/pt\/wp-json\/wp\/v2\/comments?post=50050"}],"wp:featuredmedia":[{"embeddable":true,"href":"https:\/\/www.m-stickers.com\/pt\/wp-json\/wp\/v2\/media\/50054"}],"wp:attachment":[{"href":"https:\/\/www.m-stickers.com\/pt\/wp-json\/wp\/v2\/media?parent=50050"}],"wp:term":[{"taxonomy":"product_brand","embeddable":true,"href":"https:\/\/www.m-stickers.com\/pt\/wp-json\/wp\/v2\/product_brand?post=50050"},{"taxonomy":"product_cat","embeddable":true,"href":"https:\/\/www.m-stickers.com\/pt\/wp-json\/wp\/v2\/product_cat?post=50050"},{"taxonomy":"product_tag","embeddable":true,"href":"https:\/\/www.m-stickers.com\/pt\/wp-json\/wp\/v2\/product_tag?post=50050"}],"curies":[{"name":"Pneu","href":"https:\/\/api.w.org\/{rel}","templated":true}]}}