{"id":50055,"date":"2023-11-14T14:27:26","date_gmt":"2023-11-14T13:27:26","guid":{"rendered":"https:\/\/www.m-stickers.com\/?post_type=product&#038;p=50055"},"modified":"2025-02-25T16:36:20","modified_gmt":"2025-02-25T15:36:20","slug":"liseret-de-jante-honda-hornet-600-orange-destockage","status":"publish","type":"product","link":"https:\/\/www.m-stickers.com\/pt\/produit\/liseret-de-jante-honda-hornet-600-orange-destockage\/","title":{"rendered":"Aro de roda Honda Hornet 600 (Liquida\u00e7\u00e3o)"},"content":{"rendered":"<h2><strong><span style=\"color: #ff0000;\">Apuramento<\/span><\/strong><\/h2>\n<h2>Liseret de jante Honda Hornet 600 pour les 2 jantes comprenant :<\/h2>\n<ul>\n<li>8 adesivos de borda de roda de moto personalizados com a inscri\u00e7\u00e3o \u201cHonda\u201d + 2 adicionais em caso de erro<\/li>\n<li>8 liserets jante moto personnalis\u00e9s avec \u00e9criture \u201cHornet 600\u201d + 2 suppl\u00e9mentaire en cas de rat\u00e9<\/li>\n<\/ul>\n<p>Seja um total de 20 listras.<\/p>\n<p>*Liseret de jante Honda Hornet 600 autocollants avec colle monom\u00e8re 100? qui permet une tenue permanente mais aussi une r\u00e9sistance aux projections d\u2019eau et aux UV.<br \/>\nNossos Vinis de alta qualidade s\u00e3o projetados e fabricados na Fran\u00e7a.<\/p>\n<hr \/>\n<h3>Liseret de jante moto Honda Hornet 600 \u2013 comment les poser ?<\/h3>\n<p>O kit de faixas para jantes de moto Honda Hornet 600 \u00e9 f\u00e1cil de aplicar, qualquer que seja o tamanho ou a superf\u00edcie da jante, o processo permanece o mesmo. Abaixo, encontra um tutorial para o ajudar a aplicar corretamente o seu kit de faixas para jantes. Antes de mais, eis as precau\u00e7\u00f5es a tomar:<\/p>\n<ul>\n<li>Verificar se o aro deve estar perfeitamente liso.<\/li>\n<li>Limpe bem, desengordure o aro com \u00e1gua e sab\u00e3o\/\u00e1lcool. N\u00e3o utilize WD40 ou outros produtos com silicone. O aro precisa estar perfeitamente limpo.<\/li>\n<li>N\u00e3o manipular os adesivos pelo lado adesivo.<\/li>\n<li>Se os adesivos n\u00e3o forem aplicados imediatamente, guarde-os em local seco e ao abrigo do sol.<\/li>\n<li>\u00a0No momento da aplica\u00e7\u00e3o, escolha uma pe\u00e7a com temperatura m\u00ednima de 15\u00b0C, protegida do vento e da poeira. Tamb\u00e9m \u00e9 poss\u00edvel aquecer a roda antes de aplicar os adesivos para garantir uma boa fixa\u00e7\u00e3o dos adesivos. Uma temperatura muito fria n\u00e3o permitir\u00e1 uma ades\u00e3o ideal dos adesivos.<\/li>\n<li>Adicione nosso\u00a0<a href=\"https:\/\/www.m-stickers.com\/pt\/product\/placas-de-revestimento\/\">Placa de queijo raclette autoadesiva<\/a>\u00a0ao seu pedido para n\u00e3o perder a aplica\u00e7\u00e3o dos seus autocolantes de aro de roda de moto<\/li>\n<li>Ap\u00f3s a aplica\u00e7\u00e3o, evite o contato com o frio e a umidade para garantir a boa ades\u00e3o dos adesivos.<\/li>\n<\/ul>","protected":false},"excerpt":{"rendered":"<h2><strong><span style=\"color: #ff0000;\">Apuramento<\/span><\/strong><\/h2>\n<h2>Liseret de jante Honda Hornet 600 pour les 2 jantes comprenant :<\/h2>\n<ul>\n<li>8 adesivos de borda de roda de moto personalizados com a inscri\u00e7\u00e3o \u201cHonda\u201d + 2 adicionais em caso de erro<\/li>\n<li>8 liserets jante moto personnalis\u00e9s avec \u00e9criture \u201cHornet 600\u201d + 2 suppl\u00e9mentaire en cas de rat\u00e9<\/li>\n<\/ul>","protected":false},"featured_media":50056,"comment_status":"open","ping_status":"closed","template":"","meta":[],"product_brand":[],"product_cat":[929,963],"product_tag":[931,139,370,371,401,933,932,934,935],"class_list":{"0":"post-50055","1":"product","2":"type-product","3":"status-publish","4":"has-post-thumbnail","6":"product_cat-destockage","7":"product_cat-stickers-honda-pas-cher","8":"product_tag-destockage","9":"product_tag-honda","10":"product_tag-hornet","11":"product_tag-hornet-600","12":"product_tag-liseret","13":"product_tag-promo","14":"product_tag-promotion","15":"product_tag-promotions","16":"product_tag-reduction","17":"product_shipping_class-standard","19":"entry","20":"has-media","22":"first","23":"instock","24":"sale","25":"taxable","26":"shipping-taxable","27":"purchasable","28":"product-type-variable","29":"col","30":"span_1_of_5","31":"owp-content-center","32":"item-entry","33":"owp-thumbs-layout-horizontal","34":"owp-btn-big","35":"owp-tabs-layout-horizontal","36":"has-no-thumbnails"},"ase":null,"_links":{"self":[{"href":"https:\/\/www.m-stickers.com\/pt\/wp-json\/wp\/v2\/product\/50055","targetHints":{"allow":["GET"]}}],"collection":[{"href":"https:\/\/www.m-stickers.com\/pt\/wp-json\/wp\/v2\/product"}],"about":[{"href":"https:\/\/www.m-stickers.com\/pt\/wp-json\/wp\/v2\/types\/product"}],"replies":[{"embeddable":true,"href":"https:\/\/www.m-stickers.com\/pt\/wp-json\/wp\/v2\/comments?post=50055"}],"wp:featuredmedia":[{"embeddable":true,"href":"https:\/\/www.m-stickers.com\/pt\/wp-json\/wp\/v2\/media\/50056"}],"wp:attachment":[{"href":"https:\/\/www.m-stickers.com\/pt\/wp-json\/wp\/v2\/media?parent=50055"}],"wp:term":[{"taxonomy":"product_brand","embeddable":true,"href":"https:\/\/www.m-stickers.com\/pt\/wp-json\/wp\/v2\/product_brand?post=50055"},{"taxonomy":"product_cat","embeddable":true,"href":"https:\/\/www.m-stickers.com\/pt\/wp-json\/wp\/v2\/product_cat?post=50055"},{"taxonomy":"product_tag","embeddable":true,"href":"https:\/\/www.m-stickers.com\/pt\/wp-json\/wp\/v2\/product_tag?post=50055"}],"curies":[{"name":"Pneu","href":"https:\/\/api.w.org\/{rel}","templated":true}]}}