{"id":50152,"date":"2023-11-16T11:11:17","date_gmt":"2023-11-16T10:11:17","guid":{"rendered":"https:\/\/www.m-stickers.com\/?post_type=product&#038;p=50152"},"modified":"2025-02-25T16:36:23","modified_gmt":"2025-02-25T15:36:23","slug":"calotas-de-roda-kawasaki-z800-verdes-descontinuacao","status":"publish","type":"product","link":"https:\/\/www.m-stickers.com\/pt\/produit\/liserets-de-jantes-kawasaki-z800-vert-destockage\/","title":{"rendered":"Aro de roda Kawasaki Z800 (Liquida\u00e7\u00e3o)"},"content":{"rendered":"<h2><strong><span style=\"color: #ff0000;\">Apuramento<\/span><\/strong><\/h2>\n<h2>Cal\u00e7os de rodas Kawasaki Z800 (para 2 rodas)<\/h2>\n<p>O kit de frisos de jantes Z800 para as 2 jantes inclui:<\/p>\n<ul>\n<li>16 Cal\u00e7os de aro pr\u00e9-curvados de 8mm verde \/ aro (+ 4 adicionais)<\/li>\n<li>8 Listras de marca + 8 listras de modelo (+ 2 de cada como extra)<\/li>\n<\/ul>\n<p><strong>Nossos mais<\/strong>\u00a0Qualidade profissional, constru\u00e7\u00e3o permanente, resistentes \u00e0 \u00e1gua e aos raios UV, 100% personaliz\u00e1veis, projetados e fabricados na Fran\u00e7a por motociclistas.<\/p>\n<p><strong>Materiais<\/strong>\u00a0Vin\u00edlicos de alta qualidade, adesivos com cola monom\u00e9rica 100% (fixa\u00e7\u00e3o permanente).<\/p>","protected":false},"excerpt":{"rendered":"<h2><strong><span style=\"color: #ff0000;\">Apuramento<\/span><\/strong><\/h2>\n<h2>Calotas de rodas Kawasaki Z800 \u2013 Verde (para 2 rodas pretas):<\/h2>\n<p>O kit de frisos de jantes Z800 para as 2 jantes inclui:<\/p>\n<ul>\n<li>16 Cal\u00e7os pr\u00e9-curvados de 8mm verde \/ aro (+ 4 adicionais)<\/li>\n<li>8 Listras de marca + 8 listras de modelo (+ 2 de cada adicional)<\/li>\n<\/ul>\n<h3><strong><a href=\"https:\/\/www.m-stickers.com\/pt\/configurador\/configurar\/4370\/\">Crie o teu pr\u00f3prio kit de autocolantes para aros de roda Z800 com o nosso configurador aqui!<\/a><\/strong><strong><a class=\"no-lightbox\" href=\"https:\/\/www.m-stickers.com\/pt\/configurador\/configurar\/4370\/\"><img decoding=\"async\" class=\"alignnone wp-image-6380\" src=\"https:\/\/www.m-stickers.com\/wp-content\/uploads\/2021\/01\/bouton-configurator-3-300x74.png\" alt=\"\" width=\"150\" height=\"37\" srcset=\"https:\/\/www.m-stickers.com\/wp-content\/uploads\/2021\/01\/bouton-configurator-3-300x74.png 300w, https:\/\/www.m-stickers.com\/wp-content\/uploads\/2021\/01\/bouton-configurator-3.png 413w\" sizes=\"(max-width: 150px) 100vw, 150px\" \/><\/a><\/strong><\/h3>","protected":false},"featured_media":50156,"comment_status":"open","ping_status":"closed","template":"","meta":[],"product_brand":[],"product_cat":[929,941],"product_tag":[931,1121,933,932,934,935,1089,143],"class_list":{"0":"post-50152","1":"product","2":"type-product","3":"status-publish","4":"has-post-thumbnail","6":"product_cat-destockage","7":"product_cat-stickers-kawasaki-pas-cher","8":"product_tag-destockage","9":"product_tag-kawazaki","10":"product_tag-promo","11":"product_tag-promotion","12":"product_tag-promotions","13":"product_tag-reduction","14":"product_tag-z-800","15":"product_tag-z800","16":"product_shipping_class-standard","18":"entry","19":"has-media","21":"first","22":"instock","23":"sale","24":"taxable","25":"shipping-taxable","26":"purchasable","27":"product-type-variable","28":"has-default-attributes","29":"col","30":"span_1_of_5","31":"owp-content-center","32":"item-entry","33":"owp-thumbs-layout-horizontal","34":"owp-btn-big","35":"owp-tabs-layout-horizontal","36":"has-no-thumbnails"},"ase":null,"_links":{"self":[{"href":"https:\/\/www.m-stickers.com\/pt\/wp-json\/wp\/v2\/product\/50152","targetHints":{"allow":["GET"]}}],"collection":[{"href":"https:\/\/www.m-stickers.com\/pt\/wp-json\/wp\/v2\/product"}],"about":[{"href":"https:\/\/www.m-stickers.com\/pt\/wp-json\/wp\/v2\/types\/product"}],"replies":[{"embeddable":true,"href":"https:\/\/www.m-stickers.com\/pt\/wp-json\/wp\/v2\/comments?post=50152"}],"wp:featuredmedia":[{"embeddable":true,"href":"https:\/\/www.m-stickers.com\/pt\/wp-json\/wp\/v2\/media\/50156"}],"wp:attachment":[{"href":"https:\/\/www.m-stickers.com\/pt\/wp-json\/wp\/v2\/media?parent=50152"}],"wp:term":[{"taxonomy":"product_brand","embeddable":true,"href":"https:\/\/www.m-stickers.com\/pt\/wp-json\/wp\/v2\/product_brand?post=50152"},{"taxonomy":"product_cat","embeddable":true,"href":"https:\/\/www.m-stickers.com\/pt\/wp-json\/wp\/v2\/product_cat?post=50152"},{"taxonomy":"product_tag","embeddable":true,"href":"https:\/\/www.m-stickers.com\/pt\/wp-json\/wp\/v2\/product_tag?post=50152"}],"curies":[{"name":"Pneu","href":"https:\/\/api.w.org\/{rel}","templated":true}]}}