{"id":50160,"date":"2023-11-16T11:39:12","date_gmt":"2023-11-16T10:39:12","guid":{"rendered":"https:\/\/www.m-stickers.com\/?post_type=product&#038;p=50160"},"modified":"2025-02-25T16:36:13","modified_gmt":"2025-02-25T15:36:13","slug":"borlas-de-roda-kawasaki-z650-pretas-em-liquidacao","status":"publish","type":"product","link":"https:\/\/www.m-stickers.com\/pt\/produit\/liserets-de-jantes-kawasaki-z650-noir-destockage\/","title":{"rendered":"Borlas de roda Kawasaki Z650 \u2013 preto (descontinua\u00e7\u00e3o)"},"content":{"rendered":"<h2><span style=\"color: #ff0000;\">Desestoque <\/span><\/h2>\n<h2>Cal\u00e7os de aro Kawasaki Z650 para os 2 aros, incluindo:<\/h2>\n<ul>\n<li style=\"list-style-type: none;\">\n<ul>\n<li>8 listras de aro de moto personalizadas com a inscri\u00e7\u00e3o \"Kawasaki\" + 1 ou 2 adicionais em caso de erro.<\/li>\n<li>8 frisos de roda de moto personalizados com a inscri\u00e7\u00e3o \"z650\" + 1 ou 2 extras em caso de erro.<\/li>\n<li>16 calotas de roda de moto pr\u00e9-dobradas + adicionais em caso de defeito<\/li>\n<\/ul>\n<\/li>\n<\/ul>\n<p>&nbsp;<\/p>\n<p>Adesivos para aro de roda Kawasaki Z650, com cola monom\u00e9rica 100%, garantindo fixa\u00e7\u00e3o permanente e resist\u00eancia a respingos d'\u00e1gua e aos raios UV.<br \/>\nNossos Vinis de alta qualidade s\u00e3o projetados e fabricados na Fran\u00e7a.<\/p>\n<hr \/>\n<h3>Anel de roda de motocicleta Kawasaki Z650 \u2013 como coloc\u00e1-los?<\/h3>\n<p>O kit de faixas para aros de moto Kawasaki Z650 \u00e9 f\u00e1cil de instalar, independentemente do tamanho ou da superf\u00edcie do **aro**, o processo permanece o mesmo. Abaixo, voc\u00ea encontrar\u00e1 um tutorial para ajud\u00e1-lo a instalar corretamente seu kit de faixas para **aros**. . <span style=\"color: #ff0000;\">Antes de mais nada, aqui est\u00e3o as precau\u00e7\u00f5es a tomar:<\/span><\/p>\n<ul>\n<li>Verificar se o aro deve estar perfeitamente liso.<\/li>\n<li>Limpe bem, remova a graxa da roda com \u00e1gua e sab\u00e3o\/\u00e1lcool. <span style=\"color: #ff0000;\">N\u00e3o usar WD40 ou outros produtos \u00e0 base de silicone.\u00a0<\/span>O aro deve estar perfeitamente limpo.<\/li>\n<li>N\u00e3o manipular os adesivos pelo lado adesivo.<\/li>\n<li>Se os adesivos n\u00e3o forem colados imediatamente, guarde-os em local seco e protegido do sol.<\/li>\n<li>\u00a0No momento da aplica\u00e7\u00e3o, escolha uma pe\u00e7a com temperatura de, no m\u00ednimo, 15\u00b0C, protegida do vento e do p\u00f3. Tamb\u00e9m \u00e9 poss\u00edvel aquecer a pe\u00e7a antes de aplicar os adesivos para garantir uma boa fixa\u00e7\u00e3o dos mesmos. Uma temperatura muito fria n\u00e3o permitir\u00e1 uma ades\u00e3o ideal dos adesivos.<\/li>\n<li>Adicione nosso <a href=\"https:\/\/www.m-stickers.com\/pt\/product\/placas-de-revestimento\/\">Placa de queijo raclette autoadesiva<\/a> ao seu pedido para n\u00e3o perder a aplica\u00e7\u00e3o dos seus autocolantes de aro de roda de moto<\/li>\n<li>Ap\u00f3s a aplica\u00e7\u00e3o, evite o contato com frio e umidade para garantir uma boa fixa\u00e7\u00e3o dos adesivos.<\/li>\n<\/ul>\n<p><strong><a href=\"https:\/\/www.m-stickers.com\/pt\/tutorial-como-colocar-adesivos-de-rodas-de-moto\/\">TUTORIAIS completo para instalar seu Kit de friso de roda: <\/a><a href=\"https:\/\/www.m-stickers.com\/pt\/tutorial-como-colocar-adesivos-de-rodas-de-moto\/\"><img decoding=\"async\" class=\"alignnone wp-image-6382\" src=\"https:\/\/www.m-stickers.com\/wp-content\/uploads\/2021\/01\/bouton-tuto-300x74.png\" alt=\"\" width=\"150\" height=\"37\" srcset=\"https:\/\/www.m-stickers.com\/wp-content\/uploads\/2021\/01\/bouton-tuto-300x74.png 300w, https:\/\/www.m-stickers.com\/wp-content\/uploads\/2021\/01\/bouton-tuto.png 413w\" sizes=\"(max-width: 150px) 100vw, 150px\" \/><\/a><\/strong><\/p>\n<h4>V\u00eddeo tutorial completo de instala\u00e7\u00e3o do kit de frisos de roda:<\/h4>\n<p><iframe title=\"Player de v\u00eddeo do YouTube\" src=\"https:\/\/www.youtube.com\/embed\/1AJhkFaZIsk\" width=\"1120\" height=\"630\" frameborder=\"0\" allowfullscreen=\"allowfullscreen\" data-mce-fragment=\"1\"><\/iframe><\/p>\n<hr \/>\n<h2>\u00c9 poss\u00edvel personalizar meus aros de roda Kawasaki?<\/h2>\n<p>Faixa autocolante de aro de moto personalizada gra\u00e7as aos nossos efeitos! Para o seu kit decorativo de aros, oferecemos os efeitos: Hologr\u00e1fico \/ Fotoluminescente \/ Retrorrefletor \/ Fluorescente \/ Brilhante \/ Fosco. <strong>-&gt; <a href=\"https:\/\/www.m-stickers.com\/pt\/nossos-adesivos\/\">Venha aqui para saber mais sobre nossos adesivos!<\/a><\/strong><\/p>\n<p>Voc\u00ea tamb\u00e9m pode personalizar seu pr\u00f3prio kit decorativo de aros de roda com nosso<strong> <a href=\"https:\/\/www.m-stickers.com\/pt\/categorie-configurator\/\">Configurador instant\u00e2neo! <\/a><a href=\"https:\/\/www.m-stickers.com\/pt\/categorie-configurator\/\"><img decoding=\"async\" class=\"alignnone wp-image-6380\" src=\"https:\/\/www.m-stickers.com\/wp-content\/uploads\/2021\/01\/bouton-configurator-3-300x74.png\" alt=\"\" width=\"150\" height=\"37\" srcset=\"https:\/\/www.m-stickers.com\/wp-content\/uploads\/2021\/01\/bouton-configurator-3-300x74.png 300w, https:\/\/www.m-stickers.com\/wp-content\/uploads\/2021\/01\/bouton-configurator-3.png 413w\" sizes=\"(max-width: 150px) 100vw, 150px\" \/><\/a><\/strong><\/p>\n<hr \/>\n<h3>Quais cores personalizadas de jantes para moto Leseret z650 est\u00e3o dispon\u00edveis?<\/h3>\n<p>Os nossos kits de faixas de aros de jantes de motocicleta est\u00e3o dispon\u00edveis por predefini\u00e7\u00e3o nas seguintes cores: Branco \/ Preto \/ Vermelho \/ Laranja \/ Amarelo \/ Verde \/ Ciano \/ Azul \/ Rosa. Poder\u00e1 tamb\u00e9m escolher a cor que desejar com a nossa op\u00e7\u00e3o de cor espec\u00edfica ou ao aceder ao nosso configurador!<\/p>\n<hr \/>\n<h4>Uma pergunta sobre o kit decorativo de aros? Um pedido de personaliza\u00e7\u00e3o? N\u00e3o hesite em contactar-nos atrav\u00e9s da p\u00e1gina de contacto:\u00a0<a href=\"https:\/\/www.m-stickers.com\/pt\/contato\/\"><img decoding=\"async\" class=\"alignnone wp-image-6381\" src=\"https:\/\/www.m-stickers.com\/wp-content\/uploads\/2021\/01\/bouton-contact-300x74.png\" alt=\"\" width=\"150\" height=\"37\" srcset=\"https:\/\/www.m-stickers.com\/wp-content\/uploads\/2021\/01\/bouton-contact-300x74.png 300w, https:\/\/www.m-stickers.com\/wp-content\/uploads\/2021\/01\/bouton-contact.png 413w\" sizes=\"(max-width: 150px) 100vw, 150px\" \/><\/a><\/h4>","protected":false},"excerpt":{"rendered":"<h2><span style=\"color: #ff0000;\">Desestoque <\/span><\/h2>\n<h2>Cal\u00e7os de aro Kawasaki Z650 para os 2 aros, incluindo:<\/h2>\n<ul>\n<li style=\"list-style-type: none;\">\n<ul>\n<li>8 frisos de aro de moto personalizados com a inscri\u00e7\u00e3o \"Kawasaki\" + 2 extras caso haja defeito<\/li>\n<li>8 listras de aro de motocicleta personalizadas com a inscri\u00e7\u00e3o \"z650\" + 2 adicionais, caso haja defeito.<\/li>\n<li>16 cal\u00e7os de aro de moto pr\u00e9-curvados + 4 adicionais para o caso de defeito<\/li>\n<\/ul>\n<\/li>\n<\/ul>\n<p>Estado: correto<\/p>\n<h3><strong><a href=\"https:\/\/www.m-stickers.com\/pt\/configurador\/configurar\/5187\/\">Personalize seu kit decorativo de jantes com nosso configurador online! <\/a><a href=\"https:\/\/www.m-stickers.com\/pt\/configurador\/configurar\/19690\/\"><img decoding=\"async\" class=\"alignnone wp-image-6380\" src=\"https:\/\/www.m-stickers.com\/wp-content\/uploads\/2021\/01\/bouton-configurator-3-300x74.png\" alt=\"\" width=\"150\" height=\"37\" srcset=\"https:\/\/www.m-stickers.com\/wp-content\/uploads\/2021\/01\/bouton-configurator-3-300x74.png 300w, https:\/\/www.m-stickers.com\/wp-content\/uploads\/2021\/01\/bouton-configurator-3.png 413w\" sizes=\"(max-width: 150px) 100vw, 150px\" \/><\/a><\/strong><\/h3>","protected":false},"featured_media":50172,"comment_status":"open","ping_status":"closed","template":"","meta":[],"product_brand":[],"product_cat":[929,941],"product_tag":[404,1121,401,403,932,935,220,145],"class_list":{"0":"post-50160","1":"product","2":"type-product","3":"status-publish","4":"has-post-thumbnail","6":"product_cat-destockage","7":"product_cat-stickers-kawasaki-pas-cher","8":"product_tag-kawasaki-z650","9":"product_tag-kawazaki","10":"product_tag-liseret","11":"product_tag-liserets","12":"product_tag-promotion","13":"product_tag-reduction","14":"product_tag-z-650","15":"product_tag-z650","16":"product_shipping_class-standard","18":"entry","19":"has-media","21":"first","22":"instock","23":"sale","24":"taxable","25":"shipping-taxable","26":"purchasable","27":"product-type-simple","28":"col","29":"span_1_of_5","30":"owp-content-center","31":"item-entry","32":"owp-thumbs-layout-horizontal","33":"owp-btn-big","34":"owp-tabs-layout-horizontal","35":"has-no-thumbnails"},"ase":null,"_links":{"self":[{"href":"https:\/\/www.m-stickers.com\/pt\/wp-json\/wp\/v2\/product\/50160","targetHints":{"allow":["GET"]}}],"collection":[{"href":"https:\/\/www.m-stickers.com\/pt\/wp-json\/wp\/v2\/product"}],"about":[{"href":"https:\/\/www.m-stickers.com\/pt\/wp-json\/wp\/v2\/types\/product"}],"replies":[{"embeddable":true,"href":"https:\/\/www.m-stickers.com\/pt\/wp-json\/wp\/v2\/comments?post=50160"}],"wp:featuredmedia":[{"embeddable":true,"href":"https:\/\/www.m-stickers.com\/pt\/wp-json\/wp\/v2\/media\/50172"}],"wp:attachment":[{"href":"https:\/\/www.m-stickers.com\/pt\/wp-json\/wp\/v2\/media?parent=50160"}],"wp:term":[{"taxonomy":"product_brand","embeddable":true,"href":"https:\/\/www.m-stickers.com\/pt\/wp-json\/wp\/v2\/product_brand?post=50160"},{"taxonomy":"product_cat","embeddable":true,"href":"https:\/\/www.m-stickers.com\/pt\/wp-json\/wp\/v2\/product_cat?post=50160"},{"taxonomy":"product_tag","embeddable":true,"href":"https:\/\/www.m-stickers.com\/pt\/wp-json\/wp\/v2\/product_tag?post=50160"}],"curies":[{"name":"Pneu","href":"https:\/\/api.w.org\/{rel}","templated":true}]}}