{"id":50281,"date":"2023-11-16T16:38:50","date_gmt":"2023-11-16T15:38:50","guid":{"rendered":"https:\/\/www.m-stickers.com\/?post_type=product&#038;p=50281"},"modified":"2026-02-23T19:13:08","modified_gmt":"2026-02-23T18:13:08","slug":"jantes-triumph-trident-com-frisos-em-promocao","status":"publish","type":"product","link":"https:\/\/www.m-stickers.com\/pt\/produit\/liserets-de-jantes-triumph-trident-destockage\/","title":{"rendered":"Faixas de aro M-Stickers Triumph Trident Vermelho \u2013 Liquida\u00e7\u00e3o"},"content":{"rendered":"<h2><span style=\"color: #ff0000;\">Apuramento<\/span><\/h2>\n<p data-start=\"316\" data-end=\"567\">D\u00ea um toque esportivo e elegante \u00e0 sua moto com este <strong data-start=\"378\" data-end=\"423\">kit de faixas de aros de rodas Triumph Trident<\/strong>, projetado especificamente para <strong data-start=\"453\" data-end=\"473\">Rodas 17 polegadas<\/strong>. Ideal para real\u00e7ar o visual da sua Trident com um contraste vermelho din\u00e2mico e moderno.<\/p>\n<p data-start=\"569\" data-end=\"610\">Este kit completo para 2 jantes inclui:<\/p>\n<ul data-start=\"611\" data-end=\"756\">\n<li data-start=\"611\" data-end=\"660\">\n<p data-start=\"613\" data-end=\"660\">20 faixas pr\u00e9-curvadas de 8 mm vermelho<\/p>\n<\/li>\n<li data-start=\"661\" data-end=\"704\">\n<p data-start=\"663\" data-end=\"704\">10 pequenos adesivos para roda Triumph brancos<\/p>\n<\/li>\n<li data-start=\"705\" data-end=\"756\">\n<p data-start=\"707\" data-end=\"756\">10 pequenos autocolantes de aro Trident vermelho e branco<\/p>\n<\/li>\n<\/ul>\n<p data-start=\"758\" data-end=\"919\">Fabricado em <strong data-start=\"771\" data-end=\"795\">vinil de alta qualidade<\/strong>, estes frisos oferecem uma <strong data-start=\"822\" data-end=\"842\">manuten\u00e7\u00e3o permanente<\/strong>, excelente resist\u00eancia aos raios UV, \u00e1gua e salpicos da estrada.<\/p>\n<p data-start=\"921\" data-end=\"1021\">Pr\u00e9-cortados para um <strong data-start=\"943\" data-end=\"958\">f\u00e1cil aplica\u00e7\u00e3o<\/strong>, garantem um resultado limpo, duradouro e profissional.<\/p>\n<p data-start=\"1023\" data-end=\"1152\">Aproveite esta <strong data-start=\"1041\" data-end=\"1064\">oferta em estoque<\/strong> para equipar a sua Triumph Trident a pre\u00e7o reduzido e dar-lhe um estilo de corrida afirmado.<\/p>","protected":false},"excerpt":{"rendered":"<h2><span style=\"color: #ff0000;\">Apuramento<\/span><\/h2>\n<p data-start=\"316\" data-end=\"567\">D\u00ea um toque esportivo e elegante \u00e0 sua moto com este <strong data-start=\"378\" data-end=\"423\">kit de faixas de aros de rodas Triumph Trident<\/strong>, projetado especificamente para <strong data-start=\"453\" data-end=\"473\">Rodas 17 polegadas<\/strong>. Ideal para real\u00e7ar o visual da sua Trident com um contraste vermelho din\u00e2mico e moderno.<\/p>\n<p data-start=\"569\" data-end=\"610\">Este kit completo para 2 jantes inclui:<\/p>\n<ul data-start=\"611\" data-end=\"756\">\n<li data-start=\"611\" data-end=\"660\">\n<p data-start=\"613\" data-end=\"660\">20 faixas pr\u00e9-curvadas de 8 mm vermelho<\/p>\n<\/li>\n<li data-start=\"661\" data-end=\"704\">\n<p data-start=\"663\" data-end=\"704\">10 pequenos adesivos para roda Triumph brancos<\/p>\n<\/li>\n<li data-start=\"705\" data-end=\"756\">\n<p data-start=\"707\" data-end=\"756\">10 pequenos autocolantes de aro Trident vermelho e branco<\/p>\n<\/li>\n<\/ul>\n<p data-start=\"758\" data-end=\"919\">Fabricado em <strong data-start=\"771\" data-end=\"795\">vinil de alta qualidade<\/strong>, estes frisos oferecem uma <strong data-start=\"822\" data-end=\"842\">manuten\u00e7\u00e3o permanente<\/strong>, excelente resist\u00eancia aos raios UV, \u00e1gua e salpicos da estrada.<\/p>\n<p data-start=\"921\" data-end=\"1021\">Pr\u00e9-cortados para um <strong data-start=\"943\" data-end=\"958\">f\u00e1cil aplica\u00e7\u00e3o<\/strong>, garantem um resultado limpo, duradouro e profissional.<\/p>\n<p data-start=\"1023\" data-end=\"1152\">Aproveite esta <strong data-start=\"1041\" data-end=\"1064\">oferta em estoque<\/strong> para equipar a sua Triumph Trident a pre\u00e7o reduzido e dar-lhe um estilo de corrida afirmado.<\/p>\n<h3><\/h3>","protected":false},"featured_media":50284,"comment_status":"open","ping_status":"closed","template":"","meta":[],"product_brand":[],"product_cat":[929,948],"product_tag":[931,403,934,935,1127,192],"class_list":{"0":"post-50281","1":"product","2":"type-product","3":"status-publish","4":"has-post-thumbnail","6":"product_cat-destockage","7":"product_cat-triumph","8":"product_tag-destockage","9":"product_tag-liserets","10":"product_tag-promotions","11":"product_tag-reduction","12":"product_tag-trident","13":"product_tag-triumph","14":"product_shipping_class-standard","16":"entry","17":"has-media","19":"first","20":"instock","21":"sale","22":"taxable","23":"shipping-taxable","24":"purchasable","25":"product-type-simple","26":"col","27":"span_1_of_5","28":"owp-content-center","29":"item-entry","30":"owp-thumbs-layout-horizontal","31":"owp-btn-big","32":"owp-tabs-layout-horizontal","33":"has-no-thumbnails"},"ase":null,"_links":{"self":[{"href":"https:\/\/www.m-stickers.com\/pt\/wp-json\/wp\/v2\/product\/50281","targetHints":{"allow":["GET"]}}],"collection":[{"href":"https:\/\/www.m-stickers.com\/pt\/wp-json\/wp\/v2\/product"}],"about":[{"href":"https:\/\/www.m-stickers.com\/pt\/wp-json\/wp\/v2\/types\/product"}],"replies":[{"embeddable":true,"href":"https:\/\/www.m-stickers.com\/pt\/wp-json\/wp\/v2\/comments?post=50281"}],"wp:featuredmedia":[{"embeddable":true,"href":"https:\/\/www.m-stickers.com\/pt\/wp-json\/wp\/v2\/media\/50284"}],"wp:attachment":[{"href":"https:\/\/www.m-stickers.com\/pt\/wp-json\/wp\/v2\/media?parent=50281"}],"wp:term":[{"taxonomy":"product_brand","embeddable":true,"href":"https:\/\/www.m-stickers.com\/pt\/wp-json\/wp\/v2\/product_brand?post=50281"},{"taxonomy":"product_cat","embeddable":true,"href":"https:\/\/www.m-stickers.com\/pt\/wp-json\/wp\/v2\/product_cat?post=50281"},{"taxonomy":"product_tag","embeddable":true,"href":"https:\/\/www.m-stickers.com\/pt\/wp-json\/wp\/v2\/product_tag?post=50281"}],"curies":[{"name":"Pneu","href":"https:\/\/api.w.org\/{rel}","templated":true}]}}