{"id":50331,"date":"2023-11-17T10:33:18","date_gmt":"2023-11-17T09:33:18","guid":{"rendered":"https:\/\/www.m-stickers.com\/?post_type=product&#038;p=50331"},"modified":"2026-02-23T19:09:47","modified_gmt":"2026-02-23T18:09:47","slug":"borrachos-de-roda-suzuki-gsx-r-600-liquidacao","status":"publish","type":"product","link":"https:\/\/www.m-stickers.com\/pt\/produit\/liserets-jantes-suzuki-gsx-r-600-destockage\/","title":{"rendered":"Liserets de jantes Suzuki GSX-R 600 Vermelho \u2013 Liquida\u00e7\u00e3o"},"content":{"rendered":"<h2><span style=\"color: #ff0000;\">Desestoque\u00a0<\/span><\/h2>\n<p data-start=\"311\" data-end=\"552\">D\u00ea um visual de corrida ic\u00f4nico \u00e0 sua moto com este <strong data-start=\"369\" data-end=\"418\">kit de fitas roda Suzuki GSX-R 600 vermelho<\/strong>, projetado especificamente para <strong data-start=\"448\" data-end=\"468\">Rodas 17 polegadas<\/strong>. Ideal para real\u00e7ar sua GSX-R 600 com um estilo esportivo fiel ao DNA da Suzuki.<\/p>\n<p data-start=\"554\" data-end=\"595\">Este kit completo para 2 jantes inclui:<\/p>\n<ul data-start=\"596\" data-end=\"738\">\n<li data-start=\"596\" data-end=\"645\">\n<p data-start=\"598\" data-end=\"645\">20 faixas pr\u00e9-curvadas de 8 mm vermelho<\/p>\n<\/li>\n<li data-start=\"646\" data-end=\"690\">\n<p data-start=\"648\" data-end=\"690\">10 pequenos autocolantes SUZUKI branco e vermelho<\/p>\n<\/li>\n<li data-start=\"691\" data-end=\"738\">\n<p data-start=\"693\" data-end=\"738\">10 pequenos adesivos GSX-R 600 branco e vermelho<\/p>\n<\/li>\n<\/ul>\n<p data-start=\"740\" data-end=\"931\">Fabricado em <strong data-start=\"753\" data-end=\"778\">vinis de alta qualidade<\/strong>, com cola monom\u00e9rica que garante uma <strong data-start=\"813\" data-end=\"833\">manuten\u00e7\u00e3o permanente<\/strong>, estas faixas oferecem excelente resist\u00eancia aos raios UV, \u00e0 \u00e1gua e aos salpicos da estrada.<\/p>\n<p data-start=\"933\" data-end=\"1114\">Pr\u00e9-cortados para um <strong data-start=\"955\" data-end=\"970\">f\u00e1cil aplica\u00e7\u00e3o<\/strong>, eles garantem um acabamento limpo, dur\u00e1vel e profissional. Desenhados e fabricados em Fran\u00e7a, eles s\u00e3o concebidos por motociclistas para motociclistas.<\/p>\n<p data-start=\"1116\" data-end=\"1246\">Aproveite esta <strong data-start=\"1134\" data-end=\"1157\">oferta em estoque<\/strong> para equipar a sua Suzuki GSX-R 600 a pre\u00e7o reduzido e dar-lhe um estilo racing afirmado.<\/p>","protected":false},"excerpt":{"rendered":"<h2><span style=\"color: #ff0000;\">Desestoque\u00a0<\/span><\/h2>\n<p data-start=\"311\" data-end=\"552\">D\u00ea um visual de corrida ic\u00f4nico \u00e0 sua moto com este <strong data-start=\"369\" data-end=\"418\">kit de fitas roda Suzuki GSX-R 600 vermelho<\/strong>, projetado especificamente para <strong data-start=\"448\" data-end=\"468\">Rodas 17 polegadas<\/strong>. Ideal para real\u00e7ar sua GSX-R 600 com um estilo esportivo fiel ao DNA da Suzuki.<\/p>\n<p data-start=\"554\" data-end=\"595\">Este kit completo para 2 jantes inclui:<\/p>\n<ul data-start=\"596\" data-end=\"738\">\n<li data-start=\"596\" data-end=\"645\">\n<p data-start=\"598\" data-end=\"645\">20 faixas pr\u00e9-curvadas de 8 mm vermelho<\/p>\n<\/li>\n<li data-start=\"646\" data-end=\"690\">\n<p data-start=\"648\" data-end=\"690\">10 pequenos autocolantes SUZUKI branco e vermelho<\/p>\n<\/li>\n<li data-start=\"691\" data-end=\"738\">\n<p data-start=\"693\" data-end=\"738\">10 pequenos adesivos GSX-R 600 branco e vermelho<\/p>\n<\/li>\n<\/ul>\n<p data-start=\"740\" data-end=\"931\">Fabricado em <strong data-start=\"753\" data-end=\"778\">vinis de alta qualidade<\/strong>, com cola monom\u00e9rica que garante uma <strong data-start=\"813\" data-end=\"833\">manuten\u00e7\u00e3o permanente<\/strong>, estas faixas oferecem excelente resist\u00eancia aos raios UV, \u00e0 \u00e1gua e aos salpicos da estrada.<\/p>\n<p data-start=\"933\" data-end=\"1114\">Pr\u00e9-cortados para um <strong data-start=\"955\" data-end=\"970\">f\u00e1cil aplica\u00e7\u00e3o<\/strong>, eles garantem um acabamento limpo, dur\u00e1vel e profissional. Desenhados e fabricados em Fran\u00e7a, eles s\u00e3o concebidos por motociclistas para motociclistas.<\/p>\n<p data-start=\"1116\" data-end=\"1246\">Aproveite esta <strong data-start=\"1134\" data-end=\"1157\">oferta em estoque<\/strong> para equipar a sua Suzuki GSX-R 600 a pre\u00e7o reduzido e dar-lhe um estilo racing afirmado.<\/p>\n<h3><\/h3>","protected":false},"featured_media":50342,"comment_status":"open","ping_status":"closed","template":"","meta":[],"product_brand":[],"product_cat":[929,938],"product_tag":[931,283,268,286,267,266,401,403,932,935],"class_list":{"0":"post-50331","1":"product","2":"type-product","3":"status-publish","4":"has-post-thumbnail","6":"product_cat-destockage","7":"product_cat-sticker-suzuki-pas-cher","8":"product_tag-destockage","9":"product_tag-gsx-r","10":"product_tag-gsx-r-600","11":"product_tag-gsxr","12":"product_tag-gsxr-600","13":"product_tag-gsxr600","14":"product_tag-liseret","15":"product_tag-liserets","16":"product_tag-promotion","17":"product_tag-reduction","18":"product_shipping_class-standard","20":"entry","21":"has-media","23":"first","24":"instock","25":"sale","26":"taxable","27":"shipping-taxable","28":"purchasable","29":"product-type-simple","30":"col","31":"span_1_of_5","32":"owp-content-center","33":"item-entry","34":"owp-thumbs-layout-horizontal","35":"owp-btn-big","36":"owp-tabs-layout-horizontal","37":"has-no-thumbnails"},"ase":null,"_links":{"self":[{"href":"https:\/\/www.m-stickers.com\/pt\/wp-json\/wp\/v2\/product\/50331","targetHints":{"allow":["GET"]}}],"collection":[{"href":"https:\/\/www.m-stickers.com\/pt\/wp-json\/wp\/v2\/product"}],"about":[{"href":"https:\/\/www.m-stickers.com\/pt\/wp-json\/wp\/v2\/types\/product"}],"replies":[{"embeddable":true,"href":"https:\/\/www.m-stickers.com\/pt\/wp-json\/wp\/v2\/comments?post=50331"}],"wp:featuredmedia":[{"embeddable":true,"href":"https:\/\/www.m-stickers.com\/pt\/wp-json\/wp\/v2\/media\/50342"}],"wp:attachment":[{"href":"https:\/\/www.m-stickers.com\/pt\/wp-json\/wp\/v2\/media?parent=50331"}],"wp:term":[{"taxonomy":"product_brand","embeddable":true,"href":"https:\/\/www.m-stickers.com\/pt\/wp-json\/wp\/v2\/product_brand?post=50331"},{"taxonomy":"product_cat","embeddable":true,"href":"https:\/\/www.m-stickers.com\/pt\/wp-json\/wp\/v2\/product_cat?post=50331"},{"taxonomy":"product_tag","embeddable":true,"href":"https:\/\/www.m-stickers.com\/pt\/wp-json\/wp\/v2\/product_tag?post=50331"}],"curies":[{"name":"Pneu","href":"https:\/\/api.w.org\/{rel}","templated":true}]}}