{"id":50347,"date":"2023-11-17T11:03:47","date_gmt":"2023-11-17T10:03:47","guid":{"rendered":"https:\/\/www.m-stickers.com\/?post_type=product&#038;p=50347"},"modified":"2026-02-23T19:01:14","modified_gmt":"2026-02-23T18:01:14","slug":"borboletas-de-roda-honda-cb-650r-liquidacao","status":"publish","type":"product","link":"https:\/\/www.m-stickers.com\/pt\/produit\/liserets-jantes-honda-cb-650-r-destockage\/","title":{"rendered":"Faixas para jantes Honda CB 650 R Preto \u2013 Desestockagem"},"content":{"rendered":"<h2><span style=\"color: #ff0000;\">Desestoque<\/span><\/h2>\n<p data-start=\"308\" data-end=\"551\">Personalize sua motocicleta com este <strong data-start=\"341\" data-end=\"382\">kit de frisos de roda Honda CB 650 R<\/strong>, projetado especificamente para <strong data-start=\"412\" data-end=\"432\">Rodas 17 polegadas<\/strong>. Ideal para real\u00e7ar o estilo desportivo e agressivo da sua CB 650 R com um acabamento preto elegante e contrastante.<\/p>\n<p data-start=\"553\" data-end=\"594\">Este kit completo para 2 jantes inclui:<\/p>\n<ul data-start=\"595\" data-end=\"717\">\n<li data-start=\"595\" data-end=\"636\">\n<p data-start=\"597\" data-end=\"636\">20 faixas pr\u00e9-curvadas de 8 mm pretas<\/p>\n<\/li>\n<li data-start=\"637\" data-end=\"679\">\n<p data-start=\"639\" data-end=\"679\">10 pequenos *stickers* Honda vermelho e preto<\/p>\n<\/li>\n<li data-start=\"680\" data-end=\"717\">\n<p data-start=\"682\" data-end=\"717\">10 pequenos adesivos CB 650 R pretos<\/p>\n<\/li>\n<\/ul>\n<p data-start=\"719\" data-end=\"910\">Fabricado em <strong data-start=\"732\" data-end=\"757\">vinis de alta qualidade<\/strong>, com cola monom\u00e9rica que garante uma <strong data-start=\"792\" data-end=\"812\">manuten\u00e7\u00e3o permanente<\/strong>, estas faixas oferecem excelente resist\u00eancia aos raios UV, \u00e0 \u00e1gua e aos salpicos da estrada.<\/p>\n<p data-start=\"912\" data-end=\"1093\">Pr\u00e9-cortados para um <strong data-start=\"934\" data-end=\"949\">f\u00e1cil aplica\u00e7\u00e3o<\/strong>, eles garantem um acabamento limpo, dur\u00e1vel e profissional. Desenhados e fabricados em Fran\u00e7a, eles s\u00e3o concebidos por motociclistas para motociclistas.<\/p>\n<p data-start=\"1095\" data-end=\"1228\">Aproveite esta <strong data-start=\"1113\" data-end=\"1136\">oferta em estoque<\/strong> para equipar a sua Honda CB 650 R a pre\u00e7o reduzido, mantendo um estilo de corrida afirmado.<\/p>","protected":false},"excerpt":{"rendered":"<h2><span style=\"color: #ff0000;\">Desestoque<\/span><\/h2>\n<p data-start=\"308\" data-end=\"551\">Personalize sua motocicleta com este <strong data-start=\"341\" data-end=\"382\">kit de frisos de roda Honda CB 650 R<\/strong>, projetado especificamente para <strong data-start=\"412\" data-end=\"432\">Rodas 17 polegadas<\/strong>. Ideal para real\u00e7ar o estilo desportivo e agressivo da sua CB 650 R com um acabamento preto elegante e contrastante.<\/p>\n<p data-start=\"553\" data-end=\"594\">Este kit completo para 2 jantes inclui:<\/p>\n<ul data-start=\"595\" data-end=\"717\">\n<li data-start=\"595\" data-end=\"636\">\n<p data-start=\"597\" data-end=\"636\">20 faixas pr\u00e9-curvadas de 8 mm pretas<\/p>\n<\/li>\n<li data-start=\"637\" data-end=\"679\">\n<p data-start=\"639\" data-end=\"679\">10 pequenos *stickers* Honda vermelho e preto<\/p>\n<\/li>\n<li data-start=\"680\" data-end=\"717\">\n<p data-start=\"682\" data-end=\"717\">10 pequenos adesivos CB 650 R pretos<\/p>\n<\/li>\n<\/ul>\n<p data-start=\"719\" data-end=\"910\">Fabricado em <strong data-start=\"732\" data-end=\"757\">vinis de alta qualidade<\/strong>, com cola monom\u00e9rica que garante uma <strong data-start=\"792\" data-end=\"812\">manuten\u00e7\u00e3o permanente<\/strong>, estas faixas oferecem excelente resist\u00eancia aos raios UV, \u00e0 \u00e1gua e aos salpicos da estrada.<\/p>\n<p data-start=\"912\" data-end=\"1093\">Pr\u00e9-cortados para um <strong data-start=\"934\" data-end=\"949\">f\u00e1cil aplica\u00e7\u00e3o<\/strong>, eles garantem um acabamento limpo, dur\u00e1vel e profissional. Desenhados e fabricados em Fran\u00e7a, eles s\u00e3o concebidos por motociclistas para motociclistas.<\/p>\n<p data-start=\"1095\" data-end=\"1228\">Aproveite esta <strong data-start=\"1113\" data-end=\"1136\">oferta em estoque<\/strong> para equipar a sua Honda CB 650 R a pre\u00e7o reduzido, mantendo um estilo de corrida afirmado.<\/p>\n<p>&nbsp;<\/p>","protected":false},"featured_media":50357,"comment_status":"open","ping_status":"closed","template":"","meta":[],"product_brand":[],"product_cat":[929,963],"product_tag":[377,376,378,375,931,374,403,932,935],"class_list":{"0":"post-50347","1":"product","2":"type-product","3":"status-publish","4":"has-post-thumbnail","6":"product_cat-destockage","7":"product_cat-stickers-honda-pas-cher","8":"product_tag-cb-650-r","9":"product_tag-cb-650r","10":"product_tag-cb650-r","11":"product_tag-cb650r","12":"product_tag-destockage","13":"product_tag-honda-cb650r","14":"product_tag-liserets","15":"product_tag-promotion","16":"product_tag-reduction","17":"product_shipping_class-standard","19":"entry","20":"has-media","22":"first","23":"instock","24":"sale","25":"taxable","26":"shipping-taxable","27":"purchasable","28":"product-type-simple","29":"col","30":"span_1_of_5","31":"owp-content-center","32":"item-entry","33":"owp-thumbs-layout-horizontal","34":"owp-btn-big","35":"owp-tabs-layout-horizontal","36":"has-no-thumbnails"},"ase":null,"_links":{"self":[{"href":"https:\/\/www.m-stickers.com\/pt\/wp-json\/wp\/v2\/product\/50347","targetHints":{"allow":["GET"]}}],"collection":[{"href":"https:\/\/www.m-stickers.com\/pt\/wp-json\/wp\/v2\/product"}],"about":[{"href":"https:\/\/www.m-stickers.com\/pt\/wp-json\/wp\/v2\/types\/product"}],"replies":[{"embeddable":true,"href":"https:\/\/www.m-stickers.com\/pt\/wp-json\/wp\/v2\/comments?post=50347"}],"wp:featuredmedia":[{"embeddable":true,"href":"https:\/\/www.m-stickers.com\/pt\/wp-json\/wp\/v2\/media\/50357"}],"wp:attachment":[{"href":"https:\/\/www.m-stickers.com\/pt\/wp-json\/wp\/v2\/media?parent=50347"}],"wp:term":[{"taxonomy":"product_brand","embeddable":true,"href":"https:\/\/www.m-stickers.com\/pt\/wp-json\/wp\/v2\/product_brand?post=50347"},{"taxonomy":"product_cat","embeddable":true,"href":"https:\/\/www.m-stickers.com\/pt\/wp-json\/wp\/v2\/product_cat?post=50347"},{"taxonomy":"product_tag","embeddable":true,"href":"https:\/\/www.m-stickers.com\/pt\/wp-json\/wp\/v2\/product_tag?post=50347"}],"curies":[{"name":"Pneu","href":"https:\/\/api.w.org\/{rel}","templated":true}]}}