{"id":50394,"date":"2023-11-17T12:55:44","date_gmt":"2023-11-17T11:55:44","guid":{"rendered":"https:\/\/www.m-stickers.com\/?post_type=product&#038;p=50394"},"modified":"2026-02-23T18:58:04","modified_gmt":"2026-02-23T17:58:04","slug":"stickers-for-triumph-street-triple-765-rs-rims","status":"publish","type":"product","link":"https:\/\/www.m-stickers.com\/pt\/produit\/stickers-jantes-triumph-street-triple-765-rs\/","title":{"rendered":"Autocolantes de jantes Triumph Street Triple 765 RS \u2013 Em liquida\u00e7\u00e3o"},"content":{"rendered":"<h2><span style=\"color: #ff0000;\">Apuramento <\/span><\/h2>\n<p data-start=\"329\" data-end=\"574\">D\u00ea um visual agressivo e premium \u00e0 sua moto com este <strong data-start=\"387\" data-end=\"442\">Kit de autocolantes para aros de rodas Triumph Street Triple 765 RS<\/strong>, projetado especificamente para <strong data-start=\"472\" data-end=\"492\">Rodas 17 polegadas<\/strong>. Ideal para aprimorar sua 765 RS com um acabamento preto elegante e esportivo.<\/p>\n<p data-start=\"576\" data-end=\"617\">Este kit completo para 2 jantes inclui:<\/p>\n<ul data-start=\"618\" data-end=\"864\">\n<li data-start=\"618\" data-end=\"659\">\n<p data-start=\"620\" data-end=\"659\">20 faixas pr\u00e9-curvadas de 8 mm pretas<\/p>\n<\/li>\n<li data-start=\"660\" data-end=\"689\">\n<p data-start=\"662\" data-end=\"689\">10 faixas decorativas de jante Triumph pretas<\/p>\n<\/li>\n<li data-start=\"690\" data-end=\"732\">\n<p data-start=\"692\" data-end=\"732\">10 faixas de aro Street Triple 765 RS pretas<\/p>\n<\/li>\n<li data-start=\"733\" data-end=\"776\">\n<p data-start=\"735\" data-end=\"776\">4 adesivos internos para aros de roda Triumph<\/p>\n<\/li>\n<li data-start=\"777\" data-end=\"840\">\n<p data-start=\"779\" data-end=\"840\">4 autocolantes interiores de aros Street Triple 765 RS brancos<\/p>\n<\/li>\n<li data-start=\"841\" data-end=\"864\">\n<p data-start=\"843\" data-end=\"864\">1 logotipo Triumph preto<\/p>\n<\/li>\n<\/ul>\n<p data-start=\"866\" data-end=\"1055\">Fabricado em <strong data-start=\"879\" data-end=\"904\">vinis de alta qualidade<\/strong>, com cola monom\u00e9rica que garante uma <strong data-start=\"939\" data-end=\"959\">manuten\u00e7\u00e3o permanente<\/strong>, estes autocolantes oferecem excelente resist\u00eancia aos raios UV, \u00e1gua e salpicos da estrada.<\/p>\n<p data-start=\"1057\" data-end=\"1238\">Pr\u00e9-cortados para um <strong data-start=\"1079\" data-end=\"1094\">f\u00e1cil aplica\u00e7\u00e3o<\/strong>, eles garantem um acabamento limpo, dur\u00e1vel e profissional. Desenhados e fabricados em Fran\u00e7a, eles s\u00e3o concebidos por motociclistas para motociclistas.<\/p>\n<p data-start=\"1240\" data-end=\"1387\">Aproveite esta <strong data-start=\"1258\" data-end=\"1281\">oferta em estoque<\/strong> Para equipar a sua Triumph Street Triple 765 RS a um pre\u00e7o reduzido, mantendo um estilo de corrida afirmado.<\/p>","protected":false},"excerpt":{"rendered":"<h2><span style=\"color: #ff0000;\">Apuramento <\/span><\/h2>\n<p data-start=\"329\" data-end=\"574\">D\u00ea um visual agressivo e premium \u00e0 sua moto com este <strong data-start=\"387\" data-end=\"442\">Kit de autocolantes para aros de rodas Triumph Street Triple 765 RS<\/strong>, projetado especificamente para <strong data-start=\"472\" data-end=\"492\">Rodas 17 polegadas<\/strong>. Ideal para aprimorar sua 765 RS com um acabamento preto elegante e esportivo.<\/p>\n<p data-start=\"576\" data-end=\"617\">Este kit completo para 2 jantes inclui:<\/p>\n<ul data-start=\"618\" data-end=\"864\">\n<li data-start=\"618\" data-end=\"659\">\n<p data-start=\"620\" data-end=\"659\">20 faixas pr\u00e9-curvadas de 8 mm pretas<\/p>\n<\/li>\n<li data-start=\"660\" data-end=\"689\">\n<p data-start=\"662\" data-end=\"689\">10 faixas decorativas de jante Triumph pretas<\/p>\n<\/li>\n<li data-start=\"690\" data-end=\"732\">\n<p data-start=\"692\" data-end=\"732\">10 faixas de aro Street Triple 765 RS pretas<\/p>\n<\/li>\n<li data-start=\"733\" data-end=\"776\">\n<p data-start=\"735\" data-end=\"776\">4 adesivos internos para aros de roda Triumph<\/p>\n<\/li>\n<li data-start=\"777\" data-end=\"840\">\n<p data-start=\"779\" data-end=\"840\">4 autocolantes interiores de aros Street Triple 765 RS brancos<\/p>\n<\/li>\n<li data-start=\"841\" data-end=\"864\">\n<p data-start=\"843\" data-end=\"864\">1 logotipo Triumph preto<\/p>\n<\/li>\n<\/ul>\n<p data-start=\"866\" data-end=\"1055\">Fabricado em <strong data-start=\"879\" data-end=\"904\">vinis de alta qualidade<\/strong>, com cola monom\u00e9rica que garante uma <strong data-start=\"939\" data-end=\"959\">manuten\u00e7\u00e3o permanente<\/strong>, estes autocolantes oferecem excelente resist\u00eancia aos raios UV, \u00e1gua e salpicos da estrada.<\/p>\n<p data-start=\"1057\" data-end=\"1238\">Pr\u00e9-cortados para um <strong data-start=\"1079\" data-end=\"1094\">f\u00e1cil aplica\u00e7\u00e3o<\/strong>, eles garantem um acabamento limpo, dur\u00e1vel e profissional. Desenhados e fabricados em Fran\u00e7a, eles s\u00e3o concebidos por motociclistas para motociclistas.<\/p>\n<p data-start=\"1240\" data-end=\"1387\">Aproveite esta <strong data-start=\"1258\" data-end=\"1281\">oferta em estoque<\/strong> Para equipar a sua Triumph Street Triple 765 RS a um pre\u00e7o reduzido, mantendo um estilo de corrida afirmado.<\/p>\n<h3><\/h3>","protected":false},"featured_media":50404,"comment_status":"open","ping_status":"closed","template":"","meta":[],"product_brand":[],"product_cat":[929,948],"product_tag":[932,935,138,290,292,291,293,192],"class_list":{"0":"post-50394","1":"product","2":"type-product","3":"status-publish","4":"has-post-thumbnail","6":"product_cat-destockage","7":"product_cat-triumph","8":"product_tag-promotion","9":"product_tag-reduction","10":"product_tag-stickers","11":"product_tag-street-triple","12":"product_tag-street-triple-765-rs","13":"product_tag-streettriple","14":"product_tag-streettriple-765-rs","15":"product_tag-triumph","16":"product_shipping_class-standard","18":"entry","19":"has-media","21":"first","22":"instock","23":"sale","24":"taxable","25":"shipping-taxable","26":"purchasable","27":"product-type-simple","28":"col","29":"span_1_of_5","30":"owp-content-center","31":"item-entry","32":"owp-thumbs-layout-horizontal","33":"owp-btn-big","34":"owp-tabs-layout-horizontal","35":"has-no-thumbnails"},"ase":null,"_links":{"self":[{"href":"https:\/\/www.m-stickers.com\/pt\/wp-json\/wp\/v2\/product\/50394","targetHints":{"allow":["GET"]}}],"collection":[{"href":"https:\/\/www.m-stickers.com\/pt\/wp-json\/wp\/v2\/product"}],"about":[{"href":"https:\/\/www.m-stickers.com\/pt\/wp-json\/wp\/v2\/types\/product"}],"replies":[{"embeddable":true,"href":"https:\/\/www.m-stickers.com\/pt\/wp-json\/wp\/v2\/comments?post=50394"}],"wp:featuredmedia":[{"embeddable":true,"href":"https:\/\/www.m-stickers.com\/pt\/wp-json\/wp\/v2\/media\/50404"}],"wp:attachment":[{"href":"https:\/\/www.m-stickers.com\/pt\/wp-json\/wp\/v2\/media?parent=50394"}],"wp:term":[{"taxonomy":"product_brand","embeddable":true,"href":"https:\/\/www.m-stickers.com\/pt\/wp-json\/wp\/v2\/product_brand?post=50394"},{"taxonomy":"product_cat","embeddable":true,"href":"https:\/\/www.m-stickers.com\/pt\/wp-json\/wp\/v2\/product_cat?post=50394"},{"taxonomy":"product_tag","embeddable":true,"href":"https:\/\/www.m-stickers.com\/pt\/wp-json\/wp\/v2\/product_tag?post=50394"}],"curies":[{"name":"Pneu","href":"https:\/\/api.w.org\/{rel}","templated":true}]}}