{"id":50421,"date":"2023-11-17T13:47:49","date_gmt":"2023-11-17T12:47:49","guid":{"rendered":"https:\/\/www.m-stickers.com\/?post_type=product&#038;p=50421"},"modified":"2026-02-13T17:46:11","modified_gmt":"2026-02-13T16:46:11","slug":"decais-de-adesivos-red-bull-vermelho","status":"publish","type":"product","link":"https:\/\/www.m-stickers.com\/pt\/produit\/stickers-redbull-rouge-destockage\/","title":{"rendered":"Autocolantes de jantes Redbull Vermelho \u2013 Liquida\u00e7\u00e3o"},"content":{"rendered":"<h2><strong><span style=\"color: #ff0000;\">Apuramento<\/span><\/strong><\/h2>\n<p data-start=\"299\" data-end=\"528\">Afirme um estilo racing e arrojado com este <strong data-start=\"345\" data-end=\"385\">kit de autocolantes para jantes Redbull vermelho<\/strong>, projetado especificamente para <strong data-start=\"415\" data-end=\"442\">jantes 17 polegadas pretas<\/strong>. Ideal para dar \u00e0 sua motocicleta um visual din\u00e2mico inspirado no universo da competi\u00e7\u00e3o.<\/p>\n<p data-start=\"530\" data-end=\"571\">Este kit completo para 2 jantes inclui:<\/p>\n<ul data-start=\"572\" data-end=\"743\">\n<li data-start=\"572\" data-end=\"621\">\n<p data-start=\"574\" data-end=\"621\">20 faixas pr\u00e9-curvadas de 8 mm Redbull vermelhas<\/p>\n<\/li>\n<li data-start=\"622\" data-end=\"672\">\n<p data-start=\"624\" data-end=\"672\">4 grandes etiquetas internas para jantes Redbull<\/p>\n<\/li>\n<li data-start=\"673\" data-end=\"723\">\n<p data-start=\"675\" data-end=\"723\">4 pequenos autocolantes internos de aros Redbull<\/p>\n<\/li>\n<li data-start=\"724\" data-end=\"743\">\n<p data-start=\"726\" data-end=\"743\">2 logotipos Redbull<\/p>\n<\/li>\n<\/ul>\n<p data-start=\"745\" data-end=\"911\">Fabricado em <strong data-start=\"758\" data-end=\"782\">vinil de alta qualidade<\/strong>, estes adesivos garantem uma <strong data-start=\"814\" data-end=\"834\">manuten\u00e7\u00e3o permanente<\/strong>, excelente resist\u00eancia aos raios UV, \u00e1gua e salpicos da estrada.<\/p>\n<p data-start=\"913\" data-end=\"1009\">Pr\u00e9-cortados para um <strong data-start=\"935\" data-end=\"950\">f\u00e1cil aplica\u00e7\u00e3o<\/strong>, garantem um acabamento limpo, dur\u00e1vel e profissional.<\/p>\n<p data-start=\"1011\" data-end=\"1126\">Aproveite esta <strong data-start=\"1029\" data-end=\"1052\">oferta em estoque<\/strong> para equipar a sua motocicleta a um pre\u00e7o reduzido com um estilo energ\u00e9tico e desportivo.<\/p>","protected":false},"excerpt":{"rendered":"<h2><strong><span style=\"color: #ff0000;\">Apuramento<\/span><\/strong><\/h2>\n<p data-start=\"299\" data-end=\"528\">Afirme um estilo racing e arrojado com este <strong data-start=\"345\" data-end=\"385\">kit de autocolantes para jantes Redbull vermelho<\/strong>, projetado especificamente para <strong data-start=\"415\" data-end=\"442\">jantes 17 polegadas pretas<\/strong>. Ideal para dar \u00e0 sua motocicleta um visual din\u00e2mico inspirado no universo da competi\u00e7\u00e3o.<\/p>\n<p data-start=\"530\" data-end=\"571\">Este kit completo para 2 jantes inclui:<\/p>\n<ul data-start=\"572\" data-end=\"743\">\n<li data-start=\"572\" data-end=\"621\">\n<p data-start=\"574\" data-end=\"621\">20 faixas pr\u00e9-curvadas de 8 mm Redbull vermelhas<\/p>\n<\/li>\n<li data-start=\"622\" data-end=\"672\">\n<p data-start=\"624\" data-end=\"672\">4 grandes etiquetas internas para jantes Redbull<\/p>\n<\/li>\n<li data-start=\"673\" data-end=\"723\">\n<p data-start=\"675\" data-end=\"723\">4 pequenos autocolantes internos de aros Redbull<\/p>\n<\/li>\n<li data-start=\"724\" data-end=\"743\">\n<p data-start=\"726\" data-end=\"743\">2 logotipos Redbull<\/p>\n<\/li>\n<\/ul>\n<p data-start=\"745\" data-end=\"911\">Fabricado em <strong data-start=\"758\" data-end=\"782\">vinil de alta qualidade<\/strong>, estes adesivos garantem uma <strong data-start=\"814\" data-end=\"834\">manuten\u00e7\u00e3o permanente<\/strong>, excelente resist\u00eancia aos raios UV, \u00e1gua e salpicos da estrada.<\/p>\n<p data-start=\"913\" data-end=\"1009\">Pr\u00e9-cortados para um <strong data-start=\"935\" data-end=\"950\">f\u00e1cil aplica\u00e7\u00e3o<\/strong>, garantem um acabamento limpo, dur\u00e1vel e profissional.<\/p>\n<p data-start=\"1011\" data-end=\"1126\">Aproveite esta <strong data-start=\"1029\" data-end=\"1052\">oferta em estoque<\/strong> para equipar a sua motocicleta a um pre\u00e7o reduzido com um estilo energ\u00e9tico e desportivo.<\/p>","protected":false},"featured_media":63272,"comment_status":"open","ping_status":"closed","template":"","meta":[],"product_brand":[],"product_cat":[929,967],"product_tag":[931,933,932,934,353,352,935],"class_list":{"0":"post-50421","1":"product","2":"type-product","3":"status-publish","4":"has-post-thumbnail","6":"product_cat-destockage","7":"product_cat-stickers-redbull-pas-cher","8":"product_tag-destockage","9":"product_tag-promo","10":"product_tag-promotion","11":"product_tag-promotions","12":"product_tag-red-bull","13":"product_tag-redbull","14":"product_tag-reduction","15":"product_shipping_class-standard","17":"entry","18":"has-media","20":"first","21":"instock","22":"sale","23":"taxable","24":"shipping-taxable","25":"purchasable","26":"product-type-simple","27":"col","28":"span_1_of_5","29":"owp-content-center","30":"item-entry","31":"owp-thumbs-layout-horizontal","32":"owp-btn-big","33":"owp-tabs-layout-horizontal","34":"has-no-thumbnails"},"ase":null,"_links":{"self":[{"href":"https:\/\/www.m-stickers.com\/pt\/wp-json\/wp\/v2\/product\/50421","targetHints":{"allow":["GET"]}}],"collection":[{"href":"https:\/\/www.m-stickers.com\/pt\/wp-json\/wp\/v2\/product"}],"about":[{"href":"https:\/\/www.m-stickers.com\/pt\/wp-json\/wp\/v2\/types\/product"}],"replies":[{"embeddable":true,"href":"https:\/\/www.m-stickers.com\/pt\/wp-json\/wp\/v2\/comments?post=50421"}],"wp:featuredmedia":[{"embeddable":true,"href":"https:\/\/www.m-stickers.com\/pt\/wp-json\/wp\/v2\/media\/63272"}],"wp:attachment":[{"href":"https:\/\/www.m-stickers.com\/pt\/wp-json\/wp\/v2\/media?parent=50421"}],"wp:term":[{"taxonomy":"product_brand","embeddable":true,"href":"https:\/\/www.m-stickers.com\/pt\/wp-json\/wp\/v2\/product_brand?post=50421"},{"taxonomy":"product_cat","embeddable":true,"href":"https:\/\/www.m-stickers.com\/pt\/wp-json\/wp\/v2\/product_cat?post=50421"},{"taxonomy":"product_tag","embeddable":true,"href":"https:\/\/www.m-stickers.com\/pt\/wp-json\/wp\/v2\/product_tag?post=50421"}],"curies":[{"name":"Pneu","href":"https:\/\/api.w.org\/{rel}","templated":true}]}}