{"id":50425,"date":"2023-11-17T14:10:22","date_gmt":"2023-11-17T13:10:22","guid":{"rendered":"https:\/\/www.m-stickers.com\/?post_type=product&#038;p=50425"},"modified":"2026-02-13T17:36:25","modified_gmt":"2026-02-13T16:36:25","slug":"stickers-de-jante-honda-cbf-600-liquidacao","status":"publish","type":"product","link":"https:\/\/www.m-stickers.com\/pt\/produit\/stickers-jante-honda-cbf-600-destockage\/","title":{"rendered":"Autocolantes de jante Honda CBF 600 Preto Branco &amp; Vermelho \u2013 Desobstru\u00e7\u00e3o"},"content":{"rendered":"<h2><span style=\"color: #ff0000;\">Apuramento<\/span><\/h2>\n<p data-start=\"333\" data-end=\"587\">D\u00ea um visual desportivo e din\u00e2mico \u00e0 sua moto com este <strong data-start=\"390\" data-end=\"450\">kit de adesivos para jante Honda CBF 600 preto, branco e vermelho<\/strong>, projetado especificamente para <strong data-start=\"480\" data-end=\"500\">Rodas 17 polegadas<\/strong>. Ideal para personalizar a sua CBF 600 com um contraste racing elegante e moderno.<\/p>\n<p data-start=\"589\" data-end=\"630\">Este kit completo para 2 jantes inclui:<\/p>\n<ul data-start=\"631\" data-end=\"890\">\n<li data-start=\"631\" data-end=\"672\">\n<p data-start=\"633\" data-end=\"672\">10 faixas pr\u00e9-curvadas de 8 mm pretas<\/p>\n<\/li>\n<li data-start=\"673\" data-end=\"715\">\n<p data-start=\"675\" data-end=\"715\">8 pequenos adesivos Honda branco e vermelho<\/p>\n<\/li>\n<li data-start=\"716\" data-end=\"760\">\n<p data-start=\"718\" data-end=\"760\">8 pequenos adesivos CBF 600 branco e vermelho<\/p>\n<\/li>\n<li data-start=\"761\" data-end=\"808\">\n<p data-start=\"763\" data-end=\"808\">4 **adesivos** internos de **jantes** Honda pretos<\/p>\n<\/li>\n<li data-start=\"809\" data-end=\"867\">\n<p data-start=\"811\" data-end=\"867\">4 **adesivos** internos de **aros** CBF 600 branco e vermelho<\/p>\n<\/li>\n<li data-start=\"868\" data-end=\"890\">\n<p data-start=\"870\" data-end=\"890\">1 logo Honda vermelho<\/p>\n<\/li>\n<\/ul>\n<p data-start=\"892\" data-end=\"1052\">Fabricado em <strong data-start=\"905\" data-end=\"929\">vinil de alta qualidade<\/strong>, estes adesivos garantem uma <strong data-start=\"957\" data-end=\"977\">manuten\u00e7\u00e3o permanente<\/strong>, excelente resist\u00eancia aos raios UV, \u00e1gua e salpicos da estrada.<\/p>\n<p data-start=\"1054\" data-end=\"1149\">Pr\u00e9-cortados para um <strong data-start=\"1076\" data-end=\"1091\">f\u00e1cil aplica\u00e7\u00e3o<\/strong>, eles oferecem um acabamento limpo, dur\u00e1vel e profissional.<\/p>\n<p data-start=\"1151\" data-end=\"1283\">Aproveite esta <strong data-start=\"1169\" data-end=\"1192\">oferta em estoque<\/strong> Para equipar sua Honda CBF 600 a pre\u00e7o reduzido, mantendo um estilo de corrida que se afirma.<\/p>","protected":false},"excerpt":{"rendered":"<h2><span style=\"color: #ff0000;\">Apuramento<\/span><\/h2>\n<p data-start=\"333\" data-end=\"587\">D\u00ea um visual desportivo e din\u00e2mico \u00e0 sua moto com este <strong data-start=\"390\" data-end=\"450\">kit de adesivos para jante Honda CBF 600 preto, branco e vermelho<\/strong>, projetado especificamente para <strong data-start=\"480\" data-end=\"500\">Rodas 17 polegadas<\/strong>. Ideal para personalizar a sua CBF 600 com um contraste racing elegante e moderno.<\/p>\n<p data-start=\"589\" data-end=\"630\">Este kit completo para 2 jantes inclui:<\/p>\n<ul data-start=\"631\" data-end=\"890\">\n<li data-start=\"631\" data-end=\"672\">\n<p data-start=\"633\" data-end=\"672\">10 faixas pr\u00e9-curvadas de 8 mm pretas<\/p>\n<\/li>\n<li data-start=\"673\" data-end=\"715\">\n<p data-start=\"675\" data-end=\"715\">8 pequenos adesivos Honda branco e vermelho<\/p>\n<\/li>\n<li data-start=\"716\" data-end=\"760\">\n<p data-start=\"718\" data-end=\"760\">8 pequenos adesivos CBF 600 branco e vermelho<\/p>\n<\/li>\n<li data-start=\"761\" data-end=\"808\">\n<p data-start=\"763\" data-end=\"808\">4 **adesivos** internos de **jantes** Honda pretos<\/p>\n<\/li>\n<li data-start=\"809\" data-end=\"867\">\n<p data-start=\"811\" data-end=\"867\">4 **adesivos** internos de **aros** CBF 600 branco e vermelho<\/p>\n<\/li>\n<li data-start=\"868\" data-end=\"890\">\n<p data-start=\"870\" data-end=\"890\">1 logo Honda vermelho<\/p>\n<\/li>\n<\/ul>\n<p data-start=\"892\" data-end=\"1052\">Fabricado em <strong data-start=\"905\" data-end=\"929\">vinil de alta qualidade<\/strong>, estes adesivos garantem uma <strong data-start=\"957\" data-end=\"977\">manuten\u00e7\u00e3o permanente<\/strong>, excelente resist\u00eancia aos raios UV, \u00e1gua e salpicos da estrada.<\/p>\n<p data-start=\"1054\" data-end=\"1149\">Pr\u00e9-cortados para um <strong data-start=\"1076\" data-end=\"1091\">f\u00e1cil aplica\u00e7\u00e3o<\/strong>, eles oferecem um acabamento limpo, dur\u00e1vel e profissional.<\/p>\n<p data-start=\"1151\" data-end=\"1283\">Aproveite esta <strong data-start=\"1169\" data-end=\"1192\">oferta em estoque<\/strong> Para equipar sua Honda CBF 600 a pre\u00e7o reduzido, mantendo um estilo de corrida que se afirma.<\/p>\n<h3><\/h3>","protected":false},"featured_media":50435,"comment_status":"open","ping_status":"closed","template":"","meta":[],"product_brand":[],"product_cat":[929,963],"product_tag":[759,931,139,758,338,757,932,934,935,138],"class_list":{"0":"post-50425","1":"product","2":"type-product","3":"status-publish","4":"has-post-thumbnail","6":"product_cat-destockage","7":"product_cat-stickers-honda-pas-cher","8":"product_tag-cbf-600","9":"product_tag-destockage","10":"product_tag-honda","11":"product_tag-honda-600","12":"product_tag-honda-cbf","13":"product_tag-honda-cbf-600","14":"product_tag-promotion","15":"product_tag-promotions","16":"product_tag-reduction","17":"product_tag-stickers","18":"product_shipping_class-standard","20":"entry","21":"has-media","23":"first","24":"instock","25":"sale","26":"taxable","27":"shipping-taxable","28":"purchasable","29":"product-type-simple","30":"col","31":"span_1_of_5","32":"owp-content-center","33":"item-entry","34":"owp-thumbs-layout-horizontal","35":"owp-btn-big","36":"owp-tabs-layout-horizontal","37":"has-no-thumbnails"},"ase":null,"_links":{"self":[{"href":"https:\/\/www.m-stickers.com\/pt\/wp-json\/wp\/v2\/product\/50425","targetHints":{"allow":["GET"]}}],"collection":[{"href":"https:\/\/www.m-stickers.com\/pt\/wp-json\/wp\/v2\/product"}],"about":[{"href":"https:\/\/www.m-stickers.com\/pt\/wp-json\/wp\/v2\/types\/product"}],"replies":[{"embeddable":true,"href":"https:\/\/www.m-stickers.com\/pt\/wp-json\/wp\/v2\/comments?post=50425"}],"wp:featuredmedia":[{"embeddable":true,"href":"https:\/\/www.m-stickers.com\/pt\/wp-json\/wp\/v2\/media\/50435"}],"wp:attachment":[{"href":"https:\/\/www.m-stickers.com\/pt\/wp-json\/wp\/v2\/media?parent=50425"}],"wp:term":[{"taxonomy":"product_brand","embeddable":true,"href":"https:\/\/www.m-stickers.com\/pt\/wp-json\/wp\/v2\/product_brand?post=50425"},{"taxonomy":"product_cat","embeddable":true,"href":"https:\/\/www.m-stickers.com\/pt\/wp-json\/wp\/v2\/product_cat?post=50425"},{"taxonomy":"product_tag","embeddable":true,"href":"https:\/\/www.m-stickers.com\/pt\/wp-json\/wp\/v2\/product_tag?post=50425"}],"curies":[{"name":"Pneu","href":"https:\/\/api.w.org\/{rel}","templated":true}]}}