{"id":50436,"date":"2023-11-17T14:20:26","date_gmt":"2023-11-17T13:20:26","guid":{"rendered":"https:\/\/www.m-stickers.com\/?post_type=product&#038;p=50436"},"modified":"2026-02-13T17:31:42","modified_gmt":"2026-02-13T16:31:42","slug":"decais-honda-cb500f-rodas-em-promocao","status":"publish","type":"product","link":"https:\/\/www.m-stickers.com\/pt\/produit\/stickers-jante-honda-cb500f-destockage\/","title":{"rendered":"Stickers Aro Honda CB500F Preto &amp; Branco \u2013 Liquida\u00e7\u00e3o"},"content":{"rendered":"<h2><span style=\"color: #ff0000;\">Apuramento<\/span><\/h2>\n<p data-start=\"320\" data-end=\"565\">D\u00ea um estilo desportivo e contrastante \u00e0 sua motocicleta com este <strong data-start=\"380\" data-end=\"432\">Kit de autocolantes para aros Honda CBF500F preto e branco<\/strong>, projetado especificamente para <strong data-start=\"462\" data-end=\"482\">Rodas 17 polegadas<\/strong>. Ideal para personalizar sua CB500F com um visual moderno, elegante e racing.<\/p>\n<p data-start=\"567\" data-end=\"608\">Este kit completo para 2 jantes inclui:<\/p>\n<ul data-start=\"609\" data-end=\"850\">\n<li data-start=\"609\" data-end=\"647\">\n<p data-start=\"611\" data-end=\"647\">Liserets pr\u00e9-curvados de 8 mm pretos<\/p>\n<\/li>\n<li data-start=\"648\" data-end=\"691\">\n<p data-start=\"650\" data-end=\"691\">8 pequenos autocolantes Honda pretos e vermelhos<\/p>\n<\/li>\n<li data-start=\"692\" data-end=\"726\">\n<p data-start=\"694\" data-end=\"726\">8 pequenos autocolantes CB500F pretos<\/p>\n<\/li>\n<li data-start=\"727\" data-end=\"775\">\n<p data-start=\"729\" data-end=\"775\">4 adesivos interiores de aros de roda Honda brancos<\/p>\n<\/li>\n<li data-start=\"776\" data-end=\"827\">\n<p data-start=\"778\" data-end=\"827\">4 adesivos internos para aros da CB 500 F brancos<\/p>\n<\/li>\n<li data-start=\"828\" data-end=\"850\">\n<p data-start=\"830\" data-end=\"850\">1 logotipo Honda branco<\/p>\n<\/li>\n<\/ul>\n<p data-start=\"852\" data-end=\"1018\">Fabricado em <strong data-start=\"865\" data-end=\"889\">vinil de alta qualidade<\/strong>, estes adesivos garantem uma <strong data-start=\"921\" data-end=\"941\">manuten\u00e7\u00e3o permanente<\/strong>, excelente resist\u00eancia aos raios UV, \u00e1gua e salpicos da estrada.<\/p>\n<p data-start=\"1020\" data-end=\"1117\">Gra\u00e7as ao seu corte preciso, a aplica\u00e7\u00e3o \u00e9 simples e o resultado \u00e9 limpo, duradouro e harmonioso.<\/p>\n<p data-start=\"1119\" data-end=\"1268\">Aproveite esta <strong data-start=\"1137\" data-end=\"1160\">oferta em estoque<\/strong> para equipar sua Honda CB500F a pre\u00e7o reduzido e dar a ela um estilo arrojado sem comprometer a qualidade.<\/p>","protected":false},"excerpt":{"rendered":"<h2><span style=\"color: #ff0000;\">Apuramento<\/span><\/h2>\n<p data-start=\"320\" data-end=\"565\">D\u00ea um estilo desportivo e contrastante \u00e0 sua motocicleta com este <strong data-start=\"380\" data-end=\"432\">Kit de autocolantes para aros Honda CBF500F preto e branco<\/strong>, projetado especificamente para <strong data-start=\"462\" data-end=\"482\">Rodas 17 polegadas<\/strong>. Ideal para personalizar sua CB500F com um visual moderno, elegante e racing.<\/p>\n<p data-start=\"567\" data-end=\"608\">Este kit completo para 2 jantes inclui:<\/p>\n<ul data-start=\"609\" data-end=\"850\">\n<li data-start=\"609\" data-end=\"647\">\n<p data-start=\"611\" data-end=\"647\">Liserets pr\u00e9-curvados de 8 mm pretos<\/p>\n<\/li>\n<li data-start=\"648\" data-end=\"691\">\n<p data-start=\"650\" data-end=\"691\">8 pequenos autocolantes Honda pretos e vermelhos<\/p>\n<\/li>\n<li data-start=\"692\" data-end=\"726\">\n<p data-start=\"694\" data-end=\"726\">8 pequenos autocolantes CB500F pretos<\/p>\n<\/li>\n<li data-start=\"727\" data-end=\"775\">\n<p data-start=\"729\" data-end=\"775\">4 adesivos interiores de aros de roda Honda brancos<\/p>\n<\/li>\n<li data-start=\"776\" data-end=\"827\">\n<p data-start=\"778\" data-end=\"827\">4 adesivos internos para aros da CB 500 F brancos<\/p>\n<\/li>\n<li data-start=\"828\" data-end=\"850\">\n<p data-start=\"830\" data-end=\"850\">1 logotipo Honda branco<\/p>\n<\/li>\n<\/ul>\n<p data-start=\"852\" data-end=\"1018\">Fabricado em <strong data-start=\"865\" data-end=\"889\">vinil de alta qualidade<\/strong>, estes adesivos garantem uma <strong data-start=\"921\" data-end=\"941\">manuten\u00e7\u00e3o permanente<\/strong>, excelente resist\u00eancia aos raios UV, \u00e1gua e salpicos da estrada.<\/p>\n<p data-start=\"1020\" data-end=\"1117\">Gra\u00e7as ao seu corte preciso, a aplica\u00e7\u00e3o \u00e9 simples e o resultado \u00e9 limpo, duradouro e harmonioso.<\/p>\n<p data-start=\"1119\" data-end=\"1268\">Aproveite esta <strong data-start=\"1137\" data-end=\"1160\">oferta em estoque<\/strong> para equipar sua Honda CB500F a pre\u00e7o reduzido e dar a ela um estilo arrojado sem comprometer a qualidade.<\/p>\n<h3><\/h3>","protected":false},"featured_media":50446,"comment_status":"open","ping_status":"closed","template":"","meta":[],"product_brand":[],"product_cat":[929,963],"product_tag":[337,336,335,931,139,338,933,932,934,935,138],"class_list":{"0":"post-50436","1":"product","2":"type-product","3":"status-publish","4":"has-post-thumbnail","6":"product_cat-destockage","7":"product_cat-stickers-honda-pas-cher","8":"product_tag-cb-500-f","9":"product_tag-cb500-f","10":"product_tag-cb500f","11":"product_tag-destockage","12":"product_tag-honda","13":"product_tag-honda-cbf","14":"product_tag-promo","15":"product_tag-promotion","16":"product_tag-promotions","17":"product_tag-reduction","18":"product_tag-stickers","19":"product_shipping_class-standard","21":"entry","22":"has-media","24":"first","25":"instock","26":"sale","27":"featured","28":"taxable","29":"shipping-taxable","30":"purchasable","31":"product-type-simple","32":"col","33":"span_1_of_5","34":"owp-content-center","35":"item-entry","36":"owp-thumbs-layout-horizontal","37":"owp-btn-big","38":"owp-tabs-layout-horizontal","39":"has-no-thumbnails"},"ase":null,"_links":{"self":[{"href":"https:\/\/www.m-stickers.com\/pt\/wp-json\/wp\/v2\/product\/50436","targetHints":{"allow":["GET"]}}],"collection":[{"href":"https:\/\/www.m-stickers.com\/pt\/wp-json\/wp\/v2\/product"}],"about":[{"href":"https:\/\/www.m-stickers.com\/pt\/wp-json\/wp\/v2\/types\/product"}],"replies":[{"embeddable":true,"href":"https:\/\/www.m-stickers.com\/pt\/wp-json\/wp\/v2\/comments?post=50436"}],"wp:featuredmedia":[{"embeddable":true,"href":"https:\/\/www.m-stickers.com\/pt\/wp-json\/wp\/v2\/media\/50446"}],"wp:attachment":[{"href":"https:\/\/www.m-stickers.com\/pt\/wp-json\/wp\/v2\/media?parent=50436"}],"wp:term":[{"taxonomy":"product_brand","embeddable":true,"href":"https:\/\/www.m-stickers.com\/pt\/wp-json\/wp\/v2\/product_brand?post=50436"},{"taxonomy":"product_cat","embeddable":true,"href":"https:\/\/www.m-stickers.com\/pt\/wp-json\/wp\/v2\/product_cat?post=50436"},{"taxonomy":"product_tag","embeddable":true,"href":"https:\/\/www.m-stickers.com\/pt\/wp-json\/wp\/v2\/product_tag?post=50436"}],"curies":[{"name":"Pneu","href":"https:\/\/api.w.org\/{rel}","templated":true}]}}