{"id":50462,"date":"2023-11-17T16:11:56","date_gmt":"2023-11-17T15:11:56","guid":{"rendered":"https:\/\/www.m-stickers.com\/?post_type=product&#038;p=50462"},"modified":"2026-02-13T17:16:47","modified_gmt":"2026-02-13T16:16:47","slug":"stickers-jantes-kawasaki-z900-bleu-destockage","status":"publish","type":"product","link":"https:\/\/www.m-stickers.com\/pt\/produit\/stickers-jantes-kawasaki-z900-bleu-destockage\/","title":{"rendered":"Adesivos de aros Kawasaki Z900 Azul \u2013 Estoque em Liquida\u00e7\u00e3o"},"content":{"rendered":"<h2><strong><span style=\"color: #ff0000;\">Apuramento<\/span><\/strong><\/h2>\n<p data-start=\"309\" data-end=\"546\">Adicione um toque esportivo e moderno \u00e0 sua moto com este <strong data-start=\"370\" data-end=\"415\">kit de stickers para jantes Kawasaki Z900 azul<\/strong>, projetado especificamente para <strong data-start=\"445\" data-end=\"472\">jantes 17 polegadas pretas<\/strong>. Ideal para sublimar a sua Z900 com um contraste din\u00e2mico e elegante.<\/p>\n<p data-start=\"548\" data-end=\"589\">Este kit completo para 2 jantes inclui:<\/p>\n<ul data-start=\"590\" data-end=\"754\">\n<li data-start=\"590\" data-end=\"620\">\n<p data-start=\"592\" data-end=\"620\">8 pequenos autocolantes Kawasaki<\/p>\n<\/li>\n<li data-start=\"621\" data-end=\"648\">\n<p data-start=\"623\" data-end=\"648\">16 estribos pr\u00e9-curvados<\/p>\n<\/li>\n<li data-start=\"649\" data-end=\"693\">\n<p data-start=\"651\" data-end=\"693\">4 adesivos internos do aro da roda Kawasaki<\/p>\n<\/li>\n<li data-start=\"694\" data-end=\"734\">\n<p data-start=\"696\" data-end=\"734\">4 autocolantes interiores para aros de roda Z900<\/p>\n<\/li>\n<li data-start=\"735\" data-end=\"754\">\n<p data-start=\"737\" data-end=\"754\">1 logo Kawasaki<\/p>\n<\/li>\n<\/ul>\n<p data-start=\"756\" data-end=\"933\">Fabricado em <strong data-start=\"769\" data-end=\"794\">vinis de alta qualidade<\/strong> com cola monom\u00e9rica (ader\u00eancia permanente), esses autocolantes oferecem excelente resist\u00eancia \u00e0 <strong data-start=\"886\" data-end=\"892\">UV<\/strong>, \u00e0 \u00e1gua e aos salpicos da estrada.<\/p>\n<p data-start=\"935\" data-end=\"1059\">\u2714 Qualidade profissional<br data-start=\"960\" data-end=\"963\" \/>\u2714 F\u00e1cil aplica\u00e7\u00e3o<br data-start=\"976\" data-end=\"979\" \/>\u2714 Resistentes \u00e0s intemp\u00e9ries<br data-start=\"1007\" data-end=\"1010\" \/>\u2714 Projetado e fabricado na Fran\u00e7a por motociclistas<\/p>\n<p data-start=\"1061\" data-end=\"1196\">Aproveite esta <strong data-start=\"1079\" data-end=\"1102\">oferta em estoque<\/strong> para personalizar a sua Kawasaki Z900 a pre\u00e7o reduzido com um estilo de corrida afirmado e duradouro.<\/p>","protected":false},"excerpt":{"rendered":"<h2><strong><span style=\"color: #ff0000;\">Apuramento<\/span><\/strong><\/h2>\n<p data-start=\"309\" data-end=\"546\">Adicione um toque esportivo e moderno \u00e0 sua moto com este <strong data-start=\"370\" data-end=\"415\">kit de stickers para jantes Kawasaki Z900 azul<\/strong>, projetado especificamente para <strong data-start=\"445\" data-end=\"472\">jantes 17 polegadas pretas<\/strong>. Ideal para sublimar a sua Z900 com um contraste din\u00e2mico e elegante.<\/p>\n<p data-start=\"548\" data-end=\"589\">Este kit completo para 2 jantes inclui:<\/p>\n<ul data-start=\"590\" data-end=\"754\">\n<li data-start=\"590\" data-end=\"620\">\n<p data-start=\"592\" data-end=\"620\">8 pequenos autocolantes Kawasaki<\/p>\n<\/li>\n<li data-start=\"621\" data-end=\"648\">\n<p data-start=\"623\" data-end=\"648\">16 estribos pr\u00e9-curvados<\/p>\n<\/li>\n<li data-start=\"649\" data-end=\"693\">\n<p data-start=\"651\" data-end=\"693\">4 adesivos internos do aro da roda Kawasaki<\/p>\n<\/li>\n<li data-start=\"694\" data-end=\"734\">\n<p data-start=\"696\" data-end=\"734\">4 autocolantes interiores para aros de roda Z900<\/p>\n<\/li>\n<li data-start=\"735\" data-end=\"754\">\n<p data-start=\"737\" data-end=\"754\">1 logo Kawasaki<\/p>\n<\/li>\n<\/ul>\n<p data-start=\"756\" data-end=\"933\">Fabricado em <strong data-start=\"769\" data-end=\"794\">vinis de alta qualidade<\/strong> com cola monom\u00e9rica (ader\u00eancia permanente), esses autocolantes oferecem excelente resist\u00eancia \u00e0 <strong data-start=\"886\" data-end=\"892\">UV<\/strong>, \u00e0 \u00e1gua e aos salpicos da estrada.<\/p>\n<p data-start=\"935\" data-end=\"1059\">\u2714 Qualidade profissional<br data-start=\"960\" data-end=\"963\" \/>\u2714 F\u00e1cil aplica\u00e7\u00e3o<br data-start=\"976\" data-end=\"979\" \/>\u2714 Resistentes \u00e0s intemp\u00e9ries<br data-start=\"1007\" data-end=\"1010\" \/>\u2714 Projetado e fabricado na Fran\u00e7a por motociclistas<\/p>\n<p data-start=\"1061\" data-end=\"1196\">Aproveite esta <strong data-start=\"1079\" data-end=\"1102\">oferta em estoque<\/strong> para personalizar a sua Kawasaki Z900 a pre\u00e7o reduzido com um estilo de corrida afirmado e duradouro.<\/p>","protected":false},"featured_media":50463,"comment_status":"open","ping_status":"closed","template":"","meta":[],"product_brand":[],"product_cat":[929,941],"product_tag":[931,204,933,932,934,935,146],"class_list":{"0":"post-50462","1":"product","2":"type-product","3":"status-publish","4":"has-post-thumbnail","6":"product_cat-destockage","7":"product_cat-stickers-kawasaki-pas-cher","8":"product_tag-destockage","9":"product_tag-kawasaki","10":"product_tag-promo","11":"product_tag-promotion","12":"product_tag-promotions","13":"product_tag-reduction","14":"product_tag-z900","15":"product_shipping_class-standard","17":"entry","18":"has-media","20":"first","21":"instock","22":"sale","23":"taxable","24":"shipping-taxable","25":"purchasable","26":"product-type-simple","27":"col","28":"span_1_of_5","29":"owp-content-center","30":"item-entry","31":"owp-thumbs-layout-horizontal","32":"owp-btn-big","33":"owp-tabs-layout-horizontal","34":"has-no-thumbnails"},"ase":null,"_links":{"self":[{"href":"https:\/\/www.m-stickers.com\/pt\/wp-json\/wp\/v2\/product\/50462","targetHints":{"allow":["GET"]}}],"collection":[{"href":"https:\/\/www.m-stickers.com\/pt\/wp-json\/wp\/v2\/product"}],"about":[{"href":"https:\/\/www.m-stickers.com\/pt\/wp-json\/wp\/v2\/types\/product"}],"replies":[{"embeddable":true,"href":"https:\/\/www.m-stickers.com\/pt\/wp-json\/wp\/v2\/comments?post=50462"}],"wp:featuredmedia":[{"embeddable":true,"href":"https:\/\/www.m-stickers.com\/pt\/wp-json\/wp\/v2\/media\/50463"}],"wp:attachment":[{"href":"https:\/\/www.m-stickers.com\/pt\/wp-json\/wp\/v2\/media?parent=50462"}],"wp:term":[{"taxonomy":"product_brand","embeddable":true,"href":"https:\/\/www.m-stickers.com\/pt\/wp-json\/wp\/v2\/product_brand?post=50462"},{"taxonomy":"product_cat","embeddable":true,"href":"https:\/\/www.m-stickers.com\/pt\/wp-json\/wp\/v2\/product_cat?post=50462"},{"taxonomy":"product_tag","embeddable":true,"href":"https:\/\/www.m-stickers.com\/pt\/wp-json\/wp\/v2\/product_tag?post=50462"}],"curies":[{"name":"Pneu","href":"https:\/\/api.w.org\/{rel}","templated":true}]}}