{"id":50464,"date":"2023-11-17T16:20:22","date_gmt":"2023-11-17T15:20:22","guid":{"rendered":"https:\/\/www.m-stickers.com\/?post_type=product&#038;p=50464"},"modified":"2026-02-13T17:07:13","modified_gmt":"2026-02-13T16:07:13","slug":"stickers-de-jante-honda-cbf-600-liquidacao-2","status":"publish","type":"product","link":"https:\/\/www.m-stickers.com\/pt\/produit\/stickers-jante-honda-cbf-600-destockage-2\/","title":{"rendered":"Autocolantes de aros M-Stickers Honda CBF Retrorrefletores \u2013 Liquida\u00e7\u00e3o"},"content":{"rendered":"<h2><span style=\"color: #ff0000;\">Apuramento<\/span><\/h2>\n<p data-start=\"328\" data-end=\"595\">Melhore o estilo e a visibilidade da sua moto com este <strong data-start=\"386\" data-end=\"441\">Kit de autocolantes de aros refletor Honda CBF<\/strong>, projetado para <strong data-start=\"458\" data-end=\"478\">Rodas 17 polegadas<\/strong>. Ideal para personalizar sua CBF enquanto desfruta de um efeito luminoso que aumenta sua visibilidade noturna.<\/p>\n<p data-start=\"597\" data-end=\"638\">Este kit completo para 2 jantes inclui:<\/p>\n<ul data-start=\"639\" data-end=\"806\">\n<li data-start=\"639\" data-end=\"688\">\n<p data-start=\"641\" data-end=\"688\">10 liserets pr\u00e9-curvadas de 8 mm cor branca<\/p>\n<\/li>\n<li data-start=\"689\" data-end=\"737\">\n<p data-start=\"691\" data-end=\"737\">4 adesivos internos de aros de roda Honda laranja<\/p>\n<\/li>\n<li data-start=\"738\" data-end=\"784\">\n<p data-start=\"740\" data-end=\"784\">4 adesivos internos para aros CBF laranja<\/p>\n<\/li>\n<li data-start=\"785\" data-end=\"806\">\n<p data-start=\"787\" data-end=\"806\">1 log\u00f3tipo Honda preto<\/p>\n<\/li>\n<\/ul>\n<p data-start=\"808\" data-end=\"982\">Gra\u00e7as ao seu acabamento <strong data-start=\"830\" data-end=\"854\">retrorrefletor<\/strong>, estes autocolantes refletem a luz no escuro, oferecendo um visual desportivo e uma melhor presen\u00e7a visual na estrada.<\/p>\n<p data-start=\"984\" data-end=\"1125\">Fabricado em <strong data-start=\"997\" data-end=\"1021\">vinil de alta qualidade<\/strong>, eles garantem uma <strong data-start=\"1040\" data-end=\"1060\">manuten\u00e7\u00e3o permanente<\/strong>, excelente resist\u00eancia aos raios UV, \u00e1gua e salpicos.<\/p>\n<p data-start=\"1127\" data-end=\"1262\">Aproveite esta <strong data-start=\"1145\" data-end=\"1168\">oferta em estoque<\/strong> para equipar sua Honda CBF a pre\u00e7o reduzido e dar a ela um estilo \u00fanico, vis\u00edvel e duradouro.<\/p>","protected":false},"excerpt":{"rendered":"<h2><span style=\"color: #ff0000;\">Apuramento<\/span><\/h2>\n<p data-start=\"328\" data-end=\"595\">Melhore o estilo e a visibilidade da sua moto com este <strong data-start=\"386\" data-end=\"441\">Kit de autocolantes de aros refletor Honda CBF<\/strong>, projetado para <strong data-start=\"458\" data-end=\"478\">Rodas 17 polegadas<\/strong>. Ideal para personalizar sua CBF enquanto desfruta de um efeito luminoso que aumenta sua visibilidade noturna.<\/p>\n<p data-start=\"597\" data-end=\"638\">Este kit completo para 2 jantes inclui:<\/p>\n<ul data-start=\"639\" data-end=\"806\">\n<li data-start=\"639\" data-end=\"688\">\n<p data-start=\"641\" data-end=\"688\">10 liserets pr\u00e9-curvadas de 8 mm cor branca<\/p>\n<\/li>\n<li data-start=\"689\" data-end=\"737\">\n<p data-start=\"691\" data-end=\"737\">4 adesivos internos de aros de roda Honda laranja<\/p>\n<\/li>\n<li data-start=\"738\" data-end=\"784\">\n<p data-start=\"740\" data-end=\"784\">4 adesivos internos para aros CBF laranja<\/p>\n<\/li>\n<li data-start=\"785\" data-end=\"806\">\n<p data-start=\"787\" data-end=\"806\">1 log\u00f3tipo Honda preto<\/p>\n<\/li>\n<\/ul>\n<p data-start=\"808\" data-end=\"982\">Gra\u00e7as ao seu acabamento <strong data-start=\"830\" data-end=\"854\">retrorrefletor<\/strong>, estes autocolantes refletem a luz no escuro, oferecendo um visual desportivo e uma melhor presen\u00e7a visual na estrada.<\/p>\n<p data-start=\"984\" data-end=\"1125\">Fabricado em <strong data-start=\"997\" data-end=\"1021\">vinil de alta qualidade<\/strong>, eles garantem uma <strong data-start=\"1040\" data-end=\"1060\">manuten\u00e7\u00e3o permanente<\/strong>, excelente resist\u00eancia aos raios UV, \u00e1gua e salpicos.<\/p>\n<p data-start=\"1127\" data-end=\"1262\">Aproveite esta <strong data-start=\"1145\" data-end=\"1168\">oferta em estoque<\/strong> para equipar sua Honda CBF a pre\u00e7o reduzido e dar a ela um estilo \u00fanico, vis\u00edvel e duradouro.<\/p>\n<h3><\/h3>","protected":false},"featured_media":57564,"comment_status":"open","ping_status":"closed","template":"","meta":[],"product_brand":[],"product_cat":[929,963],"product_tag":[759,931,139,758,338,757,932,934,935,138],"class_list":{"0":"post-50464","1":"product","2":"type-product","3":"status-publish","4":"has-post-thumbnail","6":"product_cat-destockage","7":"product_cat-stickers-honda-pas-cher","8":"product_tag-cbf-600","9":"product_tag-destockage","10":"product_tag-honda","11":"product_tag-honda-600","12":"product_tag-honda-cbf","13":"product_tag-honda-cbf-600","14":"product_tag-promotion","15":"product_tag-promotions","16":"product_tag-reduction","17":"product_tag-stickers","18":"product_shipping_class-standard","20":"entry","21":"has-media","23":"first","24":"instock","25":"sale","26":"taxable","27":"shipping-taxable","28":"purchasable","29":"product-type-simple","30":"col","31":"span_1_of_5","32":"owp-content-center","33":"item-entry","34":"owp-thumbs-layout-horizontal","35":"owp-btn-big","36":"owp-tabs-layout-horizontal","37":"has-no-thumbnails"},"ase":null,"_links":{"self":[{"href":"https:\/\/www.m-stickers.com\/pt\/wp-json\/wp\/v2\/product\/50464","targetHints":{"allow":["GET"]}}],"collection":[{"href":"https:\/\/www.m-stickers.com\/pt\/wp-json\/wp\/v2\/product"}],"about":[{"href":"https:\/\/www.m-stickers.com\/pt\/wp-json\/wp\/v2\/types\/product"}],"replies":[{"embeddable":true,"href":"https:\/\/www.m-stickers.com\/pt\/wp-json\/wp\/v2\/comments?post=50464"}],"wp:featuredmedia":[{"embeddable":true,"href":"https:\/\/www.m-stickers.com\/pt\/wp-json\/wp\/v2\/media\/57564"}],"wp:attachment":[{"href":"https:\/\/www.m-stickers.com\/pt\/wp-json\/wp\/v2\/media?parent=50464"}],"wp:term":[{"taxonomy":"product_brand","embeddable":true,"href":"https:\/\/www.m-stickers.com\/pt\/wp-json\/wp\/v2\/product_brand?post=50464"},{"taxonomy":"product_cat","embeddable":true,"href":"https:\/\/www.m-stickers.com\/pt\/wp-json\/wp\/v2\/product_cat?post=50464"},{"taxonomy":"product_tag","embeddable":true,"href":"https:\/\/www.m-stickers.com\/pt\/wp-json\/wp\/v2\/product_tag?post=50464"}],"curies":[{"name":"Pneu","href":"https:\/\/api.w.org\/{rel}","templated":true}]}}