{"id":50477,"date":"2023-11-17T16:33:50","date_gmt":"2023-11-17T15:33:50","guid":{"rendered":"https:\/\/www.m-stickers.com\/?post_type=product&#038;p=50477"},"modified":"2026-02-13T17:01:59","modified_gmt":"2026-02-13T16:01:59","slug":"etiquetas-de-rodas-kawasaki-zx9r-descontinuacao","status":"publish","type":"product","link":"https:\/\/www.m-stickers.com\/pt\/produit\/stickers-jantes-kawasaki-zx9r-destockage\/","title":{"rendered":"Decalques aros Kawasaki ZX9R Preto \u2013 Liquida\u00e7\u00e3o"},"content":{"rendered":"<h2><strong><span style=\"color: #ff0000;\">Apuramento <\/span><\/strong><\/h2>\n<p data-start=\"304\" data-end=\"559\">D\u00ea um estilo s\u00f3brio e agressivo \u00e0 sua moto com este <strong data-start=\"361\" data-end=\"406\">kit de autocolantes de jantes Kawasaki ZX9R preto<\/strong>, projetado especificamente para <strong data-start=\"436\" data-end=\"456\">Rodas 17 polegadas<\/strong>. Ideal para real\u00e7ar o car\u00e1ter esportivo da sua ZX-9R com um visual \"full black\" elegante e racing.<\/p>\n<p data-start=\"561\" data-end=\"602\">Este kit completo para 2 jantes inclui:<\/p>\n<ul data-start=\"603\" data-end=\"815\">\n<li data-start=\"603\" data-end=\"649\">\n<p data-start=\"605\" data-end=\"649\">Liserets pr\u00e9-curvados de 8 mm cor preta<\/p>\n<\/li>\n<li data-start=\"650\" data-end=\"680\">\n<p data-start=\"652\" data-end=\"680\">8 pequenos autocolantes Kawasaki<\/p>\n<\/li>\n<li data-start=\"681\" data-end=\"707\">\n<p data-start=\"683\" data-end=\"707\">8 pequenos autocolantes ZX9R<\/p>\n<\/li>\n<li data-start=\"708\" data-end=\"752\">\n<p data-start=\"710\" data-end=\"752\">4 adesivos internos do aro da roda Kawasaki<\/p>\n<\/li>\n<li data-start=\"753\" data-end=\"795\">\n<p data-start=\"755\" data-end=\"795\">4 decalques internos de jantes ZX 9 R<\/p>\n<\/li>\n<li data-start=\"796\" data-end=\"815\">\n<p data-start=\"798\" data-end=\"815\">1 logo Kawasaki<\/p>\n<\/li>\n<\/ul>\n<p data-start=\"817\" data-end=\"978\">Fabricado em <strong data-start=\"830\" data-end=\"854\">vinil de alta qualidade<\/strong>, esses decalques oferecem uma <strong data-start=\"881\" data-end=\"901\">manuten\u00e7\u00e3o permanente<\/strong>, excelente resist\u00eancia aos raios UV, \u00e1gua e salpicos da estrada.<\/p>\n<p data-start=\"980\" data-end=\"1076\">Pr\u00e9-cortados para um <strong data-start=\"1002\" data-end=\"1017\">f\u00e1cil aplica\u00e7\u00e3o<\/strong>, garantem um acabamento limpo, dur\u00e1vel e profissional.<\/p>\n<p data-start=\"1078\" data-end=\"1213\">Aproveite esta <strong data-start=\"1096\" data-end=\"1119\">oferta em estoque<\/strong> para equipar sua Kawasaki ZX9R a um pre\u00e7o reduzido, mantendo um estilo racing intemporal.<\/p>","protected":false},"excerpt":{"rendered":"<h2><strong><span style=\"color: #ff0000;\">Apuramento <\/span><\/strong><\/h2>\n<p data-start=\"304\" data-end=\"559\">D\u00ea um estilo s\u00f3brio e agressivo \u00e0 sua moto com este <strong data-start=\"361\" data-end=\"406\">kit de autocolantes de jantes Kawasaki ZX9R preto<\/strong>, projetado especificamente para <strong data-start=\"436\" data-end=\"456\">Rodas 17 polegadas<\/strong>. Ideal para real\u00e7ar o car\u00e1ter esportivo da sua ZX-9R com um visual \"full black\" elegante e racing.<\/p>\n<p data-start=\"561\" data-end=\"602\">Este kit completo para 2 jantes inclui:<\/p>\n<ul data-start=\"603\" data-end=\"815\">\n<li data-start=\"603\" data-end=\"649\">\n<p data-start=\"605\" data-end=\"649\">Liserets pr\u00e9-curvados de 8 mm cor preta<\/p>\n<\/li>\n<li data-start=\"650\" data-end=\"680\">\n<p data-start=\"652\" data-end=\"680\">8 pequenos autocolantes Kawasaki<\/p>\n<\/li>\n<li data-start=\"681\" data-end=\"707\">\n<p data-start=\"683\" data-end=\"707\">8 pequenos autocolantes ZX9R<\/p>\n<\/li>\n<li data-start=\"708\" data-end=\"752\">\n<p data-start=\"710\" data-end=\"752\">4 adesivos internos do aro da roda Kawasaki<\/p>\n<\/li>\n<li data-start=\"753\" data-end=\"795\">\n<p data-start=\"755\" data-end=\"795\">4 decalques internos de jantes ZX 9 R<\/p>\n<\/li>\n<li data-start=\"796\" data-end=\"815\">\n<p data-start=\"798\" data-end=\"815\">1 logo Kawasaki<\/p>\n<\/li>\n<\/ul>\n<p data-start=\"817\" data-end=\"978\">Fabricado em <strong data-start=\"830\" data-end=\"854\">vinil de alta qualidade<\/strong>, esses decalques oferecem uma <strong data-start=\"881\" data-end=\"901\">manuten\u00e7\u00e3o permanente<\/strong>, excelente resist\u00eancia aos raios UV, \u00e1gua e salpicos da estrada.<\/p>\n<p data-start=\"980\" data-end=\"1076\">Pr\u00e9-cortados para um <strong data-start=\"1002\" data-end=\"1017\">f\u00e1cil aplica\u00e7\u00e3o<\/strong>, garantem um acabamento limpo, dur\u00e1vel e profissional.<\/p>\n<p data-start=\"1078\" data-end=\"1213\">Aproveite esta <strong data-start=\"1096\" data-end=\"1119\">oferta em estoque<\/strong> para equipar sua Kawasaki ZX9R a um pre\u00e7o reduzido, mantendo um estilo racing intemporal.<\/p>\n<h3><\/h3>","protected":false},"featured_media":50487,"comment_status":"open","ping_status":"closed","template":"","meta":[],"product_brand":[],"product_cat":[929,941],"product_tag":[931,933,1131,932,138,153,254,256,255,257],"class_list":{"0":"post-50477","1":"product","2":"type-product","3":"status-publish","4":"has-post-thumbnail","6":"product_cat-destockage","7":"product_cat-stickers-kawasaki-pas-cher","8":"product_tag-destockage","9":"product_tag-promo","10":"product_tag-promos","11":"product_tag-promotion","12":"product_tag-stickers","13":"product_tag-stickers-jantes-zx9r","14":"product_tag-zx-9-r","15":"product_tag-zx-9r","16":"product_tag-zx9-r","17":"product_tag-zx9r","18":"product_shipping_class-standard","20":"entry","21":"has-media","23":"first","24":"instock","25":"sale","26":"taxable","27":"shipping-taxable","28":"purchasable","29":"product-type-simple","30":"col","31":"span_1_of_5","32":"owp-content-center","33":"item-entry","34":"owp-thumbs-layout-horizontal","35":"owp-btn-big","36":"owp-tabs-layout-horizontal","37":"has-no-thumbnails"},"ase":null,"_links":{"self":[{"href":"https:\/\/www.m-stickers.com\/pt\/wp-json\/wp\/v2\/product\/50477","targetHints":{"allow":["GET"]}}],"collection":[{"href":"https:\/\/www.m-stickers.com\/pt\/wp-json\/wp\/v2\/product"}],"about":[{"href":"https:\/\/www.m-stickers.com\/pt\/wp-json\/wp\/v2\/types\/product"}],"replies":[{"embeddable":true,"href":"https:\/\/www.m-stickers.com\/pt\/wp-json\/wp\/v2\/comments?post=50477"}],"wp:featuredmedia":[{"embeddable":true,"href":"https:\/\/www.m-stickers.com\/pt\/wp-json\/wp\/v2\/media\/50487"}],"wp:attachment":[{"href":"https:\/\/www.m-stickers.com\/pt\/wp-json\/wp\/v2\/media?parent=50477"}],"wp:term":[{"taxonomy":"product_brand","embeddable":true,"href":"https:\/\/www.m-stickers.com\/pt\/wp-json\/wp\/v2\/product_brand?post=50477"},{"taxonomy":"product_cat","embeddable":true,"href":"https:\/\/www.m-stickers.com\/pt\/wp-json\/wp\/v2\/product_cat?post=50477"},{"taxonomy":"product_tag","embeddable":true,"href":"https:\/\/www.m-stickers.com\/pt\/wp-json\/wp\/v2\/product_tag?post=50477"}],"curies":[{"name":"Pneu","href":"https:\/\/api.w.org\/{rel}","templated":true}]}}