{"id":50832,"date":"2023-11-21T15:51:14","date_gmt":"2023-11-21T14:51:14","guid":{"rendered":"https:\/\/www.m-stickers.com\/?post_type=product&#038;p=50832"},"modified":"2026-02-13T16:57:44","modified_gmt":"2026-02-13T15:57:44","slug":"stickers-de-jantes-suzuki-sv-650-liquidacao","status":"publish","type":"product","link":"https:\/\/www.m-stickers.com\/pt\/produit\/stickers-jantes-suzuki-sv-650-destockage\/","title":{"rendered":"Autocolantes jantes Suzuki SV 650 Amarelos \u2013 Em liquida\u00e7\u00e3o"},"content":{"rendered":"<h2><strong><span style=\"color: #ff0000;\">Apuramento<\/span><\/strong><\/h2>\n<p data-start=\"311\" data-end=\"588\">D\u00ea um visual din\u00e2mico e brilhante \u00e0 sua moto com este <strong data-start=\"369\" data-end=\"415\">Kit de stickers para jantes de moto Suzuki SV 650 amarelo<\/strong>, projetado especificamente para <strong data-start=\"445\" data-end=\"465\">Rodas 17 polegadas<\/strong>. Ideal para personalizar sua SV650 com um estilo esportivo e vis\u00edvel, enquanto mant\u00e9m um acabamento profissional.<\/p>\n<p data-start=\"590\" data-end=\"631\">Este kit completo para 2 jantes inclui:<\/p>\n<ul data-start=\"632\" data-end=\"866\">\n<li data-start=\"632\" data-end=\"678\">\n<p data-start=\"634\" data-end=\"678\">Faixas de aro pr\u00e9-curvadas de 8 mm cor amarela<\/p>\n<\/li>\n<li data-start=\"679\" data-end=\"722\">\n<p data-start=\"681\" data-end=\"722\">8 pequenos adesivos Suzuki branco e vermelho<\/p>\n<\/li>\n<li data-start=\"723\" data-end=\"757\">\n<p data-start=\"725\" data-end=\"757\">8 pequenos autocolantes SV650 brancos<\/p>\n<\/li>\n<li data-start=\"758\" data-end=\"800\">\n<p data-start=\"760\" data-end=\"800\">4 autocolantes interiores de aros de roda Suzuki<\/p>\n<\/li>\n<li data-start=\"801\" data-end=\"842\">\n<p data-start=\"803\" data-end=\"842\">4 adesivos internos de aros SV650<\/p>\n<\/li>\n<li data-start=\"843\" data-end=\"866\">\n<p data-start=\"845\" data-end=\"866\">1 logomarca Suzuki amarela<\/p>\n<\/li>\n<\/ul>\n<p data-start=\"868\" data-end=\"1034\">Fabricado em <strong data-start=\"881\" data-end=\"905\">vinil de alta qualidade<\/strong>, estes adesivos garantem uma <strong data-start=\"937\" data-end=\"957\">manuten\u00e7\u00e3o permanente<\/strong>, excelente resist\u00eancia aos raios UV, \u00e1gua e salpicos da estrada.<\/p>\n<p data-start=\"1036\" data-end=\"1129\">Pr\u00e9-cortados para um <strong data-start=\"1058\" data-end=\"1073\">f\u00e1cil aplica\u00e7\u00e3o<\/strong>, eles garantem um acabamento limpo, dur\u00e1vel e harmonioso.<\/p>\n<p data-start=\"1131\" data-end=\"1258\">Aproveite esta <strong data-start=\"1149\" data-end=\"1172\">oferta em estoque<\/strong> para equipar a sua Suzuki SV 650 a pre\u00e7o reduzido e dar-lhe um estilo de corrida afirmativo.<\/p>","protected":false},"excerpt":{"rendered":"<h2><strong><span style=\"color: #ff0000;\">Apuramento<\/span><\/strong><\/h2>\n<p data-start=\"311\" data-end=\"588\">D\u00ea um visual din\u00e2mico e brilhante \u00e0 sua moto com este <strong data-start=\"369\" data-end=\"415\">Kit de stickers para jantes de moto Suzuki SV 650 amarelo<\/strong>, projetado especificamente para <strong data-start=\"445\" data-end=\"465\">Rodas 17 polegadas<\/strong>. Ideal para personalizar sua SV650 com um estilo esportivo e vis\u00edvel, enquanto mant\u00e9m um acabamento profissional.<\/p>\n<p data-start=\"590\" data-end=\"631\">Este kit completo para 2 jantes inclui:<\/p>\n<ul data-start=\"632\" data-end=\"866\">\n<li data-start=\"632\" data-end=\"678\">\n<p data-start=\"634\" data-end=\"678\">Faixas de aro pr\u00e9-curvadas de 8 mm cor amarela<\/p>\n<\/li>\n<li data-start=\"679\" data-end=\"722\">\n<p data-start=\"681\" data-end=\"722\">8 pequenos adesivos Suzuki branco e vermelho<\/p>\n<\/li>\n<li data-start=\"723\" data-end=\"757\">\n<p data-start=\"725\" data-end=\"757\">8 pequenos autocolantes SV650 brancos<\/p>\n<\/li>\n<li data-start=\"758\" data-end=\"800\">\n<p data-start=\"760\" data-end=\"800\">4 autocolantes interiores de aros de roda Suzuki<\/p>\n<\/li>\n<li data-start=\"801\" data-end=\"842\">\n<p data-start=\"803\" data-end=\"842\">4 adesivos internos de aros SV650<\/p>\n<\/li>\n<li data-start=\"843\" data-end=\"866\">\n<p data-start=\"845\" data-end=\"866\">1 logomarca Suzuki amarela<\/p>\n<\/li>\n<\/ul>\n<p data-start=\"868\" data-end=\"1034\">Fabricado em <strong data-start=\"881\" data-end=\"905\">vinil de alta qualidade<\/strong>, estes adesivos garantem uma <strong data-start=\"937\" data-end=\"957\">manuten\u00e7\u00e3o permanente<\/strong>, excelente resist\u00eancia aos raios UV, \u00e1gua e salpicos da estrada.<\/p>\n<p data-start=\"1036\" data-end=\"1129\">Pr\u00e9-cortados para um <strong data-start=\"1058\" data-end=\"1073\">f\u00e1cil aplica\u00e7\u00e3o<\/strong>, eles garantem um acabamento limpo, dur\u00e1vel e harmonioso.<\/p>\n<p data-start=\"1131\" data-end=\"1258\">Aproveite esta <strong data-start=\"1149\" data-end=\"1172\">oferta em estoque<\/strong> para equipar a sua Suzuki SV 650 a pre\u00e7o reduzido e dar-lhe um estilo de corrida afirmativo.<\/p>","protected":false},"featured_media":52226,"comment_status":"open","ping_status":"closed","template":"","meta":[],"product_brand":[],"product_cat":[929,938],"product_tag":[931,933,1131,932,138,127,137,199],"class_list":{"0":"post-50832","1":"product","2":"type-product","3":"status-publish","4":"has-post-thumbnail","6":"product_cat-destockage","7":"product_cat-sticker-suzuki-pas-cher","8":"product_tag-destockage","9":"product_tag-promo","10":"product_tag-promos","11":"product_tag-promotion","12":"product_tag-stickers","13":"product_tag-stickers-jantes","14":"product_tag-suzuki","15":"product_tag-sv650","16":"product_shipping_class-standard","18":"entry","19":"has-media","21":"first","22":"instock","23":"sale","24":"taxable","25":"shipping-taxable","26":"purchasable","27":"product-type-simple","28":"col","29":"span_1_of_5","30":"owp-content-center","31":"item-entry","32":"owp-thumbs-layout-horizontal","33":"owp-btn-big","34":"owp-tabs-layout-horizontal","35":"has-no-thumbnails"},"ase":null,"_links":{"self":[{"href":"https:\/\/www.m-stickers.com\/pt\/wp-json\/wp\/v2\/product\/50832","targetHints":{"allow":["GET"]}}],"collection":[{"href":"https:\/\/www.m-stickers.com\/pt\/wp-json\/wp\/v2\/product"}],"about":[{"href":"https:\/\/www.m-stickers.com\/pt\/wp-json\/wp\/v2\/types\/product"}],"replies":[{"embeddable":true,"href":"https:\/\/www.m-stickers.com\/pt\/wp-json\/wp\/v2\/comments?post=50832"}],"wp:featuredmedia":[{"embeddable":true,"href":"https:\/\/www.m-stickers.com\/pt\/wp-json\/wp\/v2\/media\/52226"}],"wp:attachment":[{"href":"https:\/\/www.m-stickers.com\/pt\/wp-json\/wp\/v2\/media?parent=50832"}],"wp:term":[{"taxonomy":"product_brand","embeddable":true,"href":"https:\/\/www.m-stickers.com\/pt\/wp-json\/wp\/v2\/product_brand?post=50832"},{"taxonomy":"product_cat","embeddable":true,"href":"https:\/\/www.m-stickers.com\/pt\/wp-json\/wp\/v2\/product_cat?post=50832"},{"taxonomy":"product_tag","embeddable":true,"href":"https:\/\/www.m-stickers.com\/pt\/wp-json\/wp\/v2\/product_tag?post=50832"}],"curies":[{"name":"Pneu","href":"https:\/\/api.w.org\/{rel}","templated":true}]}}