{"id":52157,"date":"2024-01-05T11:03:22","date_gmt":"2024-01-05T10:03:22","guid":{"rendered":"https:\/\/www.m-stickers.com\/?post_type=product&#038;p=52157"},"modified":"2026-02-13T16:51:09","modified_gmt":"2026-02-13T15:51:09","slug":"etiquetas-para-rodas-honda-cbr650r-laranja-fluorescente-liquidacao","status":"publish","type":"product","link":"https:\/\/www.m-stickers.com\/pt\/produit\/stickers-jantes-honda-cbr650r-orange-fluo-destockage\/","title":{"rendered":"Autocolantes para aros Honda CB 650 R Vermelho e Preto \u2013 Venda de stock"},"content":{"rendered":"<h2><strong><span style=\"color: #ff0000;\">Apuramento<\/span><\/strong><\/h2>\n<p data-start=\"313\" data-end=\"578\">D\u00ea um estilo agressivo e de corrida \u00e0 sua moto com este <strong data-start=\"371\" data-end=\"426\">Kit de decalques de aros M-Stickers Honda CB 650 R vermelho e preto<\/strong>, projetado especificamente para <strong data-start=\"456\" data-end=\"476\">Rodas 17 polegadas<\/strong>. Ideal para real\u00e7ar o car\u00e1ter esportivo da sua CB 650 R com um contraste poderoso e moderno.<\/p>\n<p data-start=\"580\" data-end=\"625\">Este kit completo para ambas as jantes inclui:<\/p>\n<ul data-start=\"626\" data-end=\"798\">\n<li data-start=\"626\" data-end=\"656\">\n<p data-start=\"628\" data-end=\"656\">20 faixas para aros Design 1 vermelho<\/p>\n<\/li>\n<li data-start=\"657\" data-end=\"694\">\n<p data-start=\"659\" data-end=\"694\">20 faixas de aro pr\u00e9-curvadas<\/p>\n<\/li>\n<li data-start=\"695\" data-end=\"736\">\n<p data-start=\"697\" data-end=\"736\">4 autocolantes interiores de aros Honda<\/p>\n<\/li>\n<li data-start=\"737\" data-end=\"781\">\n<p data-start=\"739\" data-end=\"781\">4 autocolantes interiores para aros de jantes CB 650 R<\/p>\n<\/li>\n<li data-start=\"782\" data-end=\"798\">\n<p data-start=\"784\" data-end=\"798\">1 logotipo Honda<\/p>\n<\/li>\n<\/ul>\n<p data-start=\"800\" data-end=\"972\">Fabricado em <strong data-start=\"813\" data-end=\"838\">vinis de alta qualidade<\/strong> Com cola de pol\u00edmero (fixa\u00e7\u00e3o permanente), esses adesivos oferecem excelente resist\u00eancia \u00e0 \u00e1gua, aos raios UV e \u00e0s condi\u00e7\u00f5es da estrada.<\/p>\n<p data-start=\"974\" data-end=\"1128\">\u2714 Qualidade profissional<br data-start=\"999\" data-end=\"1002\" \/>\u2714 Acabamento brilhante original<br data-start=\"1032\" data-end=\"1035\" \/>\u2714 F\u00e1cil aplica\u00e7\u00e3o<br data-start=\"1048\" data-end=\"1051\" \/>\u2714 Projetado e Fabricado na Fran\u00e7a<br data-start=\"1082\" data-end=\"1085\" \/>\u2714 Desenhado por motociclistas para motociclistas<\/p>\n<p data-start=\"1130\" data-end=\"1260\">Estado do produto: <strong data-start=\"1148\" data-end=\"1159\">correto<\/strong> \u2013 perfeito para desfrutar de um <strong data-start=\"1189\" data-end=\"1218\">pre\u00e7o reduzido em liquida\u00e7\u00e3o<\/strong> mantendo uma qualidade duradoura.<\/p>\n<p data-start=\"1262\" data-end=\"1375\">Voc\u00ea deseja um kit decorativo completo e combinando? Uma cria\u00e7\u00e3o personalizada tamb\u00e9m est\u00e1 dispon\u00edvel em M-Stickers.com.<\/p>","protected":false},"excerpt":{"rendered":"<h2><strong><span style=\"color: #ff0000;\">Apuramento<\/span><\/strong><\/h2>\n<p data-start=\"313\" data-end=\"578\">D\u00ea um estilo agressivo e de corrida \u00e0 sua moto com este <strong data-start=\"371\" data-end=\"426\">Kit de decalques de aros M-Stickers Honda CB 650 R vermelho e preto<\/strong>, projetado especificamente para <strong data-start=\"456\" data-end=\"476\">Rodas 17 polegadas<\/strong>. Ideal para real\u00e7ar o car\u00e1ter esportivo da sua CB 650 R com um contraste poderoso e moderno.<\/p>\n<p data-start=\"580\" data-end=\"625\">Este kit completo para ambas as jantes inclui:<\/p>\n<ul data-start=\"626\" data-end=\"798\">\n<li data-start=\"626\" data-end=\"656\">\n<p data-start=\"628\" data-end=\"656\">20 faixas para aros Design 1 vermelho<\/p>\n<\/li>\n<li data-start=\"657\" data-end=\"694\">\n<p data-start=\"659\" data-end=\"694\">20 faixas de aro pr\u00e9-curvadas<\/p>\n<\/li>\n<li data-start=\"695\" data-end=\"736\">\n<p data-start=\"697\" data-end=\"736\">4 autocolantes interiores de aros Honda<\/p>\n<\/li>\n<li data-start=\"737\" data-end=\"781\">\n<p data-start=\"739\" data-end=\"781\">4 autocolantes interiores para aros de jantes CB 650 R<\/p>\n<\/li>\n<li data-start=\"782\" data-end=\"798\">\n<p data-start=\"784\" data-end=\"798\">1 logotipo Honda<\/p>\n<\/li>\n<\/ul>\n<p data-start=\"800\" data-end=\"972\">Fabricado em <strong data-start=\"813\" data-end=\"838\">vinis de alta qualidade<\/strong> Com cola de pol\u00edmero (fixa\u00e7\u00e3o permanente), esses adesivos oferecem excelente resist\u00eancia \u00e0 \u00e1gua, aos raios UV e \u00e0s condi\u00e7\u00f5es da estrada.<\/p>\n<p data-start=\"974\" data-end=\"1128\">\u2714 Qualidade profissional<br data-start=\"999\" data-end=\"1002\" \/>\u2714 Acabamento brilhante original<br data-start=\"1032\" data-end=\"1035\" \/>\u2714 F\u00e1cil aplica\u00e7\u00e3o<br data-start=\"1048\" data-end=\"1051\" \/>\u2714 Projetado e Fabricado na Fran\u00e7a<br data-start=\"1082\" data-end=\"1085\" \/>\u2714 Desenhado por motociclistas para motociclistas<\/p>\n<p data-start=\"1130\" data-end=\"1260\">Estado do produto: <strong data-start=\"1148\" data-end=\"1159\">correto<\/strong> \u2013 perfeito para desfrutar de um <strong data-start=\"1189\" data-end=\"1218\">pre\u00e7o reduzido em liquida\u00e7\u00e3o<\/strong> mantendo uma qualidade duradoura.<\/p>\n<p data-start=\"1262\" data-end=\"1375\">Voc\u00ea deseja um kit decorativo completo e combinando? Uma cria\u00e7\u00e3o personalizada tamb\u00e9m est\u00e1 dispon\u00edvel em M-Stickers.com.<\/p>","protected":false},"featured_media":58531,"comment_status":"open","ping_status":"closed","template":"","meta":[],"product_brand":[],"product_cat":[929,963],"product_tag":[779,545,375,931,139,374,932,935,127],"class_list":{"0":"post-52157","1":"product","2":"type-product","3":"status-publish","4":"has-post-thumbnail","6":"product_cat-destockage","7":"product_cat-stickers-honda-pas-cher","8":"product_tag-650-r","9":"product_tag-cb","10":"product_tag-cb650r","11":"product_tag-destockage","12":"product_tag-honda","13":"product_tag-honda-cb650r","14":"product_tag-promotion","15":"product_tag-reduction","16":"product_tag-stickers-jantes","17":"product_shipping_class-standard","19":"entry","20":"has-media","22":"first","23":"instock","24":"sale","25":"taxable","26":"shipping-taxable","27":"purchasable","28":"product-type-simple","29":"col","30":"span_1_of_5","31":"owp-content-center","32":"item-entry","33":"owp-thumbs-layout-horizontal","34":"owp-btn-big","35":"owp-tabs-layout-horizontal","36":"has-no-thumbnails"},"ase":null,"_links":{"self":[{"href":"https:\/\/www.m-stickers.com\/pt\/wp-json\/wp\/v2\/product\/52157","targetHints":{"allow":["GET"]}}],"collection":[{"href":"https:\/\/www.m-stickers.com\/pt\/wp-json\/wp\/v2\/product"}],"about":[{"href":"https:\/\/www.m-stickers.com\/pt\/wp-json\/wp\/v2\/types\/product"}],"replies":[{"embeddable":true,"href":"https:\/\/www.m-stickers.com\/pt\/wp-json\/wp\/v2\/comments?post=52157"}],"wp:featuredmedia":[{"embeddable":true,"href":"https:\/\/www.m-stickers.com\/pt\/wp-json\/wp\/v2\/media\/58531"}],"wp:attachment":[{"href":"https:\/\/www.m-stickers.com\/pt\/wp-json\/wp\/v2\/media?parent=52157"}],"wp:term":[{"taxonomy":"product_brand","embeddable":true,"href":"https:\/\/www.m-stickers.com\/pt\/wp-json\/wp\/v2\/product_brand?post=52157"},{"taxonomy":"product_cat","embeddable":true,"href":"https:\/\/www.m-stickers.com\/pt\/wp-json\/wp\/v2\/product_cat?post=52157"},{"taxonomy":"product_tag","embeddable":true,"href":"https:\/\/www.m-stickers.com\/pt\/wp-json\/wp\/v2\/product_tag?post=52157"}],"curies":[{"name":"Pneu","href":"https:\/\/api.w.org\/{rel}","templated":true}]}}