{"id":52188,"date":"2024-01-05T14:29:16","date_gmt":"2024-01-05T13:29:16","guid":{"rendered":"https:\/\/www.m-stickers.com\/?post_type=product&#038;p=52188"},"modified":"2026-02-13T15:30:25","modified_gmt":"2026-02-13T14:30:25","slug":"stickers-para-roda-bmw-s1000-xr-descontinuacao","status":"publish","type":"product","link":"https:\/\/www.m-stickers.com\/pt\/produit\/stickers-jante-bmw-s1000-xr-destockage\/","title":{"rendered":"Autocolantes para jantes BMW S1000 XR Vermelho e Branco \u2013 Liquida\u00e7\u00e3o de stock"},"content":{"rendered":"<h2><strong><span style=\"color: #ff0000;\">Apuramento<\/span><\/strong><\/h2>\n<p data-start=\"308\" data-end=\"551\">Personalize sua motocicleta com este <strong data-start=\"341\" data-end=\"394\">Kit de adesivos para jantes M-Stickers BMW S1000 XR vermelho e branco<\/strong>, projetado especificamente para <strong data-start=\"424\" data-end=\"444\">Rodas 17 polegadas<\/strong>. Ideal para real\u00e7ar o visual esportivo e premium da sua S1000XR com um acabamento limpo e din\u00e2mico.<\/p>\n<p data-start=\"553\" data-end=\"594\">Este kit completo para 2 jantes inclui:<\/p>\n<ul data-start=\"595\" data-end=\"833\">\n<li data-start=\"595\" data-end=\"675\">\n<p data-start=\"597\" data-end=\"675\">8 faixas para as jantes personalizadas \u201cBMW Motorrad\u201d (+ 2 adicionais em caso de falha)<\/p>\n<\/li>\n<li data-start=\"676\" data-end=\"751\">\n<p data-start=\"678\" data-end=\"751\">8 faixas personalizadas \u201cS1000XR\u201d (+ 2 adicionais em caso de falha)<\/p>\n<\/li>\n<li data-start=\"752\" data-end=\"777\">\n<p data-start=\"754\" data-end=\"777\">20 calotas de roda<\/p>\n<\/li>\n<li data-start=\"778\" data-end=\"794\">\n<p data-start=\"780\" data-end=\"794\">Stickers BMW<\/p>\n<\/li>\n<li data-start=\"795\" data-end=\"815\">\n<p data-start=\"797\" data-end=\"815\">Stickers S1000XR<\/p>\n<\/li>\n<li data-start=\"816\" data-end=\"833\">\n<p data-start=\"818\" data-end=\"833\">Log\u00f3tipo S1000 XR<\/p>\n<\/li>\n<\/ul>\n<p data-start=\"835\" data-end=\"994\">Fabricado em <strong data-start=\"848\" data-end=\"872\">vinil de alta qualidade<\/strong>, esses decalques oferecem uma <strong data-start=\"899\" data-end=\"919\">manuten\u00e7\u00e3o permanente<\/strong>, excelente resist\u00eancia aos raios UV, \u00e1gua e salpicos da estrada.<\/p>\n<p data-start=\"996\" data-end=\"1174\">Pr\u00e9-cortados para um <strong data-start=\"1018\" data-end=\"1033\">f\u00e1cil aplica\u00e7\u00e3o<\/strong>, eles garantem um acabamento profissional e duradouro. As faixas de aro adicionais inclu\u00eddas garantem uma aplica\u00e7\u00e3o serena e precisa.<\/p>\n<p data-start=\"1176\" data-end=\"1302\">Aproveite esta <strong data-start=\"1194\" data-end=\"1217\">oferta em estoque<\/strong> Para equipar a sua BMW S1000 XR a um pre\u00e7o reduzido e dar-lhe um estilo de corrida afirmado.<\/p>","protected":false},"excerpt":{"rendered":"<h2><strong><span style=\"color: #ff0000;\">Apuramento<\/span><\/strong><\/h2>\n<p data-start=\"308\" data-end=\"551\">Personalize sua motocicleta com este <strong data-start=\"341\" data-end=\"394\">Kit de adesivos para jantes M-Stickers BMW S1000 XR vermelho e branco<\/strong>, projetado especificamente para <strong data-start=\"424\" data-end=\"444\">Rodas 17 polegadas<\/strong>. Ideal para real\u00e7ar o visual esportivo e premium da sua S1000XR com um acabamento limpo e din\u00e2mico.<\/p>\n<p data-start=\"553\" data-end=\"594\">Este kit completo para 2 jantes inclui:<\/p>\n<ul data-start=\"595\" data-end=\"833\">\n<li data-start=\"595\" data-end=\"675\">\n<p data-start=\"597\" data-end=\"675\">8 faixas para as jantes personalizadas \u201cBMW Motorrad\u201d (+ 2 adicionais em caso de falha)<\/p>\n<\/li>\n<li data-start=\"676\" data-end=\"751\">\n<p data-start=\"678\" data-end=\"751\">8 faixas personalizadas \u201cS1000XR\u201d (+ 2 adicionais em caso de falha)<\/p>\n<\/li>\n<li data-start=\"752\" data-end=\"777\">\n<p data-start=\"754\" data-end=\"777\">20 calotas de roda<\/p>\n<\/li>\n<li data-start=\"778\" data-end=\"794\">\n<p data-start=\"780\" data-end=\"794\">Stickers BMW<\/p>\n<\/li>\n<li data-start=\"795\" data-end=\"815\">\n<p data-start=\"797\" data-end=\"815\">Stickers S1000XR<\/p>\n<\/li>\n<li data-start=\"816\" data-end=\"833\">\n<p data-start=\"818\" data-end=\"833\">Log\u00f3tipo S1000 XR<\/p>\n<\/li>\n<\/ul>\n<p data-start=\"835\" data-end=\"994\">Fabricado em <strong data-start=\"848\" data-end=\"872\">vinil de alta qualidade<\/strong>, esses decalques oferecem uma <strong data-start=\"899\" data-end=\"919\">manuten\u00e7\u00e3o permanente<\/strong>, excelente resist\u00eancia aos raios UV, \u00e1gua e salpicos da estrada.<\/p>\n<p data-start=\"996\" data-end=\"1174\">Pr\u00e9-cortados para um <strong data-start=\"1018\" data-end=\"1033\">f\u00e1cil aplica\u00e7\u00e3o<\/strong>, eles garantem um acabamento profissional e duradouro. As faixas de aro adicionais inclu\u00eddas garantem uma aplica\u00e7\u00e3o serena e precisa.<\/p>\n<p data-start=\"1176\" data-end=\"1302\">Aproveite esta <strong data-start=\"1194\" data-end=\"1217\">oferta em estoque<\/strong> Para equipar a sua BMW S1000 XR a um pre\u00e7o reduzido e dar-lhe um estilo de corrida afirmado.<\/p>\n<h3><\/h3>","protected":false},"featured_media":52198,"comment_status":"open","ping_status":"closed","template":"","meta":[],"product_brand":[],"product_cat":[966,929],"product_tag":[684,239,685,931,687,932,935,686,138,688,127],"class_list":{"0":"post-52188","1":"product","2":"type-product","3":"status-publish","4":"has-post-thumbnail","6":"product_cat-stickers-bmw-pas-cher","7":"product_cat-destockage","8":"product_tag-bms-s1000","9":"product_tag-bmw","10":"product_tag-bmw-s1000xr","11":"product_tag-destockage","12":"product_tag-liseret-bmw-s1000-xr","13":"product_tag-promotion","14":"product_tag-reduction","15":"product_tag-s1000-xr","16":"product_tag-stickers","17":"product_tag-stickers-bmw-s1000xr","18":"product_tag-stickers-jantes","19":"product_shipping_class-standard","21":"entry","22":"has-media","24":"first","25":"instock","26":"sale","27":"taxable","28":"shipping-taxable","29":"purchasable","30":"product-type-simple","31":"col","32":"span_1_of_5","33":"owp-content-center","34":"item-entry","35":"owp-thumbs-layout-horizontal","36":"owp-btn-big","37":"owp-tabs-layout-horizontal","38":"has-no-thumbnails"},"ase":null,"_links":{"self":[{"href":"https:\/\/www.m-stickers.com\/pt\/wp-json\/wp\/v2\/product\/52188","targetHints":{"allow":["GET"]}}],"collection":[{"href":"https:\/\/www.m-stickers.com\/pt\/wp-json\/wp\/v2\/product"}],"about":[{"href":"https:\/\/www.m-stickers.com\/pt\/wp-json\/wp\/v2\/types\/product"}],"replies":[{"embeddable":true,"href":"https:\/\/www.m-stickers.com\/pt\/wp-json\/wp\/v2\/comments?post=52188"}],"wp:featuredmedia":[{"embeddable":true,"href":"https:\/\/www.m-stickers.com\/pt\/wp-json\/wp\/v2\/media\/52198"}],"wp:attachment":[{"href":"https:\/\/www.m-stickers.com\/pt\/wp-json\/wp\/v2\/media?parent=52188"}],"wp:term":[{"taxonomy":"product_brand","embeddable":true,"href":"https:\/\/www.m-stickers.com\/pt\/wp-json\/wp\/v2\/product_brand?post=52188"},{"taxonomy":"product_cat","embeddable":true,"href":"https:\/\/www.m-stickers.com\/pt\/wp-json\/wp\/v2\/product_cat?post=52188"},{"taxonomy":"product_tag","embeddable":true,"href":"https:\/\/www.m-stickers.com\/pt\/wp-json\/wp\/v2\/product_tag?post=52188"}],"curies":[{"name":"Pneu","href":"https:\/\/api.w.org\/{rel}","templated":true}]}}