{"id":52230,"date":"2024-01-05T15:59:57","date_gmt":"2024-01-05T14:59:57","guid":{"rendered":"https:\/\/www.m-stickers.com\/?post_type=product&#038;p=52230"},"modified":"2026-02-13T15:18:32","modified_gmt":"2026-02-13T14:18:32","slug":"stickers-de-roda-kawasaki-er6f-descontinuacao","status":"publish","type":"product","link":"https:\/\/www.m-stickers.com\/pt\/produit\/stickers-jante-kawasaki-er6-f-destockage\/","title":{"rendered":"Autocolantes de aros Kawasaki ER6-F Vermelho e Verde \u2013 Liquida\u00e7\u00e3o"},"content":{"rendered":"<h2><strong><span style=\"color: #ff0000;\">Apuramento<\/span><\/strong><\/h2>\n<p data-start=\"312\" data-end=\"571\">D\u00ea um visual esportivo e agressivo \u00e0 sua moto com este <strong data-start=\"370\" data-end=\"424\">kit de adesivos para jante Kawasaki ER6-F vermelho e verde<\/strong>, projetado especificamente para <strong data-start=\"454\" data-end=\"474\">Rodas 17 polegadas<\/strong>. Ideal para real\u00e7ar a identidade racing da sua ER6-F com um contraste din\u00e2mico e moderno.<\/p>\n<p data-start=\"573\" data-end=\"614\">Este kit completo para 2 jantes inclui:<\/p>\n<ul data-start=\"615\" data-end=\"813\">\n<li data-start=\"615\" data-end=\"647\">\n<p data-start=\"617\" data-end=\"647\">Faixas de jante pr\u00e9-curvadas de 8 mm<\/p>\n<\/li>\n<li data-start=\"648\" data-end=\"678\">\n<p data-start=\"650\" data-end=\"678\">8 pequenos autocolantes Kawasaki<\/p>\n<\/li>\n<li data-start=\"679\" data-end=\"706\">\n<p data-start=\"681\" data-end=\"706\">8 pequenos autocolantes ER6-F<\/p>\n<\/li>\n<li data-start=\"707\" data-end=\"751\">\n<p data-start=\"709\" data-end=\"751\">4 adesivos internos do aro da roda Kawasaki<\/p>\n<\/li>\n<li data-start=\"752\" data-end=\"793\">\n<p data-start=\"754\" data-end=\"793\">4 adesivos internos de aros ER-6F<\/p>\n<\/li>\n<li data-start=\"794\" data-end=\"813\">\n<p data-start=\"796\" data-end=\"813\">1 logo Kawasaki<\/p>\n<\/li>\n<\/ul>\n<p data-start=\"815\" data-end=\"976\">Fabricado em <strong data-start=\"828\" data-end=\"852\">vinil de alta qualidade<\/strong>, esses decalques oferecem uma <strong data-start=\"879\" data-end=\"899\">manuten\u00e7\u00e3o permanente<\/strong>, excelente resist\u00eancia aos raios UV, \u00e1gua e salpicos da estrada.<\/p>\n<p data-start=\"978\" data-end=\"1078\">Gra\u00e7as ao seu corte preciso, a aplica\u00e7\u00e3o \u00e9 simples e o resultado \u00e9 limpo, duradouro e profissional.<\/p>\n<p data-start=\"1080\" data-end=\"1208\">Aproveite esta <strong data-start=\"1098\" data-end=\"1121\">oferta em estoque<\/strong> para equipar sua Kawasaki ER6-F a um pre\u00e7o com desconto e dar-lhe um estilo de corrida acentuado.<\/p>","protected":false},"excerpt":{"rendered":"<h2><strong><span style=\"color: #ff0000;\">Apuramento<\/span><\/strong><\/h2>\n<p data-start=\"312\" data-end=\"571\">D\u00ea um visual esportivo e agressivo \u00e0 sua moto com este <strong data-start=\"370\" data-end=\"424\">kit de adesivos para jante Kawasaki ER6-F vermelho e verde<\/strong>, projetado especificamente para <strong data-start=\"454\" data-end=\"474\">Rodas 17 polegadas<\/strong>. Ideal para real\u00e7ar a identidade racing da sua ER6-F com um contraste din\u00e2mico e moderno.<\/p>\n<p data-start=\"573\" data-end=\"614\">Este kit completo para 2 jantes inclui:<\/p>\n<ul data-start=\"615\" data-end=\"813\">\n<li data-start=\"615\" data-end=\"647\">\n<p data-start=\"617\" data-end=\"647\">Faixas de jante pr\u00e9-curvadas de 8 mm<\/p>\n<\/li>\n<li data-start=\"648\" data-end=\"678\">\n<p data-start=\"650\" data-end=\"678\">8 pequenos autocolantes Kawasaki<\/p>\n<\/li>\n<li data-start=\"679\" data-end=\"706\">\n<p data-start=\"681\" data-end=\"706\">8 pequenos autocolantes ER6-F<\/p>\n<\/li>\n<li data-start=\"707\" data-end=\"751\">\n<p data-start=\"709\" data-end=\"751\">4 adesivos internos do aro da roda Kawasaki<\/p>\n<\/li>\n<li data-start=\"752\" data-end=\"793\">\n<p data-start=\"754\" data-end=\"793\">4 adesivos internos de aros ER-6F<\/p>\n<\/li>\n<li data-start=\"794\" data-end=\"813\">\n<p data-start=\"796\" data-end=\"813\">1 logo Kawasaki<\/p>\n<\/li>\n<\/ul>\n<p data-start=\"815\" data-end=\"976\">Fabricado em <strong data-start=\"828\" data-end=\"852\">vinil de alta qualidade<\/strong>, esses decalques oferecem uma <strong data-start=\"879\" data-end=\"899\">manuten\u00e7\u00e3o permanente<\/strong>, excelente resist\u00eancia aos raios UV, \u00e1gua e salpicos da estrada.<\/p>\n<p data-start=\"978\" data-end=\"1078\">Gra\u00e7as ao seu corte preciso, a aplica\u00e7\u00e3o \u00e9 simples e o resultado \u00e9 limpo, duradouro e profissional.<\/p>\n<p data-start=\"1080\" data-end=\"1208\">Aproveite esta <strong data-start=\"1098\" data-end=\"1121\">oferta em estoque<\/strong> para equipar sua Kawasaki ER6-F a um pre\u00e7o com desconto e dar-lhe um estilo de corrida acentuado.<\/p>\n<h3><\/h3>","protected":false},"featured_media":52240,"comment_status":"open","ping_status":"closed","template":"","meta":[],"product_brand":[],"product_cat":[929,941],"product_tag":[931,1156,1123,1121,932,935,138,127],"class_list":{"0":"post-52230","1":"product","2":"type-product","3":"status-publish","4":"has-post-thumbnail","6":"product_cat-destockage","7":"product_cat-stickers-kawasaki-pas-cher","8":"product_tag-destockage","9":"product_tag-er6f","10":"product_tag-jantes","11":"product_tag-kawazaki","12":"product_tag-promotion","13":"product_tag-reduction","14":"product_tag-stickers","15":"product_tag-stickers-jantes","16":"product_shipping_class-standard","18":"entry","19":"has-media","21":"first","22":"instock","23":"sale","24":"taxable","25":"shipping-taxable","26":"purchasable","27":"product-type-simple","28":"col","29":"span_1_of_5","30":"owp-content-center","31":"item-entry","32":"owp-thumbs-layout-horizontal","33":"owp-btn-big","34":"owp-tabs-layout-horizontal","35":"has-no-thumbnails"},"ase":null,"_links":{"self":[{"href":"https:\/\/www.m-stickers.com\/pt\/wp-json\/wp\/v2\/product\/52230","targetHints":{"allow":["GET"]}}],"collection":[{"href":"https:\/\/www.m-stickers.com\/pt\/wp-json\/wp\/v2\/product"}],"about":[{"href":"https:\/\/www.m-stickers.com\/pt\/wp-json\/wp\/v2\/types\/product"}],"replies":[{"embeddable":true,"href":"https:\/\/www.m-stickers.com\/pt\/wp-json\/wp\/v2\/comments?post=52230"}],"wp:featuredmedia":[{"embeddable":true,"href":"https:\/\/www.m-stickers.com\/pt\/wp-json\/wp\/v2\/media\/52240"}],"wp:attachment":[{"href":"https:\/\/www.m-stickers.com\/pt\/wp-json\/wp\/v2\/media?parent=52230"}],"wp:term":[{"taxonomy":"product_brand","embeddable":true,"href":"https:\/\/www.m-stickers.com\/pt\/wp-json\/wp\/v2\/product_brand?post=52230"},{"taxonomy":"product_cat","embeddable":true,"href":"https:\/\/www.m-stickers.com\/pt\/wp-json\/wp\/v2\/product_cat?post=52230"},{"taxonomy":"product_tag","embeddable":true,"href":"https:\/\/www.m-stickers.com\/pt\/wp-json\/wp\/v2\/product_tag?post=52230"}],"curies":[{"name":"Pneu","href":"https:\/\/api.w.org\/{rel}","templated":true}]}}