{"id":52262,"date":"2024-01-05T16:22:50","date_gmt":"2024-01-05T15:22:50","guid":{"rendered":"https:\/\/www.m-stickers.com\/?post_type=product&#038;p=52262"},"modified":"2026-02-13T15:15:18","modified_gmt":"2026-02-13T14:15:18","slug":"stickers-de-jantes-zontes-scrambler-125-liquidacao","status":"publish","type":"product","link":"https:\/\/www.m-stickers.com\/pt\/produit\/stickers-jante-zontes-scrambler-125-destockage\/","title":{"rendered":"Adesivos de jante Zontes Scrambler 125 Cinza \u2013 Limpa estoque"},"content":{"rendered":"<h2><strong><span style=\"color: #ff0000;\">Apuramento<\/span><\/strong><\/h2>\n<p data-start=\"314\" data-end=\"573\">Personalize sua motocicleta com este <strong data-start=\"347\" data-end=\"398\">kit de autocolantes para jantes Zontes Scrambler 125 cinzento refletor<\/strong>, projetado especificamente para <strong data-start=\"428\" data-end=\"448\">Rodas 17 polegadas<\/strong>. Ideal para dar um toque moderno e elegante \u00e0 sua Scrambler 125, mantendo um acabamento profissional.<\/p>\n<p data-start=\"575\" data-end=\"616\">Este kit completo para 2 jantes inclui:<\/p>\n<ul data-start=\"617\" data-end=\"704\">\n<li data-start=\"617\" data-end=\"642\">\n<p data-start=\"619\" data-end=\"642\">20 calotas de roda<\/p>\n<\/li>\n<li data-start=\"643\" data-end=\"660\">\n<p data-start=\"645\" data-end=\"660\">1 logo Zontes<\/p>\n<\/li>\n<li data-start=\"661\" data-end=\"682\">\n<p data-start=\"663\" data-end=\"682\">4 **adesivos** Zontes<\/p>\n<\/li>\n<li data-start=\"683\" data-end=\"704\">\n<p data-start=\"685\" data-end=\"704\">4 adesivos ZT 125<\/p>\n<\/li>\n<\/ul>\n<p data-start=\"706\" data-end=\"883\">Fabricado em <strong data-start=\"719\" data-end=\"743\">vinil de alta qualidade<\/strong>, estes adesivos garantem uma <strong data-start=\"775\" data-end=\"795\">manuten\u00e7\u00e3o permanente<\/strong>, excelente resist\u00eancia aos raios UV, salpicos de \u00e1gua e condi\u00e7\u00f5es rodovi\u00e1rias.<\/p>\n<p data-start=\"885\" data-end=\"985\">F\u00e1ceis de aplicar gra\u00e7as ao seu corte preciso, garantem um acabamento limpo, duradouro e harmonioso.<\/p>\n<p data-start=\"987\" data-end=\"1133\">Aproveite esta <strong data-start=\"1005\" data-end=\"1028\">oferta em estoque<\/strong> para equipar a sua Zontes Scrambler 125 a um pre\u00e7o reduzido e dar-lhe um estilo distinto e personalizado.<\/p>","protected":false},"excerpt":{"rendered":"<h2><strong><span style=\"color: #ff0000;\">Apuramento<\/span><\/strong><\/h2>\n<p data-start=\"314\" data-end=\"573\">Personalize sua motocicleta com este <strong data-start=\"347\" data-end=\"398\">kit de autocolantes para jantes Zontes Scrambler 125 cinzento refletor<\/strong>, projetado especificamente para <strong data-start=\"428\" data-end=\"448\">Rodas 17 polegadas<\/strong>. Ideal para dar um toque moderno e elegante \u00e0 sua Scrambler 125, mantendo um acabamento profissional.<\/p>\n<p data-start=\"575\" data-end=\"616\">Este kit completo para 2 jantes inclui:<\/p>\n<ul data-start=\"617\" data-end=\"704\">\n<li data-start=\"617\" data-end=\"642\">\n<p data-start=\"619\" data-end=\"642\">20 calotas de roda<\/p>\n<\/li>\n<li data-start=\"643\" data-end=\"660\">\n<p data-start=\"645\" data-end=\"660\">1 logo Zontes<\/p>\n<\/li>\n<li data-start=\"661\" data-end=\"682\">\n<p data-start=\"663\" data-end=\"682\">4 **adesivos** Zontes<\/p>\n<\/li>\n<li data-start=\"683\" data-end=\"704\">\n<p data-start=\"685\" data-end=\"704\">4 adesivos ZT 125<\/p>\n<\/li>\n<\/ul>\n<p data-start=\"706\" data-end=\"883\">Fabricado em <strong data-start=\"719\" data-end=\"743\">vinil de alta qualidade<\/strong>, estes adesivos garantem uma <strong data-start=\"775\" data-end=\"795\">manuten\u00e7\u00e3o permanente<\/strong>, excelente resist\u00eancia aos raios UV, salpicos de \u00e1gua e condi\u00e7\u00f5es rodovi\u00e1rias.<\/p>\n<p data-start=\"885\" data-end=\"985\">F\u00e1ceis de aplicar gra\u00e7as ao seu corte preciso, garantem um acabamento limpo, duradouro e harmonioso.<\/p>\n<p data-start=\"987\" data-end=\"1133\">Aproveite esta <strong data-start=\"1005\" data-end=\"1028\">oferta em estoque<\/strong> para equipar a sua Zontes Scrambler 125 a um pre\u00e7o reduzido e dar-lhe um estilo distinto e personalizado.<\/p>\n<h3><\/h3>","protected":false},"featured_media":52272,"comment_status":"open","ping_status":"closed","template":"","meta":[],"product_brand":[],"product_cat":[929,1157],"product_tag":[931,932,935,825,826,677,673,822,823,824],"class_list":{"0":"post-52262","1":"product","2":"type-product","3":"status-publish","4":"has-post-thumbnail","6":"product_cat-destockage","7":"product_cat-stickers-zontes-pas-cher","8":"product_tag-destockage","9":"product_tag-promotion","10":"product_tag-reduction","11":"product_tag-scrambler","12":"product_tag-scrambler-125","13":"product_tag-stickers-zontes","14":"product_tag-zontes","15":"product_tag-zontes-125","16":"product_tag-zontes-scrambler","17":"product_tag-zontes-scrambler-125","18":"product_shipping_class-standard","20":"entry","21":"has-media","23":"first","24":"instock","25":"sale","26":"taxable","27":"shipping-taxable","28":"purchasable","29":"product-type-simple","30":"col","31":"span_1_of_5","32":"owp-content-center","33":"item-entry","34":"owp-thumbs-layout-horizontal","35":"owp-btn-big","36":"owp-tabs-layout-horizontal","37":"has-no-thumbnails"},"ase":null,"_links":{"self":[{"href":"https:\/\/www.m-stickers.com\/pt\/wp-json\/wp\/v2\/product\/52262","targetHints":{"allow":["GET"]}}],"collection":[{"href":"https:\/\/www.m-stickers.com\/pt\/wp-json\/wp\/v2\/product"}],"about":[{"href":"https:\/\/www.m-stickers.com\/pt\/wp-json\/wp\/v2\/types\/product"}],"replies":[{"embeddable":true,"href":"https:\/\/www.m-stickers.com\/pt\/wp-json\/wp\/v2\/comments?post=52262"}],"wp:featuredmedia":[{"embeddable":true,"href":"https:\/\/www.m-stickers.com\/pt\/wp-json\/wp\/v2\/media\/52272"}],"wp:attachment":[{"href":"https:\/\/www.m-stickers.com\/pt\/wp-json\/wp\/v2\/media?parent=52262"}],"wp:term":[{"taxonomy":"product_brand","embeddable":true,"href":"https:\/\/www.m-stickers.com\/pt\/wp-json\/wp\/v2\/product_brand?post=52262"},{"taxonomy":"product_cat","embeddable":true,"href":"https:\/\/www.m-stickers.com\/pt\/wp-json\/wp\/v2\/product_cat?post=52262"},{"taxonomy":"product_tag","embeddable":true,"href":"https:\/\/www.m-stickers.com\/pt\/wp-json\/wp\/v2\/product_tag?post=52262"}],"curies":[{"name":"Pneu","href":"https:\/\/api.w.org\/{rel}","templated":true}]}}