{"id":52464,"date":"2024-01-10T16:42:10","date_gmt":"2024-01-10T15:42:10","guid":{"rendered":"https:\/\/www.m-stickers.com\/?post_type=product&#038;p=52464"},"modified":"2026-02-13T14:53:37","modified_gmt":"2026-02-13T13:53:37","slug":"decais-de-jantes-suzuki-sv-650","status":"publish","type":"product","link":"https:\/\/www.m-stickers.com\/pt\/produit\/stickers-jante-suzuki-sv-650-destockage-3\/","title":{"rendered":"Autocolantes de jante Suzuki SV 650 \u2013 Liquida\u00e7\u00e3o"},"content":{"rendered":"<h2><strong><span style=\"color: #ff0000;\">Apuramento<\/span><\/strong><\/h2>\n<p data-start=\"294\" data-end=\"511\">D\u00ea um novo estilo \u00e0 sua moto com este <strong data-start=\"339\" data-end=\"379\">kit de autocolantes de aros Suzuki SV 650<\/strong>, projetado especificamente para <strong data-start=\"409\" data-end=\"429\">Rodas 17 polegadas<\/strong>. Ideal para personalizar sua SV650 com um visual esportivo, limpo e duradouro.<\/p>\n<p data-start=\"513\" data-end=\"555\">Este pacote completo para 2 aros de roda inclui:<\/p>\n<ul data-start=\"556\" data-end=\"707\">\n<li data-start=\"556\" data-end=\"622\">\n<p data-start=\"558\" data-end=\"622\">Faixas pr\u00e9-curvadas de 8 mm com inscri\u00e7\u00f5es Suzuki e SV650<\/p>\n<\/li>\n<li data-start=\"623\" data-end=\"665\">\n<p data-start=\"625\" data-end=\"665\">4 autocolantes interiores de aros de roda Suzuki<\/p>\n<\/li>\n<li data-start=\"666\" data-end=\"707\">\n<p data-start=\"668\" data-end=\"707\">4 adesivos internos de aros SV650<\/p>\n<\/li>\n<\/ul>\n<p data-start=\"709\" data-end=\"888\">Fabricado em vinil de <strong data-start=\"732\" data-end=\"759\">qualidade profissional<\/strong>, estes adesivos garantem uma <strong data-start=\"791\" data-end=\"811\">manuten\u00e7\u00e3o permanente<\/strong>, excelente resist\u00eancia aos raios UV, \u00e1gua e salpicos da estrada.<\/p>\n<p data-start=\"890\" data-end=\"975\">F\u00e1ceis de aplicar gra\u00e7as ao seu corte preciso, garantem um acabamento limpo e dur\u00e1vel.<\/p>\n<p data-start=\"977\" data-end=\"1112\">Aproveite esta <strong data-start=\"995\" data-end=\"1018\">oferta em estoque<\/strong> para equipar o seu Suzuki SV 650 a um pre\u00e7o reduzido, mantendo um estilo de corrida e moderno.<\/p>","protected":false},"excerpt":{"rendered":"<ul>\n<li>\n<h2><strong><span style=\"color: #ff0000;\">Apuramento<\/span><\/strong><\/h2>\n<p data-start=\"294\" data-end=\"511\">D\u00ea um novo estilo \u00e0 sua moto com este <strong data-start=\"339\" data-end=\"379\">kit de autocolantes de aros Suzuki SV 650<\/strong>, projetado especificamente para <strong data-start=\"409\" data-end=\"429\">Rodas 17 polegadas<\/strong>. Ideal para personalizar sua SV650 com um visual esportivo, limpo e duradouro.<\/p>\n<p data-start=\"513\" data-end=\"555\">Este pacote completo para 2 aros de roda inclui:<\/p>\n<ul data-start=\"556\" data-end=\"707\">\n<li data-start=\"556\" data-end=\"622\">\n<p data-start=\"558\" data-end=\"622\">Faixas pr\u00e9-curvadas de 8 mm com inscri\u00e7\u00f5es Suzuki e SV650<\/p>\n<\/li>\n<li data-start=\"623\" data-end=\"665\">\n<p data-start=\"625\" data-end=\"665\">4 autocolantes interiores de aros de roda Suzuki<\/p>\n<\/li>\n<li data-start=\"666\" data-end=\"707\">\n<p data-start=\"668\" data-end=\"707\">4 adesivos internos de aros SV650<\/p>\n<\/li>\n<\/ul>\n<p data-start=\"709\" data-end=\"888\">Fabricado em vinil de <strong data-start=\"732\" data-end=\"759\">qualidade profissional<\/strong>, estes adesivos garantem uma <strong data-start=\"791\" data-end=\"811\">manuten\u00e7\u00e3o permanente<\/strong>, excelente resist\u00eancia aos raios UV, \u00e1gua e salpicos da estrada.<\/p>\n<p data-start=\"890\" data-end=\"975\">F\u00e1ceis de aplicar gra\u00e7as ao seu corte preciso, garantem um acabamento limpo e dur\u00e1vel.<\/p>\n<p data-start=\"977\" data-end=\"1112\">Aproveite esta <strong data-start=\"995\" data-end=\"1018\">oferta em estoque<\/strong> para equipar o seu Suzuki SV 650 a um pre\u00e7o reduzido, mantendo um estilo de corrida e moderno.<\/p>\n<\/li>\n<\/ul>\n<h3><\/h3>","protected":false},"featured_media":52465,"comment_status":"open","ping_status":"closed","template":"","meta":[],"product_brand":[],"product_cat":[929,938],"product_tag":[187,931,933,1131,932,934,1158,138,127,137,201,200,199],"class_list":{"0":"post-52464","1":"product","2":"type-product","3":"status-publish","4":"has-post-thumbnail","6":"product_cat-destockage","7":"product_cat-sticker-suzuki-pas-cher","8":"product_tag-187","9":"product_tag-destockage","10":"product_tag-promo","11":"product_tag-promos","12":"product_tag-promotion","13":"product_tag-promotions","14":"product_tag-reductions","15":"product_tag-stickers","16":"product_tag-stickers-jantes","17":"product_tag-suzuki","18":"product_tag-sv","19":"product_tag-sv-650","20":"product_tag-sv650","21":"product_shipping_class-standard","23":"entry","24":"has-media","26":"first","27":"instock","28":"sale","29":"taxable","30":"shipping-taxable","31":"purchasable","32":"product-type-simple","33":"col","34":"span_1_of_5","35":"owp-content-center","36":"item-entry","37":"owp-thumbs-layout-horizontal","38":"owp-btn-big","39":"owp-tabs-layout-horizontal","40":"has-no-thumbnails"},"ase":null,"_links":{"self":[{"href":"https:\/\/www.m-stickers.com\/pt\/wp-json\/wp\/v2\/product\/52464","targetHints":{"allow":["GET"]}}],"collection":[{"href":"https:\/\/www.m-stickers.com\/pt\/wp-json\/wp\/v2\/product"}],"about":[{"href":"https:\/\/www.m-stickers.com\/pt\/wp-json\/wp\/v2\/types\/product"}],"replies":[{"embeddable":true,"href":"https:\/\/www.m-stickers.com\/pt\/wp-json\/wp\/v2\/comments?post=52464"}],"wp:featuredmedia":[{"embeddable":true,"href":"https:\/\/www.m-stickers.com\/pt\/wp-json\/wp\/v2\/media\/52465"}],"wp:attachment":[{"href":"https:\/\/www.m-stickers.com\/pt\/wp-json\/wp\/v2\/media?parent=52464"}],"wp:term":[{"taxonomy":"product_brand","embeddable":true,"href":"https:\/\/www.m-stickers.com\/pt\/wp-json\/wp\/v2\/product_brand?post=52464"},{"taxonomy":"product_cat","embeddable":true,"href":"https:\/\/www.m-stickers.com\/pt\/wp-json\/wp\/v2\/product_cat?post=52464"},{"taxonomy":"product_tag","embeddable":true,"href":"https:\/\/www.m-stickers.com\/pt\/wp-json\/wp\/v2\/product_tag?post=52464"}],"curies":[{"name":"Pneu","href":"https:\/\/api.w.org\/{rel}","templated":true}]}}