{"id":52496,"date":"2024-01-11T09:39:19","date_gmt":"2024-01-11T08:39:19","guid":{"rendered":"https:\/\/www.m-stickers.com\/?post_type=product&#038;p=52496"},"modified":"2026-02-23T18:46:07","modified_gmt":"2026-02-23T17:46:07","slug":"decais-suzuki-gsx-s-1000-jantes","status":"publish","type":"product","link":"https:\/\/www.m-stickers.com\/pt\/produit\/stickers-jante-suzuki-gsx-s-1000-destockage\/","title":{"rendered":"Adesivos para jantes Suzuki GSX-S 1000 Preto &amp; Branco &amp; Vermelho \u2013 Descontos"},"content":{"rendered":"<h2><span style=\"color: #ff0000;\">Apuramento <\/span><\/h2>\n<p data-start=\"330\" data-end=\"604\">D\u00ea um visual racing e agressivo \u00e0 sua moto com este <strong data-start=\"385\" data-end=\"450\">Kit de autocolantes para jantes Suzuki GSX-S 1000 preto, branco e vermelho<\/strong>, projetado especificamente para <strong data-start=\"480\" data-end=\"500\">Rodas 17 polegadas<\/strong>. Perfeito para real\u00e7ar a sua GSX-S 1000 com um contraste din\u00e2mico e fiel ao ADN desportivo da Suzuki.<\/p>\n<p data-start=\"606\" data-end=\"647\">Este kit completo para 2 jantes inclui:<\/p>\n<ul data-start=\"648\" data-end=\"929\">\n<li data-start=\"648\" data-end=\"698\">\n<p data-start=\"650\" data-end=\"698\">10 faixas de aro pr\u00e9-curvadas de 8 mm Design 1 branco<\/p>\n<\/li>\n<li data-start=\"699\" data-end=\"748\">\n<p data-start=\"701\" data-end=\"748\">10 frisos de roda pr\u00e9-curvados de 8 mm Desenho 1 preto<\/p>\n<\/li>\n<li data-start=\"749\" data-end=\"786\">\n<p data-start=\"751\" data-end=\"786\">10 faixas de roda Suzuki brancas e vermelhas<\/p>\n<\/li>\n<li data-start=\"787\" data-end=\"818\">\n<p data-start=\"789\" data-end=\"818\">10 faixas de aro GSX-S 1000 pretas<\/p>\n<\/li>\n<li data-start=\"819\" data-end=\"867\">\n<p data-start=\"821\" data-end=\"867\">4 decalques internos de jantes Suzuki pretos<\/p>\n<\/li>\n<li data-start=\"868\" data-end=\"929\">\n<p data-start=\"870\" data-end=\"929\">4 adesivos internos do aro GSX S 1000 branco e vermelho<\/p>\n<\/li>\n<\/ul>\n<p data-start=\"931\" data-end=\"1093\">Fabricado em <strong data-start=\"944\" data-end=\"968\">vinil de alta qualidade<\/strong>, estes adesivos garantem uma <strong data-start=\"996\" data-end=\"1016\">manuten\u00e7\u00e3o permanente<\/strong>, excelente resist\u00eancia aos raios UV, \u00e1gua e salpicos da estrada.<\/p>\n<p data-start=\"1095\" data-end=\"1195\">Pr\u00e9-cortados para um <strong data-start=\"1117\" data-end=\"1132\">f\u00e1cil aplica\u00e7\u00e3o<\/strong>, garantem um resultado limpo, duradouro e profissional.<\/p>\n<p data-start=\"1197\" data-end=\"1359\">Aproveite esta <strong data-start=\"1215\" data-end=\"1238\">oferta em estoque<\/strong> para equipar a sua Suzuki GSX-S 1000 a um pre\u00e7o reduzido e proporcionar-lhe um estilo desportivo afirmado sem comprometer a qualidade.<\/p>","protected":false},"excerpt":{"rendered":"<h2><span style=\"color: #ff0000;\">Apuramento <\/span><\/h2>\n<p data-start=\"330\" data-end=\"604\">D\u00ea um visual racing e agressivo \u00e0 sua moto com este <strong data-start=\"385\" data-end=\"450\">Kit de autocolantes para jantes Suzuki GSX-S 1000 preto, branco e vermelho<\/strong>, projetado especificamente para <strong data-start=\"480\" data-end=\"500\">Rodas 17 polegadas<\/strong>. Perfeito para real\u00e7ar a sua GSX-S 1000 com um contraste din\u00e2mico e fiel ao ADN desportivo da Suzuki.<\/p>\n<p data-start=\"606\" data-end=\"647\">Este kit completo para 2 jantes inclui:<\/p>\n<ul data-start=\"648\" data-end=\"929\">\n<li data-start=\"648\" data-end=\"698\">\n<p data-start=\"650\" data-end=\"698\">10 faixas de aro pr\u00e9-curvadas de 8 mm Design 1 branco<\/p>\n<\/li>\n<li data-start=\"699\" data-end=\"748\">\n<p data-start=\"701\" data-end=\"748\">10 frisos de roda pr\u00e9-curvados de 8 mm Desenho 1 preto<\/p>\n<\/li>\n<li data-start=\"749\" data-end=\"786\">\n<p data-start=\"751\" data-end=\"786\">10 faixas de roda Suzuki brancas e vermelhas<\/p>\n<\/li>\n<li data-start=\"787\" data-end=\"818\">\n<p data-start=\"789\" data-end=\"818\">10 faixas de aro GSX-S 1000 pretas<\/p>\n<\/li>\n<li data-start=\"819\" data-end=\"867\">\n<p data-start=\"821\" data-end=\"867\">4 decalques internos de jantes Suzuki pretos<\/p>\n<\/li>\n<li data-start=\"868\" data-end=\"929\">\n<p data-start=\"870\" data-end=\"929\">4 adesivos internos do aro GSX S 1000 branco e vermelho<\/p>\n<\/li>\n<\/ul>\n<p data-start=\"931\" data-end=\"1093\">Fabricado em <strong data-start=\"944\" data-end=\"968\">vinil de alta qualidade<\/strong>, estes adesivos garantem uma <strong data-start=\"996\" data-end=\"1016\">manuten\u00e7\u00e3o permanente<\/strong>, excelente resist\u00eancia aos raios UV, \u00e1gua e salpicos da estrada.<\/p>\n<p data-start=\"1095\" data-end=\"1195\">Pr\u00e9-cortados para um <strong data-start=\"1117\" data-end=\"1132\">f\u00e1cil aplica\u00e7\u00e3o<\/strong>, garantem um resultado limpo, duradouro e profissional.<\/p>\n<p data-start=\"1197\" data-end=\"1359\">Aproveite esta <strong data-start=\"1215\" data-end=\"1238\">oferta em estoque<\/strong> para equipar a sua Suzuki GSX-S 1000 a um pre\u00e7o reduzido e proporcionar-lhe um estilo desportivo afirmado sem comprometer a qualidade.<\/p>","protected":false},"featured_media":63709,"comment_status":"open","ping_status":"closed","template":"","meta":[],"product_brand":[],"product_cat":[929,938],"product_tag":[931,173,288,171,172,932,935,138,127],"class_list":{"0":"post-52496","1":"product","2":"type-product","3":"status-publish","4":"has-post-thumbnail","6":"product_cat-destockage","7":"product_cat-sticker-suzuki-pas-cher","8":"product_tag-destockage","9":"product_tag-gsx-s","10":"product_tag-gsx-s-1000","11":"product_tag-gsxs","12":"product_tag-gsxs-1000","13":"product_tag-promotion","14":"product_tag-reduction","15":"product_tag-stickers","16":"product_tag-stickers-jantes","17":"product_shipping_class-standard","19":"entry","20":"has-media","22":"first","23":"instock","24":"sale","25":"taxable","26":"shipping-taxable","27":"purchasable","28":"product-type-simple","29":"col","30":"span_1_of_5","31":"owp-content-center","32":"item-entry","33":"owp-thumbs-layout-horizontal","34":"owp-btn-big","35":"owp-tabs-layout-horizontal","36":"has-no-thumbnails"},"ase":null,"_links":{"self":[{"href":"https:\/\/www.m-stickers.com\/pt\/wp-json\/wp\/v2\/product\/52496","targetHints":{"allow":["GET"]}}],"collection":[{"href":"https:\/\/www.m-stickers.com\/pt\/wp-json\/wp\/v2\/product"}],"about":[{"href":"https:\/\/www.m-stickers.com\/pt\/wp-json\/wp\/v2\/types\/product"}],"replies":[{"embeddable":true,"href":"https:\/\/www.m-stickers.com\/pt\/wp-json\/wp\/v2\/comments?post=52496"}],"wp:featuredmedia":[{"embeddable":true,"href":"https:\/\/www.m-stickers.com\/pt\/wp-json\/wp\/v2\/media\/63709"}],"wp:attachment":[{"href":"https:\/\/www.m-stickers.com\/pt\/wp-json\/wp\/v2\/media?parent=52496"}],"wp:term":[{"taxonomy":"product_brand","embeddable":true,"href":"https:\/\/www.m-stickers.com\/pt\/wp-json\/wp\/v2\/product_brand?post=52496"},{"taxonomy":"product_cat","embeddable":true,"href":"https:\/\/www.m-stickers.com\/pt\/wp-json\/wp\/v2\/product_cat?post=52496"},{"taxonomy":"product_tag","embeddable":true,"href":"https:\/\/www.m-stickers.com\/pt\/wp-json\/wp\/v2\/product_tag?post=52496"}],"curies":[{"name":"Pneu","href":"https:\/\/api.w.org\/{rel}","templated":true}]}}